{"id":10,"date":"2025-06-29T20:00:41","date_gmt":"2025-06-29T17:00:41","guid":{"rendered":"https:\/\/autoshine.fi\/?page_id=10"},"modified":"2025-07-01T16:15:01","modified_gmt":"2025-07-01T13:15:01","slug":"refund_returns","status":"publish","type":"page","link":"https:\/\/autoshine.fi\/en\/refund_returns\/","title":{"rendered":"Return policy"},"content":{"rendered":"<div data-elementor-type=\"wp-page\" data-elementor-id=\"10\" class=\"elementor elementor-10\" data-elementor-post-type=\"page\">\n\t\t\t\t<div class=\"elementor-element elementor-element-5899da61 e-flex e-con-boxed e-con e-parent\" data-id=\"5899da61\" data-element_type=\"container\" data-e-type=\"container\">\n\t\t\t\t\t<div class=\"e-con-inner\">\n\t\t\t\t<div class=\"elementor-element elementor-element-5a21d585 elementor-widget elementor-widget-text-editor\" data-id=\"5a21d585\" data-element_type=\"widget\" data-e-type=\"widget\" data-widget_type=\"text-editor.default\">\n\t\t\t\t\t\t\t\t\t<p data-start=\"244\" data-end=\"346\">Thank you for your purchase in our online store. If you are not completely satisfied with your order, we are happy to help.<\/p>\n<h4 data-start=\"348\" data-end=\"370\">\ud83d\udd53 Return period<\/h4>\n<p data-start=\"371\" data-end=\"456\">You have the right to return the product within <strong data-start=\"405\" data-end=\"418\">14 days<\/strong> of receiving it.<\/p>\n<h4 data-start=\"458\" data-end=\"485\">\ud83d\udce6 Return conditions<\/h4>\n<p data-start=\"486\" data-end=\"522\">The item to be returned must be:<\/p>\n<ul data-start=\"523\" data-end=\"642\">\n<li data-start=\"523\" data-end=\"565\">\n<p data-start=\"525\" data-end=\"565\">unused and in its original condition<\/p>\n<\/li>\n<li data-start=\"566\" data-end=\"597\">\n<p data-start=\"568\" data-end=\"597\">in its original packaging<\/p>\n<\/li>\n<li data-start=\"598\" data-end=\"642\">\n<p data-start=\"600\" data-end=\"642\">with all accessories and labels included<\/p>\n<\/li>\n<\/ul>\n<h4 data-start=\"644\" data-end=\"667\">\ud83d\ude9a Return shipping costs<\/h4>\n<ul data-start=\"668\" data-end=\"804\">\n<li data-start=\"668\" data-end=\"742\">\n<p data-start=\"670\" data-end=\"742\">The customer is responsible for the return shipping costs (unless otherwise agreed).<\/p>\n<\/li>\n<li data-start=\"743\" data-end=\"804\">\n<p data-start=\"745\" data-end=\"804\">We are not responsible for lost or damaged returns.<\/p>\n<\/li>\n<\/ul>\n<h4 data-start=\"806\" data-end=\"826\">\ud83d\udcb8 Refunds<\/h4>\n<p data-start=\"827\" data-end=\"892\">Once we have received and inspected the returned product:<\/p>\n<ul data-start=\"893\" data-end=\"1037\">\n<li data-start=\"893\" data-end=\"949\">\n<p data-start=\"895\" data-end=\"949\">we will notify you by email about the status of the return<\/p>\n<\/li>\n<li data-start=\"950\" data-end=\"1037\">\n<p data-start=\"952\" data-end=\"1037\">An approved return will be refunded to the original payment method within <strong data-start=\"1011\" data-end=\"1029\">5\u20137 business days.<\/strong> sis\u00e4ll\u00e4<\/p>\n<\/li>\n<\/ul>\n<h4 data-start=\"1039\" data-end=\"1061\">\ud83d\udce9 Contact us<\/h4>\n<p data-start=\"1062\" data-end=\"1153\">If you have any questions about returns:<br data-start=\"1102\" data-end=\"1105\" \/>\u2709\ufe0f<a href=\"mailto:clearshinesolutions2020@gmail.com\">clearshinesolutions2020@gmail.com<\/a>\n<\/p>\t\t\t\t\t\t\t\t<\/div>\n\t\t\t\t\t<\/div>\n\t\t\t\t<\/div>\n\t\t\t\t<\/div>","protected":false},"excerpt":{"rendered":"<p>Kiitos ostoksestasi verkkokaupassamme. Jos et ole t\u00e4ysin tyytyv\u00e4inen tilaukseesi, autamme mielell\u00e4mme. \ud83d\udd53 Palautusaika Sinulla on oikeus palauttaa tuote 14 p\u00e4iv\u00e4n kuluessa tuotteen vastaanottamisesta. \ud83d\udce6 Palautuksen ehdot Palautettavan tuotteen tulee olla: k\u00e4ytt\u00e4m\u00e4t\u00f6n ja alkuper\u00e4isess\u00e4 kunnossa alkuper\u00e4isess\u00e4 pakkauksessa kaikkien tarvikkeiden ja etikettien mukana \ud83d\ude9a Palautuskulut Asiakas vastaa palautuksen toimituskuluista (ellei toisin ole sovittu) Emme vastaa kadonneista tai [&hellip;]<\/p>","protected":false},"author":1,"featured_media":0,"parent":0,"menu_order":0,"comment_status":"closed","ping_status":"closed","template":"","meta":{"site-sidebar-layout":"default","site-content-layout":"","ast-site-content-layout":"","site-content-style":"default","site-sidebar-style":"default","ast-global-header-display":"","ast-banner-title-visibility":"","ast-main-header-display":"","ast-hfb-above-header-display":"","ast-hfb-below-header-display":"","ast-hfb-mobile-header-display":"","site-post-title":"","ast-breadcrumbs-content":"","ast-featured-img":"","footer-sml-layout":"","theme-transparent-header-meta":"","adv-header-id-meta":"","stick-header-meta":"","header-above-stick-meta":"","header-main-stick-meta":"","header-below-stick-meta":"","astra-migrate-meta-layouts":"default","ast-page-background-enabled":"default","ast-page-background-meta":{"desktop":{"background-color":"var(--ast-global-color-4)","background-image":"","background-repeat":"repeat","background-position":"center center","background-size":"auto","background-attachment":"scroll","background-type":"","background-media":"","overlay-type":"","overlay-color":"","overlay-opacity":"","overlay-gradient":""},"tablet":{"background-color":"","background-image":"","background-repeat":"repeat","background-position":"center center","background-size":"auto","background-attachment":"scroll","background-type":"","background-media":"","overlay-type":"","overlay-color":"","overlay-opacity":"","overlay-gradient":""},"mobile":{"background-color":"","background-image":"","background-repeat":"repeat","background-position":"center center","background-size":"auto","background-attachment":"scroll","background-type":"","background-media":"","overlay-type":"","overlay-color":"","overlay-opacity":"","overlay-gradient":""}},"ast-content-background-meta":{"desktop":{"background-color":"var(--ast-global-color-5)","background-image":"","background-repeat":"repeat","background-position":"center center","background-size":"auto","background-attachment":"scroll","background-type":"","background-media":"","overlay-type":"","overlay-color":"","overlay-opacity":"","overlay-gradient":""},"tablet":{"background-color":"var(--ast-global-color-5)","background-image":"","background-repeat":"repeat","background-position":"center center","background-size":"auto","background-attachment":"scroll","background-type":"","background-media":"","overlay-type":"","overlay-color":"","overlay-opacity":"","overlay-gradient":""},"mobile":{"background-color":"var(--ast-global-color-5)","background-image":"","background-repeat":"repeat","background-position":"center center","background-size":"auto","background-attachment":"scroll","background-type":"","background-media":"","overlay-type":"","overlay-color":"","overlay-opacity":"","overlay-gradient":""}},"footnotes":""},"class_list":["post-10","page","type-page","status-publish","hentry"],"_links":{"self":[{"href":"https:\/\/autoshine.fi\/en\/wp-json\/wp\/v2\/pages\/10","targetHints":{"allow":["GET"]}}],"collection":[{"href":"https:\/\/autoshine.fi\/en\/wp-json\/wp\/v2\/pages"}],"about":[{"href":"https:\/\/autoshine.fi\/en\/wp-json\/wp\/v2\/types\/page"}],"author":[{"embeddable":true,"href":"https:\/\/autoshine.fi\/en\/wp-json\/wp\/v2\/users\/1"}],"replies":[{"embeddable":true,"href":"https:\/\/autoshine.fi\/en\/wp-json\/wp\/v2\/comments?post=10"}],"version-history":[{"count":9,"href":"https:\/\/autoshine.fi\/en\/wp-json\/wp\/v2\/pages\/10\/revisions"}],"predecessor-version":[{"id":1725,"href":"https:\/\/autoshine.fi\/en\/wp-json\/wp\/v2\/pages\/10\/revisions\/1725"}],"wp:attachment":[{"href":"https:\/\/autoshine.fi\/en\/wp-json\/wp\/v2\/media?parent=10"}],"curies":[{"name":"wp","href":"https:\/\/api.w.org\/{rel}","templated":true}]}}