{"id":1680,"date":"2025-06-29T20:10:18","date_gmt":"2025-06-29T17:10:18","guid":{"rendered":"https:\/\/autoshine.fi\/?page_id=1680"},"modified":"2025-06-29T20:44:39","modified_gmt":"2025-06-29T17:44:39","slug":"toimituskaytanto","status":"publish","type":"page","link":"https:\/\/autoshine.fi\/en\/toimituskaytanto\/","title":{"rendered":"Shipping Policy"},"content":{"rendered":"<div data-elementor-type=\"wp-page\" data-elementor-id=\"1680\" class=\"elementor elementor-1680\" data-elementor-post-type=\"page\">\n\t\t\t\t<div class=\"elementor-element elementor-element-ebf3b81 e-flex e-con-boxed e-con e-parent\" data-id=\"ebf3b81\" data-element_type=\"container\" data-e-type=\"container\">\n\t\t\t\t\t<div class=\"e-con-inner\">\n\t\t\t\t<div class=\"elementor-element elementor-element-886361e elementor-widget elementor-widget-text-editor\" data-id=\"886361e\" data-element_type=\"widget\" data-e-type=\"widget\" data-widget_type=\"text-editor.default\">\n\t\t\t\t\t\t\t\t\t<h3 data-start=\"1264\" data-end=\"1284\">Shipping Policy<\/h3><p data-start=\"1286\" data-end=\"1352\">We deliver orders quickly and reliably throughout Finland and Europe.<\/p><h4 data-start=\"1354\" data-end=\"1383\">\ud83d\uded2 Order processing<\/h4><ul data-start=\"1384\" data-end=\"1492\"><li data-start=\"1384\" data-end=\"1433\"><p data-start=\"1386\" data-end=\"1433\">Order processing time is <strong data-start=\"1413\" data-end=\"1431\">1\u20133 business days<\/strong><\/p><\/li><li data-start=\"1434\" data-end=\"1492\"><p data-start=\"1436\" data-end=\"1492\">You will receive a confirmation email when your order has been shipped.<\/p><\/li><\/ul><h4 data-start=\"1494\" data-end=\"1517\">\ud83d\ude9a Delivery methods<\/h4><p data-start=\"1518\" data-end=\"1565\">We deliver orders using the following services:<\/p><ul data-start=\"1566\" data-end=\"1628\"><li data-start=\"1566\" data-end=\"1575\"><p data-start=\"1568\" data-end=\"1575\">Posti<\/p><\/li><li data-start=\"1576\" data-end=\"1591\"><p data-start=\"1578\" data-end=\"1591\">Matkahuolto<\/p><\/li><li data-start=\"1592\" data-end=\"1628\"><p data-start=\"1594\" data-end=\"1628\">DHL Express<\/p><\/li><li data-start=\"1592\" data-end=\"1628\">Post International<\/li><\/ul><h4 data-start=\"1630\" data-end=\"1653\">\ud83d\udcb0 Shipping costs<\/h4><ul data-start=\"1654\" data-end=\"1774\"><li data-start=\"1654\" data-end=\"1713\"><p data-start=\"1656\" data-end=\"1713\">Shipping costs are shown at checkout with your order<\/p><\/li><li data-start=\"1714\" data-end=\"1774\"><p data-start=\"1716\" data-end=\"1774\">Free delivery for orders over \u20ac50<\/p><\/li><\/ul><h4 data-start=\"1776\" data-end=\"1797\">\u23f3 Delivery time<\/h4><ul data-start=\"1798\" data-end=\"1899\"><li data-start=\"1798\" data-end=\"1844\"><p data-start=\"1800\" data-end=\"1844\" class=\" translation-block\">Delivery usually takes <strong data-start=\"1824\" data-end=\"1842\">2\u20137 business days<\/strong>.<\/p><\/li><li data-start=\"1845\" data-end=\"1899\"><p data-start=\"1847\" data-end=\"1899\">During holidays or peak times, delays may occur.<\/p><\/li><\/ul><h4 data-start=\"1901\" data-end=\"1935\">\ud83d\udce6 Damaged products<\/h4><p data-start=\"1936\" data-end=\"2045\" class=\" translation-block\">If the product was damaged during delivery, please contact us within <strong data-start=\"2004\" data-end=\"2017\">48 hours<\/strong> of receipt.<\/p><h4 data-start=\"2047\" data-end=\"2069\">Contact<\/h4><p data-start=\"2070\" data-end=\"2146\">Questions? Contact us:<br data-start=\"2095\" data-end=\"2098\" \/>\u2709\ufe0f<a href=\"mailto:clearshinesolutions2020@gmail.com\">clearshinesolutions2020@gmail.com<\/a><\/p>\t\t\t\t\t\t\t\t<\/div>\n\t\t\t\t\t<\/div>\n\t\t\t\t<\/div>\n\t\t\t\t<\/div>","protected":false},"excerpt":{"rendered":"<p>Toimitusk\u00e4yt\u00e4nt\u00f6 Toimitamme tilaukset nopeasti ja luotettavasti koko Suomeen ja Eurooppaan. \ud83d\uded2 Tilausten k\u00e4sittely Tilausten k\u00e4sittelyaika on 1\u20133 arkip\u00e4iv\u00e4\u00e4 Saat s\u00e4hk\u00f6postiisi vahvistuksen, kun tilaus on l\u00e4hetetty \ud83d\ude9a Toimitustavat Toimitamme tilaukset seuraavilla palveluilla: Posti Matkahuolto DHL Express Post International \ud83d\udcb0 Toimituskulut Toimituskulut ilmoitetaan kassalla tilauksen yhteydess\u00e4 Ilmainen toimitus yli 50\u20ac tilauksille \u23f3 Toimitusaika Toimitus kest\u00e4\u00e4 yleens\u00e4 2\u20137 [&hellip;]<\/p>","protected":false},"author":1,"featured_media":0,"parent":0,"menu_order":0,"comment_status":"closed","ping_status":"closed","template":"","meta":{"site-sidebar-layout":"no-sidebar","site-content-layout":"page-builder","ast-site-content-layout":"full-width-container","site-content-style":"default","site-sidebar-style":"default","ast-global-header-display":"","ast-banner-title-visibility":"","ast-main-header-display":"","ast-hfb-above-header-display":"","ast-hfb-below-header-display":"","ast-hfb-mobile-header-display":"","site-post-title":"disabled","ast-breadcrumbs-content":"","ast-featured-img":"disabled","footer-sml-layout":"","theme-transparent-header-meta":"","adv-header-id-meta":"","stick-header-meta":"","header-above-stick-meta":"","header-main-stick-meta":"","header-below-stick-meta":"","astra-migrate-meta-layouts":"set","ast-page-background-enabled":"default","ast-page-background-meta":{"desktop":{"background-color":"var(--ast-global-color-4)","background-image":"","background-repeat":"repeat","background-position":"center center","background-size":"auto","background-attachment":"scroll","background-type":"","background-media":"","overlay-type":"","overlay-color":"","overlay-opacity":"","overlay-gradient":""},"tablet":{"background-color":"","background-image":"","background-repeat":"repeat","background-position":"center center","background-size":"auto","background-attachment":"scroll","background-type":"","background-media":"","overlay-type":"","overlay-color":"","overlay-opacity":"","overlay-gradient":""},"mobile":{"background-color":"","background-image":"","background-repeat":"repeat","background-position":"center center","background-size":"auto","background-attachment":"scroll","background-type":"","background-media":"","overlay-type":"","overlay-color":"","overlay-opacity":"","overlay-gradient":""}},"ast-content-background-meta":{"desktop":{"background-color":"var(--ast-global-color-5)","background-image":"","background-repeat":"repeat","background-position":"center center","background-size":"auto","background-attachment":"scroll","background-type":"","background-media":"","overlay-type":"","overlay-color":"","overlay-opacity":"","overlay-gradient":""},"tablet":{"background-color":"var(--ast-global-color-5)","background-image":"","background-repeat":"repeat","background-position":"center center","background-size":"auto","background-attachment":"scroll","background-type":"","background-media":"","overlay-type":"","overlay-color":"","overlay-opacity":"","overlay-gradient":""},"mobile":{"background-color":"var(--ast-global-color-5)","background-image":"","background-repeat":"repeat","background-position":"center center","background-size":"auto","background-attachment":"scroll","background-type":"","background-media":"","overlay-type":"","overlay-color":"","overlay-opacity":"","overlay-gradient":""}},"footnotes":""},"class_list":["post-1680","page","type-page","status-publish","hentry"],"_links":{"self":[{"href":"https:\/\/autoshine.fi\/en\/wp-json\/wp\/v2\/pages\/1680","targetHints":{"allow":["GET"]}}],"collection":[{"href":"https:\/\/autoshine.fi\/en\/wp-json\/wp\/v2\/pages"}],"about":[{"href":"https:\/\/autoshine.fi\/en\/wp-json\/wp\/v2\/types\/page"}],"author":[{"embeddable":true,"href":"https:\/\/autoshine.fi\/en\/wp-json\/wp\/v2\/users\/1"}],"replies":[{"embeddable":true,"href":"https:\/\/autoshine.fi\/en\/wp-json\/wp\/v2\/comments?post=1680"}],"version-history":[{"count":7,"href":"https:\/\/autoshine.fi\/en\/wp-json\/wp\/v2\/pages\/1680\/revisions"}],"predecessor-version":[{"id":1690,"href":"https:\/\/autoshine.fi\/en\/wp-json\/wp\/v2\/pages\/1680\/revisions\/1690"}],"wp:attachment":[{"href":"https:\/\/autoshine.fi\/en\/wp-json\/wp\/v2\/media?parent=1680"}],"curies":[{"name":"wp","href":"https:\/\/api.w.org\/{rel}","templated":true}]}}