{"id":1773,"date":"2025-08-07T20:45:51","date_gmt":"2025-08-07T17:45:51","guid":{"rendered":"https:\/\/autoshine.fi\/?page_id=1773"},"modified":"2025-08-07T20:53:46","modified_gmt":"2025-08-07T17:53:46","slug":"jalleenmyyjaksi","status":"publish","type":"page","link":"https:\/\/autoshine.fi\/en\/jalleenmyyjaksi\/","title":{"rendered":"Become a reseller"},"content":{"rendered":"<div data-elementor-type=\"wp-page\" data-elementor-id=\"1773\" class=\"elementor elementor-1773\" data-elementor-post-type=\"page\">\n\t\t\t\t<div class=\"elementor-element elementor-element-b0133ae e-flex e-con-boxed e-con e-parent\" data-id=\"b0133ae\" data-element_type=\"container\" data-e-type=\"container\">\n\t\t\t\t\t<div class=\"e-con-inner\">\n\t\t\t\t<div class=\"elementor-element elementor-element-5b279dc elementor-widget elementor-widget-heading\" data-id=\"5b279dc\" data-element_type=\"widget\" data-e-type=\"widget\" data-widget_type=\"heading.default\">\n\t\t\t\t\t<h2 class=\"elementor-heading-title elementor-size-default\">Do you want to become a dealer?<\/h2>\t\t\t\t<\/div>\n\t\t\t\t\t<\/div>\n\t\t\t\t<\/div>\n\t\t<div class=\"elementor-element elementor-element-c6fd248 e-flex e-con-boxed e-con e-parent\" data-id=\"c6fd248\" data-element_type=\"container\" data-e-type=\"container\">\n\t\t\t\t\t<div class=\"e-con-inner\">\n\t\t\t\t<div class=\"elementor-element elementor-element-f6640a3 elementor-widget elementor-widget-shortcode\" data-id=\"f6640a3\" data-element_type=\"widget\" data-e-type=\"widget\" data-widget_type=\"shortcode.default\">\n\t\t\t\t\t\t\t<div class=\"elementor-shortcode\"><div class=\"wpforms-container\" id=\"wpforms-1766\"><form id=\"wpforms-form-1766\" class=\"wpforms-validate wpforms-form wpforms-ajax-form\" data-formid=\"1766\" method=\"post\" enctype=\"multipart\/form-data\" action=\"\/en\/wp-json\/wp\/v2\/pages\/1773\" data-token=\"d214e5592614c6e37e722bc02bcbd6b1\" data-token-time=\"1775740670\" data-trp-original-action=\"\/en\/wp-json\/wp\/v2\/pages\/1773\"><noscript class=\"wpforms-error-noscript\">Please enable JavaScript in your browser to complete this form.<\/noscript><div class=\"wpforms-field-container\"><div id=\"wpforms-1766-field_4-container\" class=\"wpforms-field wpforms-field-email\" data-field-id=\"4\"><label class=\"wpforms-field-label\" for=\"wpforms-1766-field_4\">Email <span class=\"wpforms-required-label\">*<\/span><\/label><input type=\"email\" id=\"wpforms-1766-field_4\" class=\"wpforms-field-medium wpforms-field-required\" name=\"wpforms[fields][4]\" spellcheck=\"false\" required><\/div><div id=\"wpforms-1766-field_6-container\" class=\"wpforms-field wpforms-field-text\" data-field-id=\"6\"><label class=\"wpforms-field-label\" for=\"wpforms-1766-field_6\">Phone number <span class=\"wpforms-required-label\">*<\/span><\/label><input type=\"text\" id=\"wpforms-1766-field_6\" class=\"wpforms-field-medium wpforms-field-required\" name=\"wpforms[fields][6]\" required><\/div><div id=\"wpforms-1766-field_8-container\" class=\"wpforms-field wpforms-field-text\" data-field-id=\"8\"><label class=\"wpforms-field-label\" for=\"wpforms-1766-field_8\">Company name <span class=\"wpforms-required-label\">*<\/span><\/label><input type=\"text\" id=\"wpforms-1766-field_8\" class=\"wpforms-field-medium wpforms-field-required\" name=\"wpforms[fields][8]\" required><\/div><div id=\"wpforms-1766-field_9-container\" class=\"wpforms-field wpforms-field-textarea\" data-field-id=\"9\"><label class=\"wpforms-field-label\" for=\"wpforms-1766-field_9\">Message <span class=\"wpforms-required-label\">*<\/span><\/label><textarea id=\"wpforms-1766-field_9\" class=\"wpforms-field-medium wpforms-field-required\" name=\"wpforms[fields][9]\" required><\/textarea><\/div><\/div><!-- .wpforms-field-container --><div class=\"wpforms-submit-container\" ><input type=\"hidden\" name=\"wpforms[id]\" value=\"1766\"><input type=\"hidden\" name=\"page_title\" value=\"\"><input type=\"hidden\" name=\"page_url\" value=\"https:\/\/autoshine.fi\/en\/wp-json\/wp\/v2\/pages\/1773\"><input type=\"hidden\" name=\"url_referer\" value=\"\"><button type=\"submit\" name=\"wpforms[submit]\" id=\"wpforms-submit-1766\" class=\"wpforms-submit\" data-alt-text=\"L\u00e4hetet\u00e4\u00e4n...\" data-submit-text=\"L\u00e4het\u00e4\" aria-live=\"assertive\" value=\"wpforms-submit\">SEND<\/button><img decoding=\"async\" src=\"https:\/\/autoshine.fi\/wp-content\/plugins\/wpforms-lite\/assets\/images\/submit-spin.svg\" class=\"wpforms-submit-spinner\" style=\"display: none;\" width=\"26\" height=\"26\" alt=\"Loading\"><\/div><input type=\"hidden\" name=\"trp-form-language\" value=\"en\"\/><\/form><\/div>  <!-- .wpforms-container --><\/div>\n\t\t\t\t\t\t<\/div>\n\t\t\t\t\t<\/div>\n\t\t\t\t<\/div>\n\t\t\t\t<\/div>","protected":false},"excerpt":{"rendered":"<p>Do you want to become a dealer?<\/p>","protected":false},"author":1,"featured_media":0,"parent":0,"menu_order":0,"comment_status":"closed","ping_status":"closed","template":"","meta":{"site-sidebar-layout":"no-sidebar","site-content-layout":"page-builder","ast-site-content-layout":"full-width-container","site-content-style":"default","site-sidebar-style":"default","ast-global-header-display":"","ast-banner-title-visibility":"","ast-main-header-display":"","ast-hfb-above-header-display":"","ast-hfb-below-header-display":"","ast-hfb-mobile-header-display":"","site-post-title":"disabled","ast-breadcrumbs-content":"","ast-featured-img":"disabled","footer-sml-layout":"","theme-transparent-header-meta":"","adv-header-id-meta":"","stick-header-meta":"","header-above-stick-meta":"","header-main-stick-meta":"","header-below-stick-meta":"","astra-migrate-meta-layouts":"set","ast-page-background-enabled":"default","ast-page-background-meta":{"desktop":{"background-color":"var(--ast-global-color-4)","background-image":"","background-repeat":"repeat","background-position":"center center","background-size":"auto","background-attachment":"scroll","background-type":"","background-media":"","overlay-type":"","overlay-color":"","overlay-opacity":"","overlay-gradient":""},"tablet":{"background-color":"","background-image":"","background-repeat":"repeat","background-position":"center center","background-size":"auto","background-attachment":"scroll","background-type":"","background-media":"","overlay-type":"","overlay-color":"","overlay-opacity":"","overlay-gradient":""},"mobile":{"background-color":"","background-image":"","background-repeat":"repeat","background-position":"center center","background-size":"auto","background-attachment":"scroll","background-type":"","background-media":"","overlay-type":"","overlay-color":"","overlay-opacity":"","overlay-gradient":""}},"ast-content-background-meta":{"desktop":{"background-color":"var(--ast-global-color-5)","background-image":"","background-repeat":"repeat","background-position":"center center","background-size":"auto","background-attachment":"scroll","background-type":"","background-media":"","overlay-type":"","overlay-color":"","overlay-opacity":"","overlay-gradient":""},"tablet":{"background-color":"var(--ast-global-color-5)","background-image":"","background-repeat":"repeat","background-position":"center center","background-size":"auto","background-attachment":"scroll","background-type":"","background-media":"","overlay-type":"","overlay-color":"","overlay-opacity":"","overlay-gradient":""},"mobile":{"background-color":"var(--ast-global-color-5)","background-image":"","background-repeat":"repeat","background-position":"center center","background-size":"auto","background-attachment":"scroll","background-type":"","background-media":"","overlay-type":"","overlay-color":"","overlay-opacity":"","overlay-gradient":""}},"footnotes":""},"class_list":["post-1773","page","type-page","status-publish","hentry"],"_links":{"self":[{"href":"https:\/\/autoshine.fi\/en\/wp-json\/wp\/v2\/pages\/1773","targetHints":{"allow":["GET"]}}],"collection":[{"href":"https:\/\/autoshine.fi\/en\/wp-json\/wp\/v2\/pages"}],"about":[{"href":"https:\/\/autoshine.fi\/en\/wp-json\/wp\/v2\/types\/page"}],"author":[{"embeddable":true,"href":"https:\/\/autoshine.fi\/en\/wp-json\/wp\/v2\/users\/1"}],"replies":[{"embeddable":true,"href":"https:\/\/autoshine.fi\/en\/wp-json\/wp\/v2\/comments?post=1773"}],"version-history":[{"count":7,"href":"https:\/\/autoshine.fi\/en\/wp-json\/wp\/v2\/pages\/1773\/revisions"}],"predecessor-version":[{"id":1781,"href":"https:\/\/autoshine.fi\/en\/wp-json\/wp\/v2\/pages\/1773\/revisions\/1781"}],"wp:attachment":[{"href":"https:\/\/autoshine.fi\/en\/wp-json\/wp\/v2\/media?parent=1773"}],"curies":[{"name":"wp","href":"https:\/\/api.w.org\/{rel}","templated":true}]}}