{"id":1444,"date":"2025-06-17T15:20:17","date_gmt":"2025-06-17T12:20:17","guid":{"rendered":"https:\/\/autoshine.fi\/?post_type=product&#038;p=1444"},"modified":"2025-10-27T16:29:01","modified_gmt":"2025-10-27T13:29:01","slug":"tiivistetty-kasienpesuaine-concentrated-agent-for-manual-washing-auto-shampoo-1-kg","status":"publish","type":"product","link":"https:\/\/autoshine.fi\/en\/product\/tiivistetty-kasienpesuaine-concentrated-agent-for-manual-washing-auto-shampoo-1-kg\/","title":{"rendered":"KESKITETTY AINE K\u00c4SINPESUUN &#8221;Polychrom 2020 Concentrated agent for manual washing (AUTO SHAMPOO)&#8221;, 1,1 kg"},"content":{"rendered":"<p>KESKITETTY AINE K\u00c4SINPESUUN<\/p>\n<p>Tuote auton pinnan k\u00e4sin ja koneellisesti tapahtuvaan puhdistukseen tien p\u00f6lyst\u00e4, polttoaine- ja \u00f6ljytahroista sek\u00e4 hy\u00f6nteisten j\u00e4\u00e4nn\u00f6ksist\u00e4. Antaa pinnalle kiiltoa, ei j\u00e4t\u00e4 juovia.<br \/>\nKOOSTUMUS: demineralisoitu vesi, kompleksinmuodostajat alle 5 %, ionittomat pinta-aktiiviset aineet 5\u201315 %, amfoteeriset pinta-aktiiviset aineet 5\u201315 %, anioniset pinta-aktiiviset aineet 5\u201310 %, v\u00e4riaine, hajuste.<br \/>\nK\u00c4YTT\u00d6OHJEET:<br \/>\n1. Laimenna tuote ennen k\u00e4ytt\u00f6\u00e4 suhteessa 50\u2013250 ml \/ 10 l vett\u00e4.<br \/>\n2. Levit\u00e4 valmis liuos auton pinnalle sienell\u00e4 tai harjalla, \u00e4l\u00e4 anna kuivua.<br \/>\n3. Huuhtele vaahto huolellisesti juoksevalla vedell\u00e4.<br \/>\nS\u00c4ILYTYSolosuhteet: S\u00e4ilyt\u00e4 +5 \u00b0C \u2013 +30 \u00b0C:n l\u00e4mp\u00f6tilassa, suojattuna suoralta auringonvalolta.<br \/>\nS\u00c4ILYVYYSAIKA: 2 vuotta valmistusp\u00e4iv\u00e4st\u00e4. Er\u00e4numero ja valmistusp\u00e4iv\u00e4 on merkitty pakkaukseen.<br \/>\nVAROITUS: Noudata k\u00e4ytt\u00f6- ja s\u00e4ilytysohjeita.<br \/>\nTURVALLISUUSOHJEET: Varo! S\u00e4ilyt\u00e4 lasten ulottumattomissa. \u00c4l\u00e4 niele. Jos ainetta joutuu iholle tai silmiin, huuhtele juoksevalla vedell\u00e4 ja hakeudu tarvittaessa l\u00e4\u00e4k\u00e4riin. K\u00e4yt\u00e4 suojavarusteita k\u00e4yt\u00f6n aikana.<\/p>","protected":false},"excerpt":{"rendered":"<p>KESKITETTY AINE K\u00c4SINPESUUN Tuote auton pinnan k\u00e4sin ja koneellisesti tapahtuvaan puhdistukseen tien p\u00f6lyst\u00e4, polttoaine- ja \u00f6ljytahroista sek\u00e4 hy\u00f6nteisten j\u00e4\u00e4nn\u00f6ksist\u00e4. Antaa pinnalle kiiltoa, ei j\u00e4t\u00e4 juovia. KOOSTUMUS: demineralisoitu vesi, kompleksinmuodostajat alle 5 %, ionittomat pinta-aktiiviset aineet 5\u201315 %, amfoteeriset pinta-aktiiviset aineet 5\u201315 %, anioniset pinta-aktiiviset aineet 5\u201310 %, v\u00e4riaine, hajuste. K\u00c4YTT\u00d6OHJEET: 1. Laimenna tuote ennen k\u00e4ytt\u00f6\u00e4 [&hellip;]<\/p>","protected":false},"featured_media":1445,"comment_status":"open","ping_status":"closed","template":"","meta":{"site-sidebar-layout":"default","site-content-layout":"","ast-site-content-layout":"default","site-content-style":"default","site-sidebar-style":"default","ast-global-header-display":"","ast-banner-title-visibility":"","ast-main-header-display":"","ast-hfb-above-header-display":"","ast-hfb-below-header-display":"","ast-hfb-mobile-header-display":"","site-post-title":"","ast-breadcrumbs-content":"","ast-featured-img":"","footer-sml-layout":"","theme-transparent-header-meta":"default","adv-header-id-meta":"","stick-header-meta":"","header-above-stick-meta":"","header-main-stick-meta":"","header-below-stick-meta":"","astra-migrate-meta-layouts":"set","ast-page-background-enabled":"default","ast-page-background-meta":{"desktop":{"background-color":"var(--ast-global-color-4)","background-image":"","background-repeat":"repeat","background-position":"center center","background-size":"auto","background-attachment":"scroll","background-type":"","background-media":"","overlay-type":"","overlay-color":"","overlay-opacity":"","overlay-gradient":""},"tablet":{"background-color":"","background-image":"","background-repeat":"repeat","background-position":"center center","background-size":"auto","background-attachment":"scroll","background-type":"","background-media":"","overlay-type":"","overlay-color":"","overlay-opacity":"","overlay-gradient":""},"mobile":{"background-color":"","background-image":"","background-repeat":"repeat","background-position":"center center","background-size":"auto","background-attachment":"scroll","background-type":"","background-media":"","overlay-type":"","overlay-color":"","overlay-opacity":"","overlay-gradient":""}},"ast-content-background-meta":{"desktop":{"background-color":"var(--ast-global-color-5)","background-image":"","background-repeat":"repeat","background-position":"center center","background-size":"auto","background-attachment":"scroll","background-type":"","background-media":"","overlay-type":"","overlay-color":"","overlay-opacity":"","overlay-gradient":""},"tablet":{"background-color":"var(--ast-global-color-5)","background-image":"","background-repeat":"repeat","background-position":"center center","background-size":"auto","background-attachment":"scroll","background-type":"","background-media":"","overlay-type":"","overlay-color":"","overlay-opacity":"","overlay-gradient":""},"mobile":{"background-color":"var(--ast-global-color-5)","background-image":"","background-repeat":"repeat","background-position":"center center","background-size":"auto","background-attachment":"scroll","background-type":"","background-media":"","overlay-type":"","overlay-color":"","overlay-opacity":"","overlay-gradient":""}}},"product_brand":[],"product_cat":[47,42],"product_tag":[],"class_list":{"0":"post-1444","1":"product","2":"type-product","3":"status-publish","4":"has-post-thumbnail","6":"product_cat-aktiivivaahto","7":"product_cat-ulkopuoli","8":"desktop-align-left","9":"tablet-align-left","10":"mobile-align-center","12":"first","13":"instock","14":"sale","15":"shipping-taxable","16":"purchasable","17":"product-type-simple"},"_links":{"self":[{"href":"https:\/\/autoshine.fi\/en\/wp-json\/wp\/v2\/product\/1444","targetHints":{"allow":["GET"]}}],"collection":[{"href":"https:\/\/autoshine.fi\/en\/wp-json\/wp\/v2\/product"}],"about":[{"href":"https:\/\/autoshine.fi\/en\/wp-json\/wp\/v2\/types\/product"}],"replies":[{"embeddable":true,"href":"https:\/\/autoshine.fi\/en\/wp-json\/wp\/v2\/comments?post=1444"}],"wp:featuredmedia":[{"embeddable":true,"href":"https:\/\/autoshine.fi\/en\/wp-json\/wp\/v2\/media\/1445"}],"wp:attachment":[{"href":"https:\/\/autoshine.fi\/en\/wp-json\/wp\/v2\/media?parent=1444"}],"wp:term":[{"taxonomy":"product_brand","embeddable":true,"href":"https:\/\/autoshine.fi\/en\/wp-json\/wp\/v2\/product_brand?post=1444"},{"taxonomy":"product_cat","embeddable":true,"href":"https:\/\/autoshine.fi\/en\/wp-json\/wp\/v2\/product_cat?post=1444"},{"taxonomy":"product_tag","embeddable":true,"href":"https:\/\/autoshine.fi\/en\/wp-json\/wp\/v2\/product_tag?post=1444"}],"curies":[{"name":"wp","href":"https:\/\/api.w.org\/{rel}","templated":true}]}}