{"id":1468,"date":"2025-06-18T17:53:58","date_gmt":"2025-06-18T14:53:58","guid":{"rendered":"https:\/\/autoshine.fi\/?post_type=product&#038;p=1468"},"modified":"2025-10-27T15:38:57","modified_gmt":"2025-10-27T12:38:57","slug":"esipesu-22-pink-1-kg","status":"publish","type":"product","link":"https:\/\/autoshine.fi\/en\/product\/esipesu-22-pink-1-kg\/","title":{"rendered":"KESKITETTY AINE KOSKETUKSETTA PESEEN PINKKI VAHA, Esipesu &#8221;Polychrom 2020 Active Foam 22 pink&#8221; 1,1 kg"},"content":{"rendered":"<p>KESKITETTY AINE KOSKETUKSETTA PESEEN PINKKI VAHA<br \/>\nAine tehokkaaseen ja nopeaan pintojen puhdistamiseen tien p\u00f6lyst\u00e4, polttoaine- tai \u00f6ljytahroista ja hy\u00f6nteisten j\u00e4ljist\u00e4. Muodostaa pysyv\u00e4n pinkin vaahdon, joka on helppo pest\u00e4 pois. Antaa pinnalle kiiltoa, ei j\u00e4t\u00e4 raitoja. Turvallinen maalipinnoille, muoville, kumille ja metallipinnoille.<br \/>\nKOOSTUMUS: demineralisoitu vesi, natriumhydroksidi 5\u201310 %, kompleksinmuodostajat 5\u201315 %, anioninen pinta-aktiivinen aine 5\u201315 %, amfoteerinen pinta-aktiivinen aine 5\u201315 %, ioniton pinta-aktiivinen aine 5\u201315 %, v\u00e4riaine.<br \/>\nK\u00c4YTT\u00d6OHJEET:<br \/>\n1. Tiiviste on laimennettava vedell\u00e4: 1:3\u20131:6 vaahtosarjoille; <strong>01:30\u20131 1:60<\/strong> matalapaineiselle vaahtogeneraattorille.<br \/>\n2. Valmis liuos voidaan levitt\u00e4\u00e4 kuivalle ajoneuvolle.<br \/>\n<strong>Vaikutusaika on enint\u00e4\u00e4n kaksi minuuttia. \u00c4l\u00e4 anna kuivua.<\/strong><br \/>\n3. Tuote on huuhdeltava pois v\u00e4hint\u00e4\u00e4n 5\u20136 atmosf\u00e4\u00e4rin paineisella vesisuihkulla 15\u201320 cm:n et\u00e4isyydelt\u00e4 ja kulmassa pintaan n\u00e4hden.<br \/>\nS\u00c4ILYTYSolosuhteet: s\u00e4ilyt\u00e4 +5 \u00b0C \u2013 +30 \u00b0C:n l\u00e4mp\u00f6tilassa ilman suoraa auringonvaloa.<br \/>\nPARAA P\u00c4IV\u00c4M\u00c4\u00c4R\u00c4: 2 vuotta valmistusp\u00e4iv\u00e4st\u00e4. Er\u00e4numero ja valmistusp\u00e4iv\u00e4 on merkitty pakkaukseen.<br \/>\nVAROITUS: noudata k\u00e4ytt\u00f6- ja s\u00e4ilytysohjeita.<br \/>\nTURVALLISUUSOHJEET: Varovasti! S\u00e4ilyt\u00e4 lasten ulottumattomissa. \u00c4l\u00e4 niele. Jos ainetta joutuu iholle tai silmiin, huuhtele juoksevalla vedell\u00e4 ja ota yhteys l\u00e4\u00e4k\u00e4riin. K\u00e4yt\u00e4 henkil\u00f6kohtaisia suojavarusteita k\u00e4yt\u00f6n aikana.<\/p>","protected":false},"excerpt":{"rendered":"<p>KESKITETTY AINE KOSKETUKSETTA PESEEN PINKKI VAHA Aine tehokkaaseen ja nopeaan pintojen puhdistamiseen tien p\u00f6lyst\u00e4, polttoaine- tai \u00f6ljytahroista ja hy\u00f6nteisten j\u00e4ljist\u00e4. Muodostaa pysyv\u00e4n pinkin vaahdon, joka on helppo pest\u00e4 pois. Antaa pinnalle kiiltoa, ei j\u00e4t\u00e4 raitoja. Turvallinen maalipinnoille, muoville, kumille ja metallipinnoille. KOOSTUMUS: demineralisoitu vesi, natriumhydroksidi 5\u201310 %, kompleksinmuodostajat 5\u201315 %, anioninen pinta-aktiivinen aine 5\u201315 %, [&hellip;]<\/p>","protected":false},"featured_media":1469,"comment_status":"open","ping_status":"closed","template":"","meta":{"site-sidebar-layout":"default","site-content-layout":"","ast-site-content-layout":"default","site-content-style":"default","site-sidebar-style":"default","ast-global-header-display":"","ast-banner-title-visibility":"","ast-main-header-display":"","ast-hfb-above-header-display":"","ast-hfb-below-header-display":"","ast-hfb-mobile-header-display":"","site-post-title":"","ast-breadcrumbs-content":"","ast-featured-img":"","footer-sml-layout":"","theme-transparent-header-meta":"default","adv-header-id-meta":"","stick-header-meta":"","header-above-stick-meta":"","header-main-stick-meta":"","header-below-stick-meta":"","astra-migrate-meta-layouts":"set","ast-page-background-enabled":"default","ast-page-background-meta":{"desktop":{"background-color":"var(--ast-global-color-4)","background-image":"","background-repeat":"repeat","background-position":"center center","background-size":"auto","background-attachment":"scroll","background-type":"","background-media":"","overlay-type":"","overlay-color":"","overlay-opacity":"","overlay-gradient":""},"tablet":{"background-color":"","background-image":"","background-repeat":"repeat","background-position":"center center","background-size":"auto","background-attachment":"scroll","background-type":"","background-media":"","overlay-type":"","overlay-color":"","overlay-opacity":"","overlay-gradient":""},"mobile":{"background-color":"","background-image":"","background-repeat":"repeat","background-position":"center center","background-size":"auto","background-attachment":"scroll","background-type":"","background-media":"","overlay-type":"","overlay-color":"","overlay-opacity":"","overlay-gradient":""}},"ast-content-background-meta":{"desktop":{"background-color":"var(--ast-global-color-5)","background-image":"","background-repeat":"repeat","background-position":"center center","background-size":"auto","background-attachment":"scroll","background-type":"","background-media":"","overlay-type":"","overlay-color":"","overlay-opacity":"","overlay-gradient":""},"tablet":{"background-color":"var(--ast-global-color-5)","background-image":"","background-repeat":"repeat","background-position":"center center","background-size":"auto","background-attachment":"scroll","background-type":"","background-media":"","overlay-type":"","overlay-color":"","overlay-opacity":"","overlay-gradient":""},"mobile":{"background-color":"var(--ast-global-color-5)","background-image":"","background-repeat":"repeat","background-position":"center center","background-size":"auto","background-attachment":"scroll","background-type":"","background-media":"","overlay-type":"","overlay-color":"","overlay-opacity":"","overlay-gradient":""}}},"product_brand":[],"product_cat":[47,48,42],"product_tag":[],"class_list":{"0":"post-1468","1":"product","2":"type-product","3":"status-publish","4":"has-post-thumbnail","6":"product_cat-aktiivivaahto","7":"product_cat-autoshampoo","8":"product_cat-ulkopuoli","9":"desktop-align-left","10":"tablet-align-left","11":"mobile-align-center","13":"first","14":"instock","15":"shipping-taxable","16":"purchasable","17":"product-type-simple"},"_links":{"self":[{"href":"https:\/\/autoshine.fi\/en\/wp-json\/wp\/v2\/product\/1468","targetHints":{"allow":["GET"]}}],"collection":[{"href":"https:\/\/autoshine.fi\/en\/wp-json\/wp\/v2\/product"}],"about":[{"href":"https:\/\/autoshine.fi\/en\/wp-json\/wp\/v2\/types\/product"}],"replies":[{"embeddable":true,"href":"https:\/\/autoshine.fi\/en\/wp-json\/wp\/v2\/comments?post=1468"}],"wp:featuredmedia":[{"embeddable":true,"href":"https:\/\/autoshine.fi\/en\/wp-json\/wp\/v2\/media\/1469"}],"wp:attachment":[{"href":"https:\/\/autoshine.fi\/en\/wp-json\/wp\/v2\/media?parent=1468"}],"wp:term":[{"taxonomy":"product_brand","embeddable":true,"href":"https:\/\/autoshine.fi\/en\/wp-json\/wp\/v2\/product_brand?post=1468"},{"taxonomy":"product_cat","embeddable":true,"href":"https:\/\/autoshine.fi\/en\/wp-json\/wp\/v2\/product_cat?post=1468"},{"taxonomy":"product_tag","embeddable":true,"href":"https:\/\/autoshine.fi\/en\/wp-json\/wp\/v2\/product_tag?post=1468"}],"curies":[{"name":"wp","href":"https:\/\/api.w.org\/{rel}","templated":true}]}}