{"id":1483,"date":"2025-06-18T18:40:51","date_gmt":"2025-06-18T15:40:51","guid":{"rendered":"https:\/\/autoshine.fi\/?post_type=product&#038;p=1483"},"modified":"2025-10-27T14:51:16","modified_gmt":"2025-10-27T11:51:16","slug":"yleinen-hapan-pesuaine-happamalla-ph-arvolla-acid-cleaner","status":"publish","type":"product","link":"https:\/\/autoshine.fi\/en\/product\/yleinen-hapan-pesuaine-happamalla-ph-arvolla-acid-cleaner\/","title":{"rendered":"Yleinen hapan pesuaine happamalla pH-arvolla &#8221;Polychrom 2020 Acid Cleaner&#8221;, 5L"},"content":{"rendered":"<div class=\"c-accordion-item__content h-styled-content c-product__description\">\n<div id=\"description-collapsible\" class=\"c-product__description-container\">\n<p>Yleisk\u00e4ytt\u00f6inen happopohjainen pesuaine.<br \/>\nTuotteen aktiivinen koostumus, jonka pH on hapan, on kehitetty happokest\u00e4vien pintojen perusteelliseen ja intensiiviseen puhdistukseen. Suunniteltu autopesula-altaiden, laattojen, suihkukaappien, pesualtaiden, wc-istuinten, kromipintojen pesuun sek\u00e4 korjaus- ja rakennust\u00f6iden j\u00e4lkeiseen puhdistukseen.<br \/>\nKOOSTUMUS: demineralisoitu vesi, sitruunahappo 5\u201310 %, sulfaamihappo 5\u201310 %, ioniton pinta-aktiivinen aine alle 5 %.<br \/>\nK\u00c4YTT\u00d6OHJE: levit\u00e4 tuote valitulle pinnalle ja odota 1\u201310 minuuttia. Pyyhi pinta sienell\u00e4 tai harjalla. Huuhtele sitten huolellisesti vedell\u00e4.<br \/>\nS\u00c4ILYTYSOLOSUHTEET: s\u00e4ilyt\u00e4 +5 \u00b0C \u2013 +30 \u00b0C:n l\u00e4mp\u00f6tilassa ilman suoraa auringonvaloa.<br \/>\nPARAA P\u00c4IV\u00c4M\u00c4\u00c4R\u00c4: 2 vuotta valmistusp\u00e4iv\u00e4st\u00e4. Er\u00e4numero ja valmistusp\u00e4iv\u00e4 on merkitty pakkaukseen.<br \/>\nVAROITUS: noudata k\u00e4ytt\u00f6- ja s\u00e4ilytysohjeita.<br \/>\nTURVALLISUUSOHJEET: Ole varovainen! S\u00e4ilyt\u00e4 lasten ulottumattomissa. \u00c4l\u00e4 niele. Jos ainetta joutuu iholle tai silmiin, huuhtele juoksevalla vedell\u00e4 ja ota yhteys l\u00e4\u00e4k\u00e4riin. K\u00e4yt\u00e4 henkil\u00f6kohtaisia suojavarusteita k\u00e4yt\u00f6n aikana.<\/p>\n<\/div>\n<\/div>","protected":false},"excerpt":{"rendered":"<p>Yleisk\u00e4ytt\u00f6inen happopohjainen pesuaine. Tuotteen aktiivinen koostumus, jonka pH on hapan, on kehitetty happokest\u00e4vien pintojen perusteelliseen ja intensiiviseen puhdistukseen. Suunniteltu autopesula-altaiden, laattojen, suihkukaappien, pesualtaiden, wc-istuinten, kromipintojen pesuun sek\u00e4 korjaus- ja rakennust\u00f6iden j\u00e4lkeiseen puhdistukseen. KOOSTUMUS: demineralisoitu vesi, sitruunahappo 5\u201310 %, sulfaamihappo 5\u201310 %, ioniton pinta-aktiivinen aine alle 5 %. K\u00c4YTT\u00d6OHJE: levit\u00e4 tuote valitulle pinnalle ja odota 1\u201310 [&hellip;]<\/p>","protected":false},"featured_media":1484,"comment_status":"open","ping_status":"closed","template":"","meta":{"site-sidebar-layout":"default","site-content-layout":"","ast-site-content-layout":"default","site-content-style":"default","site-sidebar-style":"default","ast-global-header-display":"","ast-banner-title-visibility":"","ast-main-header-display":"","ast-hfb-above-header-display":"","ast-hfb-below-header-display":"","ast-hfb-mobile-header-display":"","site-post-title":"","ast-breadcrumbs-content":"","ast-featured-img":"","footer-sml-layout":"","theme-transparent-header-meta":"default","adv-header-id-meta":"","stick-header-meta":"","header-above-stick-meta":"","header-main-stick-meta":"","header-below-stick-meta":"","astra-migrate-meta-layouts":"set","ast-page-background-enabled":"default","ast-page-background-meta":{"desktop":{"background-color":"var(--ast-global-color-4)","background-image":"","background-repeat":"repeat","background-position":"center center","background-size":"auto","background-attachment":"scroll","background-type":"","background-media":"","overlay-type":"","overlay-color":"","overlay-opacity":"","overlay-gradient":""},"tablet":{"background-color":"","background-image":"","background-repeat":"repeat","background-position":"center center","background-size":"auto","background-attachment":"scroll","background-type":"","background-media":"","overlay-type":"","overlay-color":"","overlay-opacity":"","overlay-gradient":""},"mobile":{"background-color":"","background-image":"","background-repeat":"repeat","background-position":"center center","background-size":"auto","background-attachment":"scroll","background-type":"","background-media":"","overlay-type":"","overlay-color":"","overlay-opacity":"","overlay-gradient":""}},"ast-content-background-meta":{"desktop":{"background-color":"var(--ast-global-color-5)","background-image":"","background-repeat":"repeat","background-position":"center center","background-size":"auto","background-attachment":"scroll","background-type":"","background-media":"","overlay-type":"","overlay-color":"","overlay-opacity":"","overlay-gradient":""},"tablet":{"background-color":"var(--ast-global-color-5)","background-image":"","background-repeat":"repeat","background-position":"center center","background-size":"auto","background-attachment":"scroll","background-type":"","background-media":"","overlay-type":"","overlay-color":"","overlay-opacity":"","overlay-gradient":""},"mobile":{"background-color":"var(--ast-global-color-5)","background-image":"","background-repeat":"repeat","background-position":"center center","background-size":"auto","background-attachment":"scroll","background-type":"","background-media":"","overlay-type":"","overlay-color":"","overlay-opacity":"","overlay-gradient":""}}},"product_brand":[],"product_cat":[50,54,55,42,45],"product_tag":[],"class_list":{"0":"post-1483","1":"product","2":"type-product","3":"status-publish","4":"has-post-thumbnail","6":"product_cat-bitumin-poistajat","7":"product_cat-renkaan-kiillokkeet","8":"product_cat-renkaansuoja-aineet","9":"product_cat-ulkopuoli","10":"product_cat-vanteet-ja-renkaat","11":"desktop-align-left","12":"tablet-align-left","13":"mobile-align-center","15":"first","16":"instock","17":"shipping-taxable","18":"purchasable","19":"product-type-simple"},"_links":{"self":[{"href":"https:\/\/autoshine.fi\/en\/wp-json\/wp\/v2\/product\/1483","targetHints":{"allow":["GET"]}}],"collection":[{"href":"https:\/\/autoshine.fi\/en\/wp-json\/wp\/v2\/product"}],"about":[{"href":"https:\/\/autoshine.fi\/en\/wp-json\/wp\/v2\/types\/product"}],"replies":[{"embeddable":true,"href":"https:\/\/autoshine.fi\/en\/wp-json\/wp\/v2\/comments?post=1483"}],"wp:featuredmedia":[{"embeddable":true,"href":"https:\/\/autoshine.fi\/en\/wp-json\/wp\/v2\/media\/1484"}],"wp:attachment":[{"href":"https:\/\/autoshine.fi\/en\/wp-json\/wp\/v2\/media?parent=1483"}],"wp:term":[{"taxonomy":"product_brand","embeddable":true,"href":"https:\/\/autoshine.fi\/en\/wp-json\/wp\/v2\/product_brand?post=1483"},{"taxonomy":"product_cat","embeddable":true,"href":"https:\/\/autoshine.fi\/en\/wp-json\/wp\/v2\/product_cat?post=1483"},{"taxonomy":"product_tag","embeddable":true,"href":"https:\/\/autoshine.fi\/en\/wp-json\/wp\/v2\/product_tag?post=1483"}],"curies":[{"name":"wp","href":"https:\/\/api.w.org\/{rel}","templated":true}]}}