{"id":1521,"date":"2025-06-18T19:49:27","date_gmt":"2025-06-18T16:49:27","guid":{"rendered":"https:\/\/autoshine.fi\/?post_type=product&#038;p=1521"},"modified":"2025-10-27T13:54:27","modified_gmt":"2025-10-27T10:54:27","slug":"lumivaahto-esipesu-aktivschaum-55-22-kg","status":"publish","type":"product","link":"https:\/\/autoshine.fi\/en\/product\/lumivaahto-esipesu-aktivschaum-55-22-kg\/","title":{"rendered":"Aktiivivaahto, esipesu &#8221;Polychrom 2020 Active Foam 55&#8221;, 22 kg"},"content":{"rendered":"<p><span style=\"font-weight: 400;\">TIIVISTETTY KOSKETUKSETON PUHDISTUSAINE<\/span><\/p>\n<p><span style=\"font-weight: 400;\">Tiivistetty, voimakkaasti vaahtoava puhdistusaine tienp\u00f6lyn, \u00f6ljyn ja rasvan sek\u00e4 hy\u00f6nteisten j\u00e4\u00e4mien tehokkaaseen ja nopeaan puhdistukseen. Muodostaa runsaan ja sitke\u00e4n vaahdon, joka huuhtoutuu helposti pois. Se tekee pinnasta kiilt\u00e4v\u00e4n eik\u00e4 j\u00e4t\u00e4 raitoja. Turvallinen maalipinnoille, muovi-, kumi- ja metallipinnoille.<\/span><\/p>\n<p><span style=\"font-weight: 400;\">AINESOSAT: demineralisoitu vesi, natriumhydroksidi 5-10 %, kompleksit 5-10 %, anioninen pinta-aktiivinen aine 5-15 %, amfoteerinen pinta-aktiivinen aine 5-15 %, ioniton pinta-aktiivinen aine 5-15 %, v\u00e4riaine.<\/span><\/p>\n<p><span style=\"font-weight: 400;\">K\u00c4YTT\u00d6TAPA:<\/span><\/p>\n<ol>\n<li><span style=\"font-weight: 400;\"> Ty\u00f6n aloittamiseksi tiiviste on laimennettava vedell\u00e4 1:6-1:9 vaahtosarjoja varten, kun ty\u00f6skennell\u00e4\u00e4n matalapaineisella vaahtogeneraattorilla, laimennetaan 1:60-1:90.<\/span><\/li>\n<li><span style=\"font-weight: 400;\"> Valmis liuos voidaan levitt\u00e4\u00e4 kuivaan autoon.\u00a0<\/span><\/li>\n<\/ol>\n<p><span style=\"font-weight: 400;\">Aktiivisen vaikutuksen kesto on enint\u00e4\u00e4n kaksi minuuttia. \u00c4l\u00e4 anna kuivua.<\/span><\/p>\n<ol start=\"3\">\n<li><span style=\"font-weight: 400;\"> Tuote on pest\u00e4v\u00e4 pois vesisuihkulla v\u00e4hint\u00e4\u00e4n 5-6 ilmakeh\u00e4n paineella 15-20 cm:n et\u00e4isyydelt\u00e4 ja vinosti pintaan n\u00e4hden.\u00a0<\/span><\/li>\n<\/ol>\n<p><span style=\"font-weight: 400;\">S\u00c4ILYTYSOLOSUHTEET: S\u00e4ilyt\u00e4 +5\u00b0C ja +30\u00b0C v\u00e4lisess\u00e4 l\u00e4mp\u00f6tilassa ilman suoraa auringonvaloa.<\/span><\/p>\n<p><span style=\"font-weight: 400;\">S\u00c4ILYVYYSAIKA: 2 vuotta valmistusp\u00e4iv\u00e4st\u00e4. Er\u00e4numero ja valmistusp\u00e4iv\u00e4 on merkitty pakkaukseen.<\/span><\/p>\n<p><span style=\"font-weight: 400;\">VAROITUKSET: Noudata k\u00e4ytt\u00f6- ja s\u00e4ilytysohjeita.\u00a0<\/span><\/p>\n<p><span style=\"font-weight: 400;\">TURVALLISUUSOHJEET:\u00a0 Varoitus. S\u00e4ilytett\u00e4v\u00e4 lasten ulottumattomissa. Ei saa niell\u00e4. Jos joutuu iholle tai silmiin, huuhtele juoksevalla vedell\u00e4, hakeudu tarvittaessa l\u00e4\u00e4k\u00e4riin. <\/span><\/p>","protected":false},"excerpt":{"rendered":"<p>TIIVISTETTY KOSKETUKSETON PUHDISTUSAINE Tiivistetty, voimakkaasti vaahtoava puhdistusaine tienp\u00f6lyn, \u00f6ljyn ja rasvan sek\u00e4 hy\u00f6nteisten j\u00e4\u00e4mien tehokkaaseen ja nopeaan puhdistukseen. Muodostaa runsaan ja sitke\u00e4n vaahdon, joka huuhtoutuu helposti pois. Se tekee pinnasta kiilt\u00e4v\u00e4n eik\u00e4 j\u00e4t\u00e4 raitoja. Turvallinen maalipinnoille, muovi-, kumi- ja metallipinnoille. AINESOSAT: demineralisoitu vesi, natriumhydroksidi 5-10 %, kompleksit 5-10 %, anioninen pinta-aktiivinen aine 5-15 %, amfoteerinen [&hellip;]<\/p>","protected":false},"featured_media":1522,"comment_status":"open","ping_status":"closed","template":"","meta":{"site-sidebar-layout":"default","site-content-layout":"","ast-site-content-layout":"default","site-content-style":"default","site-sidebar-style":"default","ast-global-header-display":"","ast-banner-title-visibility":"","ast-main-header-display":"","ast-hfb-above-header-display":"","ast-hfb-below-header-display":"","ast-hfb-mobile-header-display":"","site-post-title":"","ast-breadcrumbs-content":"","ast-featured-img":"","footer-sml-layout":"","theme-transparent-header-meta":"default","adv-header-id-meta":"","stick-header-meta":"","header-above-stick-meta":"","header-main-stick-meta":"","header-below-stick-meta":"","astra-migrate-meta-layouts":"set","ast-page-background-enabled":"default","ast-page-background-meta":{"desktop":{"background-color":"var(--ast-global-color-4)","background-image":"","background-repeat":"repeat","background-position":"center center","background-size":"auto","background-attachment":"scroll","background-type":"","background-media":"","overlay-type":"","overlay-color":"","overlay-opacity":"","overlay-gradient":""},"tablet":{"background-color":"","background-image":"","background-repeat":"repeat","background-position":"center center","background-size":"auto","background-attachment":"scroll","background-type":"","background-media":"","overlay-type":"","overlay-color":"","overlay-opacity":"","overlay-gradient":""},"mobile":{"background-color":"","background-image":"","background-repeat":"repeat","background-position":"center center","background-size":"auto","background-attachment":"scroll","background-type":"","background-media":"","overlay-type":"","overlay-color":"","overlay-opacity":"","overlay-gradient":""}},"ast-content-background-meta":{"desktop":{"background-color":"var(--ast-global-color-5)","background-image":"","background-repeat":"repeat","background-position":"center center","background-size":"auto","background-attachment":"scroll","background-type":"","background-media":"","overlay-type":"","overlay-color":"","overlay-opacity":"","overlay-gradient":""},"tablet":{"background-color":"var(--ast-global-color-5)","background-image":"","background-repeat":"repeat","background-position":"center center","background-size":"auto","background-attachment":"scroll","background-type":"","background-media":"","overlay-type":"","overlay-color":"","overlay-opacity":"","overlay-gradient":""},"mobile":{"background-color":"var(--ast-global-color-5)","background-image":"","background-repeat":"repeat","background-position":"center center","background-size":"auto","background-attachment":"scroll","background-type":"","background-media":"","overlay-type":"","overlay-color":"","overlay-opacity":"","overlay-gradient":""}}},"product_brand":[],"product_cat":[48,42],"product_tag":[],"class_list":{"0":"post-1521","1":"product","2":"type-product","3":"status-publish","4":"has-post-thumbnail","6":"product_cat-autoshampoo","7":"product_cat-ulkopuoli","8":"desktop-align-left","9":"tablet-align-left","10":"mobile-align-center","12":"first","13":"instock","14":"shipping-taxable","15":"purchasable","16":"product-type-simple"},"_links":{"self":[{"href":"https:\/\/autoshine.fi\/en\/wp-json\/wp\/v2\/product\/1521","targetHints":{"allow":["GET"]}}],"collection":[{"href":"https:\/\/autoshine.fi\/en\/wp-json\/wp\/v2\/product"}],"about":[{"href":"https:\/\/autoshine.fi\/en\/wp-json\/wp\/v2\/types\/product"}],"replies":[{"embeddable":true,"href":"https:\/\/autoshine.fi\/en\/wp-json\/wp\/v2\/comments?post=1521"}],"wp:featuredmedia":[{"embeddable":true,"href":"https:\/\/autoshine.fi\/en\/wp-json\/wp\/v2\/media\/1522"}],"wp:attachment":[{"href":"https:\/\/autoshine.fi\/en\/wp-json\/wp\/v2\/media?parent=1521"}],"wp:term":[{"taxonomy":"product_brand","embeddable":true,"href":"https:\/\/autoshine.fi\/en\/wp-json\/wp\/v2\/product_brand?post=1521"},{"taxonomy":"product_cat","embeddable":true,"href":"https:\/\/autoshine.fi\/en\/wp-json\/wp\/v2\/product_cat?post=1521"},{"taxonomy":"product_tag","embeddable":true,"href":"https:\/\/autoshine.fi\/en\/wp-json\/wp\/v2\/product_tag?post=1521"}],"curies":[{"name":"wp","href":"https:\/\/api.w.org\/{rel}","templated":true}]}}