{"id":1525,"date":"2025-06-18T19:53:52","date_gmt":"2025-06-18T16:53:52","guid":{"rendered":"https:\/\/autoshine.fi\/?post_type=product&#038;p=1525"},"modified":"2026-04-02T12:48:46","modified_gmt":"2026-04-02T09:48:46","slug":"esipesu-22-plus-5-kg","status":"publish","type":"product","link":"https:\/\/autoshine.fi\/en\/product\/esipesu-22-plus-5-kg\/","title":{"rendered":"TIIVISTETTY AINE KOSKETUKSETTOMAAN PESUUN, Esipesu &#8221;Polychrom 2020 Active Foam 22 PLUS&#8221;, 5 kg"},"content":{"rendered":"<p><span style=\"font-weight: 400;\">TIIVISTETTY AINE KOSKETUKSETTOMAAN PESUUN<\/span><\/p>\n<p><span style=\"font-weight: 400;\">Voimakkaasti tiivistetty autonpesuvaahto, joka puhdistaa tehokkaasti ja nopeasti tienpinnan p\u00f6lyst\u00e4, <\/span><span style=\"font-weight: 400;\">polttoaine- ja \u00f6ljylika sek\u00e4 hy\u00f6nteisten j\u00e4\u00e4m\u00e4t. Tekee pinnasta kiilt\u00e4v\u00e4n eik\u00e4 j\u00e4t\u00e4 raitoja. Se on turvallinen <\/span><span style=\"font-weight: 400;\">maalipinnoille, muoville, kumille ja metallipinnoille. Se on helppo pest\u00e4 pois.<\/span><\/p>\n<p><span style=\"font-weight: 400;\">AINESOSAT: demineralisoitu vesi, natriumhydroksidi 5-10 %, kompleksit 5-15 %, anioninen pesuaine.<\/span><\/p>\n<p><span style=\"font-weight: 400;\">pinta-aktiivinen aine 5-15 %, amfoteerinen pinta-aktiivinen aine 5-15 %, ei-ioninen pinta-aktiivinen aine 5-15 %, v\u00e4riaine.<\/span><\/p>\n<p><span style=\"font-weight: 400;\">K\u00c4YTT\u00d6TAPA:<\/span><\/p>\n<ol>\n<li><span style=\"font-weight: 400;\"> Ty\u00f6skentelyn aloittamiseksi tiiviste on laimennettava vedell\u00e4 1:3-1:6 vaahtosarjojen osalta, kun ty\u00f6skennell\u00e4\u00e4n<\/span><\/li>\n<\/ol>\n<p><span style=\"font-weight: 400;\">matalapainevaahtogeneraattorilla, laimennetaan 1:30-1:60.<\/span><\/p>\n<ol start=\"2\">\n<li><span style=\"font-weight: 400;\"> Valmis liuos voidaan levitt\u00e4\u00e4 kuivaan autoon.<\/span><\/li>\n<\/ol>\n<p><span style=\"font-weight: 400;\">Aktiivisen vaikutuksen kesto on enint\u00e4\u00e4n kaksi minuuttia. \u00c4l\u00e4 anna kuivua.<\/span><\/p>\n<ol start=\"3\">\n<li><span style=\"font-weight: 400;\"> Tuote on pest\u00e4v\u00e4 pois vesisuihkulla v\u00e4hint\u00e4\u00e4n 5-6 ilmakeh\u00e4n paineessa 15-20 cm:n et\u00e4isyydelt\u00e4 ja kulmassa<\/span><\/li>\n<\/ol>\n<p><span style=\"font-weight: 400;\">pintaan n\u00e4hden.<\/span><\/p>\n<p><span style=\"font-weight: 400;\">S\u00c4ILYTYSOLOSUHTEET: S\u00e4ilyt\u00e4 +5\u00b0C ja +30\u00b0C v\u00e4lisess\u00e4 l\u00e4mp\u00f6tilassa ilman suoraa auringonvaloa.<\/span><\/p>\n<p><span style=\"font-weight: 400;\">S\u00c4ILYTYSAIKA: 2 vuotta valmistusp\u00e4iv\u00e4st\u00e4. Er\u00e4numero ja valmistusp\u00e4iv\u00e4 on merkitty pakkaukseen.<\/span><\/p>\n<p><span style=\"font-weight: 400;\">VAROITUKSET: Noudata k\u00e4ytt\u00f6- ja s\u00e4ilytysohjeita.<\/span><\/p>\n<p><span style=\"font-weight: 400;\">TURVALLISUUSOHJEET: Varoitus. S\u00e4ilytett\u00e4v\u00e4 lasten ulottumattomissa. Ei saa niell\u00e4. Jos joutuu kosketuksiin ihon kanssa<\/span><\/p>","protected":false},"excerpt":{"rendered":"<p>TIIVISTETTY AINE KOSKETUKSETTOMAAN PESUUN Voimakkaasti tiivistetty autonpesuvaahto, joka puhdistaa tehokkaasti ja nopeasti tienpinnan p\u00f6lyst\u00e4, polttoaine- ja \u00f6ljylika sek\u00e4 hy\u00f6nteisten j\u00e4\u00e4m\u00e4t. Tekee pinnasta kiilt\u00e4v\u00e4n eik\u00e4 j\u00e4t\u00e4 raitoja. Se on turvallinen maalipinnoille, muoville, kumille ja metallipinnoille. Se on helppo pest\u00e4 pois. AINESOSAT: demineralisoitu vesi, natriumhydroksidi 5-10 %, kompleksit 5-15 %, anioninen pesuaine. pinta-aktiivinen aine 5-15 %, amfoteerinen [&hellip;]<\/p>","protected":false},"featured_media":1631,"comment_status":"open","ping_status":"closed","template":"","meta":{"site-sidebar-layout":"default","site-content-layout":"","ast-site-content-layout":"default","site-content-style":"default","site-sidebar-style":"default","ast-global-header-display":"","ast-banner-title-visibility":"","ast-main-header-display":"","ast-hfb-above-header-display":"","ast-hfb-below-header-display":"","ast-hfb-mobile-header-display":"","site-post-title":"","ast-breadcrumbs-content":"","ast-featured-img":"","footer-sml-layout":"","theme-transparent-header-meta":"default","adv-header-id-meta":"","stick-header-meta":"","header-above-stick-meta":"","header-main-stick-meta":"","header-below-stick-meta":"","astra-migrate-meta-layouts":"set","ast-page-background-enabled":"default","ast-page-background-meta":{"desktop":{"background-color":"var(--ast-global-color-4)","background-image":"","background-repeat":"repeat","background-position":"center center","background-size":"auto","background-attachment":"scroll","background-type":"","background-media":"","overlay-type":"","overlay-color":"","overlay-opacity":"","overlay-gradient":""},"tablet":{"background-color":"","background-image":"","background-repeat":"repeat","background-position":"center center","background-size":"auto","background-attachment":"scroll","background-type":"","background-media":"","overlay-type":"","overlay-color":"","overlay-opacity":"","overlay-gradient":""},"mobile":{"background-color":"","background-image":"","background-repeat":"repeat","background-position":"center center","background-size":"auto","background-attachment":"scroll","background-type":"","background-media":"","overlay-type":"","overlay-color":"","overlay-opacity":"","overlay-gradient":""}},"ast-content-background-meta":{"desktop":{"background-color":"var(--ast-global-color-5)","background-image":"","background-repeat":"repeat","background-position":"center center","background-size":"auto","background-attachment":"scroll","background-type":"","background-media":"","overlay-type":"","overlay-color":"","overlay-opacity":"","overlay-gradient":""},"tablet":{"background-color":"var(--ast-global-color-5)","background-image":"","background-repeat":"repeat","background-position":"center center","background-size":"auto","background-attachment":"scroll","background-type":"","background-media":"","overlay-type":"","overlay-color":"","overlay-opacity":"","overlay-gradient":""},"mobile":{"background-color":"var(--ast-global-color-5)","background-image":"","background-repeat":"repeat","background-position":"center center","background-size":"auto","background-attachment":"scroll","background-type":"","background-media":"","overlay-type":"","overlay-color":"","overlay-opacity":"","overlay-gradient":""}}},"product_brand":[],"product_cat":[47,42],"product_tag":[],"class_list":{"0":"post-1525","1":"product","2":"type-product","3":"status-publish","4":"has-post-thumbnail","6":"product_cat-aktiivivaahto","7":"product_cat-ulkopuoli","8":"desktop-align-left","9":"tablet-align-left","10":"mobile-align-center","12":"first","13":"instock","14":"shipping-taxable","15":"purchasable","16":"product-type-simple"},"_links":{"self":[{"href":"https:\/\/autoshine.fi\/en\/wp-json\/wp\/v2\/product\/1525","targetHints":{"allow":["GET"]}}],"collection":[{"href":"https:\/\/autoshine.fi\/en\/wp-json\/wp\/v2\/product"}],"about":[{"href":"https:\/\/autoshine.fi\/en\/wp-json\/wp\/v2\/types\/product"}],"replies":[{"embeddable":true,"href":"https:\/\/autoshine.fi\/en\/wp-json\/wp\/v2\/comments?post=1525"}],"wp:featuredmedia":[{"embeddable":true,"href":"https:\/\/autoshine.fi\/en\/wp-json\/wp\/v2\/media\/1631"}],"wp:attachment":[{"href":"https:\/\/autoshine.fi\/en\/wp-json\/wp\/v2\/media?parent=1525"}],"wp:term":[{"taxonomy":"product_brand","embeddable":true,"href":"https:\/\/autoshine.fi\/en\/wp-json\/wp\/v2\/product_brand?post=1525"},{"taxonomy":"product_cat","embeddable":true,"href":"https:\/\/autoshine.fi\/en\/wp-json\/wp\/v2\/product_cat?post=1525"},{"taxonomy":"product_tag","embeddable":true,"href":"https:\/\/autoshine.fi\/en\/wp-json\/wp\/v2\/product_tag?post=1525"}],"curies":[{"name":"wp","href":"https:\/\/api.w.org\/{rel}","templated":true}]}}