{"id":1562,"date":"2025-06-18T21:28:08","date_gmt":"2025-06-18T18:28:08","guid":{"rendered":"https:\/\/autoshine.fi\/?post_type=product&#038;p=1562"},"modified":"2025-10-27T13:30:38","modified_gmt":"2025-10-27T10:30:38","slug":"tiivistetty-kevyt-vaha-auton-huuhtelu-1l-150","status":"publish","type":"product","link":"https:\/\/autoshine.fi\/en\/product\/tiivistetty-kevyt-vaha-auton-huuhtelu-1l-150\/","title":{"rendered":"KESKITETTY VAHATUOTTEET ORANSSIN TUOKSUN &#8221;Polychrom 2020 Orange Wax 1:50&#8221;, 1l"},"content":{"rendered":"<p>KESKITETTY VAHATUOTTEET ORANSSIN TUOKSUISET<br \/>\nKeskitetty ajoneuvon huuhteluaine. Antaa pinnalle vett\u00e4 hylkiv\u00e4n vaikutuksen ja lis\u00e4\u00e4 kiiltoa. S\u00e4\u00e4nn\u00f6llinen k\u00e4ytt\u00f6 suojaa maalia v\u00e4rin haalistumiselta.<br \/>\nKOOSTUMUS: demineralisoitu vesi, kationinen pinta-aktiivinen aine 5\u201315 %, liuotin 5\u201315 %, nonioninen pinta-aktiivinen aine alle 5\u201310 %, aromi, v\u00e4riaine.<br \/>\nK\u00c4YTT\u00d6OHJEET: tiiviste on laimennettava vedell\u00e4 suhteessa <strong>1:50\u20131:120<\/strong>. Levit\u00e4 tuote ja huuhtele sitten matalapaineisella vedell\u00e4.<br \/>\nS\u00c4ILYTYSOLOSUHTEET: s\u00e4ilyt\u00e4 +5 \u00b0C \u2013 +30 \u00b0C:n l\u00e4mp\u00f6tilassa ilman suoraa auringonvaloa.<br \/>\nPARAS P\u00c4IV\u00c4M\u00c4\u00c4R\u00c4: 2 vuotta valmistusp\u00e4iv\u00e4st\u00e4. Er\u00e4numero ja valmistusp\u00e4iv\u00e4 on merkitty pakkaukseen.<br \/>\nVAROITUS: Noudata k\u00e4ytt\u00f6- ja s\u00e4ilytysohjeita.<br \/>\nTURVALLISUUSOHJEET: Varovasti! S\u00e4ilyt\u00e4 lasten ulottumattomissa. \u00c4l\u00e4 niele. Jos ainetta joutuu iholle tai silmiin, huuhtele juoksevalla vedell\u00e4 ja ota yhteys l\u00e4\u00e4k\u00e4riin. K\u00e4yt\u00e4 henkil\u00f6kohtaisia suojavarusteita k\u00e4yt\u00f6n aikana.<\/p>","protected":false},"excerpt":{"rendered":"<p>KESKITETTY VAHATUOTTEET ORANSSIN TUOKSUISET Keskitetty ajoneuvon huuhteluaine. Antaa pinnalle vett\u00e4 hylkiv\u00e4n vaikutuksen ja lis\u00e4\u00e4 kiiltoa. S\u00e4\u00e4nn\u00f6llinen k\u00e4ytt\u00f6 suojaa maalia v\u00e4rin haalistumiselta. KOOSTUMUS: demineralisoitu vesi, kationinen pinta-aktiivinen aine 5\u201315 %, liuotin 5\u201315 %, nonioninen pinta-aktiivinen aine alle 5\u201310 %, aromi, v\u00e4riaine. K\u00c4YTT\u00d6OHJEET: tiiviste on laimennettava vedell\u00e4 suhteessa 1:50\u20131:120. Levit\u00e4 tuote ja huuhtele sitten matalapaineisella vedell\u00e4. S\u00c4ILYTYSOLOSUHTEET: [&hellip;]<\/p>","protected":false},"featured_media":1564,"comment_status":"open","ping_status":"closed","template":"","meta":{"site-sidebar-layout":"default","site-content-layout":"","ast-site-content-layout":"default","site-content-style":"default","site-sidebar-style":"default","ast-global-header-display":"","ast-banner-title-visibility":"","ast-main-header-display":"","ast-hfb-above-header-display":"","ast-hfb-below-header-display":"","ast-hfb-mobile-header-display":"","site-post-title":"","ast-breadcrumbs-content":"","ast-featured-img":"","footer-sml-layout":"","theme-transparent-header-meta":"default","adv-header-id-meta":"","stick-header-meta":"","header-above-stick-meta":"","header-main-stick-meta":"","header-below-stick-meta":"","astra-migrate-meta-layouts":"set","ast-page-background-enabled":"default","ast-page-background-meta":{"desktop":{"background-color":"var(--ast-global-color-4)","background-image":"","background-repeat":"repeat","background-position":"center center","background-size":"auto","background-attachment":"scroll","background-type":"","background-media":"","overlay-type":"","overlay-color":"","overlay-opacity":"","overlay-gradient":""},"tablet":{"background-color":"","background-image":"","background-repeat":"repeat","background-position":"center center","background-size":"auto","background-attachment":"scroll","background-type":"","background-media":"","overlay-type":"","overlay-color":"","overlay-opacity":"","overlay-gradient":""},"mobile":{"background-color":"","background-image":"","background-repeat":"repeat","background-position":"center center","background-size":"auto","background-attachment":"scroll","background-type":"","background-media":"","overlay-type":"","overlay-color":"","overlay-opacity":"","overlay-gradient":""}},"ast-content-background-meta":{"desktop":{"background-color":"var(--ast-global-color-5)","background-image":"","background-repeat":"repeat","background-position":"center center","background-size":"auto","background-attachment":"scroll","background-type":"","background-media":"","overlay-type":"","overlay-color":"","overlay-opacity":"","overlay-gradient":""},"tablet":{"background-color":"var(--ast-global-color-5)","background-image":"","background-repeat":"repeat","background-position":"center center","background-size":"auto","background-attachment":"scroll","background-type":"","background-media":"","overlay-type":"","overlay-color":"","overlay-opacity":"","overlay-gradient":""},"mobile":{"background-color":"var(--ast-global-color-5)","background-image":"","background-repeat":"repeat","background-position":"center center","background-size":"auto","background-attachment":"scroll","background-type":"","background-media":"","overlay-type":"","overlay-color":"","overlay-opacity":"","overlay-gradient":""}}},"product_brand":[],"product_cat":[48,42],"product_tag":[],"class_list":{"0":"post-1562","1":"product","2":"type-product","3":"status-publish","4":"has-post-thumbnail","6":"product_cat-autoshampoo","7":"product_cat-ulkopuoli","8":"desktop-align-left","9":"tablet-align-left","10":"mobile-align-center","12":"first","13":"instock","14":"shipping-taxable","15":"purchasable","16":"product-type-simple"},"_links":{"self":[{"href":"https:\/\/autoshine.fi\/en\/wp-json\/wp\/v2\/product\/1562","targetHints":{"allow":["GET"]}}],"collection":[{"href":"https:\/\/autoshine.fi\/en\/wp-json\/wp\/v2\/product"}],"about":[{"href":"https:\/\/autoshine.fi\/en\/wp-json\/wp\/v2\/types\/product"}],"replies":[{"embeddable":true,"href":"https:\/\/autoshine.fi\/en\/wp-json\/wp\/v2\/comments?post=1562"}],"wp:featuredmedia":[{"embeddable":true,"href":"https:\/\/autoshine.fi\/en\/wp-json\/wp\/v2\/media\/1564"}],"wp:attachment":[{"href":"https:\/\/autoshine.fi\/en\/wp-json\/wp\/v2\/media?parent=1562"}],"wp:term":[{"taxonomy":"product_brand","embeddable":true,"href":"https:\/\/autoshine.fi\/en\/wp-json\/wp\/v2\/product_brand?post=1562"},{"taxonomy":"product_cat","embeddable":true,"href":"https:\/\/autoshine.fi\/en\/wp-json\/wp\/v2\/product_cat?post=1562"},{"taxonomy":"product_tag","embeddable":true,"href":"https:\/\/autoshine.fi\/en\/wp-json\/wp\/v2\/product_tag?post=1562"}],"curies":[{"name":"wp","href":"https:\/\/api.w.org\/{rel}","templated":true}]}}