{"id":1606,"date":"2025-06-25T20:36:23","date_gmt":"2025-06-25T17:36:23","guid":{"rendered":"https:\/\/autoshine.fi\/?post_type=product&#038;p=1606"},"modified":"2025-12-01T04:31:56","modified_gmt":"2025-12-01T01:31:56","slug":"vaahtoaktivaattori","status":"publish","type":"product","link":"https:\/\/autoshine.fi\/en\/product\/vaahtoaktivaattori\/","title":{"rendered":"VAAHTOAKTIVAATTORI &#8221;Polychrom 2020 Foam Activator&#8221;, 1,1kg"},"content":{"rendered":"<p data-start=\"0\" data-end=\"33\"><strong data-start=\"0\" data-end=\"33\">KONCENTROITU PESUAKTIVAATTORI<\/strong><\/p>\n<p data-start=\"35\" data-end=\"506\">Tarkoitettu parantamaan pesuaineen puhdistustehoa ja lis\u00e4\u00e4m\u00e4\u00e4n vaahdon muodostumista. Aktivaattorin lis\u00e4\u00e4minen pesuaineeseen muuttaa vaahdon kirkkaan violetiksi tai pinkiksi. Kemiallinen koostumus ei sis\u00e4ll\u00e4 aggressiivisia aineita, joten tuote on turvallinen ajoneuvon maalipinnalle. Aktivaattorin sis\u00e4lt\u00e4m\u00e4t nanokomponentit eiv\u00e4t muuta pesuaineen fysikaalisia tai kemiallisia ominaisuuksia. Aktivaattorin ainesosat huuhtoutuvat helposti eiv\u00e4tk\u00e4 j\u00e4t\u00e4 v\u00e4rij\u00e4\u00e4mi\u00e4 pinnalle.<\/p>\n<p data-start=\"508\" data-end=\"748\" data-is-last-node=\"\" data-is-only-node=\"\"><strong data-start=\"508\" data-end=\"525\">K\u00c4YTT\u00d6OHJEET:<\/strong><br data-start=\"525\" data-end=\"528\" \/>Automaattisiin annosteluj\u00e4rjestelmiin: laimenna 20\u201340 ml aktivaattoria 1 litraan pesuainetiivistett\u00e4, sekoittaen jatkuvasti pesuaineen kanssa.<br data-start=\"670\" data-end=\"673\" data-is-only-node=\"\" \/>K\u00e4sik\u00e4ytt\u00f6\u00f6n: sekoita aktivaattoria 20\u201350 ml 1 litraan pesuainetiivistett\u00e4.<\/p>","protected":false},"excerpt":{"rendered":"<p>KONCENTROITU PESUAKTIVAATTORI Tarkoitettu parantamaan pesuaineen puhdistustehoa ja lis\u00e4\u00e4m\u00e4\u00e4n vaahdon muodostumista. Aktivaattorin lis\u00e4\u00e4minen pesuaineeseen muuttaa vaahdon kirkkaan violetiksi tai pinkiksi. Kemiallinen koostumus ei sis\u00e4ll\u00e4 aggressiivisia aineita, joten tuote on turvallinen ajoneuvon maalipinnalle. Aktivaattorin sis\u00e4lt\u00e4m\u00e4t nanokomponentit eiv\u00e4t muuta pesuaineen fysikaalisia tai kemiallisia ominaisuuksia. Aktivaattorin ainesosat huuhtoutuvat helposti eiv\u00e4tk\u00e4 j\u00e4t\u00e4 v\u00e4rij\u00e4\u00e4mi\u00e4 pinnalle. K\u00c4YTT\u00d6OHJEET:Automaattisiin annosteluj\u00e4rjestelmiin: laimenna 20\u201340 ml aktivaattoria [&hellip;]<\/p>","protected":false},"featured_media":1607,"comment_status":"open","ping_status":"closed","template":"","meta":{"site-sidebar-layout":"default","site-content-layout":"","ast-site-content-layout":"default","site-content-style":"default","site-sidebar-style":"default","ast-global-header-display":"","ast-banner-title-visibility":"","ast-main-header-display":"","ast-hfb-above-header-display":"","ast-hfb-below-header-display":"","ast-hfb-mobile-header-display":"","site-post-title":"","ast-breadcrumbs-content":"","ast-featured-img":"","footer-sml-layout":"","theme-transparent-header-meta":"default","adv-header-id-meta":"","stick-header-meta":"","header-above-stick-meta":"","header-main-stick-meta":"","header-below-stick-meta":"","astra-migrate-meta-layouts":"set","ast-page-background-enabled":"default","ast-page-background-meta":{"desktop":{"background-color":"var(--ast-global-color-4)","background-image":"","background-repeat":"repeat","background-position":"center center","background-size":"auto","background-attachment":"scroll","background-type":"","background-media":"","overlay-type":"","overlay-color":"","overlay-opacity":"","overlay-gradient":""},"tablet":{"background-color":"","background-image":"","background-repeat":"repeat","background-position":"center center","background-size":"auto","background-attachment":"scroll","background-type":"","background-media":"","overlay-type":"","overlay-color":"","overlay-opacity":"","overlay-gradient":""},"mobile":{"background-color":"","background-image":"","background-repeat":"repeat","background-position":"center center","background-size":"auto","background-attachment":"scroll","background-type":"","background-media":"","overlay-type":"","overlay-color":"","overlay-opacity":"","overlay-gradient":""}},"ast-content-background-meta":{"desktop":{"background-color":"var(--ast-global-color-5)","background-image":"","background-repeat":"repeat","background-position":"center center","background-size":"auto","background-attachment":"scroll","background-type":"","background-media":"","overlay-type":"","overlay-color":"","overlay-opacity":"","overlay-gradient":""},"tablet":{"background-color":"var(--ast-global-color-5)","background-image":"","background-repeat":"repeat","background-position":"center center","background-size":"auto","background-attachment":"scroll","background-type":"","background-media":"","overlay-type":"","overlay-color":"","overlay-opacity":"","overlay-gradient":""},"mobile":{"background-color":"var(--ast-global-color-5)","background-image":"","background-repeat":"repeat","background-position":"center center","background-size":"auto","background-attachment":"scroll","background-type":"","background-media":"","overlay-type":"","overlay-color":"","overlay-opacity":"","overlay-gradient":""}}},"product_brand":[],"product_cat":[47,42],"product_tag":[],"class_list":{"0":"post-1606","1":"product","2":"type-product","3":"status-publish","4":"has-post-thumbnail","6":"product_cat-aktiivivaahto","7":"product_cat-ulkopuoli","8":"desktop-align-left","9":"tablet-align-left","10":"mobile-align-center","12":"first","13":"instock","14":"shipping-taxable","15":"purchasable","16":"product-type-simple"},"_links":{"self":[{"href":"https:\/\/autoshine.fi\/en\/wp-json\/wp\/v2\/product\/1606","targetHints":{"allow":["GET"]}}],"collection":[{"href":"https:\/\/autoshine.fi\/en\/wp-json\/wp\/v2\/product"}],"about":[{"href":"https:\/\/autoshine.fi\/en\/wp-json\/wp\/v2\/types\/product"}],"replies":[{"embeddable":true,"href":"https:\/\/autoshine.fi\/en\/wp-json\/wp\/v2\/comments?post=1606"}],"wp:featuredmedia":[{"embeddable":true,"href":"https:\/\/autoshine.fi\/en\/wp-json\/wp\/v2\/media\/1607"}],"wp:attachment":[{"href":"https:\/\/autoshine.fi\/en\/wp-json\/wp\/v2\/media?parent=1606"}],"wp:term":[{"taxonomy":"product_brand","embeddable":true,"href":"https:\/\/autoshine.fi\/en\/wp-json\/wp\/v2\/product_brand?post=1606"},{"taxonomy":"product_cat","embeddable":true,"href":"https:\/\/autoshine.fi\/en\/wp-json\/wp\/v2\/product_cat?post=1606"},{"taxonomy":"product_tag","embeddable":true,"href":"https:\/\/autoshine.fi\/en\/wp-json\/wp\/v2\/product_tag?post=1606"}],"curies":[{"name":"wp","href":"https:\/\/api.w.org\/{rel}","templated":true}]}}