{"id":1613,"date":"2025-06-25T21:01:22","date_gmt":"2025-06-25T18:01:22","guid":{"rendered":"https:\/\/autoshine.fi\/?post_type=product&#038;p=1613"},"modified":"2025-10-27T12:52:19","modified_gmt":"2025-10-27T09:52:19","slug":"lahjasetti-nahan-puhdistukseen-ja-hoitoon","status":"publish","type":"product","link":"https:\/\/autoshine.fi\/en\/product\/lahjasetti-nahan-puhdistukseen-ja-hoitoon\/","title":{"rendered":"Lahjasetti nahan puhdistukseen ja hoitoon &#8221;Polychrom 2020 Present leather set&#8221;"},"content":{"rendered":"<p data-start=\"47\" data-end=\"95\">Tee mieluisa yll\u00e4tys itsellesi tai l\u00e4heisellesi!<\/p>\n<p data-start=\"97\" data-end=\"278\">Meid\u00e4n lahjasettimme on valmistettu luonnollisista ainesosista ja tarjoaa hell\u00e4varaista hoitoa nahkaisille istuimille.<br data-start=\"215\" data-end=\"218\" \/>Sen avulla on helppo saavuttaa istuimien kiilto ja raikkaus.<\/p>\n<p data-start=\"280\" data-end=\"418\">T\u00e4ydellinen lahja jokaiselle autoilun yst\u00e4v\u00e4lle \u2013 kaikki, mit\u00e4 tarvitset nahkaisten istuinten hoitoon, yhdess\u00e4 tyylikk\u00e4\u00e4ss\u00e4 puulaatikossa!<\/p>\n<p data-start=\"420\" data-end=\"434\"><strong data-start=\"420\" data-end=\"432\">Sis\u00e4lt\u00f6:<\/strong><\/p>\n<ul data-start=\"435\" data-end=\"540\">\n<li data-start=\"435\" data-end=\"466\">\n<p data-start=\"437\" data-end=\"466\">Nahanpuhdistusaine \u2013 150 ml<\/p>\n<\/li>\n<li data-start=\"467\" data-end=\"494\">\n<p data-start=\"469\" data-end=\"494\">Nahkahoitoaine \u2013 200 ml<\/p>\n<\/li>\n<li data-start=\"495\" data-end=\"522\">\n<p data-start=\"497\" data-end=\"522\">Mikrokuituliina \u2013 2 kpl<\/p>\n<\/li>\n<li data-start=\"523\" data-end=\"540\">\n<p data-start=\"525\" data-end=\"540\">Harja \u2013 1 kpl<\/p>\n<\/li>\n<\/ul>\n<p data-start=\"542\" data-end=\"721\"><strong data-start=\"542\" data-end=\"564\">Nahanpuhdistusaine<\/strong> \u2013 poistaa tehokkaasti likaa auton nahkapinnoilta. Uniikki koostumus ei sis\u00e4ll\u00e4 liuottimia tai hankaavia aineita, joten se puhdistaa vahingoittamatta pintaa.<\/p>\n<p data-start=\"723\" data-end=\"882\"><strong data-start=\"723\" data-end=\"741\">Nahkahoitoaine<\/strong> \u2013 imeytyy nopeasti huokosiin, palauttaa nahan kimmoisuuden ja rakenteen. Ehk\u00e4isee halkeilua, kuivuu nopeasti ja j\u00e4tt\u00e4\u00e4 miellytt\u00e4v\u00e4n tuoksun.<\/p>\n<p data-start=\"884\" data-end=\"961\" data-is-last-node=\"\" data-is-only-node=\"\">Laatikko on helposti muunnettavissa avainten s\u00e4ilytysrasiaksi k\u00e4yt\u00f6n j\u00e4lkeen.<\/p>","protected":false},"excerpt":{"rendered":"<p>Tee mieluisa yll\u00e4tys itsellesi tai l\u00e4heisellesi! Meid\u00e4n lahjasettimme on valmistettu luonnollisista ainesosista ja tarjoaa hell\u00e4varaista hoitoa nahkaisille istuimille.Sen avulla on helppo saavuttaa istuimien kiilto ja raikkaus. T\u00e4ydellinen lahja jokaiselle autoilun yst\u00e4v\u00e4lle \u2013 kaikki, mit\u00e4 tarvitset nahkaisten istuinten hoitoon, yhdess\u00e4 tyylikk\u00e4\u00e4ss\u00e4 puulaatikossa! Sis\u00e4lt\u00f6: Nahanpuhdistusaine \u2013 150 ml Nahkahoitoaine \u2013 200 ml Mikrokuituliina \u2013 2 kpl Harja [&hellip;]<\/p>","protected":false},"featured_media":1614,"comment_status":"open","ping_status":"closed","template":"","meta":{"site-sidebar-layout":"default","site-content-layout":"","ast-site-content-layout":"default","site-content-style":"default","site-sidebar-style":"default","ast-global-header-display":"","ast-banner-title-visibility":"","ast-main-header-display":"","ast-hfb-above-header-display":"","ast-hfb-below-header-display":"","ast-hfb-mobile-header-display":"","site-post-title":"","ast-breadcrumbs-content":"","ast-featured-img":"","footer-sml-layout":"","theme-transparent-header-meta":"default","adv-header-id-meta":"","stick-header-meta":"","header-above-stick-meta":"","header-main-stick-meta":"","header-below-stick-meta":"","astra-migrate-meta-layouts":"set","ast-page-background-enabled":"default","ast-page-background-meta":{"desktop":{"background-color":"var(--ast-global-color-4)","background-image":"","background-repeat":"repeat","background-position":"center center","background-size":"auto","background-attachment":"scroll","background-type":"","background-media":"","overlay-type":"","overlay-color":"","overlay-opacity":"","overlay-gradient":""},"tablet":{"background-color":"","background-image":"","background-repeat":"repeat","background-position":"center center","background-size":"auto","background-attachment":"scroll","background-type":"","background-media":"","overlay-type":"","overlay-color":"","overlay-opacity":"","overlay-gradient":""},"mobile":{"background-color":"","background-image":"","background-repeat":"repeat","background-position":"center center","background-size":"auto","background-attachment":"scroll","background-type":"","background-media":"","overlay-type":"","overlay-color":"","overlay-opacity":"","overlay-gradient":""}},"ast-content-background-meta":{"desktop":{"background-color":"var(--ast-global-color-5)","background-image":"","background-repeat":"repeat","background-position":"center center","background-size":"auto","background-attachment":"scroll","background-type":"","background-media":"","overlay-type":"","overlay-color":"","overlay-opacity":"","overlay-gradient":""},"tablet":{"background-color":"var(--ast-global-color-5)","background-image":"","background-repeat":"repeat","background-position":"center center","background-size":"auto","background-attachment":"scroll","background-type":"","background-media":"","overlay-type":"","overlay-color":"","overlay-opacity":"","overlay-gradient":""},"mobile":{"background-color":"var(--ast-global-color-5)","background-image":"","background-repeat":"repeat","background-position":"center center","background-size":"auto","background-attachment":"scroll","background-type":"","background-media":"","overlay-type":"","overlay-color":"","overlay-opacity":"","overlay-gradient":""}}},"product_brand":[],"product_cat":[61],"product_tag":[],"class_list":{"0":"post-1613","1":"product","2":"type-product","3":"status-publish","4":"has-post-thumbnail","6":"product_cat-lahjasetti","7":"desktop-align-left","8":"tablet-align-left","9":"mobile-align-center","11":"first","12":"instock","13":"sale","14":"shipping-taxable","15":"purchasable","16":"product-type-simple"},"_links":{"self":[{"href":"https:\/\/autoshine.fi\/en\/wp-json\/wp\/v2\/product\/1613","targetHints":{"allow":["GET"]}}],"collection":[{"href":"https:\/\/autoshine.fi\/en\/wp-json\/wp\/v2\/product"}],"about":[{"href":"https:\/\/autoshine.fi\/en\/wp-json\/wp\/v2\/types\/product"}],"replies":[{"embeddable":true,"href":"https:\/\/autoshine.fi\/en\/wp-json\/wp\/v2\/comments?post=1613"}],"wp:featuredmedia":[{"embeddable":true,"href":"https:\/\/autoshine.fi\/en\/wp-json\/wp\/v2\/media\/1614"}],"wp:attachment":[{"href":"https:\/\/autoshine.fi\/en\/wp-json\/wp\/v2\/media?parent=1613"}],"wp:term":[{"taxonomy":"product_brand","embeddable":true,"href":"https:\/\/autoshine.fi\/en\/wp-json\/wp\/v2\/product_brand?post=1613"},{"taxonomy":"product_cat","embeddable":true,"href":"https:\/\/autoshine.fi\/en\/wp-json\/wp\/v2\/product_cat?post=1613"},{"taxonomy":"product_tag","embeddable":true,"href":"https:\/\/autoshine.fi\/en\/wp-json\/wp\/v2\/product_tag?post=1613"}],"curies":[{"name":"wp","href":"https:\/\/api.w.org\/{rel}","templated":true}]}}