{"id":1621,"date":"2025-06-25T21:08:55","date_gmt":"2025-06-25T18:08:55","guid":{"rendered":"https:\/\/autoshine.fi\/?post_type=product&#038;p=1621"},"modified":"2025-06-25T21:09:27","modified_gmt":"2025-06-25T18:09:27","slug":"2020-polychrom-lahjapakkaus-nahanpuhdistusaine-lederreiniger-500-ml-harja-mikrokuituliina","status":"publish","type":"product","link":"https:\/\/autoshine.fi\/en\/product\/2020-polychrom-lahjapakkaus-nahanpuhdistusaine-lederreiniger-500-ml-harja-mikrokuituliina\/","title":{"rendered":"2020 POLYCHROM &#8211; Lahjapakkaus: Nahanpuhdistusaine \u201cLEDERREINIGER\u201d 500 ml + harja + mikrokuituliina"},"content":{"rendered":"<p data-start=\"104\" data-end=\"301\">Erikoisaine lian poistoon auton nahkapinnoilta sek\u00e4 muilta luonnon- ja keinonahkaisilta pinnoilta.<br data-start=\"202\" data-end=\"205\" \/>Hell\u00e4varainen koostumus ei sis\u00e4ll\u00e4 hankaavia ainesosia ja puhdistaa nahkaa vaurioittamatta sit\u00e4.<\/p>\n<p data-start=\"303\" data-end=\"490\"><strong data-start=\"303\" data-end=\"317\">KOOSTUMUS:<\/strong><br data-start=\"317\" data-end=\"320\" \/>Demineralisoitu vesi, kompleksonit (&lt;5 %), anioniset tensidit (5\u201310 %), amfoteeriset tensidit (&lt;5 %), ei-ioniset tensidit (5\u201315 %), glyseriini (&lt;5 %), v\u00e4ri-, hajusteaine.<\/p>\n<p data-start=\"492\" data-end=\"749\"><strong data-start=\"492\" data-end=\"509\">K\u00c4YTT\u00d6OHJEET:<\/strong><br data-start=\"509\" data-end=\"512\" \/>Levit\u00e4 ainetta puhdistettavalle pinnalle ja anna vaikuttaa muutaman minuutin ajan.<br data-start=\"594\" data-end=\"597\" \/>Pyyhi pinta kostealla mokkanahkaisella liinalla, kunnes tahrat ja lika ovat poistuneet.<br data-start=\"684\" data-end=\"687\" \/>Poista loput kosteudesta mikrokuituliinalla tai m\u00e4rk\u00e4imurilla.<\/p>\n<p data-start=\"751\" data-end=\"848\"><strong data-start=\"751\" data-end=\"774\">S\u00c4ILYTYSOLOSUHTEET:<\/strong><br data-start=\"774\" data-end=\"777\" \/>S\u00e4ilyt\u00e4 +5 \u00b0C \u2013 +30 \u00b0C l\u00e4mp\u00f6tilassa, suojassa suorasta auringonvalosta.<\/p>\n<p data-start=\"850\" data-end=\"944\"><strong data-start=\"850\" data-end=\"864\">S\u00c4ILYVYYS:<\/strong><br data-start=\"864\" data-end=\"867\" \/>2 vuotta valmistusp\u00e4iv\u00e4st\u00e4. Er\u00e4numero ja valmistusp\u00e4iv\u00e4 merkitty pakkaukseen.<\/p>\n<p data-start=\"946\" data-end=\"1080\"><strong data-start=\"946\" data-end=\"962\">VAROITUKSET:<\/strong><br data-start=\"962\" data-end=\"965\" \/>Noudata k\u00e4ytt\u00f6- ja s\u00e4ilytysohjeita. Testaa tuotetta ensin huomaamattomaan kohtaan v\u00e4rinkest\u00e4vyyden varmistamiseksi.<\/p>\n<p data-start=\"1082\" data-end=\"1307\" data-is-last-node=\"\" data-is-only-node=\"\"><strong data-start=\"1082\" data-end=\"1098\">TURVATOIMET:<\/strong><br data-start=\"1098\" data-end=\"1101\" \/>Varoitus! S\u00e4ilyt\u00e4 lasten ulottumattomissa. \u00c4l\u00e4 niele.<br data-start=\"1154\" data-end=\"1157\" \/>Jos tuotetta joutuu iholle tai silmiin, huuhtele runsaalla vedell\u00e4 ja hakeudu tarvittaessa l\u00e4\u00e4k\u00e4riin.<br data-start=\"1258\" data-end=\"1261\" \/>K\u00e4yt\u00e4 suojavarusteita tuotetta k\u00e4sitelless\u00e4si.<\/p>","protected":false},"excerpt":{"rendered":"<p>Erikoisaine lian poistoon auton nahkapinnoilta sek\u00e4 muilta luonnon- ja keinonahkaisilta pinnoilta.Hell\u00e4varainen koostumus ei sis\u00e4ll\u00e4 hankaavia ainesosia ja puhdistaa nahkaa vaurioittamatta sit\u00e4. KOOSTUMUS:Demineralisoitu vesi, kompleksonit (&lt;5 %), anioniset tensidit (5\u201310 %), amfoteeriset tensidit (&lt;5 %), ei-ioniset tensidit (5\u201315 %), glyseriini (&lt;5 %), v\u00e4ri-, hajusteaine. K\u00c4YTT\u00d6OHJEET:Levit\u00e4 ainetta puhdistettavalle pinnalle ja anna vaikuttaa muutaman minuutin ajan.Pyyhi pinta kostealla [&hellip;]<\/p>","protected":false},"featured_media":1623,"comment_status":"open","ping_status":"closed","template":"","meta":{"site-sidebar-layout":"default","site-content-layout":"","ast-site-content-layout":"default","site-content-style":"default","site-sidebar-style":"default","ast-global-header-display":"","ast-banner-title-visibility":"","ast-main-header-display":"","ast-hfb-above-header-display":"","ast-hfb-below-header-display":"","ast-hfb-mobile-header-display":"","site-post-title":"","ast-breadcrumbs-content":"","ast-featured-img":"","footer-sml-layout":"","theme-transparent-header-meta":"default","adv-header-id-meta":"","stick-header-meta":"","header-above-stick-meta":"","header-main-stick-meta":"","header-below-stick-meta":"","astra-migrate-meta-layouts":"set","ast-page-background-enabled":"default","ast-page-background-meta":{"desktop":{"background-color":"var(--ast-global-color-4)","background-image":"","background-repeat":"repeat","background-position":"center center","background-size":"auto","background-attachment":"scroll","background-type":"","background-media":"","overlay-type":"","overlay-color":"","overlay-opacity":"","overlay-gradient":""},"tablet":{"background-color":"","background-image":"","background-repeat":"repeat","background-position":"center center","background-size":"auto","background-attachment":"scroll","background-type":"","background-media":"","overlay-type":"","overlay-color":"","overlay-opacity":"","overlay-gradient":""},"mobile":{"background-color":"","background-image":"","background-repeat":"repeat","background-position":"center center","background-size":"auto","background-attachment":"scroll","background-type":"","background-media":"","overlay-type":"","overlay-color":"","overlay-opacity":"","overlay-gradient":""}},"ast-content-background-meta":{"desktop":{"background-color":"var(--ast-global-color-5)","background-image":"","background-repeat":"repeat","background-position":"center center","background-size":"auto","background-attachment":"scroll","background-type":"","background-media":"","overlay-type":"","overlay-color":"","overlay-opacity":"","overlay-gradient":""},"tablet":{"background-color":"var(--ast-global-color-5)","background-image":"","background-repeat":"repeat","background-position":"center center","background-size":"auto","background-attachment":"scroll","background-type":"","background-media":"","overlay-type":"","overlay-color":"","overlay-opacity":"","overlay-gradient":""},"mobile":{"background-color":"var(--ast-global-color-5)","background-image":"","background-repeat":"repeat","background-position":"center center","background-size":"auto","background-attachment":"scroll","background-type":"","background-media":"","overlay-type":"","overlay-color":"","overlay-opacity":"","overlay-gradient":""}}},"product_brand":[],"product_cat":[61],"product_tag":[],"class_list":{"0":"post-1621","1":"product","2":"type-product","3":"status-publish","4":"has-post-thumbnail","6":"product_cat-lahjasetti","7":"desktop-align-left","8":"tablet-align-left","9":"mobile-align-center","11":"first","12":"instock","13":"sale","14":"shipping-taxable","15":"purchasable","16":"product-type-simple"},"_links":{"self":[{"href":"https:\/\/autoshine.fi\/en\/wp-json\/wp\/v2\/product\/1621","targetHints":{"allow":["GET"]}}],"collection":[{"href":"https:\/\/autoshine.fi\/en\/wp-json\/wp\/v2\/product"}],"about":[{"href":"https:\/\/autoshine.fi\/en\/wp-json\/wp\/v2\/types\/product"}],"replies":[{"embeddable":true,"href":"https:\/\/autoshine.fi\/en\/wp-json\/wp\/v2\/comments?post=1621"}],"wp:featuredmedia":[{"embeddable":true,"href":"https:\/\/autoshine.fi\/en\/wp-json\/wp\/v2\/media\/1623"}],"wp:attachment":[{"href":"https:\/\/autoshine.fi\/en\/wp-json\/wp\/v2\/media?parent=1621"}],"wp:term":[{"taxonomy":"product_brand","embeddable":true,"href":"https:\/\/autoshine.fi\/en\/wp-json\/wp\/v2\/product_brand?post=1621"},{"taxonomy":"product_cat","embeddable":true,"href":"https:\/\/autoshine.fi\/en\/wp-json\/wp\/v2\/product_cat?post=1621"},{"taxonomy":"product_tag","embeddable":true,"href":"https:\/\/autoshine.fi\/en\/wp-json\/wp\/v2\/product_tag?post=1621"}],"curies":[{"name":"wp","href":"https:\/\/api.w.org\/{rel}","templated":true}]}}