{"id":1628,"date":"2025-06-25T21:29:12","date_gmt":"2025-06-25T18:29:12","guid":{"rendered":"https:\/\/autoshine.fi\/?post_type=product&#038;p=1628"},"modified":"2026-04-02T12:48:52","modified_gmt":"2026-04-02T09:48:52","slug":"hyttyspuhdistusaine-5kg","status":"publish","type":"product","link":"https:\/\/autoshine.fi\/en\/product\/hyttyspuhdistusaine-5kg\/","title":{"rendered":"HYTTYSPUHDISTUSAINE &#8221;Polychrom 2020 Mosquitos Cleaner&#8221;, 5kg"},"content":{"rendered":"<p><span style=\"font-weight: 400;\">Tiivistetty tuote poistaa tehokkaasti pihkaa, tervaa, hy\u00f6nteisi\u00e4 ja lintujen j\u00e4t\u00f6ksi\u00e4\u00a0 vahingoittamatta maalipintaa.<\/span><\/p>\n<p><span style=\"font-weight: 400;\">AINESOSAT: demineralisoitu vesi, natriumhydroksidi 5-10 %, kompleksit 5-10 %, anioninen pinta-aktiivinen aine 5-15 %, ei-ioninen pinta-aktiivinen aine 5-15 %, liuotin alle 5 %, v\u00e4riaine.<\/span><\/p>\n<p><span style=\"font-weight: 400;\">K\u00c4YTT\u00d6OHJE: tiivistett\u00e4 laimennetaan vedell\u00e4 suhteessa 1:5-1:10 vaahtosarjaa varten, ruiskupullolla tai matalapaineisella vaahtogeneraattorilla ty\u00f6skennelt\u00e4ess\u00e4 laimennetaan 1:50-1:100. Valmis liuos voidaan levitt\u00e4\u00e4 kuivalle autolle. Aktiivisen vaikutuksen kesto on enint\u00e4\u00e4n kaksi minuuttia, jolloin kuivuminen estyy. Tuote on pest\u00e4v\u00e4 pois vesisuihkulla v\u00e4hint\u00e4\u00e4n 5-6 ilmakeh\u00e4n paineella 15-20 cm:n et\u00e4isyydelt\u00e4 ja vinosti pintaan n\u00e4hden.\u00a0<\/span><\/p>\n<p><span style=\"font-weight: 400;\">S\u00c4ILYTYSOLOSUHTEET: S\u00e4ilyt\u00e4 +5\u00b0C ja +30\u00b0C v\u00e4lisess\u00e4 l\u00e4mp\u00f6tilassa ilman suoraa auringonvaloa.<\/span><\/p>\n<p><span style=\"font-weight: 400;\">S\u00c4ILYTYSAIKA: 1: 2 vuotta valmistusp\u00e4iv\u00e4st\u00e4. Er\u00e4numero ja valmistusp\u00e4iv\u00e4 on merkitty pakkaukseen.<\/span><\/p>\n<p><span style=\"font-weight: 400;\">VAROITUKSET: Noudata k\u00e4ytt\u00f6- ja s\u00e4ilytysohjeita. Ei saa levitt\u00e4\u00e4 kromi- ja alumiinipinnoille!<\/span><\/p>\n<p><span style=\"font-weight: 400;\">TURVALLISUUSOHJEET: Varoitus. S\u00e4ilytett\u00e4v\u00e4 lasten ulottumattomissa. Ei saa niell\u00e4. Iho- tai silm\u00e4kosketuksen sattuessa huuhtele juoksevalla vedell\u00e4, hakeudu tarvittaessa l\u00e4\u00e4k\u00e4riin. K\u00e4ytett\u00e4ess\u00e4 k\u00e4ytett\u00e4v\u00e4 henkil\u00f6kohtaisia suojavarusteita.<\/span><\/p>","protected":false},"excerpt":{"rendered":"<p>Tiivistetty tuote poistaa tehokkaasti pihkaa, tervaa, hy\u00f6nteisi\u00e4 ja lintujen j\u00e4t\u00f6ksi\u00e4\u00a0 vahingoittamatta maalipintaa. AINESOSAT: demineralisoitu vesi, natriumhydroksidi 5-10 %, kompleksit 5-10 %, anioninen pinta-aktiivinen aine 5-15 %, ei-ioninen pinta-aktiivinen aine 5-15 %, liuotin alle 5 %, v\u00e4riaine. K\u00c4YTT\u00d6OHJE: tiivistett\u00e4 laimennetaan vedell\u00e4 suhteessa 1:5-1:10 vaahtosarjaa varten, ruiskupullolla tai matalapaineisella vaahtogeneraattorilla ty\u00f6skennelt\u00e4ess\u00e4 laimennetaan 1:50-1:100. Valmis liuos voidaan levitt\u00e4\u00e4 [&hellip;]<\/p>","protected":false},"featured_media":1629,"comment_status":"open","ping_status":"closed","template":"","meta":{"site-sidebar-layout":"default","site-content-layout":"","ast-site-content-layout":"default","site-content-style":"default","site-sidebar-style":"default","ast-global-header-display":"","ast-banner-title-visibility":"","ast-main-header-display":"","ast-hfb-above-header-display":"","ast-hfb-below-header-display":"","ast-hfb-mobile-header-display":"","site-post-title":"","ast-breadcrumbs-content":"","ast-featured-img":"","footer-sml-layout":"","theme-transparent-header-meta":"default","adv-header-id-meta":"","stick-header-meta":"","header-above-stick-meta":"","header-main-stick-meta":"","header-below-stick-meta":"","astra-migrate-meta-layouts":"set","ast-page-background-enabled":"default","ast-page-background-meta":{"desktop":{"background-color":"var(--ast-global-color-4)","background-image":"","background-repeat":"repeat","background-position":"center center","background-size":"auto","background-attachment":"scroll","background-type":"","background-media":"","overlay-type":"","overlay-color":"","overlay-opacity":"","overlay-gradient":""},"tablet":{"background-color":"","background-image":"","background-repeat":"repeat","background-position":"center center","background-size":"auto","background-attachment":"scroll","background-type":"","background-media":"","overlay-type":"","overlay-color":"","overlay-opacity":"","overlay-gradient":""},"mobile":{"background-color":"","background-image":"","background-repeat":"repeat","background-position":"center center","background-size":"auto","background-attachment":"scroll","background-type":"","background-media":"","overlay-type":"","overlay-color":"","overlay-opacity":"","overlay-gradient":""}},"ast-content-background-meta":{"desktop":{"background-color":"var(--ast-global-color-5)","background-image":"","background-repeat":"repeat","background-position":"center center","background-size":"auto","background-attachment":"scroll","background-type":"","background-media":"","overlay-type":"","overlay-color":"","overlay-opacity":"","overlay-gradient":""},"tablet":{"background-color":"var(--ast-global-color-5)","background-image":"","background-repeat":"repeat","background-position":"center center","background-size":"auto","background-attachment":"scroll","background-type":"","background-media":"","overlay-type":"","overlay-color":"","overlay-opacity":"","overlay-gradient":""},"mobile":{"background-color":"var(--ast-global-color-5)","background-image":"","background-repeat":"repeat","background-position":"center center","background-size":"auto","background-attachment":"scroll","background-type":"","background-media":"","overlay-type":"","overlay-color":"","overlay-opacity":"","overlay-gradient":""}}},"product_brand":[],"product_cat":[47,50,42],"product_tag":[],"class_list":{"0":"post-1628","1":"product","2":"type-product","3":"status-publish","4":"has-post-thumbnail","6":"product_cat-aktiivivaahto","7":"product_cat-bitumin-poistajat","8":"product_cat-ulkopuoli","9":"desktop-align-left","10":"tablet-align-left","11":"mobile-align-center","13":"first","14":"instock","15":"shipping-taxable","16":"purchasable","17":"product-type-simple"},"_links":{"self":[{"href":"https:\/\/autoshine.fi\/en\/wp-json\/wp\/v2\/product\/1628","targetHints":{"allow":["GET"]}}],"collection":[{"href":"https:\/\/autoshine.fi\/en\/wp-json\/wp\/v2\/product"}],"about":[{"href":"https:\/\/autoshine.fi\/en\/wp-json\/wp\/v2\/types\/product"}],"replies":[{"embeddable":true,"href":"https:\/\/autoshine.fi\/en\/wp-json\/wp\/v2\/comments?post=1628"}],"wp:featuredmedia":[{"embeddable":true,"href":"https:\/\/autoshine.fi\/en\/wp-json\/wp\/v2\/media\/1629"}],"wp:attachment":[{"href":"https:\/\/autoshine.fi\/en\/wp-json\/wp\/v2\/media?parent=1628"}],"wp:term":[{"taxonomy":"product_brand","embeddable":true,"href":"https:\/\/autoshine.fi\/en\/wp-json\/wp\/v2\/product_brand?post=1628"},{"taxonomy":"product_cat","embeddable":true,"href":"https:\/\/autoshine.fi\/en\/wp-json\/wp\/v2\/product_cat?post=1628"},{"taxonomy":"product_tag","embeddable":true,"href":"https:\/\/autoshine.fi\/en\/wp-json\/wp\/v2\/product_tag?post=1628"}],"curies":[{"name":"wp","href":"https:\/\/api.w.org\/{rel}","templated":true}]}}