{"id":1632,"date":"2025-06-25T21:53:15","date_gmt":"2025-06-25T18:53:15","guid":{"rendered":"https:\/\/autoshine.fi\/?post_type=product&#038;p=1632"},"modified":"2026-04-02T12:48:34","modified_gmt":"2026-04-02T09:48:34","slug":"active-foam-33-pink-22kg","status":"publish","type":"product","link":"https:\/\/autoshine.fi\/en\/product\/active-foam-33-pink-22kg\/","title":{"rendered":"TIIVISTE KOSKETUKSETTOMAAN PESUUN PINKILL\u00c4 VAHALLA &#8221;Polychrom 2020 ACTIVE FOAM 33 PINK&#8221;, 22kg"},"content":{"rendered":"<p data-start=\"0\" data-end=\"97\"><strong data-start=\"43\" data-end=\"97\">TIIVISTE KOSKETUKSETTOMAAN PESUUN PINKILL\u00c4 VAHALLA<\/strong><\/p>\n<p data-start=\"99\" data-end=\"371\">Tehokas ja nopea pesuaine tien p\u00f6lyn, polttoaineen, \u00f6ljyjen ja hy\u00f6nteisten j\u00e4lkien poistoon.<br data-start=\"191\" data-end=\"194\" \/>Tuottaa kest\u00e4v\u00e4\u00e4 vaaleanpunaista vaahtoa, joka on helppo huuhtoa pois.<br data-start=\"264\" data-end=\"267\" \/>Antaa pinnalle kiillon eik\u00e4 j\u00e4t\u00e4 raitoja.<br data-start=\"308\" data-end=\"311\" \/>Turvallinen maalipinnoille, muoville, kumille ja metallille.<\/p>\n<p data-start=\"373\" data-end=\"390\"><strong data-start=\"373\" data-end=\"388\">K\u00c4YTT\u00d6TAPA:<\/strong><\/p>\n<ol data-start=\"391\" data-end=\"720\" data-is-last-node=\"\" data-is-only-node=\"\">\n<li data-start=\"391\" data-end=\"511\">\n<p data-start=\"394\" data-end=\"422\">Laimenna tiiviste vedell\u00e4:<\/p>\n<ul data-start=\"426\" data-end=\"511\">\n<li data-start=\"426\" data-end=\"453\">\n<p data-start=\"428\" data-end=\"453\">1:4\u20131:7 vaahtosarjoille<\/p>\n<\/li>\n<li data-start=\"457\" data-end=\"511\">\n<p data-start=\"459\" data-end=\"511\">1:40\u20131:70 matalapaineisille vaahtogeneraattoreille<\/p>\n<\/li>\n<\/ul>\n<\/li>\n<li data-start=\"512\" data-end=\"556\">\n<p data-start=\"515\" data-end=\"556\">Levit\u00e4 valmis liuos kuivaan ajoneuvoon.<\/p>\n<\/li>\n<li data-start=\"557\" data-end=\"615\">\n<p data-start=\"560\" data-end=\"615\">Anna vaikuttaa enint\u00e4\u00e4n 2 minuuttia, \u00e4l\u00e4 anna kuivua.<\/p>\n<\/li>\n<li data-start=\"616\" data-end=\"720\" data-is-last-node=\"\">\n<p data-start=\"619\" data-end=\"720\" data-is-last-node=\"\">Huuhtele vedell\u00e4 paineella v\u00e4hint\u00e4\u00e4n 5\u20136 ilmakeh\u00e4\u00e4, pid\u00e4 suutin 15\u201320 cm p\u00e4\u00e4ss\u00e4 pinnasta ja kulmassa.<\/p>\n<\/li>\n<\/ol>","protected":false},"excerpt":{"rendered":"<p>TIIVISTE KOSKETUKSETTOMAAN PESUUN PINKILL\u00c4 VAHALLA Tehokas ja nopea pesuaine tien p\u00f6lyn, polttoaineen, \u00f6ljyjen ja hy\u00f6nteisten j\u00e4lkien poistoon.Tuottaa kest\u00e4v\u00e4\u00e4 vaaleanpunaista vaahtoa, joka on helppo huuhtoa pois.Antaa pinnalle kiillon eik\u00e4 j\u00e4t\u00e4 raitoja.Turvallinen maalipinnoille, muoville, kumille ja metallille. K\u00c4YTT\u00d6TAPA: Laimenna tiiviste vedell\u00e4: 1:4\u20131:7 vaahtosarjoille 1:40\u20131:70 matalapaineisille vaahtogeneraattoreille Levit\u00e4 valmis liuos kuivaan ajoneuvoon. Anna vaikuttaa enint\u00e4\u00e4n 2 minuuttia, \u00e4l\u00e4 [&hellip;]<\/p>","protected":false},"featured_media":1633,"comment_status":"open","ping_status":"closed","template":"","meta":{"site-sidebar-layout":"default","site-content-layout":"","ast-site-content-layout":"default","site-content-style":"default","site-sidebar-style":"default","ast-global-header-display":"","ast-banner-title-visibility":"","ast-main-header-display":"","ast-hfb-above-header-display":"","ast-hfb-below-header-display":"","ast-hfb-mobile-header-display":"","site-post-title":"","ast-breadcrumbs-content":"","ast-featured-img":"","footer-sml-layout":"","theme-transparent-header-meta":"default","adv-header-id-meta":"","stick-header-meta":"","header-above-stick-meta":"","header-main-stick-meta":"","header-below-stick-meta":"","astra-migrate-meta-layouts":"set","ast-page-background-enabled":"default","ast-page-background-meta":{"desktop":{"background-color":"var(--ast-global-color-4)","background-image":"","background-repeat":"repeat","background-position":"center center","background-size":"auto","background-attachment":"scroll","background-type":"","background-media":"","overlay-type":"","overlay-color":"","overlay-opacity":"","overlay-gradient":""},"tablet":{"background-color":"","background-image":"","background-repeat":"repeat","background-position":"center center","background-size":"auto","background-attachment":"scroll","background-type":"","background-media":"","overlay-type":"","overlay-color":"","overlay-opacity":"","overlay-gradient":""},"mobile":{"background-color":"","background-image":"","background-repeat":"repeat","background-position":"center center","background-size":"auto","background-attachment":"scroll","background-type":"","background-media":"","overlay-type":"","overlay-color":"","overlay-opacity":"","overlay-gradient":""}},"ast-content-background-meta":{"desktop":{"background-color":"var(--ast-global-color-5)","background-image":"","background-repeat":"repeat","background-position":"center center","background-size":"auto","background-attachment":"scroll","background-type":"","background-media":"","overlay-type":"","overlay-color":"","overlay-opacity":"","overlay-gradient":""},"tablet":{"background-color":"var(--ast-global-color-5)","background-image":"","background-repeat":"repeat","background-position":"center center","background-size":"auto","background-attachment":"scroll","background-type":"","background-media":"","overlay-type":"","overlay-color":"","overlay-opacity":"","overlay-gradient":""},"mobile":{"background-color":"var(--ast-global-color-5)","background-image":"","background-repeat":"repeat","background-position":"center center","background-size":"auto","background-attachment":"scroll","background-type":"","background-media":"","overlay-type":"","overlay-color":"","overlay-opacity":"","overlay-gradient":""}}},"product_brand":[],"product_cat":[47,42],"product_tag":[],"class_list":{"0":"post-1632","1":"product","2":"type-product","3":"status-publish","4":"has-post-thumbnail","6":"product_cat-aktiivivaahto","7":"product_cat-ulkopuoli","8":"desktop-align-left","9":"tablet-align-left","10":"mobile-align-center","12":"first","13":"instock","14":"shipping-taxable","15":"purchasable","16":"product-type-simple"},"_links":{"self":[{"href":"https:\/\/autoshine.fi\/en\/wp-json\/wp\/v2\/product\/1632","targetHints":{"allow":["GET"]}}],"collection":[{"href":"https:\/\/autoshine.fi\/en\/wp-json\/wp\/v2\/product"}],"about":[{"href":"https:\/\/autoshine.fi\/en\/wp-json\/wp\/v2\/types\/product"}],"replies":[{"embeddable":true,"href":"https:\/\/autoshine.fi\/en\/wp-json\/wp\/v2\/comments?post=1632"}],"wp:featuredmedia":[{"embeddable":true,"href":"https:\/\/autoshine.fi\/en\/wp-json\/wp\/v2\/media\/1633"}],"wp:attachment":[{"href":"https:\/\/autoshine.fi\/en\/wp-json\/wp\/v2\/media?parent=1632"}],"wp:term":[{"taxonomy":"product_brand","embeddable":true,"href":"https:\/\/autoshine.fi\/en\/wp-json\/wp\/v2\/product_brand?post=1632"},{"taxonomy":"product_cat","embeddable":true,"href":"https:\/\/autoshine.fi\/en\/wp-json\/wp\/v2\/product_cat?post=1632"},{"taxonomy":"product_tag","embeddable":true,"href":"https:\/\/autoshine.fi\/en\/wp-json\/wp\/v2\/product_tag?post=1632"}],"curies":[{"name":"wp","href":"https:\/\/api.w.org\/{rel}","templated":true}]}}