{"id":1635,"date":"2025-06-25T21:59:17","date_gmt":"2025-06-25T18:59:17","guid":{"rendered":"https:\/\/autoshine.fi\/?post_type=product&#038;p=1635"},"modified":"2025-10-27T12:37:06","modified_gmt":"2025-10-27T09:37:06","slug":"polyrole-shine","status":"publish","type":"product","link":"https:\/\/autoshine.fi\/en\/product\/polyrole-shine\/","title":{"rendered":"Polyrooli vaniljan tuoksu &#8221;Polychrom 2020 POLYROLE SHINE VANILLA&#8221;, 0,5L"},"content":{"rendered":"<p data-start=\"36\" data-end=\"121\"><strong data-start=\"57\" data-end=\"121\">KIILT\u00c4V\u00c4 MUOVIN JA VINYYLIN KIILLOTUSAINE VANILJAN TUOKSULLA<\/strong><\/p>\n<p data-start=\"123\" data-end=\"417\">Innovatiivinen koostumus muovin puhdistukseen ja suojaamiseen auton sis\u00e4tiloissa. Antaa pinnalle kiilt\u00e4v\u00e4n kiillon. Pintaan muodostuu antistaattisia ja hydrofobisia ominaisuuksia, jotka auttavat s\u00e4ilytt\u00e4m\u00e4\u00e4n uuden ja puhtaan ulkon\u00e4\u00f6n pidemp\u00e4\u00e4n. Tuote on k\u00e4ytt\u00f6valmis ja miellytt\u00e4v\u00e4n tuoksuinen.<\/p>\n<p data-start=\"419\" data-end=\"538\" data-is-last-node=\"\" data-is-only-node=\"\"><strong data-start=\"419\" data-end=\"436\">K\u00c4YTT\u00d6OHJEET:<\/strong><br data-start=\"436\" data-end=\"439\" \/>Levit\u00e4 neste tasaisesti pinnalle sumuttimella tai liinalla. Hankaa huolellisesti py\u00f6rivin liikkein<\/p>","protected":false},"excerpt":{"rendered":"<p>KIILT\u00c4V\u00c4 MUOVIN JA VINYYLIN KIILLOTUSAINE VANILJAN TUOKSULLA Innovatiivinen koostumus muovin puhdistukseen ja suojaamiseen auton sis\u00e4tiloissa. Antaa pinnalle kiilt\u00e4v\u00e4n kiillon. Pintaan muodostuu antistaattisia ja hydrofobisia ominaisuuksia, jotka auttavat s\u00e4ilytt\u00e4m\u00e4\u00e4n uuden ja puhtaan ulkon\u00e4\u00f6n pidemp\u00e4\u00e4n. Tuote on k\u00e4ytt\u00f6valmis ja miellytt\u00e4v\u00e4n tuoksuinen. K\u00c4YTT\u00d6OHJEET:Levit\u00e4 neste tasaisesti pinnalle sumuttimella tai liinalla. Hankaa huolellisesti py\u00f6rivin liikkein<\/p>","protected":false},"featured_media":1637,"comment_status":"open","ping_status":"closed","template":"","meta":{"site-sidebar-layout":"default","site-content-layout":"","ast-site-content-layout":"default","site-content-style":"default","site-sidebar-style":"default","ast-global-header-display":"","ast-banner-title-visibility":"","ast-main-header-display":"","ast-hfb-above-header-display":"","ast-hfb-below-header-display":"","ast-hfb-mobile-header-display":"","site-post-title":"","ast-breadcrumbs-content":"","ast-featured-img":"","footer-sml-layout":"","theme-transparent-header-meta":"default","adv-header-id-meta":"","stick-header-meta":"","header-above-stick-meta":"","header-main-stick-meta":"","header-below-stick-meta":"","astra-migrate-meta-layouts":"set","ast-page-background-enabled":"default","ast-page-background-meta":{"desktop":{"background-color":"var(--ast-global-color-4)","background-image":"","background-repeat":"repeat","background-position":"center center","background-size":"auto","background-attachment":"scroll","background-type":"","background-media":"","overlay-type":"","overlay-color":"","overlay-opacity":"","overlay-gradient":""},"tablet":{"background-color":"","background-image":"","background-repeat":"repeat","background-position":"center center","background-size":"auto","background-attachment":"scroll","background-type":"","background-media":"","overlay-type":"","overlay-color":"","overlay-opacity":"","overlay-gradient":""},"mobile":{"background-color":"","background-image":"","background-repeat":"repeat","background-position":"center center","background-size":"auto","background-attachment":"scroll","background-type":"","background-media":"","overlay-type":"","overlay-color":"","overlay-opacity":"","overlay-gradient":""}},"ast-content-background-meta":{"desktop":{"background-color":"var(--ast-global-color-5)","background-image":"","background-repeat":"repeat","background-position":"center center","background-size":"auto","background-attachment":"scroll","background-type":"","background-media":"","overlay-type":"","overlay-color":"","overlay-opacity":"","overlay-gradient":""},"tablet":{"background-color":"var(--ast-global-color-5)","background-image":"","background-repeat":"repeat","background-position":"center center","background-size":"auto","background-attachment":"scroll","background-type":"","background-media":"","overlay-type":"","overlay-color":"","overlay-opacity":"","overlay-gradient":""},"mobile":{"background-color":"var(--ast-global-color-5)","background-image":"","background-repeat":"repeat","background-position":"center center","background-size":"auto","background-attachment":"scroll","background-type":"","background-media":"","overlay-type":"","overlay-color":"","overlay-opacity":"","overlay-gradient":""}}},"product_brand":[],"product_cat":[57,56,43],"product_tag":[],"class_list":{"0":"post-1635","1":"product","2":"type-product","3":"status-publish","4":"has-post-thumbnail","6":"product_cat-kankaan-puhdistusaineet","7":"product_cat-muovin-puhdistusaineet","8":"product_cat-sisatila","9":"desktop-align-left","10":"tablet-align-left","11":"mobile-align-center","13":"first","14":"instock","15":"shipping-taxable","16":"purchasable","17":"product-type-simple"},"_links":{"self":[{"href":"https:\/\/autoshine.fi\/en\/wp-json\/wp\/v2\/product\/1635","targetHints":{"allow":["GET"]}}],"collection":[{"href":"https:\/\/autoshine.fi\/en\/wp-json\/wp\/v2\/product"}],"about":[{"href":"https:\/\/autoshine.fi\/en\/wp-json\/wp\/v2\/types\/product"}],"replies":[{"embeddable":true,"href":"https:\/\/autoshine.fi\/en\/wp-json\/wp\/v2\/comments?post=1635"}],"wp:featuredmedia":[{"embeddable":true,"href":"https:\/\/autoshine.fi\/en\/wp-json\/wp\/v2\/media\/1637"}],"wp:attachment":[{"href":"https:\/\/autoshine.fi\/en\/wp-json\/wp\/v2\/media?parent=1635"}],"wp:term":[{"taxonomy":"product_brand","embeddable":true,"href":"https:\/\/autoshine.fi\/en\/wp-json\/wp\/v2\/product_brand?post=1635"},{"taxonomy":"product_cat","embeddable":true,"href":"https:\/\/autoshine.fi\/en\/wp-json\/wp\/v2\/product_cat?post=1635"},{"taxonomy":"product_tag","embeddable":true,"href":"https:\/\/autoshine.fi\/en\/wp-json\/wp\/v2\/product_tag?post=1635"}],"curies":[{"name":"wp","href":"https:\/\/api.w.org\/{rel}","templated":true}]}}