{"id":1839,"date":"2025-08-14T12:53:02","date_gmt":"2025-08-14T09:53:02","guid":{"rendered":"https:\/\/autoshine.fi\/?post_type=product&#038;p=1839"},"modified":"2025-10-27T11:45:57","modified_gmt":"2025-10-27T08:45:57","slug":"mosquitos-cleaner-1l","status":"publish","type":"product","link":"https:\/\/autoshine.fi\/en\/product\/mosquitos-cleaner-1l\/","title":{"rendered":"HY\u00d6NTEISTEN J\u00c4LKIEN POISTOAINE &#8221;POLYCHROM 2020 MOSQUITOS CLEANER&#8221; 1L"},"content":{"rendered":"<p><b>HY\u00d6NTEISTEN J\u00c4LKIEN POISTOAINE<\/b><\/p>\n<p><b>AINESOSAT<\/b><span style=\"font-weight: 400;\">: Demineralisoitu vesi, natriumhydroksidi 5-10 %, kompleksonit 5-10 %, anioninen pinta-aktiivinen aine 5-15 %, ei-ioninen pinta-aktiivinen aine 5-15 %, liuotin alle 5 %, v\u00e4riaine.<\/span><\/p>\n<p><b>K\u00c4YTT\u00d6OHJE<\/b><span style=\"font-weight: 400;\">:<\/span><span style=\"font-weight: 400;\"><br \/>\n<\/span><span style=\"font-weight: 400;\">Laimenna tiivistett\u00e4 vedell\u00e4 suhteessa 1:5 &#8211; 1:10 k\u00e4ytett\u00e4ess\u00e4 vaahtosarjaa, tai 1:50 &#8211; 1:100 k\u00e4ytett\u00e4ess\u00e4 ruiskupulloa tai matalapainevaahtogeneraattoria. Levit\u00e4 valmis liuos kuivalle auton pinnalle. Vaikutusaika enint\u00e4\u00e4n 2 minuuttia. Huuhtele tuote pois vesisuihkulla 5-6 baarin paineella noin 15-20 cm<\/span><\/p>\n<p><span style=\"font-weight: 400;\">et\u00e4isyydelt\u00e4 ja vinosti pintaan n\u00e4hden.<\/span><\/p>\n<p><b>S\u00c4ILYTYSOLOSUHTEET<\/b><span style=\"font-weight: 400;\">: S\u00e4ilyt\u00e4 +5\u00b0C &#8211; +30\u00b0C l\u00e4mp\u00f6tilassa ilman suoraa auringonvaloa.<\/span><span style=\"font-weight: 400;\"><br \/>\n<\/span><b>S\u00c4ILYVYYS<\/b><span style=\"font-weight: 400;\">: 2 vuotta valmistusp\u00e4iv\u00e4st\u00e4. Er\u00e4numero ja valmistusp\u00e4iv\u00e4 on merkitty pakkaukseen.<\/span><\/p>\n<p><b>VAROITUS<\/b><span style=\"font-weight: 400;\">: Noudata k\u00e4ytt\u00f6- ja s\u00e4ilytysohjeita. Ei saa k\u00e4ytt\u00e4\u00e4 kromi- ja alumiinipinnoilla!<\/span><\/p>\n<p><b>TURVALLISUUSOHJEET<\/b><span style=\"font-weight: 400;\">:<\/span><\/p>\n<ul>\n<li style=\"font-weight: 400;\" aria-level=\"1\"><span style=\"font-weight: 400;\">Pid\u00e4 poissa lasten ulottuvilta.<\/span><\/li>\n<li style=\"font-weight: 400;\" aria-level=\"1\"><span style=\"font-weight: 400;\">Ei saa niell\u00e4.<\/span><\/li>\n<li style=\"font-weight: 400;\" aria-level=\"1\"><span style=\"font-weight: 400;\">Jos tuotetta joutuu iholle tai silmiin, huuhtele runsaalla vedell\u00e4 ja ota tarvittaessa yhteys l\u00e4\u00e4k\u00e4riin.<\/span><\/li>\n<li style=\"font-weight: 400;\" aria-level=\"1\"><span style=\"font-weight: 400;\">K\u00e4yt\u00e4 henkil\u00f6kohtaisia suojavarusteita.<\/span><\/li>\n<\/ul>","protected":false},"excerpt":{"rendered":"<p>HY\u00d6NTEISTEN J\u00c4LKIEN POISTOAINE AINESOSAT: Demineralisoitu vesi, natriumhydroksidi 5-10 %, kompleksonit 5-10 %, anioninen pinta-aktiivinen aine 5-15 %, ei-ioninen pinta-aktiivinen aine 5-15 %, liuotin alle 5 %, v\u00e4riaine. K\u00c4YTT\u00d6OHJE: Laimenna tiivistett\u00e4 vedell\u00e4 suhteessa 1:5 &#8211; 1:10 k\u00e4ytett\u00e4ess\u00e4 vaahtosarjaa, tai 1:50 &#8211; 1:100 k\u00e4ytett\u00e4ess\u00e4 ruiskupulloa tai matalapainevaahtogeneraattoria. Levit\u00e4 valmis liuos kuivalle auton pinnalle. Vaikutusaika enint\u00e4\u00e4n 2 minuuttia. [&hellip;]<\/p>","protected":false},"featured_media":1840,"comment_status":"open","ping_status":"closed","template":"","meta":{"site-sidebar-layout":"default","site-content-layout":"","ast-site-content-layout":"default","site-content-style":"default","site-sidebar-style":"default","ast-global-header-display":"","ast-banner-title-visibility":"","ast-main-header-display":"","ast-hfb-above-header-display":"","ast-hfb-below-header-display":"","ast-hfb-mobile-header-display":"","site-post-title":"","ast-breadcrumbs-content":"","ast-featured-img":"","footer-sml-layout":"","theme-transparent-header-meta":"default","adv-header-id-meta":"","stick-header-meta":"","header-above-stick-meta":"","header-main-stick-meta":"","header-below-stick-meta":"","astra-migrate-meta-layouts":"set","ast-page-background-enabled":"default","ast-page-background-meta":{"desktop":{"background-color":"var(--ast-global-color-4)","background-image":"","background-repeat":"repeat","background-position":"center center","background-size":"auto","background-attachment":"scroll","background-type":"","background-media":"","overlay-type":"","overlay-color":"","overlay-opacity":"","overlay-gradient":""},"tablet":{"background-color":"","background-image":"","background-repeat":"repeat","background-position":"center center","background-size":"auto","background-attachment":"scroll","background-type":"","background-media":"","overlay-type":"","overlay-color":"","overlay-opacity":"","overlay-gradient":""},"mobile":{"background-color":"","background-image":"","background-repeat":"repeat","background-position":"center center","background-size":"auto","background-attachment":"scroll","background-type":"","background-media":"","overlay-type":"","overlay-color":"","overlay-opacity":"","overlay-gradient":""}},"ast-content-background-meta":{"desktop":{"background-color":"var(--ast-global-color-5)","background-image":"","background-repeat":"repeat","background-position":"center center","background-size":"auto","background-attachment":"scroll","background-type":"","background-media":"","overlay-type":"","overlay-color":"","overlay-opacity":"","overlay-gradient":""},"tablet":{"background-color":"var(--ast-global-color-5)","background-image":"","background-repeat":"repeat","background-position":"center center","background-size":"auto","background-attachment":"scroll","background-type":"","background-media":"","overlay-type":"","overlay-color":"","overlay-opacity":"","overlay-gradient":""},"mobile":{"background-color":"var(--ast-global-color-5)","background-image":"","background-repeat":"repeat","background-position":"center center","background-size":"auto","background-attachment":"scroll","background-type":"","background-media":"","overlay-type":"","overlay-color":"","overlay-opacity":"","overlay-gradient":""}}},"product_brand":[],"product_cat":[47,44,42],"product_tag":[],"class_list":{"0":"post-1839","1":"product","2":"type-product","3":"status-publish","4":"has-post-thumbnail","6":"product_cat-aktiivivaahto","7":"product_cat-lasit","8":"product_cat-ulkopuoli","9":"desktop-align-left","10":"tablet-align-left","11":"mobile-align-center","13":"first","14":"instock","15":"sale","16":"shipping-taxable","17":"purchasable","18":"product-type-simple"},"_links":{"self":[{"href":"https:\/\/autoshine.fi\/en\/wp-json\/wp\/v2\/product\/1839","targetHints":{"allow":["GET"]}}],"collection":[{"href":"https:\/\/autoshine.fi\/en\/wp-json\/wp\/v2\/product"}],"about":[{"href":"https:\/\/autoshine.fi\/en\/wp-json\/wp\/v2\/types\/product"}],"replies":[{"embeddable":true,"href":"https:\/\/autoshine.fi\/en\/wp-json\/wp\/v2\/comments?post=1839"}],"wp:featuredmedia":[{"embeddable":true,"href":"https:\/\/autoshine.fi\/en\/wp-json\/wp\/v2\/media\/1840"}],"wp:attachment":[{"href":"https:\/\/autoshine.fi\/en\/wp-json\/wp\/v2\/media?parent=1839"}],"wp:term":[{"taxonomy":"product_brand","embeddable":true,"href":"https:\/\/autoshine.fi\/en\/wp-json\/wp\/v2\/product_brand?post=1839"},{"taxonomy":"product_cat","embeddable":true,"href":"https:\/\/autoshine.fi\/en\/wp-json\/wp\/v2\/product_cat?post=1839"},{"taxonomy":"product_tag","embeddable":true,"href":"https:\/\/autoshine.fi\/en\/wp-json\/wp\/v2\/product_tag?post=1839"}],"curies":[{"name":"wp","href":"https:\/\/api.w.org\/{rel}","templated":true}]}}