{"id":1881,"date":"2025-08-14T13:27:48","date_gmt":"2025-08-14T10:27:48","guid":{"rendered":"https:\/\/autoshine.fi\/?post_type=product&#038;p=1881"},"modified":"2026-04-02T12:47:34","modified_gmt":"2026-04-02T09:47:34","slug":"polyrole-shine-vanilla-1l","status":"publish","type":"product","link":"https:\/\/autoshine.fi\/en\/product\/polyrole-shine-vanilla-1l\/","title":{"rendered":"Ammattimainen mattakiillotusaine auton sis\u00e4tilojen muoviosien puhdistukseen ja suojaamiseen &#8221;POLYCHROM 2020 POLYROLE SHINE VANILLA&#8221; 1L"},"content":{"rendered":"<p><span style=\"font-weight: 400;\">Innovatiivinen koostumus, joka on suunniteltu auton sis\u00e4tilojen muovipintojen puhdistukseen ja suojaamiseen. Antaa pinnalle kiilt\u00e4v\u00e4n lopputuloksen. Pinta saa antistaattiset ja vett\u00e4 hylkiv\u00e4t ominaisuudet, joiden ansiosta se s\u00e4ilytt\u00e4\u00e4 uuden ja puhtaan ulkon\u00e4k\u00f6ns\u00e4 pidemp\u00e4\u00e4n. Tuote on k\u00e4ytt\u00f6valmis ja tuoksuu miellytt\u00e4v\u00e4lt\u00e4.<\/span><\/p>\n<p><span style=\"font-weight: 400;\">KOOSTUMUS:\u00a0 demineralisoitu vesi, 5\u201315 % silikoniemulsioiden seos, elintarvikev\u00e4ri, aromiaine, s\u00e4il\u00f6nt\u00e4aine.<\/span><\/p>\n<p><span style=\"font-weight: 400;\">K\u00c4YTT\u00d6OHJEET:\u00a0 levit\u00e4 neste tasaisesti pinnalle ruiskulla tai liinalla.\u00a0 Hiero pintaa huolellisesti py\u00f6reill\u00e4 liikkeill\u00e4.\u00a0\u00a0<\/span><\/p>\n<p><span style=\"font-weight: 400;\">\u00c4L\u00c4 K\u00c4YT\u00c4 OVEN SARANOIHIN TAI LASIIN.<\/span><\/p>\n<p><span style=\"font-weight: 400;\">S\u00c4ILYTYSOLOSUHTEET: s\u00e4ilyt\u00e4 +5 \u00b0C \u2013 +30 \u00b0C:n l\u00e4mp\u00f6tilassa, suojattuna suoralta auringonvalolta.<\/span><\/p>\n<p><span style=\"font-weight: 400;\">PARAS P\u00c4IV\u00c4M\u00c4\u00c4R\u00c4: 2 vuotta valmistusp\u00e4iv\u00e4st\u00e4. Er\u00e4numero ja valmistusp\u00e4iv\u00e4 on merkitty pakkaukseen.<\/span><\/p>\n<p><span style=\"font-weight: 400;\">VAROITUS: noudata k\u00e4ytt\u00f6- ja s\u00e4ilytysohjeita.\u00a0<\/span><\/p>","protected":false},"excerpt":{"rendered":"<p><span style=\"font-weight: 400;\">Innovatiivinen koostumus, joka on suunniteltu auton sis\u00e4tilojen muovipintojen puhdistukseen ja suojaamiseen. Antaa pinnalle kiilt\u00e4v\u00e4n lopputuloksen. Pinta saa antistaattiset ja vett\u00e4 hylkiv\u00e4t ominaisuudet, joiden ansiosta se s\u00e4ilytt\u00e4\u00e4 uuden ja puhtaan ulkon\u00e4k\u00f6ns\u00e4 pidemp\u00e4\u00e4n. Tuote on k\u00e4ytt\u00f6valmis ja tuoksuu miellytt\u00e4v\u00e4lt\u00e4.<\/span><\/p>","protected":false},"featured_media":1882,"comment_status":"open","ping_status":"closed","template":"","meta":{"site-sidebar-layout":"default","site-content-layout":"","ast-site-content-layout":"default","site-content-style":"default","site-sidebar-style":"default","ast-global-header-display":"","ast-banner-title-visibility":"","ast-main-header-display":"","ast-hfb-above-header-display":"","ast-hfb-below-header-display":"","ast-hfb-mobile-header-display":"","site-post-title":"","ast-breadcrumbs-content":"","ast-featured-img":"","footer-sml-layout":"","theme-transparent-header-meta":"default","adv-header-id-meta":"","stick-header-meta":"","header-above-stick-meta":"","header-main-stick-meta":"","header-below-stick-meta":"","astra-migrate-meta-layouts":"set","ast-page-background-enabled":"default","ast-page-background-meta":{"desktop":{"background-color":"var(--ast-global-color-4)","background-image":"","background-repeat":"repeat","background-position":"center center","background-size":"auto","background-attachment":"scroll","background-type":"","background-media":"","overlay-type":"","overlay-color":"","overlay-opacity":"","overlay-gradient":""},"tablet":{"background-color":"","background-image":"","background-repeat":"repeat","background-position":"center center","background-size":"auto","background-attachment":"scroll","background-type":"","background-media":"","overlay-type":"","overlay-color":"","overlay-opacity":"","overlay-gradient":""},"mobile":{"background-color":"","background-image":"","background-repeat":"repeat","background-position":"center center","background-size":"auto","background-attachment":"scroll","background-type":"","background-media":"","overlay-type":"","overlay-color":"","overlay-opacity":"","overlay-gradient":""}},"ast-content-background-meta":{"desktop":{"background-color":"var(--ast-global-color-5)","background-image":"","background-repeat":"repeat","background-position":"center center","background-size":"auto","background-attachment":"scroll","background-type":"","background-media":"","overlay-type":"","overlay-color":"","overlay-opacity":"","overlay-gradient":""},"tablet":{"background-color":"var(--ast-global-color-5)","background-image":"","background-repeat":"repeat","background-position":"center center","background-size":"auto","background-attachment":"scroll","background-type":"","background-media":"","overlay-type":"","overlay-color":"","overlay-opacity":"","overlay-gradient":""},"mobile":{"background-color":"var(--ast-global-color-5)","background-image":"","background-repeat":"repeat","background-position":"center center","background-size":"auto","background-attachment":"scroll","background-type":"","background-media":"","overlay-type":"","overlay-color":"","overlay-opacity":"","overlay-gradient":""}}},"product_brand":[],"product_cat":[56,58,43],"product_tag":[],"class_list":{"0":"post-1881","1":"product","2":"type-product","3":"status-publish","4":"has-post-thumbnail","6":"product_cat-muovin-puhdistusaineet","7":"product_cat-nahanhoitotuotteet","8":"product_cat-sisatila","9":"desktop-align-left","10":"tablet-align-left","11":"mobile-align-center","13":"first","14":"instock","15":"shipping-taxable","16":"purchasable","17":"product-type-simple"},"_links":{"self":[{"href":"https:\/\/autoshine.fi\/en\/wp-json\/wp\/v2\/product\/1881","targetHints":{"allow":["GET"]}}],"collection":[{"href":"https:\/\/autoshine.fi\/en\/wp-json\/wp\/v2\/product"}],"about":[{"href":"https:\/\/autoshine.fi\/en\/wp-json\/wp\/v2\/types\/product"}],"replies":[{"embeddable":true,"href":"https:\/\/autoshine.fi\/en\/wp-json\/wp\/v2\/comments?post=1881"}],"wp:featuredmedia":[{"embeddable":true,"href":"https:\/\/autoshine.fi\/en\/wp-json\/wp\/v2\/media\/1882"}],"wp:attachment":[{"href":"https:\/\/autoshine.fi\/en\/wp-json\/wp\/v2\/media?parent=1881"}],"wp:term":[{"taxonomy":"product_brand","embeddable":true,"href":"https:\/\/autoshine.fi\/en\/wp-json\/wp\/v2\/product_brand?post=1881"},{"taxonomy":"product_cat","embeddable":true,"href":"https:\/\/autoshine.fi\/en\/wp-json\/wp\/v2\/product_cat?post=1881"},{"taxonomy":"product_tag","embeddable":true,"href":"https:\/\/autoshine.fi\/en\/wp-json\/wp\/v2\/product_tag?post=1881"}],"curies":[{"name":"wp","href":"https:\/\/api.w.org\/{rel}","templated":true}]}}