{"id":1954,"date":"2025-10-03T12:38:00","date_gmt":"2025-10-03T09:38:00","guid":{"rendered":"https:\/\/autoshine.fi\/?post_type=product&#038;p=1954"},"modified":"2025-10-27T11:21:24","modified_gmt":"2025-10-27T08:21:24","slug":"polyhrom-2020-active-foam-55-pink-5kg","status":"publish","type":"product","link":"https:\/\/autoshine.fi\/en\/product\/polyhrom-2020-active-foam-55-pink-5kg\/","title":{"rendered":"KESKITETTY AINE KONTAKTTOMAA PESUA VARTEN &#8221;Polychrom 2020 Active Foam 55 pink&#8221;, 5kg"},"content":{"rendered":"<p>KESKITETTY AINE KONTAKTTOMAA PESUA VARTEN, VAALEANPUNAISELLA VAAHDO<span style=\"font-size: 16px;\">LL<\/span><span style=\"font-size: 16px;\">A<\/span><\/p>\n<p>Keskitetty, runsaasti vaahtoava aine tehokkaaseen ja nopeaan pintojen puhdistamiseen tien p\u00f6lyst\u00e4, polttoaine- ja voiteluaineiden likaantumisesta sek\u00e4 hy\u00f6nteisten j\u00e4\u00e4nn\u00f6ksist\u00e4. Muodostaa runsaan ja kest\u00e4v\u00e4n vaaleanpunaisen vaahdon, joka on helppo huuhdella pois. Antaa pinnalle kiiltoa, ei j\u00e4t\u00e4 j\u00e4lki\u00e4. Turvallinen maalipinnoille, muoville, kumille ja metallipinnoille.<\/p>\n<p>KOOSTUMUS: demineralisoitu vesi, natriumhydroksidi 5\u201310 %, kompleksinmuodostajat 5\u201310 %, anioninen pinta-aktiivinen aine 5\u201315 %, amfoteerinen pinta-aktiivinen aine 5\u201315 %, ioniton pinta-aktiivinen aine 5\u201315 %, v\u00e4riaine.<br \/>\nK\u00c4YTT\u00d6OHJEET:<br \/>\n1. Ennen k\u00e4ytt\u00f6\u00e4 konsentraatti on laimennettava vedell\u00e4 suhteessa 1:6\u20131:9 vaa<span style=\"font-size: 16px;\">htosar<\/span><span style=\"font-size: 16px;\">joille, ja kun k\u00e4ytet\u00e4\u00e4n matalapaineista vaahtogeneraattoria, laimennussuhde on 1:60\u20131:90.<\/span><\/p>\n<p>2. Valmis liuos voidaan levitt\u00e4\u00e4 kuivaan autoon.<br \/>\nVaikutusaika on enint\u00e4\u00e4n kaksi minuuttia. \u00c4l\u00e4 anna kuivua.<br \/>\n3. Tuote on huuhdeltava pois paineella v\u00e4hint\u00e4\u00e4n 5-6 atmosf\u00e4\u00e4ri\u00e4 15-20 cm:n et\u00e4isyydelt\u00e4 ja kulmassa pintaan n\u00e4hden.<br \/>\nS\u00c4ILYTYSolosuhteet: S\u00e4ilyt\u00e4 +5 \u00b0C \u2013 +30 \u00b0C:n l\u00e4mp\u00f6tilassa, suojattuna suoralta auringonvalolta.<br \/>\nS\u00c4ILYTYSAIKA: 2 vuotta valmistusp\u00e4iv\u00e4st\u00e4. Er\u00e4numero ja valmistusp\u00e4iv\u00e4 on merkitty pakkaukseen.<br \/>\nVAROITUS: noudata k\u00e4ytt\u00f6- ja s\u00e4ilytysohjeita.<br \/>\nTURVALLISUUSTOIMENPITEET: Varo! S\u00e4ilyt\u00e4 lasten ulottumattomissa. \u00c4l\u00e4 niele. Jos ainetta joutuu iholle tai silmiin, huuhtele juoksevalla vedell\u00e4 ja hakeudu tarvitta<span style=\"font-size: 16px;\">essa l\u00e4\u00e4k\u00e4riin. K\u00e4yt\u00e4 henkil\u00f6kohtaisia suojavarusteita.<\/span><\/p>","protected":false},"excerpt":{"rendered":"<p>KESKITETTY AINE KONTAKTTOMAA PESUA VARTEN, VAALEANPUNAISELLA VAAHDOLLA Keskitetty, runsaasti vaahtoava aine tehokkaaseen ja nopeaan pintojen puhdistamiseen tien p\u00f6lyst\u00e4, polttoaine- ja voiteluaineiden likaantumisesta sek\u00e4 hy\u00f6nteisten j\u00e4\u00e4nn\u00f6ksist\u00e4. Muodostaa runsaan ja kest\u00e4v\u00e4n vaaleanpunaisen vaahdon, joka on helppo huuhdella pois. Antaa pinnalle kiiltoa, ei j\u00e4t\u00e4 j\u00e4lki\u00e4. Turvallinen maalipinnoille, muoville, kumille ja metallipinnoille. KOOSTUMUS: demineralisoitu vesi, natriumhydroksidi 5\u201310 %, kompleksinmuodostajat [&hellip;]<\/p>","protected":false},"featured_media":1955,"comment_status":"open","ping_status":"closed","template":"","meta":{"site-sidebar-layout":"default","site-content-layout":"","ast-site-content-layout":"default","site-content-style":"default","site-sidebar-style":"default","ast-global-header-display":"","ast-banner-title-visibility":"","ast-main-header-display":"","ast-hfb-above-header-display":"","ast-hfb-below-header-display":"","ast-hfb-mobile-header-display":"","site-post-title":"","ast-breadcrumbs-content":"","ast-featured-img":"","footer-sml-layout":"","theme-transparent-header-meta":"default","adv-header-id-meta":"","stick-header-meta":"","header-above-stick-meta":"","header-main-stick-meta":"","header-below-stick-meta":"","astra-migrate-meta-layouts":"set","ast-page-background-enabled":"default","ast-page-background-meta":{"desktop":{"background-color":"var(--ast-global-color-4)","background-image":"","background-repeat":"repeat","background-position":"center center","background-size":"auto","background-attachment":"scroll","background-type":"","background-media":"","overlay-type":"","overlay-color":"","overlay-opacity":"","overlay-gradient":""},"tablet":{"background-color":"","background-image":"","background-repeat":"repeat","background-position":"center center","background-size":"auto","background-attachment":"scroll","background-type":"","background-media":"","overlay-type":"","overlay-color":"","overlay-opacity":"","overlay-gradient":""},"mobile":{"background-color":"","background-image":"","background-repeat":"repeat","background-position":"center center","background-size":"auto","background-attachment":"scroll","background-type":"","background-media":"","overlay-type":"","overlay-color":"","overlay-opacity":"","overlay-gradient":""}},"ast-content-background-meta":{"desktop":{"background-color":"var(--ast-global-color-5)","background-image":"","background-repeat":"repeat","background-position":"center center","background-size":"auto","background-attachment":"scroll","background-type":"","background-media":"","overlay-type":"","overlay-color":"","overlay-opacity":"","overlay-gradient":""},"tablet":{"background-color":"var(--ast-global-color-5)","background-image":"","background-repeat":"repeat","background-position":"center center","background-size":"auto","background-attachment":"scroll","background-type":"","background-media":"","overlay-type":"","overlay-color":"","overlay-opacity":"","overlay-gradient":""},"mobile":{"background-color":"var(--ast-global-color-5)","background-image":"","background-repeat":"repeat","background-position":"center center","background-size":"auto","background-attachment":"scroll","background-type":"","background-media":"","overlay-type":"","overlay-color":"","overlay-opacity":"","overlay-gradient":""}}},"product_brand":[],"product_cat":[47],"product_tag":[],"class_list":{"0":"post-1954","1":"product","2":"type-product","3":"status-publish","4":"has-post-thumbnail","6":"product_cat-aktiivivaahto","7":"desktop-align-left","8":"tablet-align-left","9":"mobile-align-center","11":"first","12":"instock","13":"shipping-taxable","14":"purchasable","15":"product-type-simple"},"_links":{"self":[{"href":"https:\/\/autoshine.fi\/en\/wp-json\/wp\/v2\/product\/1954","targetHints":{"allow":["GET"]}}],"collection":[{"href":"https:\/\/autoshine.fi\/en\/wp-json\/wp\/v2\/product"}],"about":[{"href":"https:\/\/autoshine.fi\/en\/wp-json\/wp\/v2\/types\/product"}],"replies":[{"embeddable":true,"href":"https:\/\/autoshine.fi\/en\/wp-json\/wp\/v2\/comments?post=1954"}],"wp:featuredmedia":[{"embeddable":true,"href":"https:\/\/autoshine.fi\/en\/wp-json\/wp\/v2\/media\/1955"}],"wp:attachment":[{"href":"https:\/\/autoshine.fi\/en\/wp-json\/wp\/v2\/media?parent=1954"}],"wp:term":[{"taxonomy":"product_brand","embeddable":true,"href":"https:\/\/autoshine.fi\/en\/wp-json\/wp\/v2\/product_brand?post=1954"},{"taxonomy":"product_cat","embeddable":true,"href":"https:\/\/autoshine.fi\/en\/wp-json\/wp\/v2\/product_cat?post=1954"},{"taxonomy":"product_tag","embeddable":true,"href":"https:\/\/autoshine.fi\/en\/wp-json\/wp\/v2\/product_tag?post=1954"}],"curies":[{"name":"wp","href":"https:\/\/api.w.org\/{rel}","templated":true}]}}