{"id":1985,"date":"2025-10-21T22:57:30","date_gmt":"2025-10-21T19:57:30","guid":{"rendered":"https:\/\/autoshine.fi\/?post_type=product&#038;p=1985"},"modified":"2025-11-04T23:31:34","modified_gmt":"2025-11-04T20:31:34","slug":"tuulilasin-jaanpoisto-polyhrom-2020-glass-de-icer-05l","status":"publish","type":"product","link":"https:\/\/autoshine.fi\/en\/product\/tuulilasin-jaanpoisto-polyhrom-2020-glass-de-icer-05l\/","title":{"rendered":"Tuulilasin J\u00e4\u00e4npoisto &#8221;Polychrom 2020 &#8221;Glass de-icer&#8221; 0,5l"},"content":{"rendered":"<p>Tuote on tarkoitettu auton pinnan nopeaan ja tehokkaaseen puhdistamiseen j\u00e4\u00e4st\u00e4, huurteesta ja lumesta. Sopii erinomaisesti tuulilasien, ajovalojen, peilien ja ovien lukkojen sulattamiseen.<br \/>\nKOOSTUMUS: yli 30 % orgaanisten liuottimien seos, v\u00e4riaine, aromi.<br \/>\nK\u00c4YTT\u00d6OHJEET: Poista lumij\u00e4\u00e4m\u00e4t k\u00e4sitelt\u00e4vilt\u00e4 pinnoilta. Levit\u00e4 tuotetta tasaisesti j\u00e4\u00e4tyneelle pinnalle ja j\u00e4t\u00e4 se vaikuttamaan jonkin aikaa. Alle 25 \u00b0C:n l\u00e4mp\u00f6tilassa ja kovalla pakkasella on suositeltavaa k\u00e4sitell\u00e4 pinnat kahdesti 3\u20135 minuutin v\u00e4lein. J\u00e4\u00e4j\u00e4\u00e4m\u00e4t poistetaan kaapimella tai harjalla. Tuote on turvallinen kumitiivisteille ja maalipinnoille.<br \/>\nS\u00c4ILYTYSolosuhteet: S\u00e4ilyt\u00e4 +5 \u00b0C \u2013 +30 \u00b0C:n l\u00e4mp\u00f6tilassa ilman suoraa auringonvaloa.<br \/>\nK\u00c4YTT\u00d6AIKA: 2 vuotta valmistusp\u00e4iv\u00e4st\u00e4. Er\u00e4numero ja valmistusp\u00e4iv\u00e4 on merkitty pakkaukseen.<br \/>\nVAROITUS: Noudata k\u00e4ytt\u00f6- ja s\u00e4ilytysohjeita. Suosittelemme testaamaan tuotetta huomaamattomalla alueella ennen k\u00e4ytt\u00f6\u00e4!<br \/>\nTURVALLISUUSOHJEET: Ole varovainen! S\u00e4ilyt\u00e4 lasten ulottumattomissa. \u00c4l\u00e4 niele. Jos ainetta joutuu iholle tai silmiin, huuhtele juoksevalla vedell\u00e4 ja ota yhteys l\u00e4\u00e4k\u00e4riin. K\u00e4yt\u00e4 henkil\u00f6kohtaisia suojavarusteita k\u00e4yt\u00f6n aikana.<\/p>","protected":false},"excerpt":{"rendered":"<p>Tuote on tarkoitettu auton pinnan nopeaan ja tehokkaaseen puhdistamiseen j\u00e4\u00e4st\u00e4, huurteesta ja lumesta. Sopii erinomaisesti tuulilasien, ajovalojen, peilien ja ovien lukkojen sulattamiseen.<\/p>","protected":false},"featured_media":1986,"comment_status":"open","ping_status":"closed","template":"","meta":{"site-sidebar-layout":"default","site-content-layout":"","ast-site-content-layout":"default","site-content-style":"default","site-sidebar-style":"default","ast-global-header-display":"","ast-banner-title-visibility":"","ast-main-header-display":"","ast-hfb-above-header-display":"","ast-hfb-below-header-display":"","ast-hfb-mobile-header-display":"","site-post-title":"","ast-breadcrumbs-content":"","ast-featured-img":"","footer-sml-layout":"","theme-transparent-header-meta":"default","adv-header-id-meta":"","stick-header-meta":"","header-above-stick-meta":"","header-main-stick-meta":"","header-below-stick-meta":"","astra-migrate-meta-layouts":"set","ast-page-background-enabled":"default","ast-page-background-meta":{"desktop":{"background-color":"var(--ast-global-color-4)","background-image":"","background-repeat":"repeat","background-position":"center center","background-size":"auto","background-attachment":"scroll","background-type":"","background-media":"","overlay-type":"","overlay-color":"","overlay-opacity":"","overlay-gradient":""},"tablet":{"background-color":"","background-image":"","background-repeat":"repeat","background-position":"center center","background-size":"auto","background-attachment":"scroll","background-type":"","background-media":"","overlay-type":"","overlay-color":"","overlay-opacity":"","overlay-gradient":""},"mobile":{"background-color":"","background-image":"","background-repeat":"repeat","background-position":"center center","background-size":"auto","background-attachment":"scroll","background-type":"","background-media":"","overlay-type":"","overlay-color":"","overlay-opacity":"","overlay-gradient":""}},"ast-content-background-meta":{"desktop":{"background-color":"var(--ast-global-color-5)","background-image":"","background-repeat":"repeat","background-position":"center center","background-size":"auto","background-attachment":"scroll","background-type":"","background-media":"","overlay-type":"","overlay-color":"","overlay-opacity":"","overlay-gradient":""},"tablet":{"background-color":"var(--ast-global-color-5)","background-image":"","background-repeat":"repeat","background-position":"center center","background-size":"auto","background-attachment":"scroll","background-type":"","background-media":"","overlay-type":"","overlay-color":"","overlay-opacity":"","overlay-gradient":""},"mobile":{"background-color":"var(--ast-global-color-5)","background-image":"","background-repeat":"repeat","background-position":"center center","background-size":"auto","background-attachment":"scroll","background-type":"","background-media":"","overlay-type":"","overlay-color":"","overlay-opacity":"","overlay-gradient":""}}},"product_brand":[],"product_cat":[44],"product_tag":[],"class_list":{"0":"post-1985","1":"product","2":"type-product","3":"status-publish","4":"has-post-thumbnail","6":"product_cat-lasit","7":"desktop-align-left","8":"tablet-align-left","9":"mobile-align-center","11":"first","12":"instock","13":"sale","14":"shipping-taxable","15":"purchasable","16":"product-type-simple"},"_links":{"self":[{"href":"https:\/\/autoshine.fi\/en\/wp-json\/wp\/v2\/product\/1985","targetHints":{"allow":["GET"]}}],"collection":[{"href":"https:\/\/autoshine.fi\/en\/wp-json\/wp\/v2\/product"}],"about":[{"href":"https:\/\/autoshine.fi\/en\/wp-json\/wp\/v2\/types\/product"}],"replies":[{"embeddable":true,"href":"https:\/\/autoshine.fi\/en\/wp-json\/wp\/v2\/comments?post=1985"}],"wp:featuredmedia":[{"embeddable":true,"href":"https:\/\/autoshine.fi\/en\/wp-json\/wp\/v2\/media\/1986"}],"wp:attachment":[{"href":"https:\/\/autoshine.fi\/en\/wp-json\/wp\/v2\/media?parent=1985"}],"wp:term":[{"taxonomy":"product_brand","embeddable":true,"href":"https:\/\/autoshine.fi\/en\/wp-json\/wp\/v2\/product_brand?post=1985"},{"taxonomy":"product_cat","embeddable":true,"href":"https:\/\/autoshine.fi\/en\/wp-json\/wp\/v2\/product_cat?post=1985"},{"taxonomy":"product_tag","embeddable":true,"href":"https:\/\/autoshine.fi\/en\/wp-json\/wp\/v2\/product_tag?post=1985"}],"curies":[{"name":"wp","href":"https:\/\/api.w.org\/{rel}","templated":true}]}}