{"id":1423,"date":"2025-06-17T14:51:56","date_gmt":"2025-06-17T11:51:56","guid":{"rendered":"https:\/\/autoshine.fi\/?post_type=product&#038;p=1423"},"modified":"2025-11-04T23:32:45","modified_gmt":"2025-11-04T20:32:45","slug":"tiivistetty-erittain-emaksinen-pesuaine-kuorma-autojen-ja-erikoisajoneuvojen-pesuun-11-kg","status":"publish","type":"product","link":"https:\/\/autoshine.fi\/sv\/product\/tiivistetty-erittain-emaksinen-pesuaine-kuorma-autojen-ja-erikoisajoneuvojen-pesuun-11-kg\/","title":{"rendered":"Tiivistetty, eritt\u00e4in em\u00e4ksinen pesuaine kuorma-autojen ja erikoisajoneuvojen pesuun &#8221;Polychrom 2020 Truck Wash&#8221; 1,1 kg"},"content":{"rendered":"<p>Tiivistetty, eritt\u00e4in em\u00e4ksinen pesuaine kuorma-autojen ja erikoisajoneuvojen pesuun.<\/p>\n<p>Se on tarkoitettu kuorma-autojen, erikoisajoneuvojen ja henkil\u00f6autojen sek\u00e4 markiisien, alustojen, moottoreiden, s\u00e4ili\u00f6iden, rautatievaunujen, konttien ja maatalouskoneiden puhdistukseen. Tiivistetty, eritt\u00e4in em\u00e4ksinen pesuaine kosketuksettomaan pesuun. Poistaa pinnalta lian, p\u00f6lyn, rasvan ja hy\u00f6nteisten j\u00e4ljet.<\/p>\n<p>K\u00e4ytt\u00f6tapa:<\/p>\n<p>1. Ty\u00f6n aloittamiseksi konsentraatti on laimennettava vedell\u00e4 1:6-1:12 vaahtosarjojen osalta; ty\u00f6skennelt\u00e4ess\u00e4 matalapainevaahtogeneraattorilla laimennetaan 1:60-1:120.<\/p>\n<p>2. Valmis liuos voidaan levitt\u00e4\u00e4 kuivalle autolle.<\/p>\n<p>Aktiivisen vaikutuksen kesto on enint\u00e4\u00e4n 2 minuuttia. \u00c4l\u00e4 anna kuivua.<\/p>\n<p>3. Tuote on pest\u00e4v\u00e4 pois vesisuihkulla v\u00e4hint\u00e4\u00e4n 5-6 ilmakeh\u00e4n paineella 15-20 cm:n et\u00e4isyydelt\u00e4 ja vinosti pintaan n\u00e4hden.<\/p>","protected":false},"excerpt":{"rendered":"<p>Tiivistetty, eritt\u00e4in em\u00e4ksinen pesuaine kuorma-autojen ja erikoisajoneuvojen pesuun. Se on tarkoitettu kuorma-autojen, erikoisajoneuvojen ja henkil\u00f6autojen sek\u00e4 markiisien, alustojen, moottoreiden, s\u00e4ili\u00f6iden, rautatievaunujen, konttien ja maatalouskoneiden puhdistukseen. Tiivistetty, eritt\u00e4in em\u00e4ksinen pesuaine kosketuksettomaan pesuun. Poistaa pinnalta lian, p\u00f6lyn, rasvan ja hy\u00f6nteisten j\u00e4ljet. K\u00e4ytt\u00f6tapa: 1. Ty\u00f6n aloittamiseksi konsentraatti on laimennettava vedell\u00e4 1:6-1:12 vaahtosarjojen osalta; ty\u00f6skennelt\u00e4ess\u00e4 matalapainevaahtogeneraattorilla laimennetaan 1:60-1:120. 2. [&hellip;]<\/p>","protected":false},"featured_media":1959,"comment_status":"open","ping_status":"closed","template":"","meta":{"site-sidebar-layout":"default","site-content-layout":"","ast-site-content-layout":"default","site-content-style":"default","site-sidebar-style":"default","ast-global-header-display":"","ast-banner-title-visibility":"","ast-main-header-display":"","ast-hfb-above-header-display":"","ast-hfb-below-header-display":"","ast-hfb-mobile-header-display":"","site-post-title":"","ast-breadcrumbs-content":"","ast-featured-img":"","footer-sml-layout":"","theme-transparent-header-meta":"default","adv-header-id-meta":"","stick-header-meta":"","header-above-stick-meta":"","header-main-stick-meta":"","header-below-stick-meta":"","astra-migrate-meta-layouts":"set","ast-page-background-enabled":"default","ast-page-background-meta":{"desktop":{"background-color":"var(--ast-global-color-4)","background-image":"","background-repeat":"repeat","background-position":"center center","background-size":"auto","background-attachment":"scroll","background-type":"","background-media":"","overlay-type":"","overlay-color":"","overlay-opacity":"","overlay-gradient":""},"tablet":{"background-color":"","background-image":"","background-repeat":"repeat","background-position":"center center","background-size":"auto","background-attachment":"scroll","background-type":"","background-media":"","overlay-type":"","overlay-color":"","overlay-opacity":"","overlay-gradient":""},"mobile":{"background-color":"","background-image":"","background-repeat":"repeat","background-position":"center center","background-size":"auto","background-attachment":"scroll","background-type":"","background-media":"","overlay-type":"","overlay-color":"","overlay-opacity":"","overlay-gradient":""}},"ast-content-background-meta":{"desktop":{"background-color":"var(--ast-global-color-5)","background-image":"","background-repeat":"repeat","background-position":"center center","background-size":"auto","background-attachment":"scroll","background-type":"","background-media":"","overlay-type":"","overlay-color":"","overlay-opacity":"","overlay-gradient":""},"tablet":{"background-color":"var(--ast-global-color-5)","background-image":"","background-repeat":"repeat","background-position":"center center","background-size":"auto","background-attachment":"scroll","background-type":"","background-media":"","overlay-type":"","overlay-color":"","overlay-opacity":"","overlay-gradient":""},"mobile":{"background-color":"var(--ast-global-color-5)","background-image":"","background-repeat":"repeat","background-position":"center center","background-size":"auto","background-attachment":"scroll","background-type":"","background-media":"","overlay-type":"","overlay-color":"","overlay-opacity":"","overlay-gradient":""}}},"product_brand":[],"product_cat":[49,42],"product_tag":[],"class_list":{"0":"post-1423","1":"product","2":"type-product","3":"status-publish","4":"has-post-thumbnail","6":"product_cat-korin-puhdistusaineet","7":"product_cat-ulkopuoli","8":"desktop-align-left","9":"tablet-align-left","10":"mobile-align-center","12":"first","13":"instock","14":"sale","15":"shipping-taxable","16":"purchasable","17":"product-type-simple"},"_links":{"self":[{"href":"https:\/\/autoshine.fi\/sv\/wp-json\/wp\/v2\/product\/1423","targetHints":{"allow":["GET"]}}],"collection":[{"href":"https:\/\/autoshine.fi\/sv\/wp-json\/wp\/v2\/product"}],"about":[{"href":"https:\/\/autoshine.fi\/sv\/wp-json\/wp\/v2\/types\/product"}],"replies":[{"embeddable":true,"href":"https:\/\/autoshine.fi\/sv\/wp-json\/wp\/v2\/comments?post=1423"}],"wp:featuredmedia":[{"embeddable":true,"href":"https:\/\/autoshine.fi\/sv\/wp-json\/wp\/v2\/media\/1959"}],"wp:attachment":[{"href":"https:\/\/autoshine.fi\/sv\/wp-json\/wp\/v2\/media?parent=1423"}],"wp:term":[{"taxonomy":"product_brand","embeddable":true,"href":"https:\/\/autoshine.fi\/sv\/wp-json\/wp\/v2\/product_brand?post=1423"},{"taxonomy":"product_cat","embeddable":true,"href":"https:\/\/autoshine.fi\/sv\/wp-json\/wp\/v2\/product_cat?post=1423"},{"taxonomy":"product_tag","embeddable":true,"href":"https:\/\/autoshine.fi\/sv\/wp-json\/wp\/v2\/product_tag?post=1423"}],"curies":[{"name":"wp","href":"https:\/\/api.w.org\/{rel}","templated":true}]}}