{"id":1448,"date":"2025-06-17T15:38:19","date_gmt":"2025-06-17T12:38:19","guid":{"rendered":"https:\/\/autoshine.fi\/?post_type=product&#038;p=1448"},"modified":"2026-04-02T12:48:59","modified_gmt":"2026-04-02T09:48:59","slug":"hyva-ja-helposti-levitettava-pikapinnoite-kestaa-useamman-pesun","status":"publish","type":"product","link":"https:\/\/autoshine.fi\/sv\/product\/hyva-ja-helposti-levitettava-pikapinnoite-kestaa-useamman-pesun\/","title":{"rendered":"Hyv\u00e4 ja helposti levitett\u00e4v\u00e4 pikapinnoite, kest\u00e4\u00e4 useamman pesun &#8221;Polychrom 2020 Hydro Polymer&#8221;, 5L"},"content":{"rendered":"<div class=\"c-accordion-item__content h-styled-content c-product__description\">\n<div id=\"description-collapsible\" class=\"c-product__description-container\">\n<div>\n<p>Aine muodostaa ajoneuvon korin pintaan ohuen, vahvan kalvon, joka suojaa kosteudelta, p\u00f6lylt\u00e4 ja muilta haitallisilta ymp\u00e4rist\u00f6tekij\u00f6ilt\u00e4. Sis\u00e4lt\u00e4\u00e4 erikoiskomponentteja syvyyden parantamiseksi ja v\u00e4rin kirkkautta. Est\u00e4\u00e4 muovin, kumin ja lasin himmenemisen. Sit\u00e4 suositellaan pikak\u00e4ytt\u00f6\u00f6n pinnoitteiden suojaamiseen, hoitamiseen ja s\u00e4ilytt\u00e4miseen. Levitet\u00e4\u00e4n m\u00e4r\u00e4lle auton pinnalle pesun j\u00e4lkeen. Sit\u00e4 on helppo k\u00e4ytt\u00e4\u00e4, ei sis\u00e4ll\u00e4 hankausaineita.<\/p>\n<p><strong>K\u00c4YTT\u00d6TAPA<\/strong>: levit\u00e4 tuote m\u00e4r\u00e4lle sienelle ja levit\u00e4 se tasaisesti m\u00e4r\u00e4lle, puhtaalle autolle.<\/p>\n<p>Odota 1-2 minuuttia, huuhtele vesivirralla ilman painetta. Jotta saavutetaan maksimaalinen vaikutus, kiillota pinta kuivalla mikrokuituliinalla. Se on v\u00e4ltt\u00e4m\u00e4tt\u00e4 ravistettava ennen k\u00e4ytt\u00f6\u00e4!<\/p>\n<\/div>\n<\/div>\n<\/div>","protected":false},"excerpt":{"rendered":"<p>Aine muodostaa ajoneuvon korin pintaan ohuen, vahvan kalvon, joka suojaa kosteudelta, p\u00f6lylt\u00e4 ja muilta haitallisilta ymp\u00e4rist\u00f6tekij\u00f6ilt\u00e4. Sis\u00e4lt\u00e4\u00e4 erikoiskomponentteja syvyyden parantamiseksi ja v\u00e4rin kirkkautta. Est\u00e4\u00e4 muovin, kumin ja lasin himmenemisen. Sit\u00e4 suositellaan pikak\u00e4ytt\u00f6\u00f6n pinnoitteiden suojaamiseen, hoitamiseen ja s\u00e4ilytt\u00e4miseen. Levitet\u00e4\u00e4n m\u00e4r\u00e4lle auton pinnalle pesun j\u00e4lkeen. Sit\u00e4 on helppo k\u00e4ytt\u00e4\u00e4, ei sis\u00e4ll\u00e4 hankausaineita. K\u00c4YTT\u00d6TAPA: levit\u00e4 tuote m\u00e4r\u00e4lle sienelle [&hellip;]<\/p>","protected":false},"featured_media":1449,"comment_status":"open","ping_status":"closed","template":"","meta":{"site-sidebar-layout":"default","site-content-layout":"","ast-site-content-layout":"default","site-content-style":"default","site-sidebar-style":"default","ast-global-header-display":"","ast-banner-title-visibility":"","ast-main-header-display":"","ast-hfb-above-header-display":"","ast-hfb-below-header-display":"","ast-hfb-mobile-header-display":"","site-post-title":"","ast-breadcrumbs-content":"","ast-featured-img":"","footer-sml-layout":"","theme-transparent-header-meta":"default","adv-header-id-meta":"","stick-header-meta":"","header-above-stick-meta":"","header-main-stick-meta":"","header-below-stick-meta":"","astra-migrate-meta-layouts":"set","ast-page-background-enabled":"default","ast-page-background-meta":{"desktop":{"background-color":"var(--ast-global-color-4)","background-image":"","background-repeat":"repeat","background-position":"center center","background-size":"auto","background-attachment":"scroll","background-type":"","background-media":"","overlay-type":"","overlay-color":"","overlay-opacity":"","overlay-gradient":""},"tablet":{"background-color":"","background-image":"","background-repeat":"repeat","background-position":"center center","background-size":"auto","background-attachment":"scroll","background-type":"","background-media":"","overlay-type":"","overlay-color":"","overlay-opacity":"","overlay-gradient":""},"mobile":{"background-color":"","background-image":"","background-repeat":"repeat","background-position":"center center","background-size":"auto","background-attachment":"scroll","background-type":"","background-media":"","overlay-type":"","overlay-color":"","overlay-opacity":"","overlay-gradient":""}},"ast-content-background-meta":{"desktop":{"background-color":"var(--ast-global-color-5)","background-image":"","background-repeat":"repeat","background-position":"center center","background-size":"auto","background-attachment":"scroll","background-type":"","background-media":"","overlay-type":"","overlay-color":"","overlay-opacity":"","overlay-gradient":""},"tablet":{"background-color":"var(--ast-global-color-5)","background-image":"","background-repeat":"repeat","background-position":"center center","background-size":"auto","background-attachment":"scroll","background-type":"","background-media":"","overlay-type":"","overlay-color":"","overlay-opacity":"","overlay-gradient":""},"mobile":{"background-color":"var(--ast-global-color-5)","background-image":"","background-repeat":"repeat","background-position":"center center","background-size":"auto","background-attachment":"scroll","background-type":"","background-media":"","overlay-type":"","overlay-color":"","overlay-opacity":"","overlay-gradient":""}}},"product_brand":[],"product_cat":[51,42],"product_tag":[],"class_list":{"0":"post-1448","1":"product","2":"type-product","3":"status-publish","4":"has-post-thumbnail","6":"product_cat-suoja-aineet","7":"product_cat-ulkopuoli","8":"desktop-align-left","9":"tablet-align-left","10":"mobile-align-center","12":"first","13":"instock","14":"shipping-taxable","15":"purchasable","16":"product-type-simple"},"_links":{"self":[{"href":"https:\/\/autoshine.fi\/sv\/wp-json\/wp\/v2\/product\/1448","targetHints":{"allow":["GET"]}}],"collection":[{"href":"https:\/\/autoshine.fi\/sv\/wp-json\/wp\/v2\/product"}],"about":[{"href":"https:\/\/autoshine.fi\/sv\/wp-json\/wp\/v2\/types\/product"}],"replies":[{"embeddable":true,"href":"https:\/\/autoshine.fi\/sv\/wp-json\/wp\/v2\/comments?post=1448"}],"wp:featuredmedia":[{"embeddable":true,"href":"https:\/\/autoshine.fi\/sv\/wp-json\/wp\/v2\/media\/1449"}],"wp:attachment":[{"href":"https:\/\/autoshine.fi\/sv\/wp-json\/wp\/v2\/media?parent=1448"}],"wp:term":[{"taxonomy":"product_brand","embeddable":true,"href":"https:\/\/autoshine.fi\/sv\/wp-json\/wp\/v2\/product_brand?post=1448"},{"taxonomy":"product_cat","embeddable":true,"href":"https:\/\/autoshine.fi\/sv\/wp-json\/wp\/v2\/product_cat?post=1448"},{"taxonomy":"product_tag","embeddable":true,"href":"https:\/\/autoshine.fi\/sv\/wp-json\/wp\/v2\/product_tag?post=1448"}],"curies":[{"name":"wp","href":"https:\/\/api.w.org\/{rel}","templated":true}]}}