{"id":1475,"date":"2025-06-18T18:08:08","date_gmt":"2025-06-18T15:08:08","guid":{"rendered":"https:\/\/autoshine.fi\/?post_type=product&#038;p=1475"},"modified":"2025-10-27T15:26:17","modified_gmt":"2025-10-27T12:26:17","slug":"apc-monikayttoinen-yleispuhdistusaine-tiiviste-sisa-pesu-interior-dry-cleaning-agent-5-l-110","status":"publish","type":"product","link":"https:\/\/autoshine.fi\/sv\/product\/apc-monikayttoinen-yleispuhdistusaine-tiiviste-sisa-pesu-interior-dry-cleaning-agent-5-l-110\/","title":{"rendered":"APC monik\u00e4ytt\u00f6inen yleispuhdistusaine 1:10, Tiiviste sis\u00e4pesu &#8221;Polychrom 2020 Salon Cleaner&#8221; 5 l."},"content":{"rendered":"<p>SIS\u00c4TILOJEN KUIVAPESUAINE<br \/>\nTiivistetty pesuaine sis\u00e4 tilojen puhdistamiseen useimmista likatyypeist\u00e4. Poistaa tehokkaasti rasvaiset tahrat ja ep\u00e4miellytt\u00e4v\u00e4t hajut. Palauttaa verhoilun v\u00e4rit.<br \/>\nKOOSTUMUS: demineralisoitu vesi, natriumhydroksidi enint\u00e4\u00e4n 5 %, kompleksinmuodostajat alle 5 %, anioninen pinta-aktiivinen aine 5\u201310 %, amfoteerinen pinta-aktiivinen aine alle 5 %, nonioninen pinta-aktiivinen aine 5\u201315 %, orgaaninen liuotin alle 5 %, v\u00e4riaine, aromi.<br \/>\nK\u00c4YTT\u00d6OHJEET: laimenna tiiviste vedell\u00e4 suhteessa 1:4\u20131:10 riippuen lian vaikeudesta. Levit\u00e4 tuote k\u00e4sitelt\u00e4v\u00e4lle pinnalle. Odota muutama minuutti. Hankaa harjalla tai keinomokkanauhalla, kunnes tahrat ja lika ovat kokonaan h\u00e4vinneet. Poista j\u00e4ljell\u00e4 oleva kosteus imurilla tai mikrokuituliinalla.<br \/>\nS\u00c4ILYTYSolosuhteet: s\u00e4ilyt\u00e4 +5 \u00b0C \u2013 +30 \u00b0C:n l\u00e4mp\u00f6tilassa ilman suoraa auringonvaloa.<br \/>\nPARAA P\u00c4IV\u00c4M\u00c4\u00c4R\u00c4: 2 vuotta valmistusp\u00e4iv\u00e4st\u00e4. Er\u00e4numero ja valmistusp\u00e4iv\u00e4 on merkitty pakkaukseen.<br \/>\nVAROITUS: noudata k\u00e4ytt\u00f6- ja s\u00e4ilytysohjeita. Tarkista ennen k\u00e4ytt\u00f6\u00e4 v\u00e4rinmuutosten kest\u00e4vyys huomaamattomalla pinnalla.<br \/>\nTURVALLISUUSOHJEET: Varovasti! S\u00e4ilyt\u00e4 lasten ulottumattomissa. \u00c4l\u00e4 niele. Jos ainetta joutuu iholle tai silmiin, huuhtele juoksevalla vedell\u00e4 ja ota yhteys l\u00e4\u00e4k\u00e4riin. K\u00e4yt\u00e4 henkil\u00f6kohtaisia suojavarusteita k\u00e4yt\u00f6n aikana.<\/p>","protected":false},"excerpt":{"rendered":"<p>SIS\u00c4TILOJEN KUIVAPESUAINE Tiivistetty pesuaine sis\u00e4 tilojen puhdistamiseen useimmista likatyypeist\u00e4. Poistaa tehokkaasti rasvaiset tahrat ja ep\u00e4miellytt\u00e4v\u00e4t hajut. Palauttaa verhoilun v\u00e4rit. KOOSTUMUS: demineralisoitu vesi, natriumhydroksidi enint\u00e4\u00e4n 5 %, kompleksinmuodostajat alle 5 %, anioninen pinta-aktiivinen aine 5\u201310 %, amfoteerinen pinta-aktiivinen aine alle 5 %, nonioninen pinta-aktiivinen aine 5\u201315 %, orgaaninen liuotin alle 5 %, v\u00e4riaine, aromi. K\u00c4YTT\u00d6OHJEET: laimenna [&hellip;]<\/p>","protected":false},"featured_media":1476,"comment_status":"open","ping_status":"closed","template":"","meta":{"site-sidebar-layout":"default","site-content-layout":"","ast-site-content-layout":"default","site-content-style":"default","site-sidebar-style":"default","ast-global-header-display":"","ast-banner-title-visibility":"","ast-main-header-display":"","ast-hfb-above-header-display":"","ast-hfb-below-header-display":"","ast-hfb-mobile-header-display":"","site-post-title":"","ast-breadcrumbs-content":"","ast-featured-img":"","footer-sml-layout":"","theme-transparent-header-meta":"default","adv-header-id-meta":"","stick-header-meta":"","header-above-stick-meta":"","header-main-stick-meta":"","header-below-stick-meta":"","astra-migrate-meta-layouts":"set","ast-page-background-enabled":"default","ast-page-background-meta":{"desktop":{"background-color":"var(--ast-global-color-4)","background-image":"","background-repeat":"repeat","background-position":"center center","background-size":"auto","background-attachment":"scroll","background-type":"","background-media":"","overlay-type":"","overlay-color":"","overlay-opacity":"","overlay-gradient":""},"tablet":{"background-color":"","background-image":"","background-repeat":"repeat","background-position":"center center","background-size":"auto","background-attachment":"scroll","background-type":"","background-media":"","overlay-type":"","overlay-color":"","overlay-opacity":"","overlay-gradient":""},"mobile":{"background-color":"","background-image":"","background-repeat":"repeat","background-position":"center center","background-size":"auto","background-attachment":"scroll","background-type":"","background-media":"","overlay-type":"","overlay-color":"","overlay-opacity":"","overlay-gradient":""}},"ast-content-background-meta":{"desktop":{"background-color":"var(--ast-global-color-5)","background-image":"","background-repeat":"repeat","background-position":"center center","background-size":"auto","background-attachment":"scroll","background-type":"","background-media":"","overlay-type":"","overlay-color":"","overlay-opacity":"","overlay-gradient":""},"tablet":{"background-color":"var(--ast-global-color-5)","background-image":"","background-repeat":"repeat","background-position":"center center","background-size":"auto","background-attachment":"scroll","background-type":"","background-media":"","overlay-type":"","overlay-color":"","overlay-opacity":"","overlay-gradient":""},"mobile":{"background-color":"var(--ast-global-color-5)","background-image":"","background-repeat":"repeat","background-position":"center center","background-size":"auto","background-attachment":"scroll","background-type":"","background-media":"","overlay-type":"","overlay-color":"","overlay-opacity":"","overlay-gradient":""}}},"product_brand":[],"product_cat":[57,59,43],"product_tag":[],"class_list":{"0":"post-1475","1":"product","2":"type-product","3":"status-publish","4":"has-post-thumbnail","6":"product_cat-kankaan-puhdistusaineet","7":"product_cat-kojelaudan-kiillotusaineet","8":"product_cat-sisatila","9":"desktop-align-left","10":"tablet-align-left","11":"mobile-align-center","13":"first","14":"instock","15":"shipping-taxable","16":"purchasable","17":"product-type-simple"},"_links":{"self":[{"href":"https:\/\/autoshine.fi\/sv\/wp-json\/wp\/v2\/product\/1475","targetHints":{"allow":["GET"]}}],"collection":[{"href":"https:\/\/autoshine.fi\/sv\/wp-json\/wp\/v2\/product"}],"about":[{"href":"https:\/\/autoshine.fi\/sv\/wp-json\/wp\/v2\/types\/product"}],"replies":[{"embeddable":true,"href":"https:\/\/autoshine.fi\/sv\/wp-json\/wp\/v2\/comments?post=1475"}],"wp:featuredmedia":[{"embeddable":true,"href":"https:\/\/autoshine.fi\/sv\/wp-json\/wp\/v2\/media\/1476"}],"wp:attachment":[{"href":"https:\/\/autoshine.fi\/sv\/wp-json\/wp\/v2\/media?parent=1475"}],"wp:term":[{"taxonomy":"product_brand","embeddable":true,"href":"https:\/\/autoshine.fi\/sv\/wp-json\/wp\/v2\/product_brand?post=1475"},{"taxonomy":"product_cat","embeddable":true,"href":"https:\/\/autoshine.fi\/sv\/wp-json\/wp\/v2\/product_cat?post=1475"},{"taxonomy":"product_tag","embeddable":true,"href":"https:\/\/autoshine.fi\/sv\/wp-json\/wp\/v2\/product_tag?post=1475"}],"curies":[{"name":"wp","href":"https:\/\/api.w.org\/{rel}","templated":true}]}}