{"id":1529,"date":"2025-06-18T20:02:43","date_gmt":"2025-06-18T17:02:43","guid":{"rendered":"https:\/\/autoshine.fi\/?post_type=product&#038;p=1529"},"modified":"2025-10-27T13:50:34","modified_gmt":"2025-10-27T10:50:34","slug":"tiivistetty-moottorin-pintojen-puhdistusaine-1-kg","status":"publish","type":"product","link":"https:\/\/autoshine.fi\/sv\/product\/tiivistetty-moottorin-pintojen-puhdistusaine-1-kg\/","title":{"rendered":"KESKITETTY MOOTTORIN PINTA-PUHDISTUSAINE &#8221;Polychrom 2020 Concentrated Engine Cleaner&#8221;, 1,1 kg"},"content":{"rendered":"<div class=\"c-accordion-item__content h-styled-content c-product__description\">\n<div id=\"description-collapsible\" class=\"c-product__description-container\">\n<p>KESKITETTY MOOTTORIN PINTA-PUHDISTUSAINE<br \/>\nMoottorin pinnalta poistetaan tehokkaasti ja nopeasti moottori\u00f6ljyj\u00e4\u00e4m\u00e4t, tekniset nesteet ja muu lika. Ei vahingoita kumia ja muovia. Suojaa metallipintoja korroosiolta. Ei sis\u00e4ll\u00e4 vaarallisia ja haitallisia liuottimia.<br \/>\nKOOSTUMUS: demineralisoitu vesi, natriumhydroksidi 5\u201310 %, kompleksoni 5\u201310 %, amfoteerinen pinta-aktiivinen aine 5\u201310 %, ioniton pinta-aktiivinen aine 5\u201315 %, orgaaninen liuotin 5\u201310 %, v\u00e4riaine.<br \/>\nK\u00c4YTT\u00d6OHJEET: tiiviste on laimennettava vedell\u00e4: 1:5\u20131:8 vaahtosarjoille tai matalapaineiselle vaahtogeneraattorille ruiskulla; 1:50\u20131:80 matalapaineiselle vaahtogeneraattorille. Suihkuta valmis liuos pinnalle, odota 1\u20132 minuuttia, kunnes neste liuottaa lian, k\u00e4sittele vaikeat likaantumat harjalla. \u00c4l\u00e4 anna kuivua puhdistettavalle pinnalle. K\u00e4yt\u00e4 kylm\u00e4ll\u00e4 moottorilla.<br \/>\nS\u00c4ILYTYSolosuhteet: s\u00e4ilyt\u00e4 +5 \u00b0C \u2013 +30 \u00b0C:n l\u00e4mp\u00f6tilassa ilman suoraa auringonvaloa.<br \/>\nPARAA P\u00c4IV\u00c4M\u00c4\u00c4R\u00c4: 2 vuotta valmistusp\u00e4iv\u00e4st\u00e4. Er\u00e4numero ja valmistusp\u00e4iv\u00e4 on merkitty pakkaukseen.<br \/>\nVAROITUS: noudata k\u00e4ytt\u00f6- ja s\u00e4ilytysohjeita.<br \/>\nTURVALLISUUSOHJEET: Varovasti! S\u00e4ilyt\u00e4 lasten ulottumattomissa. \u00c4l\u00e4 niele. Jos ainetta joutuu iholle tai silmiin, huuhtele juoksevalla vedell\u00e4 ja ota yhteys l\u00e4\u00e4k\u00e4riin. K\u00e4yt\u00e4 henkil\u00f6kohtaisia suojavarusteita k\u00e4yt\u00f6n aikana.<\/p>\n<\/div>\n<\/div>","protected":false},"excerpt":{"rendered":"<p>KESKITETTY MOOTTORIN PINTA-PUHDISTUSAINE Moottorin pinnalta poistetaan tehokkaasti ja nopeasti moottori\u00f6ljyj\u00e4\u00e4m\u00e4t, tekniset nesteet ja muu lika. Ei vahingoita kumia ja muovia. Suojaa metallipintoja korroosiolta. Ei sis\u00e4ll\u00e4 vaarallisia ja haitallisia liuottimia. KOOSTUMUS: demineralisoitu vesi, natriumhydroksidi 5\u201310 %, kompleksoni 5\u201310 %, amfoteerinen pinta-aktiivinen aine 5\u201310 %, ioniton pinta-aktiivinen aine 5\u201315 %, orgaaninen liuotin 5\u201310 %, v\u00e4riaine. K\u00c4YTT\u00d6OHJEET: tiiviste [&hellip;]<\/p>","protected":false},"featured_media":1932,"comment_status":"open","ping_status":"closed","template":"","meta":{"site-sidebar-layout":"default","site-content-layout":"","ast-site-content-layout":"default","site-content-style":"default","site-sidebar-style":"default","ast-global-header-display":"","ast-banner-title-visibility":"","ast-main-header-display":"","ast-hfb-above-header-display":"","ast-hfb-below-header-display":"","ast-hfb-mobile-header-display":"","site-post-title":"","ast-breadcrumbs-content":"","ast-featured-img":"","footer-sml-layout":"","theme-transparent-header-meta":"default","adv-header-id-meta":"","stick-header-meta":"","header-above-stick-meta":"","header-main-stick-meta":"","header-below-stick-meta":"","astra-migrate-meta-layouts":"set","ast-page-background-enabled":"default","ast-page-background-meta":{"desktop":{"background-color":"var(--ast-global-color-4)","background-image":"","background-repeat":"repeat","background-position":"center center","background-size":"auto","background-attachment":"scroll","background-type":"","background-media":"","overlay-type":"","overlay-color":"","overlay-opacity":"","overlay-gradient":""},"tablet":{"background-color":"","background-image":"","background-repeat":"repeat","background-position":"center center","background-size":"auto","background-attachment":"scroll","background-type":"","background-media":"","overlay-type":"","overlay-color":"","overlay-opacity":"","overlay-gradient":""},"mobile":{"background-color":"","background-image":"","background-repeat":"repeat","background-position":"center center","background-size":"auto","background-attachment":"scroll","background-type":"","background-media":"","overlay-type":"","overlay-color":"","overlay-opacity":"","overlay-gradient":""}},"ast-content-background-meta":{"desktop":{"background-color":"var(--ast-global-color-5)","background-image":"","background-repeat":"repeat","background-position":"center center","background-size":"auto","background-attachment":"scroll","background-type":"","background-media":"","overlay-type":"","overlay-color":"","overlay-opacity":"","overlay-gradient":""},"tablet":{"background-color":"var(--ast-global-color-5)","background-image":"","background-repeat":"repeat","background-position":"center center","background-size":"auto","background-attachment":"scroll","background-type":"","background-media":"","overlay-type":"","overlay-color":"","overlay-opacity":"","overlay-gradient":""},"mobile":{"background-color":"var(--ast-global-color-5)","background-image":"","background-repeat":"repeat","background-position":"center center","background-size":"auto","background-attachment":"scroll","background-type":"","background-media":"","overlay-type":"","overlay-color":"","overlay-opacity":"","overlay-gradient":""}}},"product_brand":[],"product_cat":[60,46],"product_tag":[],"class_list":{"0":"post-1529","1":"product","2":"type-product","3":"status-publish","4":"has-post-thumbnail","6":"product_cat-moottorin-ulkopuolen-puhdistusaineet","7":"product_cat-moottoritila","8":"desktop-align-left","9":"tablet-align-left","10":"mobile-align-center","12":"first","13":"instock","14":"shipping-taxable","15":"purchasable","16":"product-type-simple"},"_links":{"self":[{"href":"https:\/\/autoshine.fi\/sv\/wp-json\/wp\/v2\/product\/1529","targetHints":{"allow":["GET"]}}],"collection":[{"href":"https:\/\/autoshine.fi\/sv\/wp-json\/wp\/v2\/product"}],"about":[{"href":"https:\/\/autoshine.fi\/sv\/wp-json\/wp\/v2\/types\/product"}],"replies":[{"embeddable":true,"href":"https:\/\/autoshine.fi\/sv\/wp-json\/wp\/v2\/comments?post=1529"}],"wp:featuredmedia":[{"embeddable":true,"href":"https:\/\/autoshine.fi\/sv\/wp-json\/wp\/v2\/media\/1932"}],"wp:attachment":[{"href":"https:\/\/autoshine.fi\/sv\/wp-json\/wp\/v2\/media?parent=1529"}],"wp:term":[{"taxonomy":"product_brand","embeddable":true,"href":"https:\/\/autoshine.fi\/sv\/wp-json\/wp\/v2\/product_brand?post=1529"},{"taxonomy":"product_cat","embeddable":true,"href":"https:\/\/autoshine.fi\/sv\/wp-json\/wp\/v2\/product_cat?post=1529"},{"taxonomy":"product_tag","embeddable":true,"href":"https:\/\/autoshine.fi\/sv\/wp-json\/wp\/v2\/product_tag?post=1529"}],"curies":[{"name":"wp","href":"https:\/\/api.w.org\/{rel}","templated":true}]}}