{"id":1545,"date":"2025-06-18T20:58:14","date_gmt":"2025-06-18T17:58:14","guid":{"rendered":"https:\/\/autoshine.fi\/?post_type=product&#038;p=1545"},"modified":"2025-10-27T13:40:21","modified_gmt":"2025-10-27T10:40:21","slug":"lasinpesuaine-5l","status":"publish","type":"product","link":"https:\/\/autoshine.fi\/sv\/product\/lasinpesuaine-5l\/","title":{"rendered":"Lasinpesuaine &#8221;Polychrom 2020 Clean Glass&#8221; 5l"},"content":{"rendered":"<p><b>LASINPUHDISTUSAINE<\/b><b><br \/>\n<\/b><span style=\"font-weight: 400;\">Puhdistusaine lasille, peileille, ikkunoille, kromiosille ja l\u00e4pin\u00e4kyville muovipinnoille sek\u00e4 lasip\u00f6ydille ja vitriineille. Ei j\u00e4t\u00e4 raitoja ja antaa pinnoille antistaattiset ominaisuudet. Poistaa kaiken lian, kuten sormenj\u00e4ljet, hy\u00f6nteisten j\u00e4\u00e4nteet, vesi-, suola- ja p\u00f6lytahrat.<\/span><\/p>\n<p><b>AINESOSAT<\/b><span style=\"font-weight: 400;\">: demineralisoitu vesi, orgaaninen liuotin 5\u201315 %, ioniton pinta-aktiivinen aine alle 5 %, v\u00e4riaine, hajuste.<\/span><span style=\"font-weight: 400;\"><br \/>\n<\/span><b>K\u00c4YTT\u00d6OHJE<\/b><span style=\"font-weight: 400;\">: Suihkuta tuotetta puhdistettavalle pinnalle 15\u201320 cmet\u00e4isyydelt\u00e4. Jos lika on voimakasta, anna vaikuttaa 1\u20132 minuuttia, mutta \u00e4l\u00e4 anna kuivua. Pyyhi kuivalla, nukkaamattomalla liinalla, kunnes pinta on t\u00e4ysin kuiva.<\/span><\/p>\n<p><b>S\u00c4ILYTYSOLOSUHTEET<\/b><span style=\"font-weight: 400;\">: S\u00e4ilyt\u00e4 +5 \u00b0C ja +30 \u00b0C v\u00e4lill\u00e4 ilman suoraa auringonvaloa.<\/span><\/p>\n<p><b>S\u00c4ILYVYYS<\/b><span style=\"font-weight: 400;\">: 2 vuotta valmistusp\u00e4iv\u00e4st\u00e4. Er\u00e4numero ja valmistusp\u00e4iv\u00e4 on merkitty pakkaukseen.<\/span><\/p>\n<p><b>VAROITUS<\/b><span style=\"font-weight: 400;\">: Noudata k\u00e4ytt\u00f6- ja s\u00e4ilytysohjeita.<\/span><\/p>\n<p><b>TURVALLISUUSOHJEET<\/b><span style=\"font-weight: 400;\">: S\u00e4ilytett\u00e4v\u00e4 lasten ulottumattomissa. Ei saa niell\u00e4. Jos tuotetta joutuu iholle tai silmiin, huuhtele vedell\u00e4. Tarvittaessa hakeudu l\u00e4\u00e4k\u00e4riin. K\u00e4yt\u00e4 henkil\u00f6kohtaisia suojavarusteita.<\/span><\/p>","protected":false},"excerpt":{"rendered":"<p>LASINPUHDISTUSAINE Puhdistusaine lasille, peileille, ikkunoille, kromiosille ja l\u00e4pin\u00e4kyville muovipinnoille sek\u00e4 lasip\u00f6ydille ja vitriineille. Ei j\u00e4t\u00e4 raitoja ja antaa pinnoille antistaattiset ominaisuudet. Poistaa kaiken lian, kuten sormenj\u00e4ljet, hy\u00f6nteisten j\u00e4\u00e4nteet, vesi-, suola- ja p\u00f6lytahrat. AINESOSAT: demineralisoitu vesi, orgaaninen liuotin 5\u201315 %, ioniton pinta-aktiivinen aine alle 5 %, v\u00e4riaine, hajuste. K\u00c4YTT\u00d6OHJE: Suihkuta tuotetta puhdistettavalle pinnalle 15\u201320 cmet\u00e4isyydelt\u00e4. Jos [&hellip;]<\/p>","protected":false},"featured_media":1546,"comment_status":"open","ping_status":"closed","template":"","meta":{"site-sidebar-layout":"default","site-content-layout":"","ast-site-content-layout":"default","site-content-style":"default","site-sidebar-style":"default","ast-global-header-display":"","ast-banner-title-visibility":"","ast-main-header-display":"","ast-hfb-above-header-display":"","ast-hfb-below-header-display":"","ast-hfb-mobile-header-display":"","site-post-title":"","ast-breadcrumbs-content":"","ast-featured-img":"","footer-sml-layout":"","theme-transparent-header-meta":"default","adv-header-id-meta":"","stick-header-meta":"","header-above-stick-meta":"","header-main-stick-meta":"","header-below-stick-meta":"","astra-migrate-meta-layouts":"set","ast-page-background-enabled":"default","ast-page-background-meta":{"desktop":{"background-color":"var(--ast-global-color-4)","background-image":"","background-repeat":"repeat","background-position":"center center","background-size":"auto","background-attachment":"scroll","background-type":"","background-media":"","overlay-type":"","overlay-color":"","overlay-opacity":"","overlay-gradient":""},"tablet":{"background-color":"","background-image":"","background-repeat":"repeat","background-position":"center center","background-size":"auto","background-attachment":"scroll","background-type":"","background-media":"","overlay-type":"","overlay-color":"","overlay-opacity":"","overlay-gradient":""},"mobile":{"background-color":"","background-image":"","background-repeat":"repeat","background-position":"center center","background-size":"auto","background-attachment":"scroll","background-type":"","background-media":"","overlay-type":"","overlay-color":"","overlay-opacity":"","overlay-gradient":""}},"ast-content-background-meta":{"desktop":{"background-color":"var(--ast-global-color-5)","background-image":"","background-repeat":"repeat","background-position":"center center","background-size":"auto","background-attachment":"scroll","background-type":"","background-media":"","overlay-type":"","overlay-color":"","overlay-opacity":"","overlay-gradient":""},"tablet":{"background-color":"var(--ast-global-color-5)","background-image":"","background-repeat":"repeat","background-position":"center center","background-size":"auto","background-attachment":"scroll","background-type":"","background-media":"","overlay-type":"","overlay-color":"","overlay-opacity":"","overlay-gradient":""},"mobile":{"background-color":"var(--ast-global-color-5)","background-image":"","background-repeat":"repeat","background-position":"center center","background-size":"auto","background-attachment":"scroll","background-type":"","background-media":"","overlay-type":"","overlay-color":"","overlay-opacity":"","overlay-gradient":""}}},"product_brand":[],"product_cat":[44],"product_tag":[],"class_list":{"0":"post-1545","1":"product","2":"type-product","3":"status-publish","4":"has-post-thumbnail","6":"product_cat-lasit","7":"desktop-align-left","8":"tablet-align-left","9":"mobile-align-center","11":"first","12":"instock","13":"shipping-taxable","14":"purchasable","15":"product-type-simple"},"_links":{"self":[{"href":"https:\/\/autoshine.fi\/sv\/wp-json\/wp\/v2\/product\/1545","targetHints":{"allow":["GET"]}}],"collection":[{"href":"https:\/\/autoshine.fi\/sv\/wp-json\/wp\/v2\/product"}],"about":[{"href":"https:\/\/autoshine.fi\/sv\/wp-json\/wp\/v2\/types\/product"}],"replies":[{"embeddable":true,"href":"https:\/\/autoshine.fi\/sv\/wp-json\/wp\/v2\/comments?post=1545"}],"wp:featuredmedia":[{"embeddable":true,"href":"https:\/\/autoshine.fi\/sv\/wp-json\/wp\/v2\/media\/1546"}],"wp:attachment":[{"href":"https:\/\/autoshine.fi\/sv\/wp-json\/wp\/v2\/media?parent=1545"}],"wp:term":[{"taxonomy":"product_brand","embeddable":true,"href":"https:\/\/autoshine.fi\/sv\/wp-json\/wp\/v2\/product_brand?post=1545"},{"taxonomy":"product_cat","embeddable":true,"href":"https:\/\/autoshine.fi\/sv\/wp-json\/wp\/v2\/product_cat?post=1545"},{"taxonomy":"product_tag","embeddable":true,"href":"https:\/\/autoshine.fi\/sv\/wp-json\/wp\/v2\/product_tag?post=1545"}],"curies":[{"name":"wp","href":"https:\/\/api.w.org\/{rel}","templated":true}]}}