{"id":1547,"date":"2025-06-18T21:00:00","date_gmt":"2025-06-18T18:00:00","guid":{"rendered":"https:\/\/autoshine.fi\/?post_type=product&#038;p=1547"},"modified":"2025-10-27T13:38:19","modified_gmt":"2025-10-27T10:38:19","slug":"erittain-tiivis-vaha1200-pikavaha-kevytvaha-jossa-on-kirsikan-maku-1l","status":"publish","type":"product","link":"https:\/\/autoshine.fi\/sv\/product\/erittain-tiivis-vaha1200-pikavaha-kevytvaha-jossa-on-kirsikan-maku-1l\/","title":{"rendered":"ERITT\u00c4IN TIIVIS VAHA(1:200), pikavaha, kevytvaha, kirsikkan tuoksu &#8221;Polychrom 2020 Cherry Wax&#8221;, 1l"},"content":{"rendered":"<div class=\"c-accordion-item__content h-styled-content c-product__description\">\n<div id=\"description-collapsible\" class=\"c-product__description-container\">\n<p><span style=\"font-weight: 400;\">Autovaha, jossa on kirsikan tuoksu. Nestem\u00e4inen vaha suojaa ulkoisilta ymp\u00e4rist\u00f6vaikutuksilta. Korkea vett\u00e4hylkivyys nopeuttaa kuivumista pesun j\u00e4lkeen. Antaa kiiltoa ja suojaa muovin, kumin ja lasin samentumiselta. S\u00e4\u00e4nn\u00f6llisell\u00e4 k\u00e4yt\u00f6ll\u00e4 suojaa maalipintaa v\u00e4rimuutoksilta.<\/span><span style=\"font-weight: 400;\"><br \/>\n<\/span><b>AINESOSAT:<\/b><span style=\"font-weight: 400;\"> demineralisoitu vesi, kationiset pinta-aktiiviset aineet 5-15 %, liuotin 5-15 %, ei-ioniset pinta-aktiiviset aineet alle 10 %, aromi, v\u00e4riaine.<\/span><span style=\"font-weight: 400;\"><br \/>\n<\/span><b>K\u00c4YTT\u00d6OHJE:<\/b><span style=\"font-weight: 400;\"> Laimenna tiiviste vedell\u00e4 suhteessa <strong>1:100\u20131:400<\/strong>. Levit\u00e4 tuote ja huuhtele sitten matalapainesuihkulla.<\/span><span style=\"font-weight: 400;\"><br \/>\n<\/span><b>S\u00c4ILYTYSOLOSUHTEET:<\/b><span style=\"font-weight: 400;\"> S\u00e4ilyt\u00e4 +5\u00b0C ja +30\u00b0C v\u00e4lill\u00e4 ilman suoraa auringonvaloa.<\/span><span style=\"font-weight: 400;\"><br \/>\n<\/span><b>S\u00c4ILYTYSAIKA:<\/b><span style=\"font-weight: 400;\"> 2 vuotta valmistusp\u00e4iv\u00e4st\u00e4. Er\u00e4numero ja valmistusp\u00e4iv\u00e4 merkitty pakkaukseen.<\/span><span style=\"font-weight: 400;\"><br \/>\n<\/span><b>VAROITUS:<\/b><span style=\"font-weight: 400;\"> Noudata k\u00e4ytt\u00f6- ja s\u00e4ilytysohjeita.<\/span><span style=\"font-weight: 400;\"><br \/>\n<\/span><b>TURVALLISUUSOHJEET:<\/b><span style=\"font-weight: 400;\"> Varoitus. S\u00e4ilytett\u00e4v\u00e4 lasten ulottumattomissa. Ei saa niell\u00e4. Jos joutuu iholle tai silmiin, huuhtele juoksevalla vedell\u00e4 ja hakeudu tarvittaessa l\u00e4\u00e4k\u00e4riin. K\u00e4ytett\u00e4ess\u00e4 k\u00e4ytett\u00e4v\u00e4 henkil\u00f6kohtaisia suojavarusteita.<\/span><span style=\"font-weight: 400;\"><br \/>\n<\/span><\/p>\n<\/div>\n<\/div>","protected":false},"excerpt":{"rendered":"<p>Autovaha, jossa on kirsikan tuoksu. Nestem\u00e4inen vaha suojaa ulkoisilta ymp\u00e4rist\u00f6vaikutuksilta. Korkea vett\u00e4hylkivyys nopeuttaa kuivumista pesun j\u00e4lkeen. Antaa kiiltoa ja suojaa muovin, kumin ja lasin samentumiselta. S\u00e4\u00e4nn\u00f6llisell\u00e4 k\u00e4yt\u00f6ll\u00e4 suojaa maalipintaa v\u00e4rimuutoksilta. AINESOSAT: demineralisoitu vesi, kationiset pinta-aktiiviset aineet 5-15 %, liuotin 5-15 %, ei-ioniset pinta-aktiiviset aineet alle 10 %, aromi, v\u00e4riaine. K\u00c4YTT\u00d6OHJE: Laimenna tiiviste vedell\u00e4 suhteessa 1:100\u20131:400. [&hellip;]<\/p>","protected":false},"featured_media":1548,"comment_status":"open","ping_status":"closed","template":"","meta":{"site-sidebar-layout":"default","site-content-layout":"","ast-site-content-layout":"default","site-content-style":"default","site-sidebar-style":"default","ast-global-header-display":"","ast-banner-title-visibility":"","ast-main-header-display":"","ast-hfb-above-header-display":"","ast-hfb-below-header-display":"","ast-hfb-mobile-header-display":"","site-post-title":"","ast-breadcrumbs-content":"","ast-featured-img":"","footer-sml-layout":"","theme-transparent-header-meta":"default","adv-header-id-meta":"","stick-header-meta":"","header-above-stick-meta":"","header-main-stick-meta":"","header-below-stick-meta":"","astra-migrate-meta-layouts":"set","ast-page-background-enabled":"default","ast-page-background-meta":{"desktop":{"background-color":"var(--ast-global-color-4)","background-image":"","background-repeat":"repeat","background-position":"center center","background-size":"auto","background-attachment":"scroll","background-type":"","background-media":"","overlay-type":"","overlay-color":"","overlay-opacity":"","overlay-gradient":""},"tablet":{"background-color":"","background-image":"","background-repeat":"repeat","background-position":"center center","background-size":"auto","background-attachment":"scroll","background-type":"","background-media":"","overlay-type":"","overlay-color":"","overlay-opacity":"","overlay-gradient":""},"mobile":{"background-color":"","background-image":"","background-repeat":"repeat","background-position":"center center","background-size":"auto","background-attachment":"scroll","background-type":"","background-media":"","overlay-type":"","overlay-color":"","overlay-opacity":"","overlay-gradient":""}},"ast-content-background-meta":{"desktop":{"background-color":"var(--ast-global-color-5)","background-image":"","background-repeat":"repeat","background-position":"center center","background-size":"auto","background-attachment":"scroll","background-type":"","background-media":"","overlay-type":"","overlay-color":"","overlay-opacity":"","overlay-gradient":""},"tablet":{"background-color":"var(--ast-global-color-5)","background-image":"","background-repeat":"repeat","background-position":"center center","background-size":"auto","background-attachment":"scroll","background-type":"","background-media":"","overlay-type":"","overlay-color":"","overlay-opacity":"","overlay-gradient":""},"mobile":{"background-color":"var(--ast-global-color-5)","background-image":"","background-repeat":"repeat","background-position":"center center","background-size":"auto","background-attachment":"scroll","background-type":"","background-media":"","overlay-type":"","overlay-color":"","overlay-opacity":"","overlay-gradient":""}}},"product_brand":[],"product_cat":[48,42],"product_tag":[],"class_list":{"0":"post-1547","1":"product","2":"type-product","3":"status-publish","4":"has-post-thumbnail","6":"product_cat-autoshampoo","7":"product_cat-ulkopuoli","8":"desktop-align-left","9":"tablet-align-left","10":"mobile-align-center","12":"first","13":"instock","14":"shipping-taxable","15":"purchasable","16":"product-type-simple"},"_links":{"self":[{"href":"https:\/\/autoshine.fi\/sv\/wp-json\/wp\/v2\/product\/1547","targetHints":{"allow":["GET"]}}],"collection":[{"href":"https:\/\/autoshine.fi\/sv\/wp-json\/wp\/v2\/product"}],"about":[{"href":"https:\/\/autoshine.fi\/sv\/wp-json\/wp\/v2\/types\/product"}],"replies":[{"embeddable":true,"href":"https:\/\/autoshine.fi\/sv\/wp-json\/wp\/v2\/comments?post=1547"}],"wp:featuredmedia":[{"embeddable":true,"href":"https:\/\/autoshine.fi\/sv\/wp-json\/wp\/v2\/media\/1548"}],"wp:attachment":[{"href":"https:\/\/autoshine.fi\/sv\/wp-json\/wp\/v2\/media?parent=1547"}],"wp:term":[{"taxonomy":"product_brand","embeddable":true,"href":"https:\/\/autoshine.fi\/sv\/wp-json\/wp\/v2\/product_brand?post=1547"},{"taxonomy":"product_cat","embeddable":true,"href":"https:\/\/autoshine.fi\/sv\/wp-json\/wp\/v2\/product_cat?post=1547"},{"taxonomy":"product_tag","embeddable":true,"href":"https:\/\/autoshine.fi\/sv\/wp-json\/wp\/v2\/product_tag?post=1547"}],"curies":[{"name":"wp","href":"https:\/\/api.w.org\/{rel}","templated":true}]}}