{"id":1554,"date":"2025-06-18T21:09:04","date_gmt":"2025-06-18T18:09:04","guid":{"rendered":"https:\/\/autoshine.fi\/?post_type=product&#038;p=1554"},"modified":"2025-10-27T13:35:29","modified_gmt":"2025-10-27T10:35:29","slug":"tiivistetty-autonpesuaine-esipesu-22-24-kg","status":"publish","type":"product","link":"https:\/\/autoshine.fi\/sv\/product\/tiivistetty-autonpesuaine-esipesu-22-24-kg\/","title":{"rendered":"Tiivistetty autonpesuaine, esipesu &#8221;POLYCHROM 2020 ACTIVE FOAM 22&#8221;, 24 kg"},"content":{"rendered":"<p>KESKITETTY AINE KOSKETUKSETTA PESEEN<br \/>\nPuhdistaa tehokkaasti ja nopeasti pinnan tien p\u00f6lyst\u00e4, polttoaine- tai \u00f6ljytahroista ja hy\u00f6nteisten j\u00e4ljist\u00e4. Antaa pinnalle kiiltoa, ei j\u00e4t\u00e4 raitoja. Turvallinen maalipinnoille, muoville, kumille ja metallipinnoille. Huuhtoutuu helposti.<\/p>\n<p>KOOSTUMUS: demineralisoitu vesi, natriumhydroksidi 5\u201310 %, kompleksinmuodostajat 5\u201315 %, anioninen pinta-aktiivinen aine 5\u201315 %, amfoteerinen pinta-aktiivinen aine 5\u201315 %, ioniton pinta-aktiivinen aine 5\u201315 %, v\u00e4riaine.<\/p>\n<p>K\u00c4YTT\u00d6OHJEET:<br \/>\n1. Tiiviste on laimennettava vedell\u00e4: 1:2\u20131:5 vaahtosarjoille; 01:20\u20131 1:50 matalapaineiselle vaahtogeneraattorille.<br \/>\n2. Valmis liuos voidaan levitt\u00e4\u00e4 kuivalle ajoneuvolle.<br \/>\nVaikutusaika on enint\u00e4\u00e4n kaksi minuuttia. \u00c4l\u00e4 anna kuivua.<br \/>\n3. Tuote on huuhdeltava pois v\u00e4hint\u00e4\u00e4n 5\u20136 atmosf\u00e4\u00e4rin paineella 15\u201320 cm:n et\u00e4isyydelt\u00e4 ja kulmassa pintaan n\u00e4hden.<br \/>\nS\u00c4ILYTYSolosuhteet: s\u00e4ilyt\u00e4 +5 \u00b0C \u2013 +30 \u00b0C:n l\u00e4mp\u00f6tilassa ilman suoraa auringonvaloa.<br \/>\nPARAA P\u00c4IV\u00c4M\u00c4\u00c4R\u00c4: 2 vuotta valmistusp\u00e4iv\u00e4st\u00e4. Er\u00e4numero ja valmistusp\u00e4iv\u00e4 on merkitty pakkaukseen.<br \/>\nVAROITUS: noudata k\u00e4ytt\u00f6- ja s\u00e4ilytysohjeita.<br \/>\nTURVALLISUUSOHJEET: Varovasti! S\u00e4ilyt\u00e4 lasten ulottumattomissa. \u00c4l\u00e4 niele. Jos ainetta joutuu iholle tai silmiin, huuhtele juoksevalla vedell\u00e4 ja ota yhteys l\u00e4\u00e4k\u00e4riin. K\u00e4yt\u00e4 henkil\u00f6kohtaisia suojavarusteita k\u00e4yt\u00f6n aikana.<\/p>","protected":false},"excerpt":{"rendered":"<p>KESKITETTY AINE KOSKETUKSETTA PESEEN Puhdistaa tehokkaasti ja nopeasti pinnan tien p\u00f6lyst\u00e4, polttoaine- tai \u00f6ljytahroista ja hy\u00f6nteisten j\u00e4ljist\u00e4. Antaa pinnalle kiiltoa, ei j\u00e4t\u00e4 raitoja. Turvallinen maalipinnoille, muoville, kumille ja metallipinnoille. Huuhtoutuu helposti. KOOSTUMUS: demineralisoitu vesi, natriumhydroksidi 5\u201310 %, kompleksinmuodostajat 5\u201315 %, anioninen pinta-aktiivinen aine 5\u201315 %, amfoteerinen pinta-aktiivinen aine 5\u201315 %, ioniton pinta-aktiivinen aine 5\u201315 %, [&hellip;]<\/p>","protected":false},"featured_media":1601,"comment_status":"open","ping_status":"closed","template":"","meta":{"site-sidebar-layout":"default","site-content-layout":"","ast-site-content-layout":"default","site-content-style":"default","site-sidebar-style":"default","ast-global-header-display":"","ast-banner-title-visibility":"","ast-main-header-display":"","ast-hfb-above-header-display":"","ast-hfb-below-header-display":"","ast-hfb-mobile-header-display":"","site-post-title":"","ast-breadcrumbs-content":"","ast-featured-img":"","footer-sml-layout":"","theme-transparent-header-meta":"default","adv-header-id-meta":"","stick-header-meta":"","header-above-stick-meta":"","header-main-stick-meta":"","header-below-stick-meta":"","astra-migrate-meta-layouts":"set","ast-page-background-enabled":"default","ast-page-background-meta":{"desktop":{"background-color":"var(--ast-global-color-4)","background-image":"","background-repeat":"repeat","background-position":"center center","background-size":"auto","background-attachment":"scroll","background-type":"","background-media":"","overlay-type":"","overlay-color":"","overlay-opacity":"","overlay-gradient":""},"tablet":{"background-color":"","background-image":"","background-repeat":"repeat","background-position":"center center","background-size":"auto","background-attachment":"scroll","background-type":"","background-media":"","overlay-type":"","overlay-color":"","overlay-opacity":"","overlay-gradient":""},"mobile":{"background-color":"","background-image":"","background-repeat":"repeat","background-position":"center center","background-size":"auto","background-attachment":"scroll","background-type":"","background-media":"","overlay-type":"","overlay-color":"","overlay-opacity":"","overlay-gradient":""}},"ast-content-background-meta":{"desktop":{"background-color":"var(--ast-global-color-5)","background-image":"","background-repeat":"repeat","background-position":"center center","background-size":"auto","background-attachment":"scroll","background-type":"","background-media":"","overlay-type":"","overlay-color":"","overlay-opacity":"","overlay-gradient":""},"tablet":{"background-color":"var(--ast-global-color-5)","background-image":"","background-repeat":"repeat","background-position":"center center","background-size":"auto","background-attachment":"scroll","background-type":"","background-media":"","overlay-type":"","overlay-color":"","overlay-opacity":"","overlay-gradient":""},"mobile":{"background-color":"var(--ast-global-color-5)","background-image":"","background-repeat":"repeat","background-position":"center center","background-size":"auto","background-attachment":"scroll","background-type":"","background-media":"","overlay-type":"","overlay-color":"","overlay-opacity":"","overlay-gradient":""}}},"product_brand":[],"product_cat":[47,42],"product_tag":[],"class_list":{"0":"post-1554","1":"product","2":"type-product","3":"status-publish","4":"has-post-thumbnail","6":"product_cat-aktiivivaahto","7":"product_cat-ulkopuoli","8":"desktop-align-left","9":"tablet-align-left","10":"mobile-align-center","12":"first","13":"instock","14":"sale","15":"shipping-taxable","16":"purchasable","17":"product-type-simple"},"_links":{"self":[{"href":"https:\/\/autoshine.fi\/sv\/wp-json\/wp\/v2\/product\/1554","targetHints":{"allow":["GET"]}}],"collection":[{"href":"https:\/\/autoshine.fi\/sv\/wp-json\/wp\/v2\/product"}],"about":[{"href":"https:\/\/autoshine.fi\/sv\/wp-json\/wp\/v2\/types\/product"}],"replies":[{"embeddable":true,"href":"https:\/\/autoshine.fi\/sv\/wp-json\/wp\/v2\/comments?post=1554"}],"wp:featuredmedia":[{"embeddable":true,"href":"https:\/\/autoshine.fi\/sv\/wp-json\/wp\/v2\/media\/1601"}],"wp:attachment":[{"href":"https:\/\/autoshine.fi\/sv\/wp-json\/wp\/v2\/media?parent=1554"}],"wp:term":[{"taxonomy":"product_brand","embeddable":true,"href":"https:\/\/autoshine.fi\/sv\/wp-json\/wp\/v2\/product_brand?post=1554"},{"taxonomy":"product_cat","embeddable":true,"href":"https:\/\/autoshine.fi\/sv\/wp-json\/wp\/v2\/product_cat?post=1554"},{"taxonomy":"product_tag","embeddable":true,"href":"https:\/\/autoshine.fi\/sv\/wp-json\/wp\/v2\/product_tag?post=1554"}],"curies":[{"name":"wp","href":"https:\/\/api.w.org\/{rel}","templated":true}]}}