{"id":1572,"date":"2025-06-18T21:40:23","date_gmt":"2025-06-18T18:40:23","guid":{"rendered":"https:\/\/autoshine.fi\/?post_type=product&#038;p=1572"},"modified":"2026-04-02T12:48:24","modified_gmt":"2026-04-02T09:48:24","slug":"esipesu-44-5-kg","status":"publish","type":"product","link":"https:\/\/autoshine.fi\/sv\/product\/esipesu-44-5-kg\/","title":{"rendered":"AKTIIVIVAAHTO &#8221;Polychrom 2020 Active Foam 44&#8221;, 5 kg"},"content":{"rendered":"<p><span style=\"font-weight: 400;\">TIIVISTETTY KOSKETUKSETON PUHDISTUSAINE KOVAA VETT\u00c4 SIS\u00c4LT\u00c4V\u00c4LLE VEDELLE.<\/span><\/p>\n<p><span style=\"font-weight: 400;\">T\u00e4m\u00e4n tuotteen erityispiirteen\u00e4 on mahdollisuus k\u00e4ytt\u00e4\u00e4 sit\u00e4 tehokkaasti silloin, kun ty\u00f6skennell\u00e4\u00e4n veden kanssa, jota ei ole suodatettu asianmukaisesti tai jonka kemiallinen koostumus on ep\u00e4vakaa. Tuote torjuu tehokkaasti erityyppisi\u00e4 ep\u00e4puhtauksia vahingoittamatta maalipintaa.<\/span><\/p>\n<p><span style=\"font-weight: 400;\">AINESOSAT: demineralisoitu vesi, natriumhydroksidi 5-10 %, kompleksit 5-10 %, anioninen pinta-aktiivinen aine 5-15 %, amfoteerinen pinta-aktiivinen aine 5-15 %, ei-ioninen pinta-aktiivinen aine 5-15 %, v\u00e4riaine.<\/span><\/p>\n<p><span style=\"font-weight: 400;\">K\u00c4YTT\u00d6TAPA:<\/span><\/p>\n<ol>\n<li><span style=\"font-weight: 400;\"> Ty\u00f6n aloittamiseksi tiiviste on laimennettava vedell\u00e4 1:5-1:8 vaahtosarjojen osalta, kun ty\u00f6skennell\u00e4\u00e4n matalapaineisella vaahtogeneraattorilla, laimennetaan 1:50-1:80.<\/span><\/li>\n<li><span style=\"font-weight: 400;\"> Valmis liuos voidaan levitt\u00e4\u00e4 kuivaan autoon.\u00a0<\/span><\/li>\n<\/ol>\n<p><span style=\"font-weight: 400;\">Aktiivisen vaikutuksen kesto on enint\u00e4\u00e4n kaksi minuuttia. \u00c4l\u00e4 anna kuivua.<\/span><\/p>\n<ol start=\"3\">\n<li><span style=\"font-weight: 400;\"> Tuote on pest\u00e4v\u00e4 pois vesisuihkulla v\u00e4hint\u00e4\u00e4n 5-6 ilmakeh\u00e4n paineella 15-20 cm:n et\u00e4isyydelt\u00e4 ja vinosti pintaan n\u00e4hden.\u00a0<\/span><\/li>\n<\/ol>\n<p><span style=\"font-weight: 400;\">S\u00c4ILYTYSOLOSUHTEET: S\u00e4ilyt\u00e4 +5\u00b0C ja +30\u00b0C v\u00e4lisess\u00e4 l\u00e4mp\u00f6tilassa ilman suoraa auringonvaloa.<\/span><\/p>\n<p><span style=\"font-weight: 400;\">S\u00c4ILYVYYSAIKA: 2 vuotta valmistusp\u00e4iv\u00e4st\u00e4. Er\u00e4numero ja valmistusp\u00e4iv\u00e4 on merkitty pakkaukseen.<\/span><\/p>\n<p><span style=\"font-weight: 400;\">VAROITUKSET: Noudata k\u00e4ytt\u00f6- ja s\u00e4ilytysohjeita.\u00a0<\/span><\/p>\n<p><span style=\"font-weight: 400;\">TURVALLISUUSOHJEET:\u00a0 Varoitus. S\u00e4ilytett\u00e4v\u00e4 lasten ulottumattomissa. Ei saa niell\u00e4. Jos joutuu iholle tai silmiin, huuhtele juoksevalla vedell\u00e4, hakeudu tarvittaessa l\u00e4\u00e4k\u00e4riin. K\u00e4yt\u00e4 henkil\u00f6kohtaisia suojavarusteita k\u00e4ytett\u00e4ess\u00e4.<\/span><\/p>","protected":false},"excerpt":{"rendered":"<p>TIIVISTETTY KOSKETUKSETON PUHDISTUSAINE KOVAA VETT\u00c4 SIS\u00c4LT\u00c4V\u00c4LLE VEDELLE. T\u00e4m\u00e4n tuotteen erityispiirteen\u00e4 on mahdollisuus k\u00e4ytt\u00e4\u00e4 sit\u00e4 tehokkaasti silloin, kun ty\u00f6skennell\u00e4\u00e4n veden kanssa, jota ei ole suodatettu asianmukaisesti tai jonka kemiallinen koostumus on ep\u00e4vakaa. Tuote torjuu tehokkaasti erityyppisi\u00e4 ep\u00e4puhtauksia vahingoittamatta maalipintaa. AINESOSAT: demineralisoitu vesi, natriumhydroksidi 5-10 %, kompleksit 5-10 %, anioninen pinta-aktiivinen aine 5-15 %, amfoteerinen pinta-aktiivinen aine [&hellip;]<\/p>","protected":false},"featured_media":1603,"comment_status":"open","ping_status":"closed","template":"","meta":{"site-sidebar-layout":"default","site-content-layout":"","ast-site-content-layout":"default","site-content-style":"default","site-sidebar-style":"default","ast-global-header-display":"","ast-banner-title-visibility":"","ast-main-header-display":"","ast-hfb-above-header-display":"","ast-hfb-below-header-display":"","ast-hfb-mobile-header-display":"","site-post-title":"","ast-breadcrumbs-content":"","ast-featured-img":"","footer-sml-layout":"","theme-transparent-header-meta":"default","adv-header-id-meta":"","stick-header-meta":"","header-above-stick-meta":"","header-main-stick-meta":"","header-below-stick-meta":"","astra-migrate-meta-layouts":"set","ast-page-background-enabled":"default","ast-page-background-meta":{"desktop":{"background-color":"var(--ast-global-color-4)","background-image":"","background-repeat":"repeat","background-position":"center center","background-size":"auto","background-attachment":"scroll","background-type":"","background-media":"","overlay-type":"","overlay-color":"","overlay-opacity":"","overlay-gradient":""},"tablet":{"background-color":"","background-image":"","background-repeat":"repeat","background-position":"center center","background-size":"auto","background-attachment":"scroll","background-type":"","background-media":"","overlay-type":"","overlay-color":"","overlay-opacity":"","overlay-gradient":""},"mobile":{"background-color":"","background-image":"","background-repeat":"repeat","background-position":"center center","background-size":"auto","background-attachment":"scroll","background-type":"","background-media":"","overlay-type":"","overlay-color":"","overlay-opacity":"","overlay-gradient":""}},"ast-content-background-meta":{"desktop":{"background-color":"var(--ast-global-color-5)","background-image":"","background-repeat":"repeat","background-position":"center center","background-size":"auto","background-attachment":"scroll","background-type":"","background-media":"","overlay-type":"","overlay-color":"","overlay-opacity":"","overlay-gradient":""},"tablet":{"background-color":"var(--ast-global-color-5)","background-image":"","background-repeat":"repeat","background-position":"center center","background-size":"auto","background-attachment":"scroll","background-type":"","background-media":"","overlay-type":"","overlay-color":"","overlay-opacity":"","overlay-gradient":""},"mobile":{"background-color":"var(--ast-global-color-5)","background-image":"","background-repeat":"repeat","background-position":"center center","background-size":"auto","background-attachment":"scroll","background-type":"","background-media":"","overlay-type":"","overlay-color":"","overlay-opacity":"","overlay-gradient":""}}},"product_brand":[],"product_cat":[47,42],"product_tag":[],"class_list":{"0":"post-1572","1":"product","2":"type-product","3":"status-publish","4":"has-post-thumbnail","6":"product_cat-aktiivivaahto","7":"product_cat-ulkopuoli","8":"desktop-align-left","9":"tablet-align-left","10":"mobile-align-center","12":"first","13":"instock","14":"shipping-taxable","15":"purchasable","16":"product-type-simple"},"_links":{"self":[{"href":"https:\/\/autoshine.fi\/sv\/wp-json\/wp\/v2\/product\/1572","targetHints":{"allow":["GET"]}}],"collection":[{"href":"https:\/\/autoshine.fi\/sv\/wp-json\/wp\/v2\/product"}],"about":[{"href":"https:\/\/autoshine.fi\/sv\/wp-json\/wp\/v2\/types\/product"}],"replies":[{"embeddable":true,"href":"https:\/\/autoshine.fi\/sv\/wp-json\/wp\/v2\/comments?post=1572"}],"wp:featuredmedia":[{"embeddable":true,"href":"https:\/\/autoshine.fi\/sv\/wp-json\/wp\/v2\/media\/1603"}],"wp:attachment":[{"href":"https:\/\/autoshine.fi\/sv\/wp-json\/wp\/v2\/media?parent=1572"}],"wp:term":[{"taxonomy":"product_brand","embeddable":true,"href":"https:\/\/autoshine.fi\/sv\/wp-json\/wp\/v2\/product_brand?post=1572"},{"taxonomy":"product_cat","embeddable":true,"href":"https:\/\/autoshine.fi\/sv\/wp-json\/wp\/v2\/product_cat?post=1572"},{"taxonomy":"product_tag","embeddable":true,"href":"https:\/\/autoshine.fi\/sv\/wp-json\/wp\/v2\/product_tag?post=1572"}],"curies":[{"name":"wp","href":"https:\/\/api.w.org\/{rel}","templated":true}]}}