{"id":1579,"date":"2025-06-25T19:58:47","date_gmt":"2025-06-25T16:58:47","guid":{"rendered":"https:\/\/autoshine.fi\/?post_type=product&#038;p=1579"},"modified":"2025-10-27T13:18:03","modified_gmt":"2025-10-27T10:18:03","slug":"aktiivivaahto-77-1kg","status":"publish","type":"product","link":"https:\/\/autoshine.fi\/sv\/product\/aktiivivaahto-77-1kg\/","title":{"rendered":"AKTIIVIVAAHTO 77 &#8221;Polychrom 2020 Active Foam 77&#8221;, 1kg"},"content":{"rendered":"<p data-start=\"88\" data-end=\"336\">Tuote kuuluu premium-luokkaan, ja sille on ominaista tehokkaat puhdistusominaisuudet sek\u00e4 korkea aktiivisten aineiden pitoisuus. Poistaa tehokkaasti tien p\u00f6lyn, polttoaineen tai \u00f6ljyn aiheuttamat ep\u00e4puhtaudet sek\u00e4 hy\u00f6nteisj\u00e4\u00e4m\u00e4t ajoneuvon pinnalta.<\/p>\n<p data-start=\"338\" data-end=\"357\"><strong data-start=\"338\" data-end=\"355\">K\u00c4YTT\u00d6OHJEET:<\/strong><\/p>\n<ol data-start=\"358\" data-end=\"745\" data-is-last-node=\"\" data-is-only-node=\"\">\n<li data-start=\"358\" data-end=\"487\">\n<p data-start=\"361\" data-end=\"487\">Tiiviste laimennetaan vedell\u00e4: suhteessa 1:9\u20131:12 vaahdottimiin, suhteessa 1:90\u20131:120 matalapaineiseen vaahdotuslaitteeseen.<\/p>\n<\/li>\n<li data-start=\"488\" data-end=\"616\">\n<p data-start=\"491\" data-end=\"616\">Valmis liuos voidaan levitt\u00e4\u00e4 kuivalle ajoneuvolle. Vaikutusaika on enint\u00e4\u00e4n kaksi minuuttia. Ei saa antaa kuivua pinnalle.<\/p>\n<\/li>\n<li data-start=\"617\" data-end=\"745\" data-is-last-node=\"\">\n<p data-start=\"620\" data-end=\"745\" data-is-last-node=\"\">Tuote tulee huuhdella pois v\u00e4hint\u00e4\u00e4n 5\u20136 ilmakeh\u00e4n paineisella vesivirralla, 15\u201320 cm et\u00e4isyydelt\u00e4 ja vinosti pintaan n\u00e4hden.<\/p>\n<\/li>\n<\/ol>","protected":false},"excerpt":{"rendered":"<p>Tuote kuuluu premium-luokkaan, ja sille on ominaista tehokkaat puhdistusominaisuudet sek\u00e4 korkea aktiivisten aineiden pitoisuus. Poistaa tehokkaasti tien p\u00f6lyn, polttoaineen tai \u00f6ljyn aiheuttamat ep\u00e4puhtaudet sek\u00e4 hy\u00f6nteisj\u00e4\u00e4m\u00e4t ajoneuvon pinnalta. K\u00c4YTT\u00d6OHJEET: Tiiviste laimennetaan vedell\u00e4: suhteessa 1:9\u20131:12 vaahdottimiin, suhteessa 1:90\u20131:120 matalapaineiseen vaahdotuslaitteeseen. Valmis liuos voidaan levitt\u00e4\u00e4 kuivalle ajoneuvolle. Vaikutusaika on enint\u00e4\u00e4n kaksi minuuttia. Ei saa antaa kuivua pinnalle. Tuote [&hellip;]<\/p>","protected":false},"featured_media":1583,"comment_status":"open","ping_status":"closed","template":"","meta":{"site-sidebar-layout":"default","site-content-layout":"","ast-site-content-layout":"default","site-content-style":"default","site-sidebar-style":"default","ast-global-header-display":"","ast-banner-title-visibility":"","ast-main-header-display":"","ast-hfb-above-header-display":"","ast-hfb-below-header-display":"","ast-hfb-mobile-header-display":"","site-post-title":"","ast-breadcrumbs-content":"","ast-featured-img":"","footer-sml-layout":"","theme-transparent-header-meta":"default","adv-header-id-meta":"","stick-header-meta":"","header-above-stick-meta":"","header-main-stick-meta":"","header-below-stick-meta":"","astra-migrate-meta-layouts":"set","ast-page-background-enabled":"default","ast-page-background-meta":{"desktop":{"background-color":"var(--ast-global-color-4)","background-image":"","background-repeat":"repeat","background-position":"center center","background-size":"auto","background-attachment":"scroll","background-type":"","background-media":"","overlay-type":"","overlay-color":"","overlay-opacity":"","overlay-gradient":""},"tablet":{"background-color":"","background-image":"","background-repeat":"repeat","background-position":"center center","background-size":"auto","background-attachment":"scroll","background-type":"","background-media":"","overlay-type":"","overlay-color":"","overlay-opacity":"","overlay-gradient":""},"mobile":{"background-color":"","background-image":"","background-repeat":"repeat","background-position":"center center","background-size":"auto","background-attachment":"scroll","background-type":"","background-media":"","overlay-type":"","overlay-color":"","overlay-opacity":"","overlay-gradient":""}},"ast-content-background-meta":{"desktop":{"background-color":"var(--ast-global-color-5)","background-image":"","background-repeat":"repeat","background-position":"center center","background-size":"auto","background-attachment":"scroll","background-type":"","background-media":"","overlay-type":"","overlay-color":"","overlay-opacity":"","overlay-gradient":""},"tablet":{"background-color":"var(--ast-global-color-5)","background-image":"","background-repeat":"repeat","background-position":"center center","background-size":"auto","background-attachment":"scroll","background-type":"","background-media":"","overlay-type":"","overlay-color":"","overlay-opacity":"","overlay-gradient":""},"mobile":{"background-color":"var(--ast-global-color-5)","background-image":"","background-repeat":"repeat","background-position":"center center","background-size":"auto","background-attachment":"scroll","background-type":"","background-media":"","overlay-type":"","overlay-color":"","overlay-opacity":"","overlay-gradient":""}}},"product_brand":[],"product_cat":[47,42],"product_tag":[],"class_list":{"0":"post-1579","1":"product","2":"type-product","3":"status-publish","4":"has-post-thumbnail","6":"product_cat-aktiivivaahto","7":"product_cat-ulkopuoli","8":"desktop-align-left","9":"tablet-align-left","10":"mobile-align-center","12":"first","13":"instock","14":"shipping-taxable","15":"purchasable","16":"product-type-simple"},"_links":{"self":[{"href":"https:\/\/autoshine.fi\/sv\/wp-json\/wp\/v2\/product\/1579","targetHints":{"allow":["GET"]}}],"collection":[{"href":"https:\/\/autoshine.fi\/sv\/wp-json\/wp\/v2\/product"}],"about":[{"href":"https:\/\/autoshine.fi\/sv\/wp-json\/wp\/v2\/types\/product"}],"replies":[{"embeddable":true,"href":"https:\/\/autoshine.fi\/sv\/wp-json\/wp\/v2\/comments?post=1579"}],"wp:featuredmedia":[{"embeddable":true,"href":"https:\/\/autoshine.fi\/sv\/wp-json\/wp\/v2\/media\/1583"}],"wp:attachment":[{"href":"https:\/\/autoshine.fi\/sv\/wp-json\/wp\/v2\/media?parent=1579"}],"wp:term":[{"taxonomy":"product_brand","embeddable":true,"href":"https:\/\/autoshine.fi\/sv\/wp-json\/wp\/v2\/product_brand?post=1579"},{"taxonomy":"product_cat","embeddable":true,"href":"https:\/\/autoshine.fi\/sv\/wp-json\/wp\/v2\/product_cat?post=1579"},{"taxonomy":"product_tag","embeddable":true,"href":"https:\/\/autoshine.fi\/sv\/wp-json\/wp\/v2\/product_tag?post=1579"}],"curies":[{"name":"wp","href":"https:\/\/api.w.org\/{rel}","templated":true}]}}