{"id":1590,"date":"2025-06-25T20:10:25","date_gmt":"2025-06-25T17:10:25","guid":{"rendered":"https:\/\/autoshine.fi\/?post_type=product&#038;p=1590"},"modified":"2025-10-27T13:14:27","modified_gmt":"2025-10-27T10:14:27","slug":"aktiivivaahto-kaksinkertaisen-teho-1-1kg","status":"publish","type":"product","link":"https:\/\/autoshine.fi\/sv\/product\/aktiivivaahto-kaksinkertaisen-teho-1-1kg\/","title":{"rendered":"AKTIIVIVAAHTO KAKSINKERTAISEN TEHO &#8221;Polychrom 2020 Active Foam Double Power&#8221;, 1,1kg"},"content":{"rendered":"<p data-start=\"0\" data-end=\"66\"><strong data-start=\"0\" data-end=\"66\">KAKSIKOMPONENTTINEN KONCENTROITU AINE KOSKETUKSETTOMAAN PESUUN<\/strong><\/p>\n<p data-start=\"68\" data-end=\"649\">Monik\u00e4ytt\u00f6inen alkalinen kaksikomponenttituote on tarkoitettu sek\u00e4 tavalliseen ett\u00e4 ammattimaiseen erilaisten ajoneuvojen pesuun: henkil\u00f6- ja kuorma-autot, s\u00e4ili\u00f6autot, veneet, junavaunut, per\u00e4vaunut, alustat ja py\u00f6r\u00e4t, moottoreiden ulko-osat, pressut.<br data-start=\"320\" data-end=\"323\" \/>Soveltuu tehokkaasti my\u00f6s lihanjalostamojen, makkaratehtaiden ja \u00f6ljynjalostamojen lattioiden ja laitteiden puhdistamiseen ja desinfiointiin.<br data-start=\"464\" data-end=\"467\" data-is-only-node=\"\" \/>Sill\u00e4 on erinomaiset rasvanpoisto-, pesu- ja desinfiointiominaisuudet.<br data-start=\"537\" data-end=\"540\" \/>Liuottaa nopeasti orgaanista ja ep\u00e4orgaanista alkuper\u00e4\u00e4 olevan rasvalian, poistaa kaikenlaisen lian ja p\u00f6lyn.<\/p>\n<p data-start=\"651\" data-end=\"938\" data-is-last-node=\"\" data-is-only-node=\"\"><strong data-start=\"651\" data-end=\"668\">K\u00c4YTT\u00d6OHJEET:<\/strong><br data-start=\"668\" data-end=\"671\" \/>Ravista ennen k\u00e4ytt\u00f6\u00e4 ja laimenna vedell\u00e4 seuraavissa suhteissa:<br data-start=\"735\" data-end=\"738\" data-is-only-node=\"\" \/>\u2022 1:7\u20131:10 esipesuun<br data-start=\"758\" data-end=\"761\" \/>\u2022 1:4\u20131:8 tavalliseen pesuun autopesuloissa<br data-start=\"804\" data-end=\"807\" \/>\u2022 1:6\u20131:10 moottorin, osien ja ajoneuvon komponenttien puhdistamiseen<br data-start=\"876\" data-end=\"879\" \/>\u2022 1:40\u20131:60 lattioiden ja tuotantolaitteiden puhdistamiseen<\/p>","protected":false},"excerpt":{"rendered":"<p>KAKSIKOMPONENTTINEN KONCENTROITU AINE KOSKETUKSETTOMAAN PESUUN Monik\u00e4ytt\u00f6inen alkalinen kaksikomponenttituote on tarkoitettu sek\u00e4 tavalliseen ett\u00e4 ammattimaiseen erilaisten ajoneuvojen pesuun: henkil\u00f6- ja kuorma-autot, s\u00e4ili\u00f6autot, veneet, junavaunut, per\u00e4vaunut, alustat ja py\u00f6r\u00e4t, moottoreiden ulko-osat, pressut.Soveltuu tehokkaasti my\u00f6s lihanjalostamojen, makkaratehtaiden ja \u00f6ljynjalostamojen lattioiden ja laitteiden puhdistamiseen ja desinfiointiin.Sill\u00e4 on erinomaiset rasvanpoisto-, pesu- ja desinfiointiominaisuudet.Liuottaa nopeasti orgaanista ja ep\u00e4orgaanista alkuper\u00e4\u00e4 olevan rasvalian, [&hellip;]<\/p>","protected":false},"featured_media":1591,"comment_status":"open","ping_status":"closed","template":"","meta":{"site-sidebar-layout":"default","site-content-layout":"","ast-site-content-layout":"default","site-content-style":"default","site-sidebar-style":"default","ast-global-header-display":"","ast-banner-title-visibility":"","ast-main-header-display":"","ast-hfb-above-header-display":"","ast-hfb-below-header-display":"","ast-hfb-mobile-header-display":"","site-post-title":"","ast-breadcrumbs-content":"","ast-featured-img":"","footer-sml-layout":"","theme-transparent-header-meta":"default","adv-header-id-meta":"","stick-header-meta":"","header-above-stick-meta":"","header-main-stick-meta":"","header-below-stick-meta":"","astra-migrate-meta-layouts":"set","ast-page-background-enabled":"default","ast-page-background-meta":{"desktop":{"background-color":"var(--ast-global-color-4)","background-image":"","background-repeat":"repeat","background-position":"center center","background-size":"auto","background-attachment":"scroll","background-type":"","background-media":"","overlay-type":"","overlay-color":"","overlay-opacity":"","overlay-gradient":""},"tablet":{"background-color":"","background-image":"","background-repeat":"repeat","background-position":"center center","background-size":"auto","background-attachment":"scroll","background-type":"","background-media":"","overlay-type":"","overlay-color":"","overlay-opacity":"","overlay-gradient":""},"mobile":{"background-color":"","background-image":"","background-repeat":"repeat","background-position":"center center","background-size":"auto","background-attachment":"scroll","background-type":"","background-media":"","overlay-type":"","overlay-color":"","overlay-opacity":"","overlay-gradient":""}},"ast-content-background-meta":{"desktop":{"background-color":"var(--ast-global-color-5)","background-image":"","background-repeat":"repeat","background-position":"center center","background-size":"auto","background-attachment":"scroll","background-type":"","background-media":"","overlay-type":"","overlay-color":"","overlay-opacity":"","overlay-gradient":""},"tablet":{"background-color":"var(--ast-global-color-5)","background-image":"","background-repeat":"repeat","background-position":"center center","background-size":"auto","background-attachment":"scroll","background-type":"","background-media":"","overlay-type":"","overlay-color":"","overlay-opacity":"","overlay-gradient":""},"mobile":{"background-color":"var(--ast-global-color-5)","background-image":"","background-repeat":"repeat","background-position":"center center","background-size":"auto","background-attachment":"scroll","background-type":"","background-media":"","overlay-type":"","overlay-color":"","overlay-opacity":"","overlay-gradient":""}}},"product_brand":[],"product_cat":[47,49,60,46,42],"product_tag":[],"class_list":{"0":"post-1590","1":"product","2":"type-product","3":"status-publish","4":"has-post-thumbnail","6":"product_cat-aktiivivaahto","7":"product_cat-korin-puhdistusaineet","8":"product_cat-moottorin-ulkopuolen-puhdistusaineet","9":"product_cat-moottoritila","10":"product_cat-ulkopuoli","11":"desktop-align-left","12":"tablet-align-left","13":"mobile-align-center","15":"first","16":"instock","17":"shipping-taxable","18":"purchasable","19":"product-type-simple"},"_links":{"self":[{"href":"https:\/\/autoshine.fi\/sv\/wp-json\/wp\/v2\/product\/1590","targetHints":{"allow":["GET"]}}],"collection":[{"href":"https:\/\/autoshine.fi\/sv\/wp-json\/wp\/v2\/product"}],"about":[{"href":"https:\/\/autoshine.fi\/sv\/wp-json\/wp\/v2\/types\/product"}],"replies":[{"embeddable":true,"href":"https:\/\/autoshine.fi\/sv\/wp-json\/wp\/v2\/comments?post=1590"}],"wp:featuredmedia":[{"embeddable":true,"href":"https:\/\/autoshine.fi\/sv\/wp-json\/wp\/v2\/media\/1591"}],"wp:attachment":[{"href":"https:\/\/autoshine.fi\/sv\/wp-json\/wp\/v2\/media?parent=1590"}],"wp:term":[{"taxonomy":"product_brand","embeddable":true,"href":"https:\/\/autoshine.fi\/sv\/wp-json\/wp\/v2\/product_brand?post=1590"},{"taxonomy":"product_cat","embeddable":true,"href":"https:\/\/autoshine.fi\/sv\/wp-json\/wp\/v2\/product_cat?post=1590"},{"taxonomy":"product_tag","embeddable":true,"href":"https:\/\/autoshine.fi\/sv\/wp-json\/wp\/v2\/product_tag?post=1590"}],"curies":[{"name":"wp","href":"https:\/\/api.w.org\/{rel}","templated":true}]}}