{"id":1648,"date":"2025-06-25T22:26:21","date_gmt":"2025-06-25T19:26:21","guid":{"rendered":"https:\/\/autoshine.fi\/?post_type=product&#038;p=1648"},"modified":"2025-10-23T12:35:33","modified_gmt":"2025-10-23T09:35:33","slug":"polyrole-matte-0-5kg","status":"publish","type":"product","link":"https:\/\/autoshine.fi\/sv\/product\/polyrole-matte-0-5kg\/","title":{"rendered":"Matta muovi- ja vinyylikiillotusaine, omenan tuoksuinen &#8221;Polychrom 2020 &#8221;POLYROLE MATTE APPLE&#8221;, 0.5l"},"content":{"rendered":"<p>Ammattimainen mattakiillotusaine auton sis\u00e4tilojen muoviosien puhdistukseen ja suojaamiseen. S\u00e4ilytt\u00e4\u00e4 alkuper\u00e4isen v\u00e4rin, ei j\u00e4t\u00e4 rasvaisia j\u00e4lki\u00e4, est\u00e4\u00e4 p\u00f6lyn tarttumisen ja antaa mattapintaisen kiillon. Tuote on k\u00e4ytt\u00f6valmis ja tuoksuu miellytt\u00e4v\u00e4lt\u00e4.<br \/>\nKOOSTUMUS: demineralisoitu vesi, 5\u201315 % silikoniemulsioiden seosta, elintarvikev\u00e4ri, aromiaine, s\u00e4il\u00f6nt\u00e4aine.<br \/>\nK\u00c4YTT\u00d6OHJEET: levit\u00e4 neste tasaisesti pinnalle ruiskulla tai liinalla. Hiero pintaa huolellisesti py\u00f6rivin liikkein.<br \/>\n\u00c4L\u00c4 K\u00c4YT\u00c4 OVEN SARANOIHIN TAI LASIIN.<\/p>\n<p>S\u00c4ILYTYSOLOSUHTEET: s\u00e4ilyt\u00e4 +5 \u00b0C \u2013 +30 \u00b0C:n l\u00e4mp\u00f6tilassa, suojattuna suoralta auringonvalolta.<br \/>\nPARAS P\u00c4IV\u00c4M\u00c4\u00c4R\u00c4: 2 vuotta valmistusp\u00e4iv\u00e4st\u00e4. Er\u00e4numero ja valmistusp\u00e4iv\u00e4 on merkitty pakkaukseen.<br \/>\nVAROITUS: noudata k\u00e4ytt\u00f6- ja s\u00e4ilytysohjeita.<br \/>\nTURVALLISUUSOHJEET: Varovasti! S\u00e4ilyt\u00e4 lasten ulottumattomissa. \u00c4l\u00e4 niele. Jos ainetta joutuu iholle tai silmiin, huuhtele juoksevalla vedell\u00e4 ja ota yhteys l\u00e4\u00e4k\u00e4riin. K\u00e4yt\u00e4 henkil\u00f6kohtaisia suojavarusteita k\u00e4yt\u00f6n aikana.<\/p>","protected":false},"excerpt":{"rendered":"<p>Ammattimainen mattakiillotusaine auton sis\u00e4tilojen muoviosien puhdistukseen ja suojaamiseen. S\u00e4ilytt\u00e4\u00e4 alkuper\u00e4isen v\u00e4rin, ei j\u00e4t\u00e4 rasvaisia j\u00e4lki\u00e4, est\u00e4\u00e4 p\u00f6lyn tarttumisen ja antaa mattapintaisen kiillon. Tuote on k\u00e4ytt\u00f6valmis ja tuoksuu miellytt\u00e4v\u00e4lt\u00e4. KOOSTUMUS: demineralisoitu vesi, 5\u201315 % silikoniemulsioiden seosta, elintarvikev\u00e4ri, aromiaine, s\u00e4il\u00f6nt\u00e4aine. K\u00c4YTT\u00d6OHJEET: levit\u00e4 neste tasaisesti pinnalle ruiskulla tai liinalla. Hiero pintaa huolellisesti py\u00f6rivin liikkein. \u00c4L\u00c4 K\u00c4YT\u00c4 OVEN SARANOIHIN [&hellip;]<\/p>","protected":false},"featured_media":1649,"comment_status":"open","ping_status":"closed","template":"","meta":{"site-sidebar-layout":"default","site-content-layout":"","ast-site-content-layout":"default","site-content-style":"default","site-sidebar-style":"default","ast-global-header-display":"","ast-banner-title-visibility":"","ast-main-header-display":"","ast-hfb-above-header-display":"","ast-hfb-below-header-display":"","ast-hfb-mobile-header-display":"","site-post-title":"","ast-breadcrumbs-content":"","ast-featured-img":"","footer-sml-layout":"","theme-transparent-header-meta":"default","adv-header-id-meta":"","stick-header-meta":"","header-above-stick-meta":"","header-main-stick-meta":"","header-below-stick-meta":"","astra-migrate-meta-layouts":"set","ast-page-background-enabled":"default","ast-page-background-meta":{"desktop":{"background-color":"var(--ast-global-color-4)","background-image":"","background-repeat":"repeat","background-position":"center center","background-size":"auto","background-attachment":"scroll","background-type":"","background-media":"","overlay-type":"","overlay-color":"","overlay-opacity":"","overlay-gradient":""},"tablet":{"background-color":"","background-image":"","background-repeat":"repeat","background-position":"center center","background-size":"auto","background-attachment":"scroll","background-type":"","background-media":"","overlay-type":"","overlay-color":"","overlay-opacity":"","overlay-gradient":""},"mobile":{"background-color":"","background-image":"","background-repeat":"repeat","background-position":"center center","background-size":"auto","background-attachment":"scroll","background-type":"","background-media":"","overlay-type":"","overlay-color":"","overlay-opacity":"","overlay-gradient":""}},"ast-content-background-meta":{"desktop":{"background-color":"var(--ast-global-color-5)","background-image":"","background-repeat":"repeat","background-position":"center center","background-size":"auto","background-attachment":"scroll","background-type":"","background-media":"","overlay-type":"","overlay-color":"","overlay-opacity":"","overlay-gradient":""},"tablet":{"background-color":"var(--ast-global-color-5)","background-image":"","background-repeat":"repeat","background-position":"center center","background-size":"auto","background-attachment":"scroll","background-type":"","background-media":"","overlay-type":"","overlay-color":"","overlay-opacity":"","overlay-gradient":""},"mobile":{"background-color":"var(--ast-global-color-5)","background-image":"","background-repeat":"repeat","background-position":"center center","background-size":"auto","background-attachment":"scroll","background-type":"","background-media":"","overlay-type":"","overlay-color":"","overlay-opacity":"","overlay-gradient":""}}},"product_brand":[],"product_cat":[57,56,43],"product_tag":[],"class_list":{"0":"post-1648","1":"product","2":"type-product","3":"status-publish","4":"has-post-thumbnail","6":"product_cat-kankaan-puhdistusaineet","7":"product_cat-muovin-puhdistusaineet","8":"product_cat-sisatila","9":"desktop-align-left","10":"tablet-align-left","11":"mobile-align-center","13":"first","14":"instock","15":"shipping-taxable","16":"purchasable","17":"product-type-simple"},"_links":{"self":[{"href":"https:\/\/autoshine.fi\/sv\/wp-json\/wp\/v2\/product\/1648","targetHints":{"allow":["GET"]}}],"collection":[{"href":"https:\/\/autoshine.fi\/sv\/wp-json\/wp\/v2\/product"}],"about":[{"href":"https:\/\/autoshine.fi\/sv\/wp-json\/wp\/v2\/types\/product"}],"replies":[{"embeddable":true,"href":"https:\/\/autoshine.fi\/sv\/wp-json\/wp\/v2\/comments?post=1648"}],"wp:featuredmedia":[{"embeddable":true,"href":"https:\/\/autoshine.fi\/sv\/wp-json\/wp\/v2\/media\/1649"}],"wp:attachment":[{"href":"https:\/\/autoshine.fi\/sv\/wp-json\/wp\/v2\/media?parent=1648"}],"wp:term":[{"taxonomy":"product_brand","embeddable":true,"href":"https:\/\/autoshine.fi\/sv\/wp-json\/wp\/v2\/product_brand?post=1648"},{"taxonomy":"product_cat","embeddable":true,"href":"https:\/\/autoshine.fi\/sv\/wp-json\/wp\/v2\/product_cat?post=1648"},{"taxonomy":"product_tag","embeddable":true,"href":"https:\/\/autoshine.fi\/sv\/wp-json\/wp\/v2\/product_tag?post=1648"}],"curies":[{"name":"wp","href":"https:\/\/api.w.org\/{rel}","templated":true}]}}