{"id":1652,"date":"2025-06-25T22:31:41","date_gmt":"2025-06-25T19:31:41","guid":{"rendered":"https:\/\/autoshine.fi\/?post_type=product&#038;p=1652"},"modified":"2025-10-22T16:48:22","modified_gmt":"2025-10-22T13:48:22","slug":"salon-cleaner-0-5kg","status":"publish","type":"product","link":"https:\/\/autoshine.fi\/sv\/product\/salon-cleaner-0-5kg\/","title":{"rendered":"Sis\u00e4tilojen kuivapesuaine &#8221;Polychrom 2020 SALON CLEANER&#8221; 0,5l"},"content":{"rendered":"<p><span style=\"font-weight: 400;\">Pesuaine sis\u00e4tilojen puhdistamiseen liasta. Tehokas rasvatahrat poistamisessa ja ep\u00e4miellytt\u00e4vien hajujen eliminoimisessa. Palauttaa verhoilun v\u00e4rin.<\/span><\/p>\n<p><b>AINESOSAT:<\/b><span style=\"font-weight: 400;\"> demineralisoitu vesi, natriumhydroksidi enint\u00e4\u00e4n 5 %, kompleksit alle 5 %, anioniset pinta-aktiiviset aineet 5-10 %, amfoteeriset pinta-aktiiviset aineet alle 5 %, ei-ioniset pinta-aktiiviset aineet 5-15 %, orgaaninen liuotin alle 5 %, v\u00e4riaine, hajuste.<\/span><\/p>\n<p><b>K\u00c4YTT\u00d6OHJE:<\/b><span style=\"font-weight: 400;\"> Laimenna tiiviste vedell\u00e4 suhteessa 1:4\u20131:10 saastumisasteen mukaan. Levit\u00e4 tuote k\u00e4sitelt\u00e4v\u00e4lle pinnalle. Odota useita minuutteja. Hiero harjalla tai kostealla keinomokkanahasta tehdyll\u00e4 liinalla, kunnes tahrat ja lika on poistettu. Poista mahdollinen j\u00e4\u00e4nn\u00f6skosteus puhtaalla p\u00f6lynimurilla tai mikrokuituliinalla.<\/span><\/p>\n<p><span style=\"font-weight: 400;\"><br \/>\n<\/span><b>S\u00c4ILYTYSOLOSUHTEET:<\/b><span style=\"font-weight: 400;\"> S\u00e4ilyt\u00e4 +5\u00b0C ja +30\u00b0C v\u00e4lill\u00e4 ilman suoraa auringonvaloa.<\/span><\/p>\n<p><b>S\u00c4ILYTYSAIKA:<\/b><span style=\"font-weight: 400;\"> 2 vuotta valmistusp\u00e4iv\u00e4st\u00e4. Er\u00e4numero ja valmistusp\u00e4iv\u00e4 merkitty pakkaukseen.<\/span><\/p>\n<p><span style=\"font-weight: 400;\"><br \/>\n<\/span><b>VAROITUS:<\/b><span style=\"font-weight: 400;\"> Noudata k\u00e4ytt\u00f6- ja s\u00e4ilytysohjeita. Tarkista v\u00e4rj\u00e4ytymiskest\u00e4vyys huomaamattomalta pinnalta ennen k\u00e4ytt\u00f6\u00e4.<\/span><\/p>","protected":false},"excerpt":{"rendered":"<p>Pesuaine sis\u00e4tilojen puhdistamiseen liasta. Tehokas rasvatahrat poistamisessa ja ep\u00e4miellytt\u00e4vien hajujen eliminoimisessa. Palauttaa verhoilun v\u00e4rin. AINESOSAT: demineralisoitu vesi, natriumhydroksidi enint\u00e4\u00e4n 5 %, kompleksit alle 5 %, anioniset pinta-aktiiviset aineet 5-10 %, amfoteeriset pinta-aktiiviset aineet alle 5 %, ei-ioniset pinta-aktiiviset aineet 5-15 %, orgaaninen liuotin alle 5 %, v\u00e4riaine, hajuste. K\u00c4YTT\u00d6OHJE: Laimenna tiiviste vedell\u00e4 suhteessa 1:4\u20131:10 saastumisasteen [&hellip;]<\/p>","protected":false},"featured_media":1653,"comment_status":"open","ping_status":"closed","template":"","meta":{"site-sidebar-layout":"default","site-content-layout":"","ast-site-content-layout":"default","site-content-style":"default","site-sidebar-style":"default","ast-global-header-display":"","ast-banner-title-visibility":"","ast-main-header-display":"","ast-hfb-above-header-display":"","ast-hfb-below-header-display":"","ast-hfb-mobile-header-display":"","site-post-title":"","ast-breadcrumbs-content":"","ast-featured-img":"","footer-sml-layout":"","theme-transparent-header-meta":"default","adv-header-id-meta":"","stick-header-meta":"","header-above-stick-meta":"","header-main-stick-meta":"","header-below-stick-meta":"","astra-migrate-meta-layouts":"set","ast-page-background-enabled":"default","ast-page-background-meta":{"desktop":{"background-color":"var(--ast-global-color-4)","background-image":"","background-repeat":"repeat","background-position":"center center","background-size":"auto","background-attachment":"scroll","background-type":"","background-media":"","overlay-type":"","overlay-color":"","overlay-opacity":"","overlay-gradient":""},"tablet":{"background-color":"","background-image":"","background-repeat":"repeat","background-position":"center center","background-size":"auto","background-attachment":"scroll","background-type":"","background-media":"","overlay-type":"","overlay-color":"","overlay-opacity":"","overlay-gradient":""},"mobile":{"background-color":"","background-image":"","background-repeat":"repeat","background-position":"center center","background-size":"auto","background-attachment":"scroll","background-type":"","background-media":"","overlay-type":"","overlay-color":"","overlay-opacity":"","overlay-gradient":""}},"ast-content-background-meta":{"desktop":{"background-color":"var(--ast-global-color-5)","background-image":"","background-repeat":"repeat","background-position":"center center","background-size":"auto","background-attachment":"scroll","background-type":"","background-media":"","overlay-type":"","overlay-color":"","overlay-opacity":"","overlay-gradient":""},"tablet":{"background-color":"var(--ast-global-color-5)","background-image":"","background-repeat":"repeat","background-position":"center center","background-size":"auto","background-attachment":"scroll","background-type":"","background-media":"","overlay-type":"","overlay-color":"","overlay-opacity":"","overlay-gradient":""},"mobile":{"background-color":"var(--ast-global-color-5)","background-image":"","background-repeat":"repeat","background-position":"center center","background-size":"auto","background-attachment":"scroll","background-type":"","background-media":"","overlay-type":"","overlay-color":"","overlay-opacity":"","overlay-gradient":""}}},"product_brand":[],"product_cat":[57,59,56,43],"product_tag":[],"class_list":{"0":"post-1652","1":"product","2":"type-product","3":"status-publish","4":"has-post-thumbnail","6":"product_cat-kankaan-puhdistusaineet","7":"product_cat-kojelaudan-kiillotusaineet","8":"product_cat-muovin-puhdistusaineet","9":"product_cat-sisatila","10":"desktop-align-left","11":"tablet-align-left","12":"mobile-align-center","14":"first","15":"instock","16":"shipping-taxable","17":"purchasable","18":"product-type-simple"},"_links":{"self":[{"href":"https:\/\/autoshine.fi\/sv\/wp-json\/wp\/v2\/product\/1652","targetHints":{"allow":["GET"]}}],"collection":[{"href":"https:\/\/autoshine.fi\/sv\/wp-json\/wp\/v2\/product"}],"about":[{"href":"https:\/\/autoshine.fi\/sv\/wp-json\/wp\/v2\/types\/product"}],"replies":[{"embeddable":true,"href":"https:\/\/autoshine.fi\/sv\/wp-json\/wp\/v2\/comments?post=1652"}],"wp:featuredmedia":[{"embeddable":true,"href":"https:\/\/autoshine.fi\/sv\/wp-json\/wp\/v2\/media\/1653"}],"wp:attachment":[{"href":"https:\/\/autoshine.fi\/sv\/wp-json\/wp\/v2\/media?parent=1652"}],"wp:term":[{"taxonomy":"product_brand","embeddable":true,"href":"https:\/\/autoshine.fi\/sv\/wp-json\/wp\/v2\/product_brand?post=1652"},{"taxonomy":"product_cat","embeddable":true,"href":"https:\/\/autoshine.fi\/sv\/wp-json\/wp\/v2\/product_cat?post=1652"},{"taxonomy":"product_tag","embeddable":true,"href":"https:\/\/autoshine.fi\/sv\/wp-json\/wp\/v2\/product_tag?post=1652"}],"curies":[{"name":"wp","href":"https:\/\/api.w.org\/{rel}","templated":true}]}}