{"id":1663,"date":"2025-06-25T22:42:51","date_gmt":"2025-06-25T19:42:51","guid":{"rendered":"https:\/\/autoshine.fi\/?post_type=product&#038;p=1663"},"modified":"2025-10-27T12:01:07","modified_gmt":"2025-10-27T09:01:07","slug":"black-rubber-0-5kg","status":"publish","type":"product","link":"https:\/\/autoshine.fi\/sv\/product\/black-rubber-0-5kg\/","title":{"rendered":"KUMI- JA MUOVIN HOITOAINE KIILT\u00c4V\u00c4LL\u00c4 VAIKUTUKSELLA &#8221;Polychrom 2020 BLACK RUBBER&#8221;, 0,5l"},"content":{"rendered":"<p><strong>Kumille ja muoville tarkoitettu kiilt\u00e4v\u00e4 ilmastointiaine \u201dBLACK RUBBER\u201d<\/strong><\/p>\n<p>Vesipohjainen tuote, joka palauttaa kumituotteiden ja muovituotteiden alkuper\u00e4isen v\u00e4rin. Palauttaa alkuper\u00e4isen v\u00e4rin ja kiillon, antaa pinnoille kiilt\u00e4v\u00e4n vaikutelman, on antistaattinen, suojaa ik\u00e4\u00e4ntymiselt\u00e4, kuivumiselta ja halkeilulta.<\/p>\n<p>KOOSTUMUS: demineralisoitu vesi, glyseriini yli 30 %, ionittomat pinta-aktiiviset aineet alle 5 %, v\u00e4riaine, hajuste.<\/p>\n<p>K\u00c4YTT\u00d6OHJEET: K\u00e4sitelt\u00e4v\u00e4 kumi- tai muovipinta on oltava puhdas. Levit\u00e4 tuote tasaisesti pinnalle. Odota, kunnes tuote on kuivunut, ja poista tarvittaessa tuotteen j\u00e4\u00e4nn\u00f6kset.<\/p>\n<p>S\u00c4ILYTY Solosuhteet: S\u00e4ilyt\u00e4 +5 \u00b0C \u2013 +30 \u00b0C:n l\u00e4mp\u00f6tilassa, suojattuna suoralta auringonvalolta.<\/p>\n<p>S\u00c4ILYVYYSAIKA: 2 vuotta valmistusp\u00e4iv\u00e4st\u00e4. Er\u00e4numero ja valmistusp\u00e4iv\u00e4 on merkitty pakkaukseen.<\/p>\n<p>VAROITUS: noudata k\u00e4ytt\u00f6- ja s\u00e4ilytysohjeita.<\/p>\n<p>TURVALLISUUSOHJEET: Varo! S\u00e4ilyt\u00e4 lasten ulottumattomissa. \u00c4l\u00e4 niele. Jos ainetta joutuu iholle tai silmiin, huuhtele juoksevalla vedell\u00e4 ja hakeudu tarvittaessa l\u00e4\u00e4k\u00e4riin. K\u00e4yt\u00e4 suojavarusteita k\u00e4yt\u00f6n aikana.<\/p>","protected":false},"excerpt":{"rendered":"<p>Kumille ja muoville tarkoitettu kiilt\u00e4v\u00e4 ilmastointiaine \u201dBLACK RUBBER\u201d Vesipohjainen tuote, joka palauttaa kumituotteiden ja muovituotteiden alkuper\u00e4isen v\u00e4rin. Palauttaa alkuper\u00e4isen v\u00e4rin ja kiillon, antaa pinnoille kiilt\u00e4v\u00e4n vaikutelman, on antistaattinen, suojaa ik\u00e4\u00e4ntymiselt\u00e4, kuivumiselta ja halkeilulta. KOOSTUMUS: demineralisoitu vesi, glyseriini yli 30 %, ionittomat pinta-aktiiviset aineet alle 5 %, v\u00e4riaine, hajuste. K\u00c4YTT\u00d6OHJEET: K\u00e4sitelt\u00e4v\u00e4 kumi- tai muovipinta on oltava [&hellip;]<\/p>","protected":false},"featured_media":1664,"comment_status":"open","ping_status":"closed","template":"","meta":{"site-sidebar-layout":"default","site-content-layout":"","ast-site-content-layout":"default","site-content-style":"default","site-sidebar-style":"default","ast-global-header-display":"","ast-banner-title-visibility":"","ast-main-header-display":"","ast-hfb-above-header-display":"","ast-hfb-below-header-display":"","ast-hfb-mobile-header-display":"","site-post-title":"","ast-breadcrumbs-content":"","ast-featured-img":"","footer-sml-layout":"","theme-transparent-header-meta":"default","adv-header-id-meta":"","stick-header-meta":"","header-above-stick-meta":"","header-main-stick-meta":"","header-below-stick-meta":"","astra-migrate-meta-layouts":"set","ast-page-background-enabled":"default","ast-page-background-meta":{"desktop":{"background-color":"var(--ast-global-color-4)","background-image":"","background-repeat":"repeat","background-position":"center center","background-size":"auto","background-attachment":"scroll","background-type":"","background-media":"","overlay-type":"","overlay-color":"","overlay-opacity":"","overlay-gradient":""},"tablet":{"background-color":"","background-image":"","background-repeat":"repeat","background-position":"center center","background-size":"auto","background-attachment":"scroll","background-type":"","background-media":"","overlay-type":"","overlay-color":"","overlay-opacity":"","overlay-gradient":""},"mobile":{"background-color":"","background-image":"","background-repeat":"repeat","background-position":"center center","background-size":"auto","background-attachment":"scroll","background-type":"","background-media":"","overlay-type":"","overlay-color":"","overlay-opacity":"","overlay-gradient":""}},"ast-content-background-meta":{"desktop":{"background-color":"var(--ast-global-color-5)","background-image":"","background-repeat":"repeat","background-position":"center center","background-size":"auto","background-attachment":"scroll","background-type":"","background-media":"","overlay-type":"","overlay-color":"","overlay-opacity":"","overlay-gradient":""},"tablet":{"background-color":"var(--ast-global-color-5)","background-image":"","background-repeat":"repeat","background-position":"center center","background-size":"auto","background-attachment":"scroll","background-type":"","background-media":"","overlay-type":"","overlay-color":"","overlay-opacity":"","overlay-gradient":""},"mobile":{"background-color":"var(--ast-global-color-5)","background-image":"","background-repeat":"repeat","background-position":"center center","background-size":"auto","background-attachment":"scroll","background-type":"","background-media":"","overlay-type":"","overlay-color":"","overlay-opacity":"","overlay-gradient":""}}},"product_brand":[],"product_cat":[50,42],"product_tag":[],"class_list":{"0":"post-1663","1":"product","2":"type-product","3":"status-publish","4":"has-post-thumbnail","6":"product_cat-bitumin-poistajat","7":"product_cat-ulkopuoli","8":"desktop-align-left","9":"tablet-align-left","10":"mobile-align-center","12":"first","13":"instock","14":"shipping-taxable","15":"purchasable","16":"product-type-simple"},"_links":{"self":[{"href":"https:\/\/autoshine.fi\/sv\/wp-json\/wp\/v2\/product\/1663","targetHints":{"allow":["GET"]}}],"collection":[{"href":"https:\/\/autoshine.fi\/sv\/wp-json\/wp\/v2\/product"}],"about":[{"href":"https:\/\/autoshine.fi\/sv\/wp-json\/wp\/v2\/types\/product"}],"replies":[{"embeddable":true,"href":"https:\/\/autoshine.fi\/sv\/wp-json\/wp\/v2\/comments?post=1663"}],"wp:featuredmedia":[{"embeddable":true,"href":"https:\/\/autoshine.fi\/sv\/wp-json\/wp\/v2\/media\/1664"}],"wp:attachment":[{"href":"https:\/\/autoshine.fi\/sv\/wp-json\/wp\/v2\/media?parent=1663"}],"wp:term":[{"taxonomy":"product_brand","embeddable":true,"href":"https:\/\/autoshine.fi\/sv\/wp-json\/wp\/v2\/product_brand?post=1663"},{"taxonomy":"product_cat","embeddable":true,"href":"https:\/\/autoshine.fi\/sv\/wp-json\/wp\/v2\/product_cat?post=1663"},{"taxonomy":"product_tag","embeddable":true,"href":"https:\/\/autoshine.fi\/sv\/wp-json\/wp\/v2\/product_tag?post=1663"}],"curies":[{"name":"wp","href":"https:\/\/api.w.org\/{rel}","templated":true}]}}