{"id":1666,"date":"2025-06-25T22:46:40","date_gmt":"2025-06-25T19:46:40","guid":{"rendered":"https:\/\/autoshine.fi\/?post_type=product&#038;p=1666"},"modified":"2026-04-02T12:48:33","modified_gmt":"2026-04-02T09:48:33","slug":"disk-cleaner-0-5kg","status":"publish","type":"product","link":"https:\/\/autoshine.fi\/sv\/product\/disk-cleaner-0-5kg\/","title":{"rendered":"Vannepesuaine &#8221;Polychrom 2020 DISK CLEANER&#8221; 0,5l"},"content":{"rendered":"<p data-start=\"81\" data-end=\"129\"><strong data-start=\"81\" data-end=\"129\">UNIVERSAALI VANNEPUHDISTAJA V\u00c4RIILMAISIMELLA<\/strong><\/p>\n<p><span style=\"font-weight: 400;\">Tuote sitke\u00e4n lian poistamiseen kaikentyyppisist\u00e4 vanteista. Ainutlaatuinen koostumus poistaa nopeasti ja tehokkaasti kumij\u00e4\u00e4m\u00e4t, \u00f6ljyn, tie- ja jarrup\u00f6lyn sek\u00e4 metallip\u00f6lyn, ja j\u00e4tt\u00e4\u00e4 pinnan sile\u00e4ksi ja kiilt\u00e4v\u00e4ksi. V\u00e4rinmuutosindikaattori kirkkaasta tumman violetiksi osoittaa, ett\u00e4 ep\u00e4puhtaudet on neutraloitu.<\/span><\/p>\n<p><b>AINESOSAT:<\/b><span style=\"font-weight: 400;\"> demineralisoitu vesi, natriumtioglykolaatti 5-15 %, anioniset pinta-aktiiviset aineet alle 5 %, ei-ioniset pinta-aktiiviset aineet.<\/span><\/p>\n<p><b>K\u00c4YTT\u00d6OHJE:<\/b><span style=\"font-weight: 400;\"> Levit\u00e4 tuotetta kylm\u00e4lle ja kuivalle vanteelle tai auton likaantuneille alueille. Puhdistusaine muuttaa v\u00e4hitellen nesteen v\u00e4rin tumman violetiksi, t\u00e4m\u00e4 tapahtuu 3-5 minuutin kuluessa levitt\u00e4misest\u00e4. K\u00e4yt\u00e4 tarvittaessa py\u00f6r\u00e4harjaa tai sient\u00e4. Huuhtele k\u00e4sitellyt alueet voimakkaalla vesisuihkulla.<\/span><b>S\u00c4ILYTYSOLOSUHTEET:<\/b><span style=\"font-weight: 400;\"> S\u00e4ilyt\u00e4 +5\u00b0C ja +30\u00b0C v\u00e4lisess\u00e4 l\u00e4mp\u00f6tilassa ilman suoraa auringonvaloa.<\/span><\/p>\n<p><b>S\u00c4ILYTYSAIKA:<\/b><span style=\"font-weight: 400;\"> 2 vuotta valmistusp\u00e4iv\u00e4st\u00e4. Er\u00e4numero ja valmistusp\u00e4iv\u00e4 on merkitty pakkaukseen.<\/span><\/p>\n<p><b>VAROITUS:<\/b><span style=\"font-weight: 400;\"> Noudata k\u00e4ytt\u00f6- ja s\u00e4ilytysohjeita.<\/span><\/p>\n<p><b>TURVALLISUUSOHJEET:<\/b><span style=\"font-weight: 400;\"> Varoitus. S\u00e4ilytett\u00e4v\u00e4 lasten ulottumattomissa. Ei saa niell\u00e4. Jos joutuu iholle tai silmiin, huuhtele juoksevalla vedell\u00e4, hakeudu tarvittaessa l\u00e4\u00e4k\u00e4riin. K\u00e4ytett\u00e4ess\u00e4 k\u00e4ytett\u00e4v\u00e4 henkil\u00f6kohtaisia suojavarusteita.<\/span><\/p>","protected":false},"excerpt":{"rendered":"<p>UNIVERSAALI VANNEPUHDISTAJA V\u00c4RIILMAISIMELLA Tuote sitke\u00e4n lian poistamiseen kaikentyyppisist\u00e4 vanteista. Ainutlaatuinen koostumus poistaa nopeasti ja tehokkaasti kumij\u00e4\u00e4m\u00e4t, \u00f6ljyn, tie- ja jarrup\u00f6lyn sek\u00e4 metallip\u00f6lyn, ja j\u00e4tt\u00e4\u00e4 pinnan sile\u00e4ksi ja kiilt\u00e4v\u00e4ksi. V\u00e4rinmuutosindikaattori kirkkaasta tumman violetiksi osoittaa, ett\u00e4 ep\u00e4puhtaudet on neutraloitu. AINESOSAT: demineralisoitu vesi, natriumtioglykolaatti 5-15 %, anioniset pinta-aktiiviset aineet alle 5 %, ei-ioniset pinta-aktiiviset aineet. K\u00c4YTT\u00d6OHJE: Levit\u00e4 tuotetta [&hellip;]<\/p>","protected":false},"featured_media":1667,"comment_status":"open","ping_status":"closed","template":"","meta":{"site-sidebar-layout":"default","site-content-layout":"","ast-site-content-layout":"default","site-content-style":"default","site-sidebar-style":"default","ast-global-header-display":"","ast-banner-title-visibility":"","ast-main-header-display":"","ast-hfb-above-header-display":"","ast-hfb-below-header-display":"","ast-hfb-mobile-header-display":"","site-post-title":"","ast-breadcrumbs-content":"","ast-featured-img":"","footer-sml-layout":"","theme-transparent-header-meta":"default","adv-header-id-meta":"","stick-header-meta":"","header-above-stick-meta":"","header-main-stick-meta":"","header-below-stick-meta":"","astra-migrate-meta-layouts":"set","ast-page-background-enabled":"default","ast-page-background-meta":{"desktop":{"background-color":"var(--ast-global-color-4)","background-image":"","background-repeat":"repeat","background-position":"center center","background-size":"auto","background-attachment":"scroll","background-type":"","background-media":"","overlay-type":"","overlay-color":"","overlay-opacity":"","overlay-gradient":""},"tablet":{"background-color":"","background-image":"","background-repeat":"repeat","background-position":"center center","background-size":"auto","background-attachment":"scroll","background-type":"","background-media":"","overlay-type":"","overlay-color":"","overlay-opacity":"","overlay-gradient":""},"mobile":{"background-color":"","background-image":"","background-repeat":"repeat","background-position":"center center","background-size":"auto","background-attachment":"scroll","background-type":"","background-media":"","overlay-type":"","overlay-color":"","overlay-opacity":"","overlay-gradient":""}},"ast-content-background-meta":{"desktop":{"background-color":"var(--ast-global-color-5)","background-image":"","background-repeat":"repeat","background-position":"center center","background-size":"auto","background-attachment":"scroll","background-type":"","background-media":"","overlay-type":"","overlay-color":"","overlay-opacity":"","overlay-gradient":""},"tablet":{"background-color":"var(--ast-global-color-5)","background-image":"","background-repeat":"repeat","background-position":"center center","background-size":"auto","background-attachment":"scroll","background-type":"","background-media":"","overlay-type":"","overlay-color":"","overlay-opacity":"","overlay-gradient":""},"mobile":{"background-color":"var(--ast-global-color-5)","background-image":"","background-repeat":"repeat","background-position":"center center","background-size":"auto","background-attachment":"scroll","background-type":"","background-media":"","overlay-type":"","overlay-color":"","overlay-opacity":"","overlay-gradient":""}}},"product_brand":[],"product_cat":[50,42],"product_tag":[],"class_list":{"0":"post-1666","1":"product","2":"type-product","3":"status-publish","4":"has-post-thumbnail","6":"product_cat-bitumin-poistajat","7":"product_cat-ulkopuoli","8":"desktop-align-left","9":"tablet-align-left","10":"mobile-align-center","12":"first","13":"instock","14":"shipping-taxable","15":"purchasable","16":"product-type-simple"},"_links":{"self":[{"href":"https:\/\/autoshine.fi\/sv\/wp-json\/wp\/v2\/product\/1666","targetHints":{"allow":["GET"]}}],"collection":[{"href":"https:\/\/autoshine.fi\/sv\/wp-json\/wp\/v2\/product"}],"about":[{"href":"https:\/\/autoshine.fi\/sv\/wp-json\/wp\/v2\/types\/product"}],"replies":[{"embeddable":true,"href":"https:\/\/autoshine.fi\/sv\/wp-json\/wp\/v2\/comments?post=1666"}],"wp:featuredmedia":[{"embeddable":true,"href":"https:\/\/autoshine.fi\/sv\/wp-json\/wp\/v2\/media\/1667"}],"wp:attachment":[{"href":"https:\/\/autoshine.fi\/sv\/wp-json\/wp\/v2\/media?parent=1666"}],"wp:term":[{"taxonomy":"product_brand","embeddable":true,"href":"https:\/\/autoshine.fi\/sv\/wp-json\/wp\/v2\/product_brand?post=1666"},{"taxonomy":"product_cat","embeddable":true,"href":"https:\/\/autoshine.fi\/sv\/wp-json\/wp\/v2\/product_cat?post=1666"},{"taxonomy":"product_tag","embeddable":true,"href":"https:\/\/autoshine.fi\/sv\/wp-json\/wp\/v2\/product_tag?post=1666"}],"curies":[{"name":"wp","href":"https:\/\/api.w.org\/{rel}","templated":true}]}}