{"id":1829,"date":"2025-08-14T12:41:51","date_gmt":"2025-08-14T09:41:51","guid":{"rendered":"https:\/\/autoshine.fi\/?post_type=product&#038;p=1829"},"modified":"2025-10-27T11:49:08","modified_gmt":"2025-10-27T08:49:08","slug":"scent-activator-1l","status":"publish","type":"product","link":"https:\/\/autoshine.fi\/sv\/product\/scent-activator-1l\/","title":{"rendered":"Tuoksuaktivaattori &#8221;Polychrom 2020 SCENT ACTIVATOR BLOSSOM&#8221; 1L"},"content":{"rendered":"<p><span style=\"font-weight: 400;\">Hajustettu aktiivinen vaahdonvahvistin<\/span><\/p>\n<p><span style=\"font-weight: 400;\">Tuote on suunniteltu antamaan aktiivivaahdolle pitk\u00e4kestoinen miellytt\u00e4v\u00e4 tuoksu ja parantamaan sen puhdistusominaisuuksia.<\/span><\/p>\n<p><span style=\"font-weight: 400;\">AINESOSAT: demineralisoitu vesi, hajuste 5-15 %, APA alle 10 %, kompleksit alle 5 %.<\/span><\/p>\n<p><span style=\"font-weight: 400;\">K\u00c4YTT\u00d6OHJE: lis\u00e4\u00e4 tuote aktiivivaahtoa sis\u00e4lt\u00e4v\u00e4\u00e4n astiaan suhteessa 40-80 grammaa per 1L <\/span><span style=\"font-weight: 400;\">litraa vaahtoa. Sekoita, kunnes se on t\u00e4ysin liuennut.<\/span><\/p>\n<p><span style=\"font-weight: 400;\">S\u00c4ILYTYSOLOSUHTEET: S\u00e4ilyt\u00e4 +5\u00b0C ja +30\u00b0C v\u00e4lisess\u00e4 l\u00e4mp\u00f6tilassa ilman suoraa auringonvaloa.<\/span><\/p>\n<p><span style=\"font-weight: 400;\">S\u00c4ILYVYYSAIKA: S\u00c4ILYTYSAIKA: 1,5 TUNTIA: 2 vuotta valmistusp\u00e4iv\u00e4st\u00e4. Er\u00e4numero ja valmistusp\u00e4iv\u00e4m\u00e4\u00e4r\u00e4 on merkitty pakkauksen<\/span><span style=\"font-weight: 400;\">.<\/span><\/p>\n<p><span style=\"font-weight: 400;\">VAROITUKSET: Noudata k\u00e4ytt\u00f6- ja s\u00e4ilytysohjeita. Ennen <\/span><span style=\"font-weight: 400;\">tarkista v\u00e4rj\u00e4ytymiskest\u00e4vyys huomaamattomalta pinnalta ennen k\u00e4ytt\u00f6\u00e4.<\/span><\/p>\n<p><span style=\"font-weight: 400;\">TURVALLISUUSOHJEET: Varoitus. S\u00e4ilytett\u00e4v\u00e4 lasten ulottumattomissa. Ei saa niell\u00e4.\u00a0 <\/span><span style=\"font-weight: 400;\">Jos joutuu iholle tai silmiin, huuhtele juoksevalla vedell\u00e4 ja ota tarvittaessa yhteys l\u00e4\u00e4k\u00e4riin. <\/span><span style=\"font-weight: 400;\">K\u00e4ytett\u00e4ess\u00e4 k\u00e4ytett\u00e4v\u00e4 henkil\u00f6kohtaisia suojavarusteita.<\/span><\/p>","protected":false},"excerpt":{"rendered":"<p>Hajustettu aktiivinen vaahdonvahvistin Tuote on suunniteltu antamaan aktiivivaahdolle pitk\u00e4kestoinen miellytt\u00e4v\u00e4 tuoksu ja parantamaan sen puhdistusominaisuuksia. AINESOSAT: demineralisoitu vesi, hajuste 5-15 %, APA alle 10 %, kompleksit alle 5 %. K\u00c4YTT\u00d6OHJE: lis\u00e4\u00e4 tuote aktiivivaahtoa sis\u00e4lt\u00e4v\u00e4\u00e4n astiaan suhteessa 40-80 grammaa per 1L litraa vaahtoa. Sekoita, kunnes se on t\u00e4ysin liuennut. S\u00c4ILYTYSOLOSUHTEET: S\u00e4ilyt\u00e4 +5\u00b0C ja +30\u00b0C v\u00e4lisess\u00e4 l\u00e4mp\u00f6tilassa [&hellip;]<\/p>","protected":false},"featured_media":1830,"comment_status":"open","ping_status":"closed","template":"","meta":{"site-sidebar-layout":"default","site-content-layout":"","ast-site-content-layout":"default","site-content-style":"default","site-sidebar-style":"default","ast-global-header-display":"","ast-banner-title-visibility":"","ast-main-header-display":"","ast-hfb-above-header-display":"","ast-hfb-below-header-display":"","ast-hfb-mobile-header-display":"","site-post-title":"","ast-breadcrumbs-content":"","ast-featured-img":"","footer-sml-layout":"","theme-transparent-header-meta":"default","adv-header-id-meta":"","stick-header-meta":"","header-above-stick-meta":"","header-main-stick-meta":"","header-below-stick-meta":"","astra-migrate-meta-layouts":"set","ast-page-background-enabled":"default","ast-page-background-meta":{"desktop":{"background-color":"var(--ast-global-color-4)","background-image":"","background-repeat":"repeat","background-position":"center center","background-size":"auto","background-attachment":"scroll","background-type":"","background-media":"","overlay-type":"","overlay-color":"","overlay-opacity":"","overlay-gradient":""},"tablet":{"background-color":"","background-image":"","background-repeat":"repeat","background-position":"center center","background-size":"auto","background-attachment":"scroll","background-type":"","background-media":"","overlay-type":"","overlay-color":"","overlay-opacity":"","overlay-gradient":""},"mobile":{"background-color":"","background-image":"","background-repeat":"repeat","background-position":"center center","background-size":"auto","background-attachment":"scroll","background-type":"","background-media":"","overlay-type":"","overlay-color":"","overlay-opacity":"","overlay-gradient":""}},"ast-content-background-meta":{"desktop":{"background-color":"var(--ast-global-color-5)","background-image":"","background-repeat":"repeat","background-position":"center center","background-size":"auto","background-attachment":"scroll","background-type":"","background-media":"","overlay-type":"","overlay-color":"","overlay-opacity":"","overlay-gradient":""},"tablet":{"background-color":"var(--ast-global-color-5)","background-image":"","background-repeat":"repeat","background-position":"center center","background-size":"auto","background-attachment":"scroll","background-type":"","background-media":"","overlay-type":"","overlay-color":"","overlay-opacity":"","overlay-gradient":""},"mobile":{"background-color":"var(--ast-global-color-5)","background-image":"","background-repeat":"repeat","background-position":"center center","background-size":"auto","background-attachment":"scroll","background-type":"","background-media":"","overlay-type":"","overlay-color":"","overlay-opacity":"","overlay-gradient":""}}},"product_brand":[],"product_cat":[47,42],"product_tag":[],"class_list":{"0":"post-1829","1":"product","2":"type-product","3":"status-publish","4":"has-post-thumbnail","6":"product_cat-aktiivivaahto","7":"product_cat-ulkopuoli","8":"desktop-align-left","9":"tablet-align-left","10":"mobile-align-center","12":"first","13":"instock","14":"sale","15":"shipping-taxable","16":"purchasable","17":"product-type-simple"},"_links":{"self":[{"href":"https:\/\/autoshine.fi\/sv\/wp-json\/wp\/v2\/product\/1829","targetHints":{"allow":["GET"]}}],"collection":[{"href":"https:\/\/autoshine.fi\/sv\/wp-json\/wp\/v2\/product"}],"about":[{"href":"https:\/\/autoshine.fi\/sv\/wp-json\/wp\/v2\/types\/product"}],"replies":[{"embeddable":true,"href":"https:\/\/autoshine.fi\/sv\/wp-json\/wp\/v2\/comments?post=1829"}],"wp:featuredmedia":[{"embeddable":true,"href":"https:\/\/autoshine.fi\/sv\/wp-json\/wp\/v2\/media\/1830"}],"wp:attachment":[{"href":"https:\/\/autoshine.fi\/sv\/wp-json\/wp\/v2\/media?parent=1829"}],"wp:term":[{"taxonomy":"product_brand","embeddable":true,"href":"https:\/\/autoshine.fi\/sv\/wp-json\/wp\/v2\/product_brand?post=1829"},{"taxonomy":"product_cat","embeddable":true,"href":"https:\/\/autoshine.fi\/sv\/wp-json\/wp\/v2\/product_cat?post=1829"},{"taxonomy":"product_tag","embeddable":true,"href":"https:\/\/autoshine.fi\/sv\/wp-json\/wp\/v2\/product_tag?post=1829"}],"curies":[{"name":"wp","href":"https:\/\/api.w.org\/{rel}","templated":true}]}}