{"id":1872,"date":"2025-08-14T13:21:52","date_gmt":"2025-08-14T10:21:52","guid":{"rendered":"https:\/\/autoshine.fi\/?post_type=product&#038;p=1872"},"modified":"2025-11-04T23:32:38","modified_gmt":"2025-11-04T20:32:38","slug":"active-foam-77-1l","status":"publish","type":"product","link":"https:\/\/autoshine.fi\/sv\/product\/active-foam-77-1l\/","title":{"rendered":"Ammattilainen pesuaine &#8221;Polychrom 2020 ACTIVE FOAM 77&#8221; 1,1 kg"},"content":{"rendered":"<p><b>Kontaktittomaan pesemiseen<\/b><\/p>\n<p><span style=\"font-weight: 400;\">Suunniteltu kaikkien ajoneuvojen pesemiseen, sek\u00e4 kotona ett\u00e4 ja itsepalvelupesuloissa. Poistaa tehokkaasti maalipinnalta tien p\u00f6lyn, polttoaine- ja voiteluainej\u00e4\u00e4m\u00e4t sek\u00e4 hy\u00f6nteisten j\u00e4ljet.<\/span><\/p>\n<p><b>K\u00e4ytt\u00f6ohjeet:<\/b><\/p>\n<ol>\n<li style=\"font-weight: 400;\" aria-level=\"1\"><span style=\"font-weight: 400;\">Aloita laimentamalla tiiviste vedell\u00e4 suhteessa 1:9-1:12, matalapaineisella vaahdottimella, laimenna 1:90-1:120.<\/span><\/li>\n<li style=\"font-weight: 400;\" aria-level=\"1\"><span style=\"font-weight: 400;\">Valmis liuos voidaan levitt\u00e4\u00e4 kuivalle autolle.<\/span><\/li>\n<\/ol>\n<p><span style=\"font-weight: 400;\">Anna vaikuttaa enint\u00e4\u00e4n 2 minuuttia. \u00c4l\u00e4 anna aineen kuivua.<\/span><\/p>\n<ol>\n<li style=\"font-weight: 400;\" aria-level=\"1\"><span style=\"font-weight: 400;\">Tuote on huuhdeltava vedell\u00e4, jonka paine on v\u00e4hint\u00e4\u00e4n 5\u20136 baaria, et\u00e4isyydelt\u00e4 15\u201320 cm ja kulmassa pintaan n\u00e4hden<\/span><\/li>\n<\/ol>\n<p><b>Ainesosat:<\/b><span style=\"font-weight: 400;\"> demineralisoitu vesi, natriumhydroksidi 5\u201310 %, kompleksinesteet 5\u201315 %, anioniset pinta-aktiiviset aineet 5\u201315 %, amfoteeriset pinta-aktiiviset aineet 5\u201315 %, ei-ioniset pinta-aktiiviset aineet 5\u201315 %, v\u00e4riaine.<\/span><\/p>\n<p><b>S\u00c4ILYTYSOHJEET:<\/b><span style=\"font-weight: 400;\"> S\u00e4ilyt\u00e4 +5 \u00b0C &#8211; +30 \u00b0C l\u00e4mp\u00f6tilassa ilman suoraa auringonvaloa.<\/span><\/p>\n<p><b>S\u00c4ILYVYYS:<\/b><span style=\"font-weight: 400;\"> 2 vuotta valmistusp\u00e4iv\u00e4st\u00e4. Er\u00e4numero ja valmistusp\u00e4iv\u00e4 on merkitty pakkaukseen.<\/span><\/p>\n<p><b>Varoitus:<\/b><span style=\"font-weight: 400;\"> Noudata k\u00e4ytt\u00f6- ja s\u00e4ilytysohjeita.<\/span><\/p>\n<p><b>TURVALLISUUSOHJEET<\/b><span style=\"font-weight: 400;\">:<\/span><\/p>\n<ul>\n<li style=\"font-weight: 400;\" aria-level=\"1\"><span style=\"font-weight: 400;\">Pid\u00e4 poissa lasten ulottuvilta.<\/span><\/li>\n<li style=\"font-weight: 400;\" aria-level=\"1\"><span style=\"font-weight: 400;\">Ei saa niell\u00e4.<\/span><\/li>\n<li style=\"font-weight: 400;\" aria-level=\"1\"><span style=\"font-weight: 400;\">Jos tuotetta joutuu iholle tai silmiin, huuhtele runsaalla vedell\u00e4 ja ota tarvittaessa yhteys l\u00e4\u00e4k\u00e4riin.<\/span><\/li>\n<li style=\"font-weight: 400;\" aria-level=\"1\"><span style=\"font-weight: 400;\">K\u00e4yt\u00e4 suojavarusteita k\u00e4yt\u00f6n aikana.<\/span><\/li>\n<\/ul>","protected":false},"excerpt":{"rendered":"<p><span style=\"font-weight: 400;\">Suunniteltu kaikkien ajoneuvojen pesemiseen, sek\u00e4 kotona ett\u00e4 ja itsepalvelupesuloissa. Poistaa tehokkaasti maalipinnalta tien p\u00f6lyn, polttoaine- ja voiteluainej\u00e4\u00e4m\u00e4t sek\u00e4 hy\u00f6nteisten j\u00e4ljet.<\/span><\/p>\n<p>&nbsp;<\/p>","protected":false},"featured_media":1873,"comment_status":"open","ping_status":"closed","template":"","meta":{"site-sidebar-layout":"default","site-content-layout":"","ast-site-content-layout":"default","site-content-style":"default","site-sidebar-style":"default","ast-global-header-display":"","ast-banner-title-visibility":"","ast-main-header-display":"","ast-hfb-above-header-display":"","ast-hfb-below-header-display":"","ast-hfb-mobile-header-display":"","site-post-title":"","ast-breadcrumbs-content":"","ast-featured-img":"","footer-sml-layout":"","theme-transparent-header-meta":"default","adv-header-id-meta":"","stick-header-meta":"","header-above-stick-meta":"","header-main-stick-meta":"","header-below-stick-meta":"","astra-migrate-meta-layouts":"set","ast-page-background-enabled":"default","ast-page-background-meta":{"desktop":{"background-color":"var(--ast-global-color-4)","background-image":"","background-repeat":"repeat","background-position":"center center","background-size":"auto","background-attachment":"scroll","background-type":"","background-media":"","overlay-type":"","overlay-color":"","overlay-opacity":"","overlay-gradient":""},"tablet":{"background-color":"","background-image":"","background-repeat":"repeat","background-position":"center center","background-size":"auto","background-attachment":"scroll","background-type":"","background-media":"","overlay-type":"","overlay-color":"","overlay-opacity":"","overlay-gradient":""},"mobile":{"background-color":"","background-image":"","background-repeat":"repeat","background-position":"center center","background-size":"auto","background-attachment":"scroll","background-type":"","background-media":"","overlay-type":"","overlay-color":"","overlay-opacity":"","overlay-gradient":""}},"ast-content-background-meta":{"desktop":{"background-color":"var(--ast-global-color-5)","background-image":"","background-repeat":"repeat","background-position":"center center","background-size":"auto","background-attachment":"scroll","background-type":"","background-media":"","overlay-type":"","overlay-color":"","overlay-opacity":"","overlay-gradient":""},"tablet":{"background-color":"var(--ast-global-color-5)","background-image":"","background-repeat":"repeat","background-position":"center center","background-size":"auto","background-attachment":"scroll","background-type":"","background-media":"","overlay-type":"","overlay-color":"","overlay-opacity":"","overlay-gradient":""},"mobile":{"background-color":"var(--ast-global-color-5)","background-image":"","background-repeat":"repeat","background-position":"center center","background-size":"auto","background-attachment":"scroll","background-type":"","background-media":"","overlay-type":"","overlay-color":"","overlay-opacity":"","overlay-gradient":""}}},"product_brand":[],"product_cat":[47,42],"product_tag":[],"class_list":{"0":"post-1872","1":"product","2":"type-product","3":"status-publish","4":"has-post-thumbnail","6":"product_cat-aktiivivaahto","7":"product_cat-ulkopuoli","8":"desktop-align-left","9":"tablet-align-left","10":"mobile-align-center","12":"first","13":"instock","14":"sale","15":"shipping-taxable","16":"purchasable","17":"product-type-simple"},"_links":{"self":[{"href":"https:\/\/autoshine.fi\/sv\/wp-json\/wp\/v2\/product\/1872","targetHints":{"allow":["GET"]}}],"collection":[{"href":"https:\/\/autoshine.fi\/sv\/wp-json\/wp\/v2\/product"}],"about":[{"href":"https:\/\/autoshine.fi\/sv\/wp-json\/wp\/v2\/types\/product"}],"replies":[{"embeddable":true,"href":"https:\/\/autoshine.fi\/sv\/wp-json\/wp\/v2\/comments?post=1872"}],"wp:featuredmedia":[{"embeddable":true,"href":"https:\/\/autoshine.fi\/sv\/wp-json\/wp\/v2\/media\/1873"}],"wp:attachment":[{"href":"https:\/\/autoshine.fi\/sv\/wp-json\/wp\/v2\/media?parent=1872"}],"wp:term":[{"taxonomy":"product_brand","embeddable":true,"href":"https:\/\/autoshine.fi\/sv\/wp-json\/wp\/v2\/product_brand?post=1872"},{"taxonomy":"product_cat","embeddable":true,"href":"https:\/\/autoshine.fi\/sv\/wp-json\/wp\/v2\/product_cat?post=1872"},{"taxonomy":"product_tag","embeddable":true,"href":"https:\/\/autoshine.fi\/sv\/wp-json\/wp\/v2\/product_tag?post=1872"}],"curies":[{"name":"wp","href":"https:\/\/api.w.org\/{rel}","templated":true}]}}