{"id":1875,"date":"2025-08-14T13:24:18","date_gmt":"2025-08-14T10:24:18","guid":{"rendered":"https:\/\/autoshine.fi\/?post_type=product&#038;p=1875"},"modified":"2026-04-07T14:40:17","modified_gmt":"2026-04-07T11:40:17","slug":"active-foam-double-power-5l","status":"publish","type":"product","link":"https:\/\/autoshine.fi\/sv\/product\/active-foam-double-power-5l\/","title":{"rendered":"KAKSIKOMPONENTTINEN TIIVISTETTY PUHDISTUSAINE KOSKETUKSETTOMAAN PESUUN &#8221;Polychrom 2020 ACTIVE FOAM DOUBLE POWER&#8221; 6 kg"},"content":{"rendered":"<p><span style=\"font-weight: 400;\">KAKSIKOMPONENTTINEN TIIVISTETTY PUHDISTUSAINE KOSKETUKSETTOMAAN PESUUN<\/span><\/p>\n<p><span style=\"font-weight: 400;\">Monik\u00e4ytt\u00f6inen kaksikomponenttinen em\u00e4ksinen pesuaine on suunniteltu sek\u00e4 tavallisiin ett\u00e4 ammattik\u00e4ytt\u00f6\u00f6n tarkoitettuihin <\/span><span style=\"font-weight: 400;\">erilaisten ajoneuvojen pesuun: henkil\u00f6autot, kuorma-autot, s\u00e4ili\u00f6autot, veneet, rautatieliikenne <\/span><span style=\"font-weight: 400;\">vaunut, per\u00e4vaunut, alustat ja py\u00f6r\u00e4t, moottorin ulkopinnat, pressut. Tehokas puhdistukseen ja <\/span><span style=\"font-weight: 400;\">lattioiden ja laitteiden puhdistukseen ja desinfiointiin lihanjalostuslaitoksissa, makkaratehtaissa ja \u00f6ljynpuristamoissa. Sill\u00e4 on <\/span><span style=\"font-weight: 400;\">korkea rasvanpoisto-, pesu- ja desinfiointiominaisuus. Se liuottaa nopeasti rasvaiset ep\u00e4puhtaudet orgaanisten ja <\/span><span style=\"font-weight: 400;\">ep\u00e4orgaanista alkuper\u00e4\u00e4, poistaa kaikenlaisen lian ja p\u00f6lyn.<\/span><\/p>\n<p><span style=\"font-weight: 400;\">Ainesosat: demineralisoitu vesi, natriumhydroksidi 5-15 %, kompleksinmuodostajat 5-15 %, <\/span><span style=\"font-weight: 400;\">anioninen pinta-aktiivinen aine 5-15 %, amfoteerinen pinta-aktiivinen aine alle 5 %, ei-ioninen pinta-aktiivinen aine alle 5 %, liuotinaine. <\/span><span style=\"font-weight: 400;\">alle 5 %, v\u00e4riaine.<\/span><\/p>\n<p><span style=\"font-weight: 400;\">K\u00c4YTT\u00d6OHJE: Ravista tuotetta ennen levitt\u00e4mist\u00e4 ja laimenna se vedell\u00e4 seuraavassa suhteessa <\/span><span style=\"font-weight: 400;\">1:7-1:10 esipesuun, 1:4-1:8 normaaliin pesuun autopesuloissa, 1:6-1:10 pintapuhdistukseen. <\/span><span style=\"font-weight: 400;\">moottorin, ajoneuvojen osien ja komponenttien, 1:40-1:60 lattioiden ja tuotantolaitteiden puhdistukseen.<\/span><\/p>\n<p><span style=\"font-weight: 400;\">S\u00c4ILYTYSOLOSUHTEET: S\u00e4ilyt\u00e4 +5\u00b0C &#8211; +30\u00b0C l\u00e4mp\u00f6tilassa ilman suoraa auringonvaloa.<\/span><\/p>\n<p><span style=\"font-weight: 400;\">S\u00c4ILYVYYSAIKA: 2 vuotta valmistusp\u00e4iv\u00e4st\u00e4. Er\u00e4numero ja valmistusp\u00e4iv\u00e4 on merkitty pakkaukseen.<\/span><\/p>\n<p><span style=\"font-weight: 400;\">VAROITUKSET: Noudata k\u00e4ytt\u00f6- ja s\u00e4ilytysohjeita.<\/span><\/p>\n<p><span style=\"font-weight: 400;\">TURVALLISUUSOHJEET: Varoitus. S\u00e4ilytett\u00e4v\u00e4 lasten ulottumattomissa. Ei saa niell\u00e4. Jos joutuu kosketuksiin ihon kanssa <\/span><span style=\"font-weight: 400;\">tai silmiin, huuhtele juoksevalla vedell\u00e4, hakeudu tarvittaessa l\u00e4\u00e4k\u00e4riin. K\u00e4ytett\u00e4ess\u00e4 on k\u00e4ytett\u00e4v\u00e4 <\/span><span style=\"font-weight: 400;\">henkil\u00f6kohtaisia suojavarusteita.<\/span><\/p>","protected":false},"excerpt":{"rendered":"<p><span style=\"font-weight: 400;\">Monik\u00e4ytt\u00f6inen kaksikomponenttinen em\u00e4ksinen pesuaine on suunniteltu sek\u00e4 tavallisiin ett\u00e4 ammattik\u00e4ytt\u00f6\u00f6n tarkoitettuihin <\/span><span style=\"font-weight: 400;\">erilaisten ajoneuvojen pesuun: henkil\u00f6autot, kuorma-autot, s\u00e4ili\u00f6autot, veneet, rautatieliikenne <\/span><span style=\"font-weight: 400;\">vaunut, per\u00e4vaunut, alustat ja py\u00f6r\u00e4t, moottorin ulkopinnat, pressut. Tehokas puhdistukseen ja <\/span><span style=\"font-weight: 400;\">lattioiden ja laitteiden puhdistukseen ja desinfiointiin lihanjalostuslaitoksissa, makkaratehtaissa ja \u00f6ljynpuristamoissa. Sill\u00e4 on <\/span><span style=\"font-weight: 400;\">korkea rasvanpoisto-, pesu- ja desinfiointiominaisuus. Se liuottaa nopeasti rasvaiset ep\u00e4puhtaudet orgaanisten ja <\/span><span style=\"font-weight: 400;\">ep\u00e4orgaanista alkuper\u00e4\u00e4, poistaa kaikenlaisen lian ja p\u00f6lyn.<\/span><\/p>","protected":false},"featured_media":1876,"comment_status":"open","ping_status":"closed","template":"","meta":{"site-sidebar-layout":"default","site-content-layout":"","ast-site-content-layout":"default","site-content-style":"default","site-sidebar-style":"default","ast-global-header-display":"","ast-banner-title-visibility":"","ast-main-header-display":"","ast-hfb-above-header-display":"","ast-hfb-below-header-display":"","ast-hfb-mobile-header-display":"","site-post-title":"","ast-breadcrumbs-content":"","ast-featured-img":"","footer-sml-layout":"","theme-transparent-header-meta":"default","adv-header-id-meta":"","stick-header-meta":"","header-above-stick-meta":"","header-main-stick-meta":"","header-below-stick-meta":"","astra-migrate-meta-layouts":"set","ast-page-background-enabled":"default","ast-page-background-meta":{"desktop":{"background-color":"var(--ast-global-color-4)","background-image":"","background-repeat":"repeat","background-position":"center center","background-size":"auto","background-attachment":"scroll","background-type":"","background-media":"","overlay-type":"","overlay-color":"","overlay-opacity":"","overlay-gradient":""},"tablet":{"background-color":"","background-image":"","background-repeat":"repeat","background-position":"center center","background-size":"auto","background-attachment":"scroll","background-type":"","background-media":"","overlay-type":"","overlay-color":"","overlay-opacity":"","overlay-gradient":""},"mobile":{"background-color":"","background-image":"","background-repeat":"repeat","background-position":"center center","background-size":"auto","background-attachment":"scroll","background-type":"","background-media":"","overlay-type":"","overlay-color":"","overlay-opacity":"","overlay-gradient":""}},"ast-content-background-meta":{"desktop":{"background-color":"var(--ast-global-color-5)","background-image":"","background-repeat":"repeat","background-position":"center center","background-size":"auto","background-attachment":"scroll","background-type":"","background-media":"","overlay-type":"","overlay-color":"","overlay-opacity":"","overlay-gradient":""},"tablet":{"background-color":"var(--ast-global-color-5)","background-image":"","background-repeat":"repeat","background-position":"center center","background-size":"auto","background-attachment":"scroll","background-type":"","background-media":"","overlay-type":"","overlay-color":"","overlay-opacity":"","overlay-gradient":""},"mobile":{"background-color":"var(--ast-global-color-5)","background-image":"","background-repeat":"repeat","background-position":"center center","background-size":"auto","background-attachment":"scroll","background-type":"","background-media":"","overlay-type":"","overlay-color":"","overlay-opacity":"","overlay-gradient":""}}},"product_brand":[],"product_cat":[47,42],"product_tag":[],"class_list":{"0":"post-1875","1":"product","2":"type-product","3":"status-publish","4":"has-post-thumbnail","6":"product_cat-aktiivivaahto","7":"product_cat-ulkopuoli","8":"desktop-align-left","9":"tablet-align-left","10":"mobile-align-center","12":"first","13":"instock","14":"sale","15":"shipping-taxable","16":"purchasable","17":"product-type-simple"},"_links":{"self":[{"href":"https:\/\/autoshine.fi\/sv\/wp-json\/wp\/v2\/product\/1875","targetHints":{"allow":["GET"]}}],"collection":[{"href":"https:\/\/autoshine.fi\/sv\/wp-json\/wp\/v2\/product"}],"about":[{"href":"https:\/\/autoshine.fi\/sv\/wp-json\/wp\/v2\/types\/product"}],"replies":[{"embeddable":true,"href":"https:\/\/autoshine.fi\/sv\/wp-json\/wp\/v2\/comments?post=1875"}],"wp:featuredmedia":[{"embeddable":true,"href":"https:\/\/autoshine.fi\/sv\/wp-json\/wp\/v2\/media\/1876"}],"wp:attachment":[{"href":"https:\/\/autoshine.fi\/sv\/wp-json\/wp\/v2\/media?parent=1875"}],"wp:term":[{"taxonomy":"product_brand","embeddable":true,"href":"https:\/\/autoshine.fi\/sv\/wp-json\/wp\/v2\/product_brand?post=1875"},{"taxonomy":"product_cat","embeddable":true,"href":"https:\/\/autoshine.fi\/sv\/wp-json\/wp\/v2\/product_cat?post=1875"},{"taxonomy":"product_tag","embeddable":true,"href":"https:\/\/autoshine.fi\/sv\/wp-json\/wp\/v2\/product_tag?post=1875"}],"curies":[{"name":"wp","href":"https:\/\/api.w.org\/{rel}","templated":true}]}}