{"id":1894,"date":"2025-08-14T13:40:51","date_gmt":"2025-08-14T10:40:51","guid":{"rendered":"https:\/\/autoshine.fi\/?post_type=product&#038;p=1894"},"modified":"2026-04-02T12:49:09","modified_gmt":"2026-04-02T09:49:09","slug":"foam-activator-1l","status":"publish","type":"product","link":"https:\/\/autoshine.fi\/sv\/product\/foam-activator-1l\/","title":{"rendered":"Tiivistetty pesuaineaktivaattori &#8221;Polychrom 2020 &#8221;FOAM ACTIVATOR&#8221; 1L"},"content":{"rendered":"<p><b>Vaahtoaktivaattori<\/b><\/p>\n<p><span style=\"font-weight: 400;\">Parantaa pesuaineen puhdistuskyky\u00e4 ja lis\u00e4\u00e4 sen vaahtolujuutta. Kun aktivaattori lis\u00e4t\u00e4\u00e4n pesuaineeseen, vaahto muuttuu kirkkaan violetiksi tai vaaleanpunaiseksi. Kemiallinen koostumus ei sis\u00e4ll\u00e4 aggressiivisia komponentteja, joten se on turvallinen auton maalipinnalle. Aktivaattorin nanokomponentit eiv\u00e4t muuta pesuaineen fysikaalisia ja kemiallisia ominaisuuksia. Helposti pest\u00e4viss\u00e4 pois,\u00a0 eik\u00e4 j\u00e4t\u00e4 pintaan v\u00e4rj\u00e4ysj\u00e4lki\u00e4.<\/span><\/p>\n<p><b>AINESOSAT:<\/b><span style=\"font-weight: 400;\"> orgaaninen liuotin yli 30 %, aktiiviset lis\u00e4aineet, hajuste.<\/span><\/p>\n<p><b>K\u00c4YTT\u00d6OHJE:<\/b><span style=\"font-weight: 400;\"> Automaattisissa annosteluj\u00e4rjestelmiss\u00e4 liuosta tulee laimentaa 20-40 ml liuosta 1 litraa v\u00e4kev\u00e4\u00e4 pesuainetta kohden, sekoittaen jatkuvasti v\u00e4kev\u00e4\u00e4 pesuainetta. K\u00e4ytett\u00e4ess\u00e4 v\u00e4kev\u00e4\u00e4 pesuainetta manuaalisesti, aktivaattori on sekoitettava suhteessa 20-50 ml liuosta 1 litraa v\u00e4kev\u00e4\u00e4 pesuainetta kohti.<\/span><\/p>\n<p><b>S\u00c4ILYTYSOLOSUHTEET:<\/b><span style=\"font-weight: 400;\"> S\u00e4ilyt\u00e4 +5\u00b0C ja +30\u00b0C v\u00e4lisess\u00e4 l\u00e4mp\u00f6tilassa ilman suoraa auringonvaloa.<\/span><\/p>\n<p><b>S\u00c4ILYTYSAIKA:<\/b><span style=\"font-weight: 400;\"> 2 vuotta valmistusp\u00e4iv\u00e4st\u00e4. Er\u00e4numero ja valmistusp\u00e4iv\u00e4 on merkitty pakkaukseen.<\/span><\/p>\n<p><b>VAROITUS:<\/b><span style=\"font-weight: 400;\"> Noudata k\u00e4ytt\u00f6- ja s\u00e4ilytysohjeita. \u00c4l\u00e4 laimenna vedell\u00e4!<\/span><\/p>","protected":false},"excerpt":{"rendered":"<p><b>Vaahtoaktivaattori<\/b><\/p>\n<p><span style=\"font-weight: 400;\">Parantaa pesuaineen puhdistuskyky\u00e4 ja lis\u00e4\u00e4 sen vaahtolujuutta. Kun aktivaattori lis\u00e4t\u00e4\u00e4n pesuaineeseen, vaahto muuttuu kirkkaan violetiksi tai vaaleanpunaiseksi. Kemiallinen koostumus ei sis\u00e4ll\u00e4 aggressiivisia komponentteja, joten se on turvallinen auton maalipinnalle. Aktivaattorin nanokomponentit eiv\u00e4t muuta pesuaineen fysikaalisia ja kemiallisia ominaisuuksia. Helposti pest\u00e4viss\u00e4 pois,\u00a0 eik\u00e4 j\u00e4t\u00e4 pintaan v\u00e4rj\u00e4ysj\u00e4lki\u00e4.<\/span><\/p>\n<p>&nbsp;<\/p>","protected":false},"featured_media":1895,"comment_status":"open","ping_status":"closed","template":"","meta":{"site-sidebar-layout":"default","site-content-layout":"","ast-site-content-layout":"default","site-content-style":"default","site-sidebar-style":"default","ast-global-header-display":"","ast-banner-title-visibility":"","ast-main-header-display":"","ast-hfb-above-header-display":"","ast-hfb-below-header-display":"","ast-hfb-mobile-header-display":"","site-post-title":"","ast-breadcrumbs-content":"","ast-featured-img":"","footer-sml-layout":"","theme-transparent-header-meta":"default","adv-header-id-meta":"","stick-header-meta":"","header-above-stick-meta":"","header-main-stick-meta":"","header-below-stick-meta":"","astra-migrate-meta-layouts":"set","ast-page-background-enabled":"default","ast-page-background-meta":{"desktop":{"background-color":"var(--ast-global-color-4)","background-image":"","background-repeat":"repeat","background-position":"center center","background-size":"auto","background-attachment":"scroll","background-type":"","background-media":"","overlay-type":"","overlay-color":"","overlay-opacity":"","overlay-gradient":""},"tablet":{"background-color":"","background-image":"","background-repeat":"repeat","background-position":"center center","background-size":"auto","background-attachment":"scroll","background-type":"","background-media":"","overlay-type":"","overlay-color":"","overlay-opacity":"","overlay-gradient":""},"mobile":{"background-color":"","background-image":"","background-repeat":"repeat","background-position":"center center","background-size":"auto","background-attachment":"scroll","background-type":"","background-media":"","overlay-type":"","overlay-color":"","overlay-opacity":"","overlay-gradient":""}},"ast-content-background-meta":{"desktop":{"background-color":"var(--ast-global-color-5)","background-image":"","background-repeat":"repeat","background-position":"center center","background-size":"auto","background-attachment":"scroll","background-type":"","background-media":"","overlay-type":"","overlay-color":"","overlay-opacity":"","overlay-gradient":""},"tablet":{"background-color":"var(--ast-global-color-5)","background-image":"","background-repeat":"repeat","background-position":"center center","background-size":"auto","background-attachment":"scroll","background-type":"","background-media":"","overlay-type":"","overlay-color":"","overlay-opacity":"","overlay-gradient":""},"mobile":{"background-color":"var(--ast-global-color-5)","background-image":"","background-repeat":"repeat","background-position":"center center","background-size":"auto","background-attachment":"scroll","background-type":"","background-media":"","overlay-type":"","overlay-color":"","overlay-opacity":"","overlay-gradient":""}}},"product_brand":[],"product_cat":[47,42],"product_tag":[],"class_list":{"0":"post-1894","1":"product","2":"type-product","3":"status-publish","4":"has-post-thumbnail","6":"product_cat-aktiivivaahto","7":"product_cat-ulkopuoli","8":"desktop-align-left","9":"tablet-align-left","10":"mobile-align-center","12":"first","13":"instock","14":"sale","15":"shipping-taxable","16":"purchasable","17":"product-type-simple"},"_links":{"self":[{"href":"https:\/\/autoshine.fi\/sv\/wp-json\/wp\/v2\/product\/1894","targetHints":{"allow":["GET"]}}],"collection":[{"href":"https:\/\/autoshine.fi\/sv\/wp-json\/wp\/v2\/product"}],"about":[{"href":"https:\/\/autoshine.fi\/sv\/wp-json\/wp\/v2\/types\/product"}],"replies":[{"embeddable":true,"href":"https:\/\/autoshine.fi\/sv\/wp-json\/wp\/v2\/comments?post=1894"}],"wp:featuredmedia":[{"embeddable":true,"href":"https:\/\/autoshine.fi\/sv\/wp-json\/wp\/v2\/media\/1895"}],"wp:attachment":[{"href":"https:\/\/autoshine.fi\/sv\/wp-json\/wp\/v2\/media?parent=1894"}],"wp:term":[{"taxonomy":"product_brand","embeddable":true,"href":"https:\/\/autoshine.fi\/sv\/wp-json\/wp\/v2\/product_brand?post=1894"},{"taxonomy":"product_cat","embeddable":true,"href":"https:\/\/autoshine.fi\/sv\/wp-json\/wp\/v2\/product_cat?post=1894"},{"taxonomy":"product_tag","embeddable":true,"href":"https:\/\/autoshine.fi\/sv\/wp-json\/wp\/v2\/product_tag?post=1894"}],"curies":[{"name":"wp","href":"https:\/\/api.w.org\/{rel}","templated":true}]}}