{"id":1896,"date":"2025-08-14T13:41:59","date_gmt":"2025-08-14T10:41:59","guid":{"rendered":"https:\/\/autoshine.fi\/?post_type=product&#038;p=1896"},"modified":"2025-10-22T12:18:11","modified_gmt":"2025-10-22T09:18:11","slug":"leather-conditioner-1l","status":"publish","type":"product","link":"https:\/\/autoshine.fi\/sv\/product\/leather-conditioner-1l\/","title":{"rendered":"NAHKAHOITOAINE &#8221;Polychrom 2020 &#8221;LEATHER CONDITIONER&#8221;, 1l."},"content":{"rendered":"<p>NAHKAHOITOAINE<br \/>\nTuote on suunniteltu erityisesti nahkapintojen ja auton istuinten hoitoon. Tunkeutuu nopeasti huokosiin ja palauttaa nahan kimmoisuuden ja tekstuurin. Est\u00e4\u00e4 halkeilua. Kuivuu nopeasti ja j\u00e4tt\u00e4\u00e4 miellytt\u00e4v\u00e4n tuoksun.<br \/>\nKOOSTUMUS: demineralisoitu vesi, 5\u201315 % silikoniemulsioiden seos, alle 5 % kationinen pinta-aktiivinen aine, v\u00e4riaine, sakeuttamisaine, aromi, s\u00e4il\u00f6nt\u00e4aine.<br \/>\nK\u00c4YTT\u00d6OHJE: levit\u00e4 aine tasaisesti puhdistettavaa ja kunnostettavaa pintaa. Pyyhi kuivalla, pehme\u00e4ll\u00e4 liinalla tai lautasliinalla poistaen lika ja tuotteen j\u00e4\u00e4nn\u00f6kset. \u00c4l\u00e4 levit\u00e4 oven saranoille tai lasille.<br \/>\nS\u00c4ILYTYSolosuhteet: s\u00e4ilyt\u00e4 +5 \u00b0C \u2013 +30 \u00b0C:n l\u00e4mp\u00f6tilassa, suojattuna suoralta auringonvalolta.<br \/>\nK\u00c4YTT\u00d6AIKA: 2 vuotta valmistusp\u00e4iv\u00e4st\u00e4. Er\u00e4numero ja valmistusp\u00e4iv\u00e4 on merkitty pakkaukseen.<br \/>\nVAROITUS: noudata k\u00e4ytt\u00f6- ja s\u00e4ilytysohjeita. Tarkista ennen k\u00e4ytt\u00f6\u00e4 v\u00e4rinmuutosten kest\u00e4vyys huomaamattomalla pinnalla.<br \/>\nTURVALLISUUSOHJEET: Varovasti! S\u00e4ilyt\u00e4 lasten ulottumattomissa. \u00c4l\u00e4 niele. Jos ainetta joutuu iholle tai silmiin, huuhtele juoksevalla vedell\u00e4 ja ota yhteys l\u00e4\u00e4k\u00e4riin. K\u00e4yt\u00e4 henkil\u00f6kohtaisia suojavarusteita k\u00e4yt\u00f6n aikana.<\/p>","protected":false},"excerpt":{"rendered":"<p>NAHKAHOITOAINE<br \/>\nTuote on suunniteltu erityisesti nahkapintojen ja auton istuinten hoitoon. Tunkeutuu nopeasti huokosiin ja palauttaa nahan kimmoisuuden ja tekstuurin. Est\u00e4\u00e4 halkeilua. Kuivuu nopeasti ja j\u00e4tt\u00e4\u00e4 miellytt\u00e4v\u00e4n tuoksun.<\/p>","protected":false},"featured_media":1897,"comment_status":"open","ping_status":"closed","template":"","meta":{"site-sidebar-layout":"default","site-content-layout":"","ast-site-content-layout":"default","site-content-style":"default","site-sidebar-style":"default","ast-global-header-display":"","ast-banner-title-visibility":"","ast-main-header-display":"","ast-hfb-above-header-display":"","ast-hfb-below-header-display":"","ast-hfb-mobile-header-display":"","site-post-title":"","ast-breadcrumbs-content":"","ast-featured-img":"","footer-sml-layout":"","theme-transparent-header-meta":"default","adv-header-id-meta":"","stick-header-meta":"","header-above-stick-meta":"","header-main-stick-meta":"","header-below-stick-meta":"","astra-migrate-meta-layouts":"set","ast-page-background-enabled":"default","ast-page-background-meta":{"desktop":{"background-color":"var(--ast-global-color-4)","background-image":"","background-repeat":"repeat","background-position":"center center","background-size":"auto","background-attachment":"scroll","background-type":"","background-media":"","overlay-type":"","overlay-color":"","overlay-opacity":"","overlay-gradient":""},"tablet":{"background-color":"","background-image":"","background-repeat":"repeat","background-position":"center center","background-size":"auto","background-attachment":"scroll","background-type":"","background-media":"","overlay-type":"","overlay-color":"","overlay-opacity":"","overlay-gradient":""},"mobile":{"background-color":"","background-image":"","background-repeat":"repeat","background-position":"center center","background-size":"auto","background-attachment":"scroll","background-type":"","background-media":"","overlay-type":"","overlay-color":"","overlay-opacity":"","overlay-gradient":""}},"ast-content-background-meta":{"desktop":{"background-color":"var(--ast-global-color-5)","background-image":"","background-repeat":"repeat","background-position":"center center","background-size":"auto","background-attachment":"scroll","background-type":"","background-media":"","overlay-type":"","overlay-color":"","overlay-opacity":"","overlay-gradient":""},"tablet":{"background-color":"var(--ast-global-color-5)","background-image":"","background-repeat":"repeat","background-position":"center center","background-size":"auto","background-attachment":"scroll","background-type":"","background-media":"","overlay-type":"","overlay-color":"","overlay-opacity":"","overlay-gradient":""},"mobile":{"background-color":"var(--ast-global-color-5)","background-image":"","background-repeat":"repeat","background-position":"center center","background-size":"auto","background-attachment":"scroll","background-type":"","background-media":"","overlay-type":"","overlay-color":"","overlay-opacity":"","overlay-gradient":""}}},"product_brand":[],"product_cat":[58,43],"product_tag":[],"class_list":{"0":"post-1896","1":"product","2":"type-product","3":"status-publish","4":"has-post-thumbnail","6":"product_cat-nahanhoitotuotteet","7":"product_cat-sisatila","8":"desktop-align-left","9":"tablet-align-left","10":"mobile-align-center","12":"first","13":"instock","14":"sale","15":"shipping-taxable","16":"purchasable","17":"product-type-simple"},"_links":{"self":[{"href":"https:\/\/autoshine.fi\/sv\/wp-json\/wp\/v2\/product\/1896","targetHints":{"allow":["GET"]}}],"collection":[{"href":"https:\/\/autoshine.fi\/sv\/wp-json\/wp\/v2\/product"}],"about":[{"href":"https:\/\/autoshine.fi\/sv\/wp-json\/wp\/v2\/types\/product"}],"replies":[{"embeddable":true,"href":"https:\/\/autoshine.fi\/sv\/wp-json\/wp\/v2\/comments?post=1896"}],"wp:featuredmedia":[{"embeddable":true,"href":"https:\/\/autoshine.fi\/sv\/wp-json\/wp\/v2\/media\/1897"}],"wp:attachment":[{"href":"https:\/\/autoshine.fi\/sv\/wp-json\/wp\/v2\/media?parent=1896"}],"wp:term":[{"taxonomy":"product_brand","embeddable":true,"href":"https:\/\/autoshine.fi\/sv\/wp-json\/wp\/v2\/product_brand?post=1896"},{"taxonomy":"product_cat","embeddable":true,"href":"https:\/\/autoshine.fi\/sv\/wp-json\/wp\/v2\/product_cat?post=1896"},{"taxonomy":"product_tag","embeddable":true,"href":"https:\/\/autoshine.fi\/sv\/wp-json\/wp\/v2\/product_tag?post=1896"}],"curies":[{"name":"wp","href":"https:\/\/api.w.org\/{rel}","templated":true}]}}