{"id":1974,"date":"2025-10-20T14:15:35","date_gmt":"2025-10-20T11:15:35","guid":{"rendered":"https:\/\/autoshine.fi\/?post_type=product&#038;p=1974"},"modified":"2025-10-27T11:20:55","modified_gmt":"2025-10-27T08:20:55","slug":"polyhrom-2020-hydro-polymer-05-l","status":"publish","type":"product","link":"https:\/\/autoshine.fi\/sv\/product\/polyhrom-2020-hydro-polymer-05-l\/","title":{"rendered":"NESTEM\u00c4INEN POLYMEERINEN S\u00c4IL\u00d6NT\u00c4AINE &#8221;Polychrom 2020 Hydro Polymer&#8221; 0,5 l"},"content":{"rendered":"<p><b>HYDRO POLYMEERI<\/b><\/p>\n<p><span style=\"font-weight: 400;\">NESTEM\u00c4INEN POLYMEERINEN S\u00c4IL\u00d6NT\u00c4AINE\u00a0<\/span><\/p>\n<p><span style=\"font-weight: 400;\">Tuote luo auton korin pintaan ohuen, kest\u00e4v\u00e4n kalvon, joka suojaa kosteudelta, p\u00f6lylt\u00e4 ja muilta haitallisilta ymp\u00e4rist\u00f6tekij\u00f6ilt\u00e4. Sis\u00e4lt\u00e4\u00e4 erikoiskomponentteja, jotka parantavat v\u00e4rien syvyytt\u00e4 ja kirkkautta. Est\u00e4\u00e4 muovin, kumin ja lasin samentumista. Sit\u00e4 suositellaan pikasuojaksi, hoito- ja s\u00e4il\u00f6nt\u00e4aineeksi pinnoitteille. Levitet\u00e4\u00e4n m\u00e4r\u00e4lle auton pinnalle pesun j\u00e4lkeen. Helppok\u00e4ytt\u00f6inen, ei sis\u00e4ll\u00e4 hankausaineita.<\/span><\/p>\n<p><span style=\"font-weight: 400;\">AINESOSAT: demineralisoitu vesi, kationisten pinta-aktiivisten aineiden seos 5 &#8211; 15 %, silikoniemulsiot 5 &#8211; 15 %, toiminnalliset lis\u00e4aineet.<\/span><\/p>\n<p><span style=\"font-weight: 400;\">K\u00c4YTT\u00d6OHJE: Levit\u00e4 tuote kostealle sienelle ja levit\u00e4 se tasaisesti kostealle, puhtaalle auton pinnalle ohueksi kerrokseksi. Odota 1-2 minuuttia, huuhtele pois vedell\u00e4 ilman painetta. Maksimaalisen vaikutuksen saavuttamiseksi levit\u00e4 pinnalle kuivalla mikrokuituliinalla. <\/span><span style=\"font-weight: 400;\">Tuotteen kerrostuminen on sallittua. Ravista hyvin ennen k\u00e4ytt\u00f6\u00e4.<\/span><\/p>\n<p><span style=\"font-weight: 400;\">S\u00c4ILYTYSOLOSUHTEET: S\u00e4ilyt\u00e4 +5\u00b0C ja +30\u00b0C v\u00e4lisess\u00e4 l\u00e4mp\u00f6tilassa ilman suoraa auringonvaloa.<\/span><\/p>\n<p><span style=\"font-weight: 400;\">S\u00c4ILYTYSAIKA: 2 vuotta valmistusp\u00e4iv\u00e4st\u00e4. Er\u00e4numero ja valmistusp\u00e4iv\u00e4 on merkitty pakkaukseen.<\/span><\/p>\n<p><span style=\"font-weight: 400;\">VAROITUKSET: noudata k\u00e4ytt\u00f6- ja s\u00e4ilytysohjeita.\u00a0<\/span><\/p>\n<p><span style=\"font-weight: 400;\">TURVALLISUUSOHJEET: Varoitus. S\u00e4ilytett\u00e4v\u00e4 lasten ulottumattomissa. Ei saa niell\u00e4. Jos joutuu iholle tai silmiin, huuhtele juoksevalla vedell\u00e4, hakeudu tarvittaessa l\u00e4\u00e4k\u00e4riin. K\u00e4yt\u00e4 henkil\u00f6kohtaisia suojavarusteita k\u00e4ytett\u00e4ess\u00e4.<\/span><\/p>","protected":false},"excerpt":{"rendered":"<p><span style=\"font-weight: 400;\">Tuote luo auton korin pintaan ohuen, kest\u00e4v\u00e4n kalvon, joka suojaa kosteudelta, p\u00f6lylt\u00e4 ja muilta haitallisilta ymp\u00e4rist\u00f6tekij\u00f6ilt\u00e4. Sis\u00e4lt\u00e4\u00e4 erikoiskomponentteja, jotka parantavat v\u00e4rien syvyytt\u00e4 ja kirkkautta. Est\u00e4\u00e4 muovin, kumin ja lasin samentumista. Sit\u00e4 suositellaan pikasuojaksi, hoito- ja s\u00e4il\u00f6nt\u00e4aineeksi pinnoitteille. Levitet\u00e4\u00e4n m\u00e4r\u00e4lle auton pinnalle pesun j\u00e4lkeen. Helppok\u00e4ytt\u00f6inen, ei sis\u00e4ll\u00e4 hankausaineita.<\/span><\/p>","protected":false},"featured_media":1975,"comment_status":"open","ping_status":"closed","template":"","meta":{"site-sidebar-layout":"default","site-content-layout":"","ast-site-content-layout":"default","site-content-style":"default","site-sidebar-style":"default","ast-global-header-display":"","ast-banner-title-visibility":"","ast-main-header-display":"","ast-hfb-above-header-display":"","ast-hfb-below-header-display":"","ast-hfb-mobile-header-display":"","site-post-title":"","ast-breadcrumbs-content":"","ast-featured-img":"","footer-sml-layout":"","theme-transparent-header-meta":"default","adv-header-id-meta":"","stick-header-meta":"","header-above-stick-meta":"","header-main-stick-meta":"","header-below-stick-meta":"","astra-migrate-meta-layouts":"set","ast-page-background-enabled":"default","ast-page-background-meta":{"desktop":{"background-color":"var(--ast-global-color-4)","background-image":"","background-repeat":"repeat","background-position":"center center","background-size":"auto","background-attachment":"scroll","background-type":"","background-media":"","overlay-type":"","overlay-color":"","overlay-opacity":"","overlay-gradient":""},"tablet":{"background-color":"","background-image":"","background-repeat":"repeat","background-position":"center center","background-size":"auto","background-attachment":"scroll","background-type":"","background-media":"","overlay-type":"","overlay-color":"","overlay-opacity":"","overlay-gradient":""},"mobile":{"background-color":"","background-image":"","background-repeat":"repeat","background-position":"center center","background-size":"auto","background-attachment":"scroll","background-type":"","background-media":"","overlay-type":"","overlay-color":"","overlay-opacity":"","overlay-gradient":""}},"ast-content-background-meta":{"desktop":{"background-color":"var(--ast-global-color-5)","background-image":"","background-repeat":"repeat","background-position":"center center","background-size":"auto","background-attachment":"scroll","background-type":"","background-media":"","overlay-type":"","overlay-color":"","overlay-opacity":"","overlay-gradient":""},"tablet":{"background-color":"var(--ast-global-color-5)","background-image":"","background-repeat":"repeat","background-position":"center center","background-size":"auto","background-attachment":"scroll","background-type":"","background-media":"","overlay-type":"","overlay-color":"","overlay-opacity":"","overlay-gradient":""},"mobile":{"background-color":"var(--ast-global-color-5)","background-image":"","background-repeat":"repeat","background-position":"center center","background-size":"auto","background-attachment":"scroll","background-type":"","background-media":"","overlay-type":"","overlay-color":"","overlay-opacity":"","overlay-gradient":""}}},"product_brand":[],"product_cat":[63,42],"product_tag":[],"class_list":{"0":"post-1974","1":"product","2":"type-product","3":"status-publish","4":"has-post-thumbnail","6":"product_cat-pinnoite","7":"product_cat-ulkopuoli","8":"desktop-align-left","9":"tablet-align-left","10":"mobile-align-center","12":"first","13":"instock","14":"sale","15":"shipping-taxable","16":"purchasable","17":"product-type-simple"},"_links":{"self":[{"href":"https:\/\/autoshine.fi\/sv\/wp-json\/wp\/v2\/product\/1974","targetHints":{"allow":["GET"]}}],"collection":[{"href":"https:\/\/autoshine.fi\/sv\/wp-json\/wp\/v2\/product"}],"about":[{"href":"https:\/\/autoshine.fi\/sv\/wp-json\/wp\/v2\/types\/product"}],"replies":[{"embeddable":true,"href":"https:\/\/autoshine.fi\/sv\/wp-json\/wp\/v2\/comments?post=1974"}],"wp:featuredmedia":[{"embeddable":true,"href":"https:\/\/autoshine.fi\/sv\/wp-json\/wp\/v2\/media\/1975"}],"wp:attachment":[{"href":"https:\/\/autoshine.fi\/sv\/wp-json\/wp\/v2\/media?parent=1974"}],"wp:term":[{"taxonomy":"product_brand","embeddable":true,"href":"https:\/\/autoshine.fi\/sv\/wp-json\/wp\/v2\/product_brand?post=1974"},{"taxonomy":"product_cat","embeddable":true,"href":"https:\/\/autoshine.fi\/sv\/wp-json\/wp\/v2\/product_cat?post=1974"},{"taxonomy":"product_tag","embeddable":true,"href":"https:\/\/autoshine.fi\/sv\/wp-json\/wp\/v2\/product_tag?post=1974"}],"curies":[{"name":"wp","href":"https:\/\/api.w.org\/{rel}","templated":true}]}}