{"id":1680,"date":"2025-06-29T20:10:18","date_gmt":"2025-06-29T17:10:18","guid":{"rendered":"https:\/\/autoshine.fi\/?page_id=1680"},"modified":"2025-06-29T20:44:39","modified_gmt":"2025-06-29T17:44:39","slug":"toimituskaytanto","status":"publish","type":"page","link":"https:\/\/autoshine.fi\/ua\/toimituskaytanto\/","title":{"rendered":"\u041f\u043e\u043b\u0456\u0442\u0438\u043a\u0430 \u0434\u043e\u0441\u0442\u0430\u0432\u043a\u0438"},"content":{"rendered":"<div data-elementor-type=\"wp-page\" data-elementor-id=\"1680\" class=\"elementor elementor-1680\" data-elementor-post-type=\"page\">\n\t\t\t\t<div class=\"elementor-element elementor-element-ebf3b81 e-flex e-con-boxed e-con e-parent\" data-id=\"ebf3b81\" data-element_type=\"container\" data-e-type=\"container\">\n\t\t\t\t\t<div class=\"e-con-inner\">\n\t\t\t\t<div class=\"elementor-element elementor-element-886361e elementor-widget elementor-widget-text-editor\" data-id=\"886361e\" data-element_type=\"widget\" data-e-type=\"widget\" data-widget_type=\"text-editor.default\">\n\t\t\t\t\t\t\t\t\t<h3 data-start=\"1264\" data-end=\"1284\">\u041f\u043e\u043b\u0456\u0442\u0438\u043a\u0430 \u0434\u043e\u0441\u0442\u0430\u0432\u043a\u0438<\/h3><p data-start=\"1286\" data-end=\"1352\">\u041c\u0438 \u0434\u043e\u0441\u0442\u0430\u0432\u043b\u044f\u0454\u043c\u043e \u0437\u0430\u043c\u043e\u0432\u043b\u0435\u043d\u043d\u044f \u0448\u0432\u0438\u0434\u043a\u043e \u0442\u0430 \u043d\u0430\u0434\u0456\u0439\u043d\u043e \u043f\u043e \u0432\u0441\u0456\u0439 \u0424\u0456\u043d\u043b\u044f\u043d\u0434\u0456\u0457 \u0442\u0430 \u0404\u0432\u0440\u043e\u043f\u0456.<\/p><h4 data-start=\"1354\" data-end=\"1383\">\ud83d\uded2 \u041e\u0431\u0440\u043e\u0431\u043a\u0430 \u0437\u0430\u043c\u043e\u0432\u043b\u0435\u043d\u044c<\/h4><ul data-start=\"1384\" data-end=\"1492\"><li data-start=\"1384\" data-end=\"1433\"><p data-start=\"1386\" data-end=\"1433\">\u0427\u0430\u0441 \u043e\u0431\u0440\u043e\u0431\u043a\u0438 \u0437\u0430\u043c\u043e\u0432\u043b\u0435\u043d\u044c \u0441\u0442\u0430\u043d\u043e\u0432\u0438\u0442\u044c <strong data-start=\"1413\" data-end=\"1431\">1\u20133 \u0440\u043e\u0431\u043e\u0447\u0456 \u0434\u043d\u0456<\/strong><\/p><\/li><li data-start=\"1434\" data-end=\"1492\"><p data-start=\"1436\" data-end=\"1492\">\u0412\u0438 \u043e\u0442\u0440\u0438\u043c\u0430\u0454\u0442\u0435 \u043f\u0456\u0434\u0442\u0432\u0435\u0440\u0434\u0436\u0435\u043d\u043d\u044f \u0435\u043b\u0435\u043a\u0442\u0440\u043e\u043d\u043d\u043e\u044e \u043f\u043e\u0448\u0442\u043e\u044e, \u043a\u043e\u043b\u0438 \u0432\u0430\u0448\u0435 \u0437\u0430\u043c\u043e\u0432\u043b\u0435\u043d\u043d\u044f \u0431\u0443\u0434\u0435 \u0432\u0456\u0434\u043f\u0440\u0430\u0432\u043b\u0435\u043d\u043e.<\/p><\/li><\/ul><h4 data-start=\"1494\" data-end=\"1517\">\ud83d\ude9a \u0421\u043f\u043e\u0441\u043e\u0431\u0438 \u0434\u043e\u0441\u0442\u0430\u0432\u043a\u0438<\/h4><p data-start=\"1518\" data-end=\"1565\">\u041c\u0438 \u0434\u043e\u0441\u0442\u0430\u0432\u043b\u044f\u0454\u043c\u043e \u0437\u0430\u043c\u043e\u0432\u043b\u0435\u043d\u043d\u044f \u0437\u0430 \u0434\u043e\u043f\u043e\u043c\u043e\u0433\u043e\u044e \u0442\u0430\u043a\u0438\u0445 \u0441\u043b\u0443\u0436\u0431:<\/p><ul data-start=\"1566\" data-end=\"1628\"><li data-start=\"1566\" data-end=\"1575\"><p data-start=\"1568\" data-end=\"1575\">Posti<\/p><\/li><li data-start=\"1576\" data-end=\"1591\"><p data-start=\"1578\" data-end=\"1591\">Matkahuolto<\/p><\/li><li data-start=\"1592\" data-end=\"1628\"><p data-start=\"1594\" data-end=\"1628\">DHL Express<\/p><\/li><li data-start=\"1592\" data-end=\"1628\">Post International<\/li><\/ul><h4 data-start=\"1630\" data-end=\"1653\">\ud83d\udcb0 \u0412\u0430\u0440\u0442\u0456\u0441\u0442\u044c \u0434\u043e\u0441\u0442\u0430\u0432\u043a\u0438<\/h4><ul data-start=\"1654\" data-end=\"1774\"><li data-start=\"1654\" data-end=\"1713\"><p data-start=\"1656\" data-end=\"1713\">\u0412\u0430\u0440\u0442\u0456\u0441\u0442\u044c \u0434\u043e\u0441\u0442\u0430\u0432\u043a\u0438 \u0432\u043a\u0430\u0437\u0443\u0454\u0442\u044c\u0441\u044f \u043d\u0430 \u043a\u0430\u0441\u0456 \u0440\u0430\u0437\u043e\u043c \u0456\u0437 \u0437\u0430\u043c\u043e\u0432\u043b\u0435\u043d\u043d\u044f\u043c<\/p><\/li><li data-start=\"1714\" data-end=\"1774\"><p data-start=\"1716\" data-end=\"1774\">\u0411\u0435\u0437\u043a\u043e\u0448\u0442\u043e\u0432\u043d\u0430 \u0434\u043e\u0441\u0442\u0430\u0432\u043a\u0430 \u0434\u043b\u044f \u0437\u0430\u043c\u043e\u0432\u043b\u0435\u043d\u044c \u043f\u043e\u043d\u0430\u0434 50 \u20ac<\/p><\/li><\/ul><h4 data-start=\"1776\" data-end=\"1797\">\u23f3 \u0427\u0430\u0441 \u0434\u043e\u0441\u0442\u0430\u0432\u043a\u0438<\/h4><ul data-start=\"1798\" data-end=\"1899\"><li data-start=\"1798\" data-end=\"1844\"><p data-start=\"1800\" data-end=\"1844\" class=\" translation-block\">\u0414\u043e\u0441\u0442\u0430\u0432\u043a\u0430 \u0437\u0430\u0437\u0432\u0438\u0447\u0430\u0439 \u0437\u0430\u0439\u043c\u0430\u0454 <strong data-start=\"1824\" data-end=\"1842\">2\u20137 \u0440\u043e\u0431\u043e\u0447\u0438\u0445 \u0434\u043d\u0456\u0432<\/strong>.<\/p><\/li><li data-start=\"1845\" data-end=\"1899\"><p data-start=\"1847\" data-end=\"1899\">\u0423 \u0441\u0432\u044f\u0442\u043a\u043e\u0432\u0456 \u0434\u043d\u0456 \u0430\u0431\u043e \u0432 \u043f\u0435\u0440\u0456\u043e\u0434\u0438 \u0432\u0438\u0441\u043e\u043a\u043e\u0433\u043e \u043d\u0430\u0432\u0430\u043d\u0442\u0430\u0436\u0435\u043d\u043d\u044f \u043c\u043e\u0436\u043b\u0438\u0432\u0456 \u0437\u0430\u0442\u0440\u0438\u043c\u043a\u0438.<\/p><\/li><\/ul><h4 data-start=\"1901\" data-end=\"1935\">\ud83d\udce6 \u041f\u043e\u0448\u043a\u043e\u0434\u0436\u0435\u043d\u0456 \u0442\u043e\u0432\u0430\u0440\u0438<\/h4><p data-start=\"1936\" data-end=\"2045\" class=\" translation-block\">\u042f\u043a\u0449\u043e \u0442\u043e\u0432\u0430\u0440 \u0431\u0443\u043b\u043e \u043f\u043e\u0448\u043a\u043e\u0434\u0436\u0435\u043d\u043e \u043f\u0456\u0434 \u0447\u0430\u0441 \u0434\u043e\u0441\u0442\u0430\u0432\u043a\u0438, \u0437\u0432\u2019\u044f\u0436\u0456\u0442\u044c\u0441\u044f \u0437 \u043d\u0430\u043c\u0438 \u043f\u0440\u043e\u0442\u044f\u0433\u043e\u043c <strong data-start=\"2004\" data-end=\"2017\">48 \u0433\u043e\u0434\u0438\u043d<\/strong> \u0437 \u043c\u043e\u043c\u0435\u043d\u0442\u0443 \u043e\u0442\u0440\u0438\u043c\u0430\u043d\u043d\u044f.<\/p><h4 data-start=\"2047\" data-end=\"2069\">\u041a\u043e\u043d\u0442\u0430\u043a\u0442\u0438<\/h4><p data-start=\"2070\" data-end=\"2146\">\u041f\u0438\u0442\u0430\u043d\u043d\u044f? \u0417\u0432\u2019\u044f\u0436\u0456\u0442\u044c\u0441\u044f \u0437 \u043d\u0430\u043c\u0438:<br data-start=\"2095\" data-end=\"2098\" \/>\u2709\ufe0f<a href=\"mailto:clearshinesolutions2020@gmail.com\">clearshinesolutions2020@gmail.com<\/a><\/p>\t\t\t\t\t\t\t\t<\/div>\n\t\t\t\t\t<\/div>\n\t\t\t\t<\/div>\n\t\t\t\t<\/div>","protected":false},"excerpt":{"rendered":"<p>Toimitusk\u00e4yt\u00e4nt\u00f6 Toimitamme tilaukset nopeasti ja luotettavasti koko Suomeen ja Eurooppaan. \ud83d\uded2 Tilausten k\u00e4sittely Tilausten k\u00e4sittelyaika on 1\u20133 arkip\u00e4iv\u00e4\u00e4 Saat s\u00e4hk\u00f6postiisi vahvistuksen, kun tilaus on l\u00e4hetetty \ud83d\ude9a Toimitustavat Toimitamme tilaukset seuraavilla palveluilla: Posti Matkahuolto DHL Express Post International \ud83d\udcb0 Toimituskulut Toimituskulut ilmoitetaan kassalla tilauksen yhteydess\u00e4 Ilmainen toimitus yli 50\u20ac tilauksille \u23f3 Toimitusaika Toimitus kest\u00e4\u00e4 yleens\u00e4 2\u20137 [&hellip;]<\/p>","protected":false},"author":1,"featured_media":0,"parent":0,"menu_order":0,"comment_status":"closed","ping_status":"closed","template":"","meta":{"site-sidebar-layout":"no-sidebar","site-content-layout":"page-builder","ast-site-content-layout":"full-width-container","site-content-style":"default","site-sidebar-style":"default","ast-global-header-display":"","ast-banner-title-visibility":"","ast-main-header-display":"","ast-hfb-above-header-display":"","ast-hfb-below-header-display":"","ast-hfb-mobile-header-display":"","site-post-title":"disabled","ast-breadcrumbs-content":"","ast-featured-img":"disabled","footer-sml-layout":"","theme-transparent-header-meta":"","adv-header-id-meta":"","stick-header-meta":"","header-above-stick-meta":"","header-main-stick-meta":"","header-below-stick-meta":"","astra-migrate-meta-layouts":"set","ast-page-background-enabled":"default","ast-page-background-meta":{"desktop":{"background-color":"var(--ast-global-color-4)","background-image":"","background-repeat":"repeat","background-position":"center center","background-size":"auto","background-attachment":"scroll","background-type":"","background-media":"","overlay-type":"","overlay-color":"","overlay-opacity":"","overlay-gradient":""},"tablet":{"background-color":"","background-image":"","background-repeat":"repeat","background-position":"center center","background-size":"auto","background-attachment":"scroll","background-type":"","background-media":"","overlay-type":"","overlay-color":"","overlay-opacity":"","overlay-gradient":""},"mobile":{"background-color":"","background-image":"","background-repeat":"repeat","background-position":"center center","background-size":"auto","background-attachment":"scroll","background-type":"","background-media":"","overlay-type":"","overlay-color":"","overlay-opacity":"","overlay-gradient":""}},"ast-content-background-meta":{"desktop":{"background-color":"var(--ast-global-color-5)","background-image":"","background-repeat":"repeat","background-position":"center center","background-size":"auto","background-attachment":"scroll","background-type":"","background-media":"","overlay-type":"","overlay-color":"","overlay-opacity":"","overlay-gradient":""},"tablet":{"background-color":"var(--ast-global-color-5)","background-image":"","background-repeat":"repeat","background-position":"center center","background-size":"auto","background-attachment":"scroll","background-type":"","background-media":"","overlay-type":"","overlay-color":"","overlay-opacity":"","overlay-gradient":""},"mobile":{"background-color":"var(--ast-global-color-5)","background-image":"","background-repeat":"repeat","background-position":"center center","background-size":"auto","background-attachment":"scroll","background-type":"","background-media":"","overlay-type":"","overlay-color":"","overlay-opacity":"","overlay-gradient":""}},"footnotes":""},"class_list":["post-1680","page","type-page","status-publish","hentry"],"_links":{"self":[{"href":"https:\/\/autoshine.fi\/ua\/wp-json\/wp\/v2\/pages\/1680","targetHints":{"allow":["GET"]}}],"collection":[{"href":"https:\/\/autoshine.fi\/ua\/wp-json\/wp\/v2\/pages"}],"about":[{"href":"https:\/\/autoshine.fi\/ua\/wp-json\/wp\/v2\/types\/page"}],"author":[{"embeddable":true,"href":"https:\/\/autoshine.fi\/ua\/wp-json\/wp\/v2\/users\/1"}],"replies":[{"embeddable":true,"href":"https:\/\/autoshine.fi\/ua\/wp-json\/wp\/v2\/comments?post=1680"}],"version-history":[{"count":7,"href":"https:\/\/autoshine.fi\/ua\/wp-json\/wp\/v2\/pages\/1680\/revisions"}],"predecessor-version":[{"id":1690,"href":"https:\/\/autoshine.fi\/ua\/wp-json\/wp\/v2\/pages\/1680\/revisions\/1690"}],"wp:attachment":[{"href":"https:\/\/autoshine.fi\/ua\/wp-json\/wp\/v2\/media?parent=1680"}],"curies":[{"name":"wp","href":"https:\/\/api.w.org\/{rel}","templated":true}]}}