{"id":381,"date":"2025-06-07T12:20:23","date_gmt":"2025-06-07T09:20:23","guid":{"rendered":"https:\/\/autoshine.fi\/about\/"},"modified":"2025-08-21T15:05:42","modified_gmt":"2025-08-21T12:05:42","slug":"about","status":"publish","type":"page","link":"https:\/\/autoshine.fi\/ua\/about\/","title":{"rendered":"About"},"content":{"rendered":"<div data-elementor-type=\"wp-page\" data-elementor-id=\"381\" class=\"elementor elementor-381\" data-elementor-post-type=\"page\">\n\t\t\t\t<div class=\"elementor-element elementor-element-0d9dcf9 e-flex e-con-boxed e-con e-parent\" data-id=\"0d9dcf9\" data-element_type=\"container\" data-e-type=\"container\" data-settings=\"{&quot;background_background&quot;:&quot;classic&quot;}\">\n\t\t\t\t\t<div class=\"e-con-inner\">\n\t\t<div class=\"elementor-element elementor-element-e3d0853 e-con-full e-flex e-con e-child\" data-id=\"e3d0853\" data-element_type=\"container\" data-e-type=\"container\">\n\t\t\t\t<div class=\"elementor-element elementor-element-eb6d120 elementor-widget elementor-widget-heading\" data-id=\"eb6d120\" data-element_type=\"widget\" data-e-type=\"widget\" data-widget_type=\"heading.default\">\n\t\t\t\t\t<h1 class=\"elementor-heading-title elementor-size-default\">\u041f\u0440\u043e \u043d\u0430\u0441<\/h1>\t\t\t\t<\/div>\n\t\t\t\t<div class=\"elementor-element elementor-element-0bd0220 elementor-widget elementor-widget-text-editor\" data-id=\"0bd0220\" data-element_type=\"widget\" data-e-type=\"widget\" data-widget_type=\"text-editor.default\">\n\t\t\t\t\t\t\t\t\t<p data-start=\"900\" data-end=\"1221\"><strong data-start=\"900\" data-end=\"927\">CLEARSHINE SOLUTIONS Oy<\/strong> \u2014 \u043a\u043e\u043c\u043f\u0430\u043d\u0456\u044f, \u0449\u043e \u0441\u043f\u0435\u0446\u0456\u0430\u043b\u0456\u0437\u0443\u0454\u0442\u044c\u0441\u044f \u043d\u0430 \u043f\u043e\u0441\u0442\u0430\u0447\u0430\u043d\u043d\u0456 \u0432\u0438\u0441\u043e\u043a\u043e\u044f\u043a\u0456\u0441\u043d\u043e\u0457 \u0430\u0432\u0442\u043e\u043a\u043e\u0441\u043c\u0435\u0442\u0438\u043a\u0438 \u0434\u043b\u044f \u0440\u0443\u0447\u043d\u043e\u0433\u043e \u0434\u043e\u0433\u043b\u044f\u0434\u0443 \u0437\u0430 \u0430\u0432\u0442\u043e\u043c\u043e\u0431\u0456\u043b\u0435\u043c. \u041c\u0438 \u0437\u043e\u0441\u0435\u0440\u0435\u0434\u0436\u0435\u043d\u0456 \u043d\u0430 \u043f\u0440\u043e\u0434\u0443\u043a\u0442\u0430\u0445, \u044f\u043a\u0456 \u0434\u0456\u0439\u0441\u043d\u043e \u043f\u0440\u0430\u0446\u044e\u044e\u0442\u044c: \u0430\u043a\u0442\u0438\u0432\u043d\u0456 \u043f\u0456\u043d\u0438, \u0448\u0430\u043c\u043f\u0443\u043d\u0456, \u043e\u0447\u0438\u0441\u043d\u0438\u043a\u0438 \u0456\u043d\u0442\u0435\u0440\u2019\u0454\u0440\u0443, \u0437\u0430\u0441\u043e\u0431\u0438 \u0434\u043b\u044f \u043f\u043b\u0430\u0441\u0442\u0438\u043a\u0443, \u0448\u043a\u0456\u0440\u0438, \u0442\u043a\u0430\u043d\u0438\u043d, \u0430 \u0442\u0430\u043a\u043e\u0436 \u0434\u0435\u0442\u0435\u0439\u043b\u0456\u043d\u0433-\u0441\u043f\u0440\u0435\u0457 \u0442\u0430 \u0430\u043f\u043b\u0456\u043a\u0430\u0442\u043e\u0440\u0438.<\/p><p data-start=\"1226\" data-end=\"1369\">\u041c\u0438 \u0454 \u043e\u0444\u0456\u0446\u0456\u0439\u043d\u0438\u043c \u0456\u043c\u043f\u043e\u0440\u0442\u043d\u0438\u043c \u0434\u0438\u0441\u0442\u0440\u0438\u0431\u2019\u044e\u0442\u043e\u0440\u043e\u043c \u0431\u0440\u0435\u043d\u0434\u0443 <strong data-start=\"1244\" data-end=\"1261\">Polychrom2020<\/strong>\u0443 \u0424\u0456\u043d\u043b\u044f\u043d\u0434\u0456\u0457, \u0449\u043e \u0433\u0430\u0440\u0430\u043d\u0442\u0443\u0454 \u043d\u0430\u0448\u0438\u043c \u043a\u043b\u0456\u0454\u043d\u0442\u0430\u043c \u043e\u0440\u0438\u0433\u0456\u043d\u0430\u043b\u044c\u043d\u0443 \u044f\u043a\u0456\u0441\u0442\u044c \u0456 \u0441\u0442\u0430\u0431\u0456\u043b\u044c\u043d\u0456 \u043f\u043e\u0441\u0442\u0430\u0432\u043a\u0438.<\/p><p data-start=\"1374\" data-end=\"1596\"><strong data-start=\"1374\" data-end=\"1388\">CLEARSHINE<\/strong> \u041e\u0431\u0441\u043b\u0443\u0433\u043e\u0432\u0443\u0454 \u044f\u043a \u0430\u0432\u0442\u043e\u043c\u0438\u0439\u043a\u0438, \u0430\u0432\u0442\u043e\u0441\u0435\u0440\u0432\u0456\u0441\u0438 \u0442\u0430 \u0441\u0442\u0443\u0434\u0456\u0457 \u0434\u0435\u0442\u0435\u0439\u043b\u0456\u043d\u0433\u0443, \u0442\u0430\u043a \u0456 \u043f\u0440\u0438\u0432\u0430\u0442\u043d\u0438\u0445 \u043a\u043b\u0456\u0454\u043d\u0442\u0456\u0432, \u044f\u043a\u0456 \u0446\u0456\u043d\u0443\u044e\u0442\u044c \u043e\u0445\u0430\u0439\u043d\u0438\u0439 \u0432\u0438\u0433\u043b\u044f\u0434 \u0430\u0432\u0442\u043e\u043c\u043e\u0431\u0456\u043b\u044f.<br data-start=\"1519\" data-end=\"1522\" \/>\u041c\u0438 \u043f\u0440\u043e\u043f\u043e\u043d\u0443\u0454\u043c\u043e \u0448\u0432\u0438\u0434\u043a\u0443 \u0434\u043e\u0441\u0442\u0430\u0432\u043a\u0443 \u043f\u043e \u0432\u0441\u0456\u0439 \u043a\u0440\u0430\u0457\u043d\u0456 \u0442\u0430 \u0434\u043e\u043f\u043e\u043c\u0430\u0433\u0430\u0454\u043c\u043e \u0437 \u0432\u0438\u0431\u043e\u0440\u043e\u043c \u043f\u0440\u043e\u0434\u0443\u043a\u0446\u0456\u0457.<\/p><p data-start=\"1601\" data-end=\"1664\">\u0427\u0438\u0441\u0442\u0438\u0439. \u0414\u043e\u0433\u043b\u044f\u043d\u0443\u0442\u0438\u0439. \u042f\u043a\u0456\u0441\u043d\u0438\u0439. \u0426\u0435 \u2014 <strong data-start=\"1639\" data-end=\"1663\">CLEARSHINE SOLUTIONS<\/strong>.<\/p>\t\t\t\t\t\t\t\t<\/div>\n\t\t\t\t<div class=\"elementor-element elementor-element-839b4ec elementor-widget-divider--view-line elementor-widget elementor-widget-divider\" data-id=\"839b4ec\" data-element_type=\"widget\" data-e-type=\"widget\" data-widget_type=\"divider.default\">\n\t\t\t\t\t\t\t<div class=\"elementor-divider\">\n\t\t\t<span class=\"elementor-divider-separator\">\n\t\t\t\t\t\t<\/span>\n\t\t<\/div>\n\t\t\t\t\t\t<\/div>\n\t\t\t\t<\/div>\n\t\t\t\t\t<\/div>\n\t\t\t\t<\/div>\n\t\t<div class=\"elementor-element elementor-element-7280f68 e-flex e-con-boxed e-con e-parent\" data-id=\"7280f68\" data-element_type=\"container\" data-e-type=\"container\">\n\t\t\t\t\t<div class=\"e-con-inner\">\n\t\t\t\t<div class=\"elementor-element elementor-element-6b50a0a elementor-widget elementor-widget-heading\" data-id=\"6b50a0a\" data-element_type=\"widget\" data-e-type=\"widget\" data-widget_type=\"heading.default\">\n\t\t\t\t\t<h3 class=\"elementor-heading-title elementor-size-default\">\u041f\u0440\u043e\u0434\u0443\u043a\u0446\u0456\u044f DrakenBerg GmbH \u0432\u0456\u0434\u043f\u043e\u0432\u0456\u0434\u0430\u0454 \u0441\u0443\u0432\u043e\u0440\u0438\u043c \u0432\u0438\u043c\u043e\u0433\u0430\u043c \u0443\u0441\u0456\u0445 \u0432\u0456\u0434\u043e\u043c\u0438\u0445 \u0430\u0432\u0442\u043e\u0432\u0438\u0440\u043e\u0431\u043d\u0438\u043a\u0456\u0432 \u0442\u0430 \u043f\u043e\u0441\u0442\u0430\u0447\u0430\u043b\u044c\u043d\u0438\u043a\u0456\u0432.<\/h3>\t\t\t\t<\/div>\n\t\t\t\t\t<\/div>\n\t\t\t\t<\/div>\n\t\t<div class=\"elementor-element elementor-element-1283fed e-flex e-con-boxed e-con e-parent\" data-id=\"1283fed\" data-element_type=\"container\" data-e-type=\"container\">\n\t\t\t\t\t<div class=\"e-con-inner\">\n\t\t\t\t<div class=\"elementor-element elementor-element-2ee73cf elementor-widget elementor-widget-image\" data-id=\"2ee73cf\" data-element_type=\"widget\" data-e-type=\"widget\" data-widget_type=\"image.default\">\n\t\t\t\t\t\t\t\t\t\t\t\t\t\t\t<img fetchpriority=\"high\" decoding=\"async\" width=\"732\" height=\"489\" src=\"https:\/\/autoshine.fi\/wp-content\/uploads\/2025\/07\/WhatsApp-Image-2025-06-21-at-12.50.19.jpeg\" class=\"attachment-large size-large wp-image-1751\" alt=\"\" srcset=\"https:\/\/autoshine.fi\/wp-content\/uploads\/2025\/07\/WhatsApp-Image-2025-06-21-at-12.50.19.jpeg 732w, https:\/\/autoshine.fi\/wp-content\/uploads\/2025\/07\/WhatsApp-Image-2025-06-21-at-12.50.19-300x200.jpeg 300w, https:\/\/autoshine.fi\/wp-content\/uploads\/2025\/07\/WhatsApp-Image-2025-06-21-at-12.50.19-18x12.jpeg 18w, https:\/\/autoshine.fi\/wp-content\/uploads\/2025\/07\/WhatsApp-Image-2025-06-21-at-12.50.19-600x401.jpeg 600w\" sizes=\"(max-width: 732px) 100vw, 732px\" \/>\t\t\t\t\t\t\t\t\t\t\t\t\t\t\t<\/div>\n\t\t\t\t\t<\/div>\n\t\t\t\t<\/div>\n\t\t<div class=\"elementor-element elementor-element-6b2a15a e-flex e-con-boxed e-con e-parent\" data-id=\"6b2a15a\" data-element_type=\"container\" data-e-type=\"container\" data-settings=\"{&quot;background_background&quot;:&quot;classic&quot;}\">\n\t\t\t\t\t<div class=\"e-con-inner\">\n\t\t<div class=\"elementor-element elementor-element-2252565 e-con-full e-flex e-con e-child\" data-id=\"2252565\" data-element_type=\"container\" data-e-type=\"container\">\n\t\t\t\t<div class=\"elementor-element elementor-element-80cb359 elementor-widget elementor-widget-image\" data-id=\"80cb359\" data-element_type=\"widget\" data-e-type=\"widget\" data-widget_type=\"image.default\">\n\t\t\t\t\t\t\t\t\t\t\t\t\t\t\t<img decoding=\"async\" width=\"768\" height=\"1152\" src=\"https:\/\/autoshine.fi\/wp-content\/uploads\/2025\/06\/photo-1541845597-4b8d7bf81ebf-768x1152.jpg\" class=\"attachment-medium_large size-medium_large wp-image-1179\" alt=\"\" srcset=\"https:\/\/autoshine.fi\/wp-content\/uploads\/2025\/06\/photo-1541845597-4b8d7bf81ebf-768x1152.jpg 768w, https:\/\/autoshine.fi\/wp-content\/uploads\/2025\/06\/photo-1541845597-4b8d7bf81ebf-scaled-300x450.jpg 300w, https:\/\/autoshine.fi\/wp-content\/uploads\/2025\/06\/photo-1541845597-4b8d7bf81ebf-scaled-600x900.jpg 600w, https:\/\/autoshine.fi\/wp-content\/uploads\/2025\/06\/photo-1541845597-4b8d7bf81ebf-200x300.jpg 200w, https:\/\/autoshine.fi\/wp-content\/uploads\/2025\/06\/photo-1541845597-4b8d7bf81ebf-683x1024.jpg 683w, https:\/\/autoshine.fi\/wp-content\/uploads\/2025\/06\/photo-1541845597-4b8d7bf81ebf-1024x1536.jpg 1024w, https:\/\/autoshine.fi\/wp-content\/uploads\/2025\/06\/photo-1541845597-4b8d7bf81ebf-1365x2048.jpg 1365w, https:\/\/autoshine.fi\/wp-content\/uploads\/2025\/06\/photo-1541845597-4b8d7bf81ebf-1320x1980.jpg 1320w, https:\/\/autoshine.fi\/wp-content\/uploads\/2025\/06\/photo-1541845597-4b8d7bf81ebf-scaled.jpg 1294w\" sizes=\"(max-width: 768px) 100vw, 768px\" \/>\t\t\t\t\t\t\t\t\t\t\t\t\t\t\t<\/div>\n\t\t\t\t<\/div>\n\t\t<div class=\"elementor-element elementor-element-327bd52 e-con-full e-flex e-con e-child\" data-id=\"327bd52\" data-element_type=\"container\" data-e-type=\"container\">\n\t\t\t\t<div class=\"elementor-element elementor-element-738e4f8 elementor-widget elementor-widget-heading\" data-id=\"738e4f8\" data-element_type=\"widget\" data-e-type=\"widget\" data-widget_type=\"heading.default\">\n\t\t\t\t\t<h6 class=\"elementor-heading-title elementor-size-default\">\u0412\u0456\u0434 \u0437\u0430\u0441\u043d\u043e\u0432\u043d\u0438\u043a\u0430<\/h6>\t\t\t\t<\/div>\n\t\t\t\t<div class=\"elementor-element elementor-element-dc49733 elementor-widget__width-auto elementor-view-default elementor-widget elementor-widget-icon\" data-id=\"dc49733\" data-element_type=\"widget\" data-e-type=\"widget\" data-widget_type=\"icon.default\">\n\t\t\t\t\t\t\t<div class=\"elementor-icon-wrapper\">\n\t\t\t<div class=\"elementor-icon\">\n\t\t\t<svg xmlns=\"http:\/\/www.w3.org\/2000\/svg\" width=\"67\" height=\"49\" viewbox=\"0 0 67 49\" fill=\"none\"><path d=\"M15.9996 48.4C10.9329 48.4 7.06628 46.8667 4.39961 43.8C1.86628 40.7333 0.599609 36.4667 0.599609 31C0.599609 25.8 1.53294 21.4 3.39961 17.8C5.26628 14.2 7.53294 11.2 10.1996 8.80001C12.9996 6.40001 15.7329 4.53334 18.3996 3.20001C21.1996 1.73333 23.5329 0.666666 25.3996 0L27.7996 5C25.5329 5.93333 23.1329 7.2 20.5996 8.80001C18.0663 10.4 15.8663 12.6667 13.9996 15.6C12.2663 18.4 11.3996 22.3333 11.3996 27.4C12.4663 26.8667 13.4663 26.5333 14.3996 26.4C15.3329 26.2667 16.3329 26.2 17.3996 26.2C21.2663 26.2 24.0663 27.2667 25.7996 29.4C27.6663 31.5333 28.5996 34 28.5996 36.8C28.5996 40 27.4663 42.7333 25.1996 45C23.0663 47.2667 19.9996 48.4 15.9996 48.4ZM53.9996 48.4C48.9329 48.4 45.0663 46.8667 42.3996 43.8C39.8663 40.7333 38.5996 36.4667 38.5996 31C38.5996 25.8 39.5329 21.4 41.3996 17.8C43.2663 14.2 45.5329 11.2 48.1996 8.80001C50.9996 6.40001 53.7329 4.53334 56.3996 3.20001C59.1996 1.73333 61.5329 0.666666 63.3996 0L65.7996 5C63.5329 5.93333 61.1329 7.2 58.5996 8.80001C56.0663 10.4 53.8663 12.6667 51.9996 15.6C50.2663 18.4 49.3996 22.3333 49.3996 27.4C50.4663 26.8667 51.4663 26.5333 52.3996 26.4C53.3329 26.2667 54.3329 26.2 55.3996 26.2C59.2663 26.2 62.0663 27.2667 63.7996 29.4C65.6663 31.5333 66.5996 34 66.5996 36.8C66.5996 40 65.4663 42.7333 63.1996 45C61.0663 47.2667 57.9996 48.4 53.9996 48.4Z\" fill=\"#27272A\"><\/path><\/svg>\t\t\t<\/div>\n\t\t<\/div>\n\t\t\t\t\t\t<\/div>\n\t\t\t\t<div class=\"elementor-element elementor-element-13a2617 elementor-widget elementor-widget-testimonial\" data-id=\"13a2617\" data-element_type=\"widget\" data-e-type=\"widget\" data-widget_type=\"testimonial.default\">\n\t\t\t\t\t\t\t<div class=\"elementor-testimonial-wrapper\">\n\t\t\t\t\t\t\t<div class=\"elementor-testimonial-content\">\u042f \u0441\u0442\u0432\u043e\u0440\u0438\u0432 \u0446\u0435\u0439 \u0431\u0440\u0435\u043d\u0434 \u0437 \u043b\u044e\u0431\u043e\u0432\u0456 \u0434\u043e \u0430\u0432\u0442\u043e\u043c\u043e\u0431\u0456\u043b\u0456\u0432 \u0456 \u0431\u0430\u0436\u0430\u043d\u043d\u044f \u0437\u0430\u0431\u0435\u0437\u043f\u0435\u0447\u0438\u0442\u0438 \u044f\u043a\u0456\u0441\u043d\u0438\u0439 \u0434\u043e\u0433\u043b\u044f\u0434 \u0434\u043b\u044f \u043a\u043e\u0436\u043d\u043e\u0433\u043e. \u0414\u044f\u043a\u0443\u044e, \u0449\u043e \u0432\u0438 \u0437 \u043d\u0430\u043c\u0438!<\/div>\n\t\t\t\n\t\t\t\t\t\t<div class=\"elementor-testimonial-meta\">\n\t\t\t\t<div class=\"elementor-testimonial-meta-inner\">\n\t\t\t\t\t\n\t\t\t\t\t\t\t\t\t\t<div class=\"elementor-testimonial-details\">\n\t\t\t\t\t\t\t\t\t\t\t\t\t\t\t\t\t\t\t\t<div class=\"elementor-testimonial-job\">\u0417\u0430\u0441\u043d\u043e\u0432\u043d\u0438\u043a<\/div>\n\t\t\t\t\t\t\t\t\t\t\t\t\t<\/div>\n\t\t\t\t\t\t\t\t\t<\/div>\n\t\t\t<\/div>\n\t\t\t\t\t<\/div>\n\t\t\t\t\t\t<\/div>\n\t\t\t\t<div class=\"elementor-element elementor-element-e8e4964 elementor-widget-divider--view-line elementor-widget elementor-widget-divider\" data-id=\"e8e4964\" data-element_type=\"widget\" data-e-type=\"widget\" data-widget_type=\"divider.default\">\n\t\t\t\t\t\t\t<div class=\"elementor-divider\">\n\t\t\t<span class=\"elementor-divider-separator\">\n\t\t\t\t\t\t<\/span>\n\t\t<\/div>\n\t\t\t\t\t\t<\/div>\n\t\t\t\t<\/div>\n\t\t\t\t\t<\/div>\n\t\t\t\t<\/div>\n\t\t<div class=\"elementor-element elementor-element-a2c0928 e-flex e-con-boxed e-con e-parent\" data-id=\"a2c0928\" data-element_type=\"container\" data-e-type=\"container\" data-settings=\"{&quot;background_background&quot;:&quot;classic&quot;}\">\n\t\t\t\t\t<div class=\"e-con-inner\">\n\t\t<div class=\"elementor-element elementor-element-6f9c032 e-con-full e-flex e-con e-child\" data-id=\"6f9c032\" data-element_type=\"container\" data-e-type=\"container\">\n\t\t<div class=\"elementor-element elementor-element-1a53c5a e-flex e-con-boxed e-con e-child\" data-id=\"1a53c5a\" data-element_type=\"container\" data-e-type=\"container\">\n\t\t\t\t\t<div class=\"e-con-inner\">\n\t\t<div class=\"elementor-element elementor-element-30e6b9a e-con-full e-flex e-con e-child\" data-id=\"30e6b9a\" data-element_type=\"container\" data-e-type=\"container\">\n\t\t\t\t<div class=\"elementor-element elementor-element-c9b4506 elementor-widget elementor-widget-heading\" data-id=\"c9b4506\" data-element_type=\"widget\" data-e-type=\"widget\" data-widget_type=\"heading.default\">\n\t\t\t\t\t<h6 class=\"elementor-heading-title elementor-size-default\">\u041d\u0430\u0448\u0430 \u0456\u0441\u0442\u043e\u0440\u0456\u044f<\/h6>\t\t\t\t<\/div>\n\t\t\t\t<\/div>\n\t\t<div class=\"elementor-element elementor-element-9f653ec e-con-full e-flex e-con e-child\" data-id=\"9f653ec\" data-element_type=\"container\" data-e-type=\"container\">\n\t\t\t\t<\/div>\n\t\t\t\t\t<\/div>\n\t\t\t\t<\/div>\n\t\t\t\t<\/div>\n\t\t\t\t\t<\/div>\n\t\t\t\t<\/div>\n\t\t\t\t<\/div>","protected":false},"excerpt":{"rendered":"<p>Tietoa meist\u00e4 CLEARSHINE SOLUTIONS Oy on yritys, joka on erikoistunut korkealaatuisten k\u00e4sinpesuun tarkoitettujen autokosmetiikkatuotteiden toimittamiseen. Keskitymme tuotteisiin, jotka todella toimivat: aktiivivaahtoja, shampoita, sis\u00e4pesuaineita, muovin, nahan ja kankaan hoitoaineita sek\u00e4 detailing-suihkeita ja aplikaattoreita. Olemme virallinen Polychrom2020-br\u00e4ndin maahantuontijakelija Suomessa, mik\u00e4 takaa asiakkaillemme alkuper\u00e4isen laadun ja vakaat toimitukset. CLEARSHINE palvelee sek\u00e4 autopesuloita, huoltamoita ja detailing-studioita ett\u00e4 yksityisasiakkaita, jotka [&hellip;]<\/p>","protected":false},"author":1,"featured_media":0,"parent":0,"menu_order":0,"comment_status":"closed","ping_status":"closed","template":"","meta":{"site-sidebar-layout":"no-sidebar","site-content-layout":"page-builder","ast-site-content-layout":"","site-content-style":"default","site-sidebar-style":"default","ast-global-header-display":"","ast-banner-title-visibility":"","ast-main-header-display":"","ast-hfb-above-header-display":"","ast-hfb-below-header-display":"","ast-hfb-mobile-header-display":"","site-post-title":"disabled","ast-breadcrumbs-content":"disabled","ast-featured-img":"disabled","footer-sml-layout":"","theme-transparent-header-meta":"enabled","adv-header-id-meta":"","stick-header-meta":"","header-above-stick-meta":"","header-main-stick-meta":"","header-below-stick-meta":"","astra-migrate-meta-layouts":"default","ast-page-background-enabled":"default","ast-page-background-meta":{"desktop":{"background-color":"var(--ast-global-color-4)","background-image":"","background-repeat":"repeat","background-position":"center center","background-size":"auto","background-attachment":"scroll","background-type":"","background-media":"","overlay-type":"","overlay-color":"","overlay-opacity":"","overlay-gradient":""},"tablet":{"background-color":"","background-image":"","background-repeat":"repeat","background-position":"center center","background-size":"auto","background-attachment":"scroll","background-type":"","background-media":"","overlay-type":"","overlay-color":"","overlay-opacity":"","overlay-gradient":""},"mobile":{"background-color":"","background-image":"","background-repeat":"repeat","background-position":"center center","background-size":"auto","background-attachment":"scroll","background-type":"","background-media":"","overlay-type":"","overlay-color":"","overlay-opacity":"","overlay-gradient":""}},"ast-content-background-meta":{"desktop":{"background-color":"var(--ast-global-color-5)","background-image":"","background-repeat":"repeat","background-position":"center center","background-size":"auto","background-attachment":"scroll","background-type":"","background-media":"","overlay-type":"","overlay-color":"","overlay-opacity":"","overlay-gradient":""},"tablet":{"background-color":"var(--ast-global-color-5)","background-image":"","background-repeat":"repeat","background-position":"center center","background-size":"auto","background-attachment":"scroll","background-type":"","background-media":"","overlay-type":"","overlay-color":"","overlay-opacity":"","overlay-gradient":""},"mobile":{"background-color":"var(--ast-global-color-5)","background-image":"","background-repeat":"repeat","background-position":"center center","background-size":"auto","background-attachment":"scroll","background-type":"","background-media":"","overlay-type":"","overlay-color":"","overlay-opacity":"","overlay-gradient":""}},"footnotes":""},"class_list":["post-381","page","type-page","status-publish","hentry"],"_links":{"self":[{"href":"https:\/\/autoshine.fi\/ua\/wp-json\/wp\/v2\/pages\/381","targetHints":{"allow":["GET"]}}],"collection":[{"href":"https:\/\/autoshine.fi\/ua\/wp-json\/wp\/v2\/pages"}],"about":[{"href":"https:\/\/autoshine.fi\/ua\/wp-json\/wp\/v2\/types\/page"}],"author":[{"embeddable":true,"href":"https:\/\/autoshine.fi\/ua\/wp-json\/wp\/v2\/users\/1"}],"replies":[{"embeddable":true,"href":"https:\/\/autoshine.fi\/ua\/wp-json\/wp\/v2\/comments?post=381"}],"version-history":[{"count":27,"href":"https:\/\/autoshine.fi\/ua\/wp-json\/wp\/v2\/pages\/381\/revisions"}],"predecessor-version":[{"id":1943,"href":"https:\/\/autoshine.fi\/ua\/wp-json\/wp\/v2\/pages\/381\/revisions\/1943"}],"wp:attachment":[{"href":"https:\/\/autoshine.fi\/ua\/wp-json\/wp\/v2\/media?parent=381"}],"curies":[{"name":"wp","href":"https:\/\/api.w.org\/{rel}","templated":true}]}}