{"id":1454,"date":"2025-06-17T15:45:30","date_gmt":"2025-06-17T12:45:30","guid":{"rendered":"https:\/\/autoshine.fi\/?post_type=product&#038;p=1454"},"modified":"2025-10-27T15:47:04","modified_gmt":"2025-10-27T12:47:04","slug":"musta-kumia-kumin-ja-muovin-hoitoaine-jossa-on-kiiltava-vaikutus-5l","status":"publish","type":"product","link":"https:\/\/autoshine.fi\/ua\/product\/musta-kumia-kumin-ja-muovin-hoitoaine-jossa-on-kiiltava-vaikutus-5l\/","title":{"rendered":"\u201dMUSTA KUMIA\u201d KUMIN JA MUOVIN TIIVISTETTY HOITOAINE, JOSSA ON KIILT\u00c4V\u00c4 VAIKUTUS &#8221;Polychrom 2020 Black Rubber Concentrated&#8221;, 1L"},"content":{"rendered":"<p>Vesipohjainen tuote kumi- ja muovituotteiden alkuper\u00e4isen v\u00e4rin palauttamiseen. Se palauttaa alkuper\u00e4isen v\u00e4rin ja kiillon, antaa pinnoille kiilt\u00e4v\u00e4n vaikutelman, sill\u00e4 on antistaattisia ominaisuuksia, suojaa vanhenemiselta, kuivumiselta ja halkeilulta.<\/p>","protected":false},"excerpt":{"rendered":"<p>Vesipohjainen tuote kumi- ja muovituotteiden alkuper\u00e4isen v\u00e4rin palauttamiseen. Se palauttaa alkuper\u00e4isen v\u00e4rin ja kiillon, antaa pinnoille kiilt\u00e4v\u00e4n vaikutelman, sill\u00e4 on antistaattisia ominaisuuksia, suojaa vanhenemiselta, kuivumiselta ja halkeilulta.<\/p>","protected":false},"featured_media":1939,"comment_status":"open","ping_status":"closed","template":"","meta":{"site-sidebar-layout":"default","site-content-layout":"","ast-site-content-layout":"default","site-content-style":"default","site-sidebar-style":"default","ast-global-header-display":"","ast-banner-title-visibility":"","ast-main-header-display":"","ast-hfb-above-header-display":"","ast-hfb-below-header-display":"","ast-hfb-mobile-header-display":"","site-post-title":"","ast-breadcrumbs-content":"","ast-featured-img":"","footer-sml-layout":"","theme-transparent-header-meta":"default","adv-header-id-meta":"","stick-header-meta":"","header-above-stick-meta":"","header-main-stick-meta":"","header-below-stick-meta":"","astra-migrate-meta-layouts":"set","ast-page-background-enabled":"default","ast-page-background-meta":{"desktop":{"background-color":"var(--ast-global-color-4)","background-image":"","background-repeat":"repeat","background-position":"center center","background-size":"auto","background-attachment":"scroll","background-type":"","background-media":"","overlay-type":"","overlay-color":"","overlay-opacity":"","overlay-gradient":""},"tablet":{"background-color":"","background-image":"","background-repeat":"repeat","background-position":"center center","background-size":"auto","background-attachment":"scroll","background-type":"","background-media":"","overlay-type":"","overlay-color":"","overlay-opacity":"","overlay-gradient":""},"mobile":{"background-color":"","background-image":"","background-repeat":"repeat","background-position":"center center","background-size":"auto","background-attachment":"scroll","background-type":"","background-media":"","overlay-type":"","overlay-color":"","overlay-opacity":"","overlay-gradient":""}},"ast-content-background-meta":{"desktop":{"background-color":"var(--ast-global-color-5)","background-image":"","background-repeat":"repeat","background-position":"center center","background-size":"auto","background-attachment":"scroll","background-type":"","background-media":"","overlay-type":"","overlay-color":"","overlay-opacity":"","overlay-gradient":""},"tablet":{"background-color":"var(--ast-global-color-5)","background-image":"","background-repeat":"repeat","background-position":"center center","background-size":"auto","background-attachment":"scroll","background-type":"","background-media":"","overlay-type":"","overlay-color":"","overlay-opacity":"","overlay-gradient":""},"mobile":{"background-color":"var(--ast-global-color-5)","background-image":"","background-repeat":"repeat","background-position":"center center","background-size":"auto","background-attachment":"scroll","background-type":"","background-media":"","overlay-type":"","overlay-color":"","overlay-opacity":"","overlay-gradient":""}}},"product_brand":[],"product_cat":[54,55,45],"product_tag":[],"class_list":{"0":"post-1454","1":"product","2":"type-product","3":"status-publish","4":"has-post-thumbnail","6":"product_cat-renkaan-kiillokkeet","7":"product_cat-renkaansuoja-aineet","8":"product_cat-vanteet-ja-renkaat","9":"desktop-align-left","10":"tablet-align-left","11":"mobile-align-center","13":"first","14":"instock","15":"shipping-taxable","16":"purchasable","17":"product-type-simple"},"_links":{"self":[{"href":"https:\/\/autoshine.fi\/ua\/wp-json\/wp\/v2\/product\/1454","targetHints":{"allow":["GET"]}}],"collection":[{"href":"https:\/\/autoshine.fi\/ua\/wp-json\/wp\/v2\/product"}],"about":[{"href":"https:\/\/autoshine.fi\/ua\/wp-json\/wp\/v2\/types\/product"}],"replies":[{"embeddable":true,"href":"https:\/\/autoshine.fi\/ua\/wp-json\/wp\/v2\/comments?post=1454"}],"wp:featuredmedia":[{"embeddable":true,"href":"https:\/\/autoshine.fi\/ua\/wp-json\/wp\/v2\/media\/1939"}],"wp:attachment":[{"href":"https:\/\/autoshine.fi\/ua\/wp-json\/wp\/v2\/media?parent=1454"}],"wp:term":[{"taxonomy":"product_brand","embeddable":true,"href":"https:\/\/autoshine.fi\/ua\/wp-json\/wp\/v2\/product_brand?post=1454"},{"taxonomy":"product_cat","embeddable":true,"href":"https:\/\/autoshine.fi\/ua\/wp-json\/wp\/v2\/product_cat?post=1454"},{"taxonomy":"product_tag","embeddable":true,"href":"https:\/\/autoshine.fi\/ua\/wp-json\/wp\/v2\/product_tag?post=1454"}],"curies":[{"name":"wp","href":"https:\/\/api.w.org\/{rel}","templated":true}]}}