{"id":1479,"date":"2025-06-18T18:29:37","date_gmt":"2025-06-18T15:29:37","guid":{"rendered":"https:\/\/autoshine.fi\/?post_type=product&#038;p=1479"},"modified":"2025-10-27T15:13:02","modified_gmt":"2025-10-27T12:13:02","slug":"tiivistetty-voimakkaasti-vaahtoava-puhdistusaine-55-1l","status":"publish","type":"product","link":"https:\/\/autoshine.fi\/ua\/product\/tiivistetty-voimakkaasti-vaahtoava-puhdistusaine-55-1l\/","title":{"rendered":"Tiivistetty, voimakkaasti vaahtoava puhdistusaine &#8221;Polychrom 2020 Active Foam 55&#8221;, 1l"},"content":{"rendered":"<p>Tiivistetty, voimakkaasti vaahtoava puhdistusaine pintojen tehokkaaseen ja nopeaan puhdistamiseen tiep\u00f6lyst\u00e4, polttoaine- ja \u00f6ljysaasteista sek\u00e4 hy\u00f6nteisten j\u00e4\u00e4mist\u00e4. Muodostaa runsaan ja sitke\u00e4n vaahdon, joka on helppo huuhdella pois. Se tekee pinnasta kiilt\u00e4v\u00e4n eik\u00e4 j\u00e4t\u00e4 raitoja. Se on turvallinen maalipinnoille, muovi-, kumi- ja metallipinnoille.<\/p>","protected":false},"excerpt":{"rendered":"<p>Tiivistetty, voimakkaasti vaahtoava puhdistusaine pintojen tehokkaaseen ja nopeaan puhdistamiseen tiep\u00f6lyst\u00e4, polttoaine- ja \u00f6ljysaasteista sek\u00e4 hy\u00f6nteisten j\u00e4\u00e4mist\u00e4. Muodostaa runsaan ja sitke\u00e4n vaahdon, joka on helppo huuhdella pois. Se tekee pinnasta kiilt\u00e4v\u00e4n eik\u00e4 j\u00e4t\u00e4 raitoja. Se on turvallinen maalipinnoille, muovi-, kumi- ja metallipinnoille.<\/p>","protected":false},"featured_media":1480,"comment_status":"open","ping_status":"closed","template":"","meta":{"site-sidebar-layout":"default","site-content-layout":"","ast-site-content-layout":"default","site-content-style":"default","site-sidebar-style":"default","ast-global-header-display":"","ast-banner-title-visibility":"","ast-main-header-display":"","ast-hfb-above-header-display":"","ast-hfb-below-header-display":"","ast-hfb-mobile-header-display":"","site-post-title":"","ast-breadcrumbs-content":"","ast-featured-img":"","footer-sml-layout":"","theme-transparent-header-meta":"default","adv-header-id-meta":"","stick-header-meta":"","header-above-stick-meta":"","header-main-stick-meta":"","header-below-stick-meta":"","astra-migrate-meta-layouts":"set","ast-page-background-enabled":"default","ast-page-background-meta":{"desktop":{"background-color":"var(--ast-global-color-4)","background-image":"","background-repeat":"repeat","background-position":"center center","background-size":"auto","background-attachment":"scroll","background-type":"","background-media":"","overlay-type":"","overlay-color":"","overlay-opacity":"","overlay-gradient":""},"tablet":{"background-color":"","background-image":"","background-repeat":"repeat","background-position":"center center","background-size":"auto","background-attachment":"scroll","background-type":"","background-media":"","overlay-type":"","overlay-color":"","overlay-opacity":"","overlay-gradient":""},"mobile":{"background-color":"","background-image":"","background-repeat":"repeat","background-position":"center center","background-size":"auto","background-attachment":"scroll","background-type":"","background-media":"","overlay-type":"","overlay-color":"","overlay-opacity":"","overlay-gradient":""}},"ast-content-background-meta":{"desktop":{"background-color":"var(--ast-global-color-5)","background-image":"","background-repeat":"repeat","background-position":"center center","background-size":"auto","background-attachment":"scroll","background-type":"","background-media":"","overlay-type":"","overlay-color":"","overlay-opacity":"","overlay-gradient":""},"tablet":{"background-color":"var(--ast-global-color-5)","background-image":"","background-repeat":"repeat","background-position":"center center","background-size":"auto","background-attachment":"scroll","background-type":"","background-media":"","overlay-type":"","overlay-color":"","overlay-opacity":"","overlay-gradient":""},"mobile":{"background-color":"var(--ast-global-color-5)","background-image":"","background-repeat":"repeat","background-position":"center center","background-size":"auto","background-attachment":"scroll","background-type":"","background-media":"","overlay-type":"","overlay-color":"","overlay-opacity":"","overlay-gradient":""}}},"product_brand":[],"product_cat":[47,42],"product_tag":[],"class_list":{"0":"post-1479","1":"product","2":"type-product","3":"status-publish","4":"has-post-thumbnail","6":"product_cat-aktiivivaahto","7":"product_cat-ulkopuoli","8":"desktop-align-left","9":"tablet-align-left","10":"mobile-align-center","12":"first","13":"instock","14":"shipping-taxable","15":"purchasable","16":"product-type-simple"},"_links":{"self":[{"href":"https:\/\/autoshine.fi\/ua\/wp-json\/wp\/v2\/product\/1479","targetHints":{"allow":["GET"]}}],"collection":[{"href":"https:\/\/autoshine.fi\/ua\/wp-json\/wp\/v2\/product"}],"about":[{"href":"https:\/\/autoshine.fi\/ua\/wp-json\/wp\/v2\/types\/product"}],"replies":[{"embeddable":true,"href":"https:\/\/autoshine.fi\/ua\/wp-json\/wp\/v2\/comments?post=1479"}],"wp:featuredmedia":[{"embeddable":true,"href":"https:\/\/autoshine.fi\/ua\/wp-json\/wp\/v2\/media\/1480"}],"wp:attachment":[{"href":"https:\/\/autoshine.fi\/ua\/wp-json\/wp\/v2\/media?parent=1479"}],"wp:term":[{"taxonomy":"product_brand","embeddable":true,"href":"https:\/\/autoshine.fi\/ua\/wp-json\/wp\/v2\/product_brand?post=1479"},{"taxonomy":"product_cat","embeddable":true,"href":"https:\/\/autoshine.fi\/ua\/wp-json\/wp\/v2\/product_cat?post=1479"},{"taxonomy":"product_tag","embeddable":true,"href":"https:\/\/autoshine.fi\/ua\/wp-json\/wp\/v2\/product_tag?post=1479"}],"curies":[{"name":"wp","href":"https:\/\/api.w.org\/{rel}","templated":true}]}}