{"id":1499,"date":"2025-06-18T19:17:47","date_gmt":"2025-06-18T16:17:47","guid":{"rendered":"https:\/\/autoshine.fi\/?post_type=product&#038;p=1499"},"modified":"2026-04-02T12:47:55","modified_gmt":"2026-04-02T09:47:55","slug":"kiillotusaine-muovi-ja-vinyylipintojen-puhdistamiseen-ja-suojaamiseen-polyrole-matte-guava-5-l","status":"publish","type":"product","link":"https:\/\/autoshine.fi\/ua\/product\/kiillotusaine-muovi-ja-vinyylipintojen-puhdistamiseen-ja-suojaamiseen-polyrole-matte-guava-5-l\/","title":{"rendered":"Kiillotusaine muovi- ja vinyylipintojen puhdistamiseen ja suojaamiseen. &#8221;Polychrom 2020 POLYROLE MATTE Guava&#8221;, 5 l"},"content":{"rendered":"<p>Ammattik\u00e4ytt\u00f6\u00f6n tarkoitettu mattapintainen kiillotusaine auton sis\u00e4tilojen muovin puhdistamiseen ja suojaamiseen. Se s\u00e4ilytt\u00e4\u00e4 alkuper\u00e4isen v\u00e4rin, ei j\u00e4t\u00e4 rasvaisia tahroja, est\u00e4\u00e4 p\u00f6lyn laskeutumisen ja antaa mattapintaisen kiillon. Tuote on k\u00e4ytt\u00f6valmis ja siin\u00e4 on miellytt\u00e4v\u00e4 tuoksu.<\/p>","protected":false},"excerpt":{"rendered":"<p>Ammattik\u00e4ytt\u00f6\u00f6n tarkoitettu mattapintainen kiillotusaine auton sis\u00e4tilojen muovin puhdistamiseen ja suojaamiseen. Se s\u00e4ilytt\u00e4\u00e4 alkuper\u00e4isen v\u00e4rin, ei j\u00e4t\u00e4 rasvaisia tahroja, est\u00e4\u00e4 p\u00f6lyn laskeutumisen ja antaa mattapintaisen kiillon. Tuote on k\u00e4ytt\u00f6valmis ja siin\u00e4 on miellytt\u00e4v\u00e4 tuoksu.<\/p>","protected":false},"featured_media":1500,"comment_status":"open","ping_status":"closed","template":"","meta":{"site-sidebar-layout":"default","site-content-layout":"","ast-site-content-layout":"default","site-content-style":"default","site-sidebar-style":"default","ast-global-header-display":"","ast-banner-title-visibility":"","ast-main-header-display":"","ast-hfb-above-header-display":"","ast-hfb-below-header-display":"","ast-hfb-mobile-header-display":"","site-post-title":"","ast-breadcrumbs-content":"","ast-featured-img":"","footer-sml-layout":"","theme-transparent-header-meta":"default","adv-header-id-meta":"","stick-header-meta":"","header-above-stick-meta":"","header-main-stick-meta":"","header-below-stick-meta":"","astra-migrate-meta-layouts":"set","ast-page-background-enabled":"default","ast-page-background-meta":{"desktop":{"background-color":"var(--ast-global-color-4)","background-image":"","background-repeat":"repeat","background-position":"center center","background-size":"auto","background-attachment":"scroll","background-type":"","background-media":"","overlay-type":"","overlay-color":"","overlay-opacity":"","overlay-gradient":""},"tablet":{"background-color":"","background-image":"","background-repeat":"repeat","background-position":"center center","background-size":"auto","background-attachment":"scroll","background-type":"","background-media":"","overlay-type":"","overlay-color":"","overlay-opacity":"","overlay-gradient":""},"mobile":{"background-color":"","background-image":"","background-repeat":"repeat","background-position":"center center","background-size":"auto","background-attachment":"scroll","background-type":"","background-media":"","overlay-type":"","overlay-color":"","overlay-opacity":"","overlay-gradient":""}},"ast-content-background-meta":{"desktop":{"background-color":"var(--ast-global-color-5)","background-image":"","background-repeat":"repeat","background-position":"center center","background-size":"auto","background-attachment":"scroll","background-type":"","background-media":"","overlay-type":"","overlay-color":"","overlay-opacity":"","overlay-gradient":""},"tablet":{"background-color":"var(--ast-global-color-5)","background-image":"","background-repeat":"repeat","background-position":"center center","background-size":"auto","background-attachment":"scroll","background-type":"","background-media":"","overlay-type":"","overlay-color":"","overlay-opacity":"","overlay-gradient":""},"mobile":{"background-color":"var(--ast-global-color-5)","background-image":"","background-repeat":"repeat","background-position":"center center","background-size":"auto","background-attachment":"scroll","background-type":"","background-media":"","overlay-type":"","overlay-color":"","overlay-opacity":"","overlay-gradient":""}}},"product_brand":[],"product_cat":[57,43],"product_tag":[],"class_list":{"0":"post-1499","1":"product","2":"type-product","3":"status-publish","4":"has-post-thumbnail","6":"product_cat-kankaan-puhdistusaineet","7":"product_cat-sisatila","8":"desktop-align-left","9":"tablet-align-left","10":"mobile-align-center","12":"first","13":"instock","14":"shipping-taxable","15":"purchasable","16":"product-type-simple"},"_links":{"self":[{"href":"https:\/\/autoshine.fi\/ua\/wp-json\/wp\/v2\/product\/1499","targetHints":{"allow":["GET"]}}],"collection":[{"href":"https:\/\/autoshine.fi\/ua\/wp-json\/wp\/v2\/product"}],"about":[{"href":"https:\/\/autoshine.fi\/ua\/wp-json\/wp\/v2\/types\/product"}],"replies":[{"embeddable":true,"href":"https:\/\/autoshine.fi\/ua\/wp-json\/wp\/v2\/comments?post=1499"}],"wp:featuredmedia":[{"embeddable":true,"href":"https:\/\/autoshine.fi\/ua\/wp-json\/wp\/v2\/media\/1500"}],"wp:attachment":[{"href":"https:\/\/autoshine.fi\/ua\/wp-json\/wp\/v2\/media?parent=1499"}],"wp:term":[{"taxonomy":"product_brand","embeddable":true,"href":"https:\/\/autoshine.fi\/ua\/wp-json\/wp\/v2\/product_brand?post=1499"},{"taxonomy":"product_cat","embeddable":true,"href":"https:\/\/autoshine.fi\/ua\/wp-json\/wp\/v2\/product_cat?post=1499"},{"taxonomy":"product_tag","embeddable":true,"href":"https:\/\/autoshine.fi\/ua\/wp-json\/wp\/v2\/product_tag?post=1499"}],"curies":[{"name":"wp","href":"https:\/\/api.w.org\/{rel}","templated":true}]}}