{"id":1502,"date":"2025-06-18T19:19:29","date_gmt":"2025-06-18T16:19:29","guid":{"rendered":"https:\/\/autoshine.fi\/?post_type=product&#038;p=1502"},"modified":"2026-04-02T12:47:50","modified_gmt":"2026-04-02T09:47:50","slug":"kiillotusaine-muovi-ja-vinyylipintojen-puhdistamiseen-ja-suojaamiseen-polyrole-shine-1l","status":"publish","type":"product","link":"https:\/\/autoshine.fi\/ua\/product\/kiillotusaine-muovi-ja-vinyylipintojen-puhdistamiseen-ja-suojaamiseen-polyrole-shine-1l\/","title":{"rendered":"KIILLOTUSAINE MUOVILLE JA VINYYLILLE VANILLIA TUOKSU &#8221;Polychrom 2020 POLYROLE SHINE VANILLIA&#8221;, 1l"},"content":{"rendered":"<p><b>KIILLOTUSAINE MUOVILLE JA VINYYLILLE<\/b><\/p>\n<p><span style=\"font-weight: 400;\">Innovatiivinen koostumus auton sis\u00e4tilojen muovin ja vinyylin puhdistukseen ja suojaukseen. Antaa pinnalle kiilt\u00e4v\u00e4n kiillon sek\u00e4 antistaattisia ja hydrofobisia ominaisuuksia, jotka pit\u00e4v\u00e4t pinnan pidemp\u00e4\u00e4n puhtaana. Tuotteessa on miellytt\u00e4v\u00e4 purukumin tuoksu.<\/span><\/p>\n<p><b>AINESOSAT<\/b><span style=\"font-weight: 400;\">: Demineralisoitu vesi, 5-15 % silikoniemulsio, elintarvikev\u00e4ri, tuoksuaine, s\u00e4il\u00f6nt\u00e4aine.<\/span><\/p>\n<p><b>K\u00c4YTT\u00d6OHJE<\/b><span style=\"font-weight: 400;\">:<\/span><span style=\"font-weight: 400;\"><br \/>\n<\/span><span style=\"font-weight: 400;\">Levit\u00e4 tasaisesti sumuttimella tai liinalla, hiero py\u00f6rivin liikkein pintaan.<\/span><\/p>\n<p><b>HUOMIO<\/b><span style=\"font-weight: 400;\">: \u00c4l\u00e4 levit\u00e4 ovisaranoihin tai lasipinnoille.<\/span><\/p>\n<p><b>S\u00c4ILYTYSOLOSUHTEET<\/b><span style=\"font-weight: 400;\">: S\u00e4ilyt\u00e4 +5\u00b0C &#8211; +30\u00b0C l\u00e4mp\u00f6tilassa ilman suoraa auringonvaloa.<\/span><span style=\"font-weight: 400;\"><br \/>\n<\/span><b>S\u00c4ILYVYYS<\/b><span style=\"font-weight: 400;\">: 2 vuotta valmistusp\u00e4iv\u00e4st\u00e4. Er\u00e4numero ja valmistusp\u00e4iv\u00e4 on merkitty pakkaukseen.<\/span><\/p>\n<p><b>VAROITUS<\/b><span style=\"font-weight: 400;\">: Noudata k\u00e4ytt\u00f6- ja s\u00e4ilytysohjeita.<\/span><\/p>\n<p><b>TURVALLISUUSOHJEET<\/b><span style=\"font-weight: 400;\">:<\/span><\/p>\n<ul>\n<li style=\"font-weight: 400;\" aria-level=\"1\"><span style=\"font-weight: 400;\">Pid\u00e4 poissa lasten ulottuvilta.<\/span><\/li>\n<li style=\"font-weight: 400;\" aria-level=\"1\"><span style=\"font-weight: 400;\">Ei saa niell\u00e4.<\/span><\/li>\n<li style=\"font-weight: 400;\" aria-level=\"1\"><span style=\"font-weight: 400;\">Jos tuotetta joutuu iholle tai silmiin, huuhtele runsaalla vedell\u00e4 ja ota tarvittaessa yhteys l\u00e4\u00e4k\u00e4riin.<\/span><\/li>\n<li style=\"font-weight: 400;\" aria-level=\"1\"><span style=\"font-weight: 400;\">K\u00e4yt\u00e4 suojavarusteita.<\/span><\/li>\n<\/ul>","protected":false},"excerpt":{"rendered":"<p>KIILLOTUSAINE MUOVILLE JA VINYYLILLE Innovatiivinen koostumus auton sis\u00e4tilojen muovin ja vinyylin puhdistukseen ja suojaukseen. Antaa pinnalle kiilt\u00e4v\u00e4n kiillon sek\u00e4 antistaattisia ja hydrofobisia ominaisuuksia, jotka pit\u00e4v\u00e4t pinnan pidemp\u00e4\u00e4n puhtaana. Tuotteessa on miellytt\u00e4v\u00e4 purukumin tuoksu. AINESOSAT: Demineralisoitu vesi, 5-15 % silikoniemulsio, elintarvikev\u00e4ri, tuoksuaine, s\u00e4il\u00f6nt\u00e4aine. K\u00c4YTT\u00d6OHJE: Levit\u00e4 tasaisesti sumuttimella tai liinalla, hiero py\u00f6rivin liikkein pintaan. HUOMIO: \u00c4l\u00e4 levit\u00e4 [&hellip;]<\/p>","protected":false},"featured_media":1503,"comment_status":"open","ping_status":"closed","template":"","meta":{"site-sidebar-layout":"default","site-content-layout":"","ast-site-content-layout":"default","site-content-style":"default","site-sidebar-style":"default","ast-global-header-display":"","ast-banner-title-visibility":"","ast-main-header-display":"","ast-hfb-above-header-display":"","ast-hfb-below-header-display":"","ast-hfb-mobile-header-display":"","site-post-title":"","ast-breadcrumbs-content":"","ast-featured-img":"","footer-sml-layout":"","theme-transparent-header-meta":"default","adv-header-id-meta":"","stick-header-meta":"","header-above-stick-meta":"","header-main-stick-meta":"","header-below-stick-meta":"","astra-migrate-meta-layouts":"set","ast-page-background-enabled":"default","ast-page-background-meta":{"desktop":{"background-color":"var(--ast-global-color-4)","background-image":"","background-repeat":"repeat","background-position":"center center","background-size":"auto","background-attachment":"scroll","background-type":"","background-media":"","overlay-type":"","overlay-color":"","overlay-opacity":"","overlay-gradient":""},"tablet":{"background-color":"","background-image":"","background-repeat":"repeat","background-position":"center center","background-size":"auto","background-attachment":"scroll","background-type":"","background-media":"","overlay-type":"","overlay-color":"","overlay-opacity":"","overlay-gradient":""},"mobile":{"background-color":"","background-image":"","background-repeat":"repeat","background-position":"center center","background-size":"auto","background-attachment":"scroll","background-type":"","background-media":"","overlay-type":"","overlay-color":"","overlay-opacity":"","overlay-gradient":""}},"ast-content-background-meta":{"desktop":{"background-color":"var(--ast-global-color-5)","background-image":"","background-repeat":"repeat","background-position":"center center","background-size":"auto","background-attachment":"scroll","background-type":"","background-media":"","overlay-type":"","overlay-color":"","overlay-opacity":"","overlay-gradient":""},"tablet":{"background-color":"var(--ast-global-color-5)","background-image":"","background-repeat":"repeat","background-position":"center center","background-size":"auto","background-attachment":"scroll","background-type":"","background-media":"","overlay-type":"","overlay-color":"","overlay-opacity":"","overlay-gradient":""},"mobile":{"background-color":"var(--ast-global-color-5)","background-image":"","background-repeat":"repeat","background-position":"center center","background-size":"auto","background-attachment":"scroll","background-type":"","background-media":"","overlay-type":"","overlay-color":"","overlay-opacity":"","overlay-gradient":""}}},"product_brand":[],"product_cat":[57,43],"product_tag":[],"class_list":{"0":"post-1502","1":"product","2":"type-product","3":"status-publish","4":"has-post-thumbnail","6":"product_cat-kankaan-puhdistusaineet","7":"product_cat-sisatila","8":"desktop-align-left","9":"tablet-align-left","10":"mobile-align-center","12":"first","13":"instock","14":"shipping-taxable","15":"purchasable","16":"product-type-simple"},"_links":{"self":[{"href":"https:\/\/autoshine.fi\/ua\/wp-json\/wp\/v2\/product\/1502","targetHints":{"allow":["GET"]}}],"collection":[{"href":"https:\/\/autoshine.fi\/ua\/wp-json\/wp\/v2\/product"}],"about":[{"href":"https:\/\/autoshine.fi\/ua\/wp-json\/wp\/v2\/types\/product"}],"replies":[{"embeddable":true,"href":"https:\/\/autoshine.fi\/ua\/wp-json\/wp\/v2\/comments?post=1502"}],"wp:featuredmedia":[{"embeddable":true,"href":"https:\/\/autoshine.fi\/ua\/wp-json\/wp\/v2\/media\/1503"}],"wp:attachment":[{"href":"https:\/\/autoshine.fi\/ua\/wp-json\/wp\/v2\/media?parent=1502"}],"wp:term":[{"taxonomy":"product_brand","embeddable":true,"href":"https:\/\/autoshine.fi\/ua\/wp-json\/wp\/v2\/product_brand?post=1502"},{"taxonomy":"product_cat","embeddable":true,"href":"https:\/\/autoshine.fi\/ua\/wp-json\/wp\/v2\/product_cat?post=1502"},{"taxonomy":"product_tag","embeddable":true,"href":"https:\/\/autoshine.fi\/ua\/wp-json\/wp\/v2\/product_tag?post=1502"}],"curies":[{"name":"wp","href":"https:\/\/api.w.org\/{rel}","templated":true}]}}