{"id":1558,"date":"2025-06-18T21:13:12","date_gmt":"2025-06-18T18:13:12","guid":{"rendered":"https:\/\/autoshine.fi\/?post_type=product&#038;p=1558"},"modified":"2025-10-24T12:25:44","modified_gmt":"2025-10-24T09:25:44","slug":"kiillotusaine-muovi-ja-vinyylipintojen-puhdistamiseen-ja-suojaamiseen-polyrole-matte-1-l","status":"publish","type":"product","link":"https:\/\/autoshine.fi\/ua\/product\/kiillotusaine-muovi-ja-vinyylipintojen-puhdistamiseen-ja-suojaamiseen-polyrole-matte-1-l\/","title":{"rendered":"Matta muovi- ja vinyylikiillotusaine, omenan tuoksuinen \u00abPolychrom 2020 \u00abPOLYROLE MATTE APPLE&#8221;, 1 l"},"content":{"rendered":"<p><span style=\"font-weight: 400;\">Mattapintainen kiillotusaine auton sis\u00e4tilojen muovin ja vinyylin puhdistamiseen ja suojaamiseen. S\u00e4ilytt\u00e4\u00e4 <\/span><span style=\"font-weight: 400;\">alkuper\u00e4isen v\u00e4rin, ei j\u00e4t\u00e4 rasvaisia tahroja, est\u00e4\u00e4 p\u00f6lyn laskeutumisen ja antaa mattapintaisen kiillon.<\/span><\/p>\n<p><span style=\"font-weight: 400;\">AINESOSAT: demineralisoitu vesi, 5 &#8211; 15 % silikoniemulsioiden seos, v\u00e4riaine.<\/span><\/p>\n<p><span style=\"font-weight: 400;\">K\u00c4YTT\u00d6OHJE: levit\u00e4 nestett\u00e4 tasaisesti pinnalle sumuttimella tai lautasliinalla.<\/span><span style=\"font-weight: 400;\">\u00a0Hiero huolellisesti py\u00f6rein liikkein pinnalle.<\/span><\/p>\n<p><span style=\"font-weight: 400;\">\u00c4L\u00c4 LEVIT\u00c4 OVEN SARANOIHIN JA LASIIN.<\/span><\/p>\n<p><span style=\"font-weight: 400;\">S\u00c4ILYTYSOLOSUHTEET: S\u00e4ilyt\u00e4 +5\u00b0C ja +30\u00b0C v\u00e4lisess\u00e4 l\u00e4mp\u00f6tilassa ilman suoraa auringonvaloa.<\/span><\/p>\n<p><span style=\"font-weight: 400;\">S\u00c4ILYTYSAIKA: 2 vuotta valmistusp\u00e4iv\u00e4st\u00e4. Er\u00e4numero ja valmistusp\u00e4iv\u00e4m\u00e4\u00e4r\u00e4 on merkitty pakkaukseen.<\/span><\/p>\n<p><span style=\"font-weight: 400;\">VAROITUKSET: Noudata k\u00e4ytt\u00f6- ja s\u00e4ilytysohjeita.<\/span><\/p>\n<p><span style=\"font-weight: 400;\">TURVALLISUUSTIEDOT: Varoitus. S\u00e4ilytett\u00e4v\u00e4 lasten ulottumattomissa. Ei saa niell\u00e4.<\/span><\/p>\n<p><span style=\"font-weight: 400;\">Jos joutuu iholle tai silmiin, huuhtele juoksevalla vedell\u00e4 ja ota tarvittaessa yhteys l\u00e4\u00e4k\u00e4riin.<\/span><\/p>\n<p><span style=\"font-weight: 400;\">K\u00e4ytett\u00e4ess\u00e4 k\u00e4ytett\u00e4v\u00e4 henkil\u00f6kohtaisia suojavarusteita<\/span><\/p>","protected":false},"excerpt":{"rendered":"<p>Mattapintainen kiillotusaine auton sis\u00e4tilojen muovin ja vinyylin puhdistamiseen ja suojaamiseen. S\u00e4ilytt\u00e4\u00e4 alkuper\u00e4isen v\u00e4rin, ei j\u00e4t\u00e4 rasvaisia tahroja, est\u00e4\u00e4 p\u00f6lyn laskeutumisen ja antaa mattapintaisen kiillon. AINESOSAT: demineralisoitu vesi, 5 &#8211; 15 % silikoniemulsioiden seos, v\u00e4riaine. K\u00c4YTT\u00d6OHJE: levit\u00e4 nestett\u00e4 tasaisesti pinnalle sumuttimella tai lautasliinalla.\u00a0Hiero huolellisesti py\u00f6rein liikkein pinnalle. \u00c4L\u00c4 LEVIT\u00c4 OVEN SARANOIHIN JA LASIIN. S\u00c4ILYTYSOLOSUHTEET: S\u00e4ilyt\u00e4 +5\u00b0C [&hellip;]<\/p>","protected":false},"featured_media":1559,"comment_status":"open","ping_status":"closed","template":"","meta":{"site-sidebar-layout":"default","site-content-layout":"","ast-site-content-layout":"default","site-content-style":"default","site-sidebar-style":"default","ast-global-header-display":"","ast-banner-title-visibility":"","ast-main-header-display":"","ast-hfb-above-header-display":"","ast-hfb-below-header-display":"","ast-hfb-mobile-header-display":"","site-post-title":"","ast-breadcrumbs-content":"","ast-featured-img":"","footer-sml-layout":"","theme-transparent-header-meta":"default","adv-header-id-meta":"","stick-header-meta":"","header-above-stick-meta":"","header-main-stick-meta":"","header-below-stick-meta":"","astra-migrate-meta-layouts":"set","ast-page-background-enabled":"default","ast-page-background-meta":{"desktop":{"background-color":"var(--ast-global-color-4)","background-image":"","background-repeat":"repeat","background-position":"center center","background-size":"auto","background-attachment":"scroll","background-type":"","background-media":"","overlay-type":"","overlay-color":"","overlay-opacity":"","overlay-gradient":""},"tablet":{"background-color":"","background-image":"","background-repeat":"repeat","background-position":"center center","background-size":"auto","background-attachment":"scroll","background-type":"","background-media":"","overlay-type":"","overlay-color":"","overlay-opacity":"","overlay-gradient":""},"mobile":{"background-color":"","background-image":"","background-repeat":"repeat","background-position":"center center","background-size":"auto","background-attachment":"scroll","background-type":"","background-media":"","overlay-type":"","overlay-color":"","overlay-opacity":"","overlay-gradient":""}},"ast-content-background-meta":{"desktop":{"background-color":"var(--ast-global-color-5)","background-image":"","background-repeat":"repeat","background-position":"center center","background-size":"auto","background-attachment":"scroll","background-type":"","background-media":"","overlay-type":"","overlay-color":"","overlay-opacity":"","overlay-gradient":""},"tablet":{"background-color":"var(--ast-global-color-5)","background-image":"","background-repeat":"repeat","background-position":"center center","background-size":"auto","background-attachment":"scroll","background-type":"","background-media":"","overlay-type":"","overlay-color":"","overlay-opacity":"","overlay-gradient":""},"mobile":{"background-color":"var(--ast-global-color-5)","background-image":"","background-repeat":"repeat","background-position":"center center","background-size":"auto","background-attachment":"scroll","background-type":"","background-media":"","overlay-type":"","overlay-color":"","overlay-opacity":"","overlay-gradient":""}}},"product_brand":[],"product_cat":[56,43],"product_tag":[],"class_list":{"0":"post-1558","1":"product","2":"type-product","3":"status-publish","4":"has-post-thumbnail","6":"product_cat-muovin-puhdistusaineet","7":"product_cat-sisatila","8":"desktop-align-left","9":"tablet-align-left","10":"mobile-align-center","12":"first","13":"instock","14":"shipping-taxable","15":"purchasable","16":"product-type-simple"},"_links":{"self":[{"href":"https:\/\/autoshine.fi\/ua\/wp-json\/wp\/v2\/product\/1558","targetHints":{"allow":["GET"]}}],"collection":[{"href":"https:\/\/autoshine.fi\/ua\/wp-json\/wp\/v2\/product"}],"about":[{"href":"https:\/\/autoshine.fi\/ua\/wp-json\/wp\/v2\/types\/product"}],"replies":[{"embeddable":true,"href":"https:\/\/autoshine.fi\/ua\/wp-json\/wp\/v2\/comments?post=1558"}],"wp:featuredmedia":[{"embeddable":true,"href":"https:\/\/autoshine.fi\/ua\/wp-json\/wp\/v2\/media\/1559"}],"wp:attachment":[{"href":"https:\/\/autoshine.fi\/ua\/wp-json\/wp\/v2\/media?parent=1558"}],"wp:term":[{"taxonomy":"product_brand","embeddable":true,"href":"https:\/\/autoshine.fi\/ua\/wp-json\/wp\/v2\/product_brand?post=1558"},{"taxonomy":"product_cat","embeddable":true,"href":"https:\/\/autoshine.fi\/ua\/wp-json\/wp\/v2\/product_cat?post=1558"},{"taxonomy":"product_tag","embeddable":true,"href":"https:\/\/autoshine.fi\/ua\/wp-json\/wp\/v2\/product_tag?post=1558"}],"curies":[{"name":"wp","href":"https:\/\/api.w.org\/{rel}","templated":true}]}}