{"id":1567,"date":"2025-06-18T21:33:02","date_gmt":"2025-06-18T18:33:02","guid":{"rendered":"https:\/\/autoshine.fi\/?post_type=product&#038;p=1567"},"modified":"2025-10-27T13:28:56","modified_gmt":"2025-10-27T10:28:56","slug":"silicon-kumi-ja-muovi-hoitoaine-rubber-and-plastic-conditioner-black-shine-4l","status":"publish","type":"product","link":"https:\/\/autoshine.fi\/ua\/product\/silicon-kumi-ja-muovi-hoitoaine-rubber-and-plastic-conditioner-black-shine-4l\/","title":{"rendered":"SILIKONIPOHJAINEN HOITOAINE KUMILLE JA MUOVILLE &#8221;Polychrom 2020 BLACK SHINE Keskittynyt&#8221;, 4l"},"content":{"rendered":"<p><span style=\"font-weight: 400;\">SILIKONIPOHJAINEN KESKITTYNYT HOITOAINE KUMILLE JA MUOVILLE<\/span><\/p>\n<p><span style=\"font-weight: 400;\">Tuote kumi- ja muovituotteiden alkuper\u00e4isen v\u00e4rin palauttamiseen. Palauttaa alkuper\u00e4isen v\u00e4rin ja kiillon, sill\u00e4 on antistaattisia ominaisuuksia, suojaa pinnan vanhenemiselta, kuivumiselta ja halkeilulta.\u00a0<\/span><\/p>\n<p><span style=\"font-weight: 400;\">AINESOSAT: orgaaninen liuotin yli 30 %, siloksaanien seos 5 &#8211; 15 %.<\/span><\/p>\n<p><span style=\"font-weight: 400;\">K\u00c4YTT\u00d6OHJE: K\u00e4sitelt\u00e4v\u00e4n kumi- tai muovipinnan on oltava puhdas. Levit\u00e4 tuote tasaisesti pinnalle. Odota kuivumista, poista tuotej\u00e4\u00e4m\u00e4t tarvittaessa.<\/span><\/p>\n<p><span style=\"font-weight: 400;\">S\u00c4ILYTYSOLOSUHTEET: S\u00e4ilyt\u00e4 +5\u00b0C ja +30\u00b0C v\u00e4lisess\u00e4 l\u00e4mp\u00f6tilassa ilman suoraa auringonvaloa.<\/span><\/p>\n<p><span style=\"font-weight: 400;\">S\u00c4ILYTYSAIKA: 2 vuotta valmistusp\u00e4iv\u00e4st\u00e4. Er\u00e4numero ja valmistusp\u00e4iv\u00e4 on merkitty pakkaukseen.<\/span><\/p>\n<p><span style=\"font-weight: 400;\">VAROITUKSET: S\u00e4ilytett\u00e4v\u00e4 lasten ulottumattomissa. Noudata k\u00e4ytt\u00f6- ja s\u00e4ilytysohjeita.\u00a0<\/span><\/p>\n<p><span style=\"font-weight: 400;\">VAROTOIMENPITEET: K\u00e4yt\u00e4 kumik\u00e4sineit\u00e4, iho- tai silm\u00e4kosketuksen sattuessa huuhtele juoksevalla vedell\u00e4 ja ota yhteys l\u00e4\u00e4k\u00e4riin.<\/span><\/p>","protected":false},"excerpt":{"rendered":"<p>SILIKONIPOHJAINEN KESKITTYNYT HOITOAINE KUMILLE JA MUOVILLE Tuote kumi- ja muovituotteiden alkuper\u00e4isen v\u00e4rin palauttamiseen. Palauttaa alkuper\u00e4isen v\u00e4rin ja kiillon, sill\u00e4 on antistaattisia ominaisuuksia, suojaa pinnan vanhenemiselta, kuivumiselta ja halkeilulta.\u00a0 AINESOSAT: orgaaninen liuotin yli 30 %, siloksaanien seos 5 &#8211; 15 %. K\u00c4YTT\u00d6OHJE: K\u00e4sitelt\u00e4v\u00e4n kumi- tai muovipinnan on oltava puhdas. Levit\u00e4 tuote tasaisesti pinnalle. Odota kuivumista, poista [&hellip;]<\/p>","protected":false},"featured_media":1568,"comment_status":"open","ping_status":"closed","template":"","meta":{"site-sidebar-layout":"default","site-content-layout":"","ast-site-content-layout":"default","site-content-style":"default","site-sidebar-style":"default","ast-global-header-display":"","ast-banner-title-visibility":"","ast-main-header-display":"","ast-hfb-above-header-display":"","ast-hfb-below-header-display":"","ast-hfb-mobile-header-display":"","site-post-title":"","ast-breadcrumbs-content":"","ast-featured-img":"","footer-sml-layout":"","theme-transparent-header-meta":"default","adv-header-id-meta":"","stick-header-meta":"","header-above-stick-meta":"","header-main-stick-meta":"","header-below-stick-meta":"","astra-migrate-meta-layouts":"set","ast-page-background-enabled":"default","ast-page-background-meta":{"desktop":{"background-color":"var(--ast-global-color-4)","background-image":"","background-repeat":"repeat","background-position":"center center","background-size":"auto","background-attachment":"scroll","background-type":"","background-media":"","overlay-type":"","overlay-color":"","overlay-opacity":"","overlay-gradient":""},"tablet":{"background-color":"","background-image":"","background-repeat":"repeat","background-position":"center center","background-size":"auto","background-attachment":"scroll","background-type":"","background-media":"","overlay-type":"","overlay-color":"","overlay-opacity":"","overlay-gradient":""},"mobile":{"background-color":"","background-image":"","background-repeat":"repeat","background-position":"center center","background-size":"auto","background-attachment":"scroll","background-type":"","background-media":"","overlay-type":"","overlay-color":"","overlay-opacity":"","overlay-gradient":""}},"ast-content-background-meta":{"desktop":{"background-color":"var(--ast-global-color-5)","background-image":"","background-repeat":"repeat","background-position":"center center","background-size":"auto","background-attachment":"scroll","background-type":"","background-media":"","overlay-type":"","overlay-color":"","overlay-opacity":"","overlay-gradient":""},"tablet":{"background-color":"var(--ast-global-color-5)","background-image":"","background-repeat":"repeat","background-position":"center center","background-size":"auto","background-attachment":"scroll","background-type":"","background-media":"","overlay-type":"","overlay-color":"","overlay-opacity":"","overlay-gradient":""},"mobile":{"background-color":"var(--ast-global-color-5)","background-image":"","background-repeat":"repeat","background-position":"center center","background-size":"auto","background-attachment":"scroll","background-type":"","background-media":"","overlay-type":"","overlay-color":"","overlay-opacity":"","overlay-gradient":""}}},"product_brand":[],"product_cat":[54,55,45],"product_tag":[],"class_list":{"0":"post-1567","1":"product","2":"type-product","3":"status-publish","4":"has-post-thumbnail","6":"product_cat-renkaan-kiillokkeet","7":"product_cat-renkaansuoja-aineet","8":"product_cat-vanteet-ja-renkaat","9":"desktop-align-left","10":"tablet-align-left","11":"mobile-align-center","13":"first","14":"instock","15":"shipping-taxable","16":"purchasable","17":"product-type-simple"},"_links":{"self":[{"href":"https:\/\/autoshine.fi\/ua\/wp-json\/wp\/v2\/product\/1567","targetHints":{"allow":["GET"]}}],"collection":[{"href":"https:\/\/autoshine.fi\/ua\/wp-json\/wp\/v2\/product"}],"about":[{"href":"https:\/\/autoshine.fi\/ua\/wp-json\/wp\/v2\/types\/product"}],"replies":[{"embeddable":true,"href":"https:\/\/autoshine.fi\/ua\/wp-json\/wp\/v2\/comments?post=1567"}],"wp:featuredmedia":[{"embeddable":true,"href":"https:\/\/autoshine.fi\/ua\/wp-json\/wp\/v2\/media\/1568"}],"wp:attachment":[{"href":"https:\/\/autoshine.fi\/ua\/wp-json\/wp\/v2\/media?parent=1567"}],"wp:term":[{"taxonomy":"product_brand","embeddable":true,"href":"https:\/\/autoshine.fi\/ua\/wp-json\/wp\/v2\/product_brand?post=1567"},{"taxonomy":"product_cat","embeddable":true,"href":"https:\/\/autoshine.fi\/ua\/wp-json\/wp\/v2\/product_cat?post=1567"},{"taxonomy":"product_tag","embeddable":true,"href":"https:\/\/autoshine.fi\/ua\/wp-json\/wp\/v2\/product_tag?post=1567"}],"curies":[{"name":"wp","href":"https:\/\/api.w.org\/{rel}","templated":true}]}}