{"id":1576,"date":"2025-06-18T21:43:46","date_gmt":"2025-06-18T18:43:46","guid":{"rendered":"https:\/\/autoshine.fi\/?post_type=product&#038;p=1576"},"modified":"2026-04-02T12:48:22","modified_gmt":"2026-04-02T09:48:22","slug":"esipesu-66-1-kg","status":"publish","type":"product","link":"https:\/\/autoshine.fi\/ua\/product\/esipesu-66-1-kg\/","title":{"rendered":"AKTIIVIVAAHTO &#8221;Polychrom 2020 Active Foam 66&#8221;, 1 kg"},"content":{"rendered":"<p><span style=\"font-weight: 400;\">TIIVISTE SYV\u00c4PUHDISTUKSEEN KOSKETUKSETON AUTONPESUAINE<\/span><\/p>\n<p><span style=\"font-weight: 400;\">Tehoaineiden konsentraation ansiosta se poistaa tehokkaasti pinttyneen lian, kuten tierasvan, <\/span><span style=\"font-weight: 400;\">p\u00f6ly, \u00f6ljyt ja hy\u00f6nteisten j\u00e4\u00e4m\u00e4t. Se ei ole haitallinen alumiini- ja kromiosille.<\/span><\/p>\n<p><span style=\"font-weight: 400;\">AINESOSAT: demineralisoitu vesi, natriumhydroksidi 5-10 %, kompleksit 5-15 %, <\/span><span style=\"font-weight: 400;\">anioninen pinta-aktiivinen aine 5-15 %, amfoteerinen pinta-aktiivinen aine 5-15 %, ioniton pinta-aktiivinen aine 5-15 %, <\/span><span style=\"font-weight: 400;\">v\u00e4riaine.<\/span><\/p>\n<p><span style=\"font-weight: 400;\">K\u00c4YTT\u00d6TAPA:<\/span><\/p>\n<ol>\n<li><span style=\"font-weight: 400;\"> Aluksi tiiviste on laimennettava vedell\u00e4 1:8-1:10 vaahtosarjaa varten, kun <\/span>ty\u00f6skennelt\u00e4ess\u00e4 matalapaineisella vaahtogeneraattorilla, laimennetaan 1:80-1:100.<\/li>\n<\/ol>\n<ol start=\"2\">\n<li><span style=\"font-weight: 400;\"> Valmis liuos voidaan levitt\u00e4\u00e4 kuivaan autoon. <\/span>Aktiivisen vaikutuksen kesto on enint\u00e4\u00e4n kaksi minuuttia. \u00c4l\u00e4 anna kuivua.<\/li>\n<\/ol>\n<ol start=\"3\">\n<li><span style=\"font-weight: 400;\"> Tuote on pest\u00e4v\u00e4 pois vesisuihkulla v\u00e4hint\u00e4\u00e4n 5-6 ilmakeh\u00e4n paineella 15-20 cm:n et\u00e4isyydelt\u00e4 ja <\/span>kulmassa pintaan n\u00e4hden.<\/li>\n<\/ol>","protected":false},"excerpt":{"rendered":"<p>TIIVISTE SYV\u00c4PUHDISTUKSEEN KOSKETUKSETON AUTONPESUAINE Tehoaineiden konsentraation ansiosta se poistaa tehokkaasti pinttyneen lian, kuten tierasvan, p\u00f6ly, \u00f6ljyt ja hy\u00f6nteisten j\u00e4\u00e4m\u00e4t. Se ei ole haitallinen alumiini- ja kromiosille. AINESOSAT: demineralisoitu vesi, natriumhydroksidi 5-10 %, kompleksit 5-15 %, anioninen pinta-aktiivinen aine 5-15 %, amfoteerinen pinta-aktiivinen aine 5-15 %, ioniton pinta-aktiivinen aine 5-15 %, v\u00e4riaine. K\u00c4YTT\u00d6TAPA: Aluksi tiiviste on [&hellip;]<\/p>","protected":false},"featured_media":1871,"comment_status":"open","ping_status":"closed","template":"","meta":{"site-sidebar-layout":"default","site-content-layout":"","ast-site-content-layout":"default","site-content-style":"default","site-sidebar-style":"default","ast-global-header-display":"","ast-banner-title-visibility":"","ast-main-header-display":"","ast-hfb-above-header-display":"","ast-hfb-below-header-display":"","ast-hfb-mobile-header-display":"","site-post-title":"","ast-breadcrumbs-content":"","ast-featured-img":"","footer-sml-layout":"","theme-transparent-header-meta":"default","adv-header-id-meta":"","stick-header-meta":"","header-above-stick-meta":"","header-main-stick-meta":"","header-below-stick-meta":"","astra-migrate-meta-layouts":"set","ast-page-background-enabled":"default","ast-page-background-meta":{"desktop":{"background-color":"var(--ast-global-color-4)","background-image":"","background-repeat":"repeat","background-position":"center center","background-size":"auto","background-attachment":"scroll","background-type":"","background-media":"","overlay-type":"","overlay-color":"","overlay-opacity":"","overlay-gradient":""},"tablet":{"background-color":"","background-image":"","background-repeat":"repeat","background-position":"center center","background-size":"auto","background-attachment":"scroll","background-type":"","background-media":"","overlay-type":"","overlay-color":"","overlay-opacity":"","overlay-gradient":""},"mobile":{"background-color":"","background-image":"","background-repeat":"repeat","background-position":"center center","background-size":"auto","background-attachment":"scroll","background-type":"","background-media":"","overlay-type":"","overlay-color":"","overlay-opacity":"","overlay-gradient":""}},"ast-content-background-meta":{"desktop":{"background-color":"var(--ast-global-color-5)","background-image":"","background-repeat":"repeat","background-position":"center center","background-size":"auto","background-attachment":"scroll","background-type":"","background-media":"","overlay-type":"","overlay-color":"","overlay-opacity":"","overlay-gradient":""},"tablet":{"background-color":"var(--ast-global-color-5)","background-image":"","background-repeat":"repeat","background-position":"center center","background-size":"auto","background-attachment":"scroll","background-type":"","background-media":"","overlay-type":"","overlay-color":"","overlay-opacity":"","overlay-gradient":""},"mobile":{"background-color":"var(--ast-global-color-5)","background-image":"","background-repeat":"repeat","background-position":"center center","background-size":"auto","background-attachment":"scroll","background-type":"","background-media":"","overlay-type":"","overlay-color":"","overlay-opacity":"","overlay-gradient":""}}},"product_brand":[],"product_cat":[47,42],"product_tag":[],"class_list":{"0":"post-1576","1":"product","2":"type-product","3":"status-publish","4":"has-post-thumbnail","6":"product_cat-aktiivivaahto","7":"product_cat-ulkopuoli","8":"desktop-align-left","9":"tablet-align-left","10":"mobile-align-center","12":"first","13":"instock","14":"sale","15":"shipping-taxable","16":"purchasable","17":"product-type-simple"},"_links":{"self":[{"href":"https:\/\/autoshine.fi\/ua\/wp-json\/wp\/v2\/product\/1576","targetHints":{"allow":["GET"]}}],"collection":[{"href":"https:\/\/autoshine.fi\/ua\/wp-json\/wp\/v2\/product"}],"about":[{"href":"https:\/\/autoshine.fi\/ua\/wp-json\/wp\/v2\/types\/product"}],"replies":[{"embeddable":true,"href":"https:\/\/autoshine.fi\/ua\/wp-json\/wp\/v2\/comments?post=1576"}],"wp:featuredmedia":[{"embeddable":true,"href":"https:\/\/autoshine.fi\/ua\/wp-json\/wp\/v2\/media\/1871"}],"wp:attachment":[{"href":"https:\/\/autoshine.fi\/ua\/wp-json\/wp\/v2\/media?parent=1576"}],"wp:term":[{"taxonomy":"product_brand","embeddable":true,"href":"https:\/\/autoshine.fi\/ua\/wp-json\/wp\/v2\/product_brand?post=1576"},{"taxonomy":"product_cat","embeddable":true,"href":"https:\/\/autoshine.fi\/ua\/wp-json\/wp\/v2\/product_cat?post=1576"},{"taxonomy":"product_tag","embeddable":true,"href":"https:\/\/autoshine.fi\/ua\/wp-json\/wp\/v2\/product_tag?post=1576"}],"curies":[{"name":"wp","href":"https:\/\/api.w.org\/{rel}","templated":true}]}}