{"id":1600,"date":"2025-06-25T20:27:13","date_gmt":"2025-06-25T17:27:13","guid":{"rendered":"https:\/\/autoshine.fi\/?post_type=product&#038;p=1600"},"modified":"2025-11-04T23:32:31","modified_gmt":"2025-11-04T20:32:31","slug":"aktiivivaahto-55-pinki-22kg","status":"publish","type":"product","link":"https:\/\/autoshine.fi\/ua\/product\/aktiivivaahto-55-pinki-22kg\/","title":{"rendered":"AKTIIVIVAAHTO 55 PINKKI &#8221;Polychrom 2020 Active Foam 55 Pink&#8221;, 22kg"},"content":{"rendered":"<p data-start=\"0\" data-end=\"65\"><strong data-start=\"0\" data-end=\"65\">KONCENTROITU AINE KOSKETUKSETTOMAAN PESUUN PINKILL\u00c4 VAAHDOLLA<\/strong><\/p>\n<p data-start=\"67\" data-end=\"394\">Konentroitu aine ajoneuvon pinnan tehokkaaseen ja nopeaan puhdistamiseen tien p\u00f6lyst\u00e4, polttoaine- tai \u00f6ljylian sek\u00e4 hy\u00f6nteisj\u00e4\u00e4mien poistoon. Muodostaa runsaan ja kest\u00e4v\u00e4n pinkin vaahdon, joka huuhtoutuu helposti pois. Antaa pinnalle kiiltoa eik\u00e4 j\u00e4t\u00e4 raitoja. Turvallinen maalipinnalle, muoville, kumille ja metallipinnoille.<\/p>\n<p data-start=\"396\" data-end=\"415\"><strong data-start=\"396\" data-end=\"413\">K\u00c4YTT\u00d6OHJEET:<\/strong><\/p>\n<ol data-start=\"416\" data-end=\"801\" data-is-last-node=\"\" data-is-only-node=\"\">\n<li data-start=\"416\" data-end=\"543\">\n<p data-start=\"419\" data-end=\"543\">Tiiviste laimennetaan vedell\u00e4: suhteessa 1:6\u20131:9 vaahdottimiin; suhteessa 1:60\u20131:90 matalapaineiseen vaahdotuslaitteeseen.<\/p>\n<\/li>\n<li data-start=\"544\" data-end=\"672\">\n<p data-start=\"547\" data-end=\"672\">Valmis liuos voidaan levitt\u00e4\u00e4 kuivalle ajoneuvolle. Vaikutusaika on enint\u00e4\u00e4n kaksi minuuttia. Ei saa antaa kuivua pinnalle.<\/p>\n<\/li>\n<li data-start=\"673\" data-end=\"801\" data-is-last-node=\"\">\n<p data-start=\"676\" data-end=\"801\" data-is-last-node=\"\">Tuote tulee huuhdella pois v\u00e4hint\u00e4\u00e4n 5\u20136 ilmakeh\u00e4n paineisella vesivirralla, 15\u201320 cm et\u00e4isyydelt\u00e4 ja vinosti pintaan n\u00e4hden.<\/p>\n<\/li>\n<\/ol>","protected":false},"excerpt":{"rendered":"<p>KONCENTROITU AINE KOSKETUKSETTOMAAN PESUUN PINKILL\u00c4 VAAHDOLLA Konentroitu aine ajoneuvon pinnan tehokkaaseen ja nopeaan puhdistamiseen tien p\u00f6lyst\u00e4, polttoaine- tai \u00f6ljylian sek\u00e4 hy\u00f6nteisj\u00e4\u00e4mien poistoon. Muodostaa runsaan ja kest\u00e4v\u00e4n pinkin vaahdon, joka huuhtoutuu helposti pois. Antaa pinnalle kiiltoa eik\u00e4 j\u00e4t\u00e4 raitoja. Turvallinen maalipinnalle, muoville, kumille ja metallipinnoille. K\u00c4YTT\u00d6OHJEET: Tiiviste laimennetaan vedell\u00e4: suhteessa 1:6\u20131:9 vaahdottimiin; suhteessa 1:60\u20131:90 matalapaineiseen vaahdotuslaitteeseen. [&hellip;]<\/p>","protected":false},"featured_media":1601,"comment_status":"open","ping_status":"closed","template":"","meta":{"site-sidebar-layout":"default","site-content-layout":"","ast-site-content-layout":"default","site-content-style":"default","site-sidebar-style":"default","ast-global-header-display":"","ast-banner-title-visibility":"","ast-main-header-display":"","ast-hfb-above-header-display":"","ast-hfb-below-header-display":"","ast-hfb-mobile-header-display":"","site-post-title":"","ast-breadcrumbs-content":"","ast-featured-img":"","footer-sml-layout":"","theme-transparent-header-meta":"default","adv-header-id-meta":"","stick-header-meta":"","header-above-stick-meta":"","header-main-stick-meta":"","header-below-stick-meta":"","astra-migrate-meta-layouts":"set","ast-page-background-enabled":"default","ast-page-background-meta":{"desktop":{"background-color":"var(--ast-global-color-4)","background-image":"","background-repeat":"repeat","background-position":"center center","background-size":"auto","background-attachment":"scroll","background-type":"","background-media":"","overlay-type":"","overlay-color":"","overlay-opacity":"","overlay-gradient":""},"tablet":{"background-color":"","background-image":"","background-repeat":"repeat","background-position":"center center","background-size":"auto","background-attachment":"scroll","background-type":"","background-media":"","overlay-type":"","overlay-color":"","overlay-opacity":"","overlay-gradient":""},"mobile":{"background-color":"","background-image":"","background-repeat":"repeat","background-position":"center center","background-size":"auto","background-attachment":"scroll","background-type":"","background-media":"","overlay-type":"","overlay-color":"","overlay-opacity":"","overlay-gradient":""}},"ast-content-background-meta":{"desktop":{"background-color":"var(--ast-global-color-5)","background-image":"","background-repeat":"repeat","background-position":"center center","background-size":"auto","background-attachment":"scroll","background-type":"","background-media":"","overlay-type":"","overlay-color":"","overlay-opacity":"","overlay-gradient":""},"tablet":{"background-color":"var(--ast-global-color-5)","background-image":"","background-repeat":"repeat","background-position":"center center","background-size":"auto","background-attachment":"scroll","background-type":"","background-media":"","overlay-type":"","overlay-color":"","overlay-opacity":"","overlay-gradient":""},"mobile":{"background-color":"var(--ast-global-color-5)","background-image":"","background-repeat":"repeat","background-position":"center center","background-size":"auto","background-attachment":"scroll","background-type":"","background-media":"","overlay-type":"","overlay-color":"","overlay-opacity":"","overlay-gradient":""}}},"product_brand":[],"product_cat":[47,42],"product_tag":[],"class_list":{"0":"post-1600","1":"product","2":"type-product","3":"status-publish","4":"has-post-thumbnail","6":"product_cat-aktiivivaahto","7":"product_cat-ulkopuoli","8":"desktop-align-left","9":"tablet-align-left","10":"mobile-align-center","12":"first","13":"instock","14":"shipping-taxable","15":"purchasable","16":"product-type-simple"},"_links":{"self":[{"href":"https:\/\/autoshine.fi\/ua\/wp-json\/wp\/v2\/product\/1600","targetHints":{"allow":["GET"]}}],"collection":[{"href":"https:\/\/autoshine.fi\/ua\/wp-json\/wp\/v2\/product"}],"about":[{"href":"https:\/\/autoshine.fi\/ua\/wp-json\/wp\/v2\/types\/product"}],"replies":[{"embeddable":true,"href":"https:\/\/autoshine.fi\/ua\/wp-json\/wp\/v2\/comments?post=1600"}],"wp:featuredmedia":[{"embeddable":true,"href":"https:\/\/autoshine.fi\/ua\/wp-json\/wp\/v2\/media\/1601"}],"wp:attachment":[{"href":"https:\/\/autoshine.fi\/ua\/wp-json\/wp\/v2\/media?parent=1600"}],"wp:term":[{"taxonomy":"product_brand","embeddable":true,"href":"https:\/\/autoshine.fi\/ua\/wp-json\/wp\/v2\/product_brand?post=1600"},{"taxonomy":"product_cat","embeddable":true,"href":"https:\/\/autoshine.fi\/ua\/wp-json\/wp\/v2\/product_cat?post=1600"},{"taxonomy":"product_tag","embeddable":true,"href":"https:\/\/autoshine.fi\/ua\/wp-json\/wp\/v2\/product_tag?post=1600"}],"curies":[{"name":"wp","href":"https:\/\/api.w.org\/{rel}","templated":true}]}}