{"id":1610,"date":"2025-06-25T20:51:33","date_gmt":"2025-06-25T17:51:33","guid":{"rendered":"https:\/\/autoshine.fi\/?post_type=product&#038;p=1610"},"modified":"2026-04-02T12:48:40","modified_gmt":"2026-04-02T09:48:40","slug":"autoshampo-20kg","status":"publish","type":"product","link":"https:\/\/autoshine.fi\/ua\/product\/autoshampo-20kg\/","title":{"rendered":"KONCENTROITU AINE K\u00c4SIPESUUN &#8221;Polychrom 2020 AUTOSHAMPO&#8221;, 20kg"},"content":{"rendered":"<p data-start=\"0\" data-end=\"46\"><strong data-start=\"0\" data-end=\"46\">AUTOSHAMPOO \u2013 KONCENTROITU AINE K\u00c4SIPESUUN<\/strong><\/p>\n<p>KESKITETTY AINE K\u00c4SINPESUA VARTEN<br \/>\nAine ajoneuvon pinnan k\u00e4sin- ja koneelliseen puhdistukseen tien p\u00f6lyst\u00e4, polttoaine- tai \u00f6ljytahroista ja hy\u00f6nteisten j\u00e4ljist\u00e4. Antaa pinnalle kiiltoa, ei j\u00e4t\u00e4 raitoja.<br \/>\nKOOSTUMUS: demineralisoitu vesi, kompleksinmuodostajia alle 5 %, ionittomia pinta-aktiivisia aineita 5\u201315 %, amfoteerisia pinta-aktiivisia aineita 5\u201315 %, anionisia pinta-aktiivisia aineita 5\u201310 %, v\u00e4riaine, aromi.<br \/>\nK\u00c4YTT\u00d6OHJEET:<br \/>\n1. Laimenna tuote ennen k\u00e4ytt\u00f6\u00e4 suhteessa 50\u2013250 ml \/ 10 litraa vett\u00e4.<br \/>\n2. Levit\u00e4 valmis liuos auton pinnalle sienell\u00e4 tai harjalla, \u00e4l\u00e4 anna sen kuivua.<br \/>\n3. Huuhtele vaahto huolellisesti juoksevalla vedell\u00e4.<br \/>\nS\u00c4ILYTYSolosuhteet: s\u00e4ilyt\u00e4 +5 \u00b0C \u2013 +30 \u00b0C:n l\u00e4mp\u00f6tilassa, suojattuna suoralta auringonvalolta.<br \/>\nPARAS P\u00c4IV\u00c4M\u00c4\u00c4R\u00c4: 2 vuotta valmistusp\u00e4iv\u00e4st\u00e4. Er\u00e4numero ja valmistusp\u00e4iv\u00e4 on merkitty pakkaukseen.<br \/>\nVAROITUS: Noudata k\u00e4ytt\u00f6- ja s\u00e4ilytysohjeita.<br \/>\nTURVALLISUUSOHJEET: Varo! S\u00e4ilyt\u00e4 lasten ulottumattomissa. \u00c4l\u00e4 niele. Jos ainetta joutuu iholle tai silmiin, huuhtele juoksevalla vedell\u00e4 ja ota yhteys l\u00e4\u00e4k\u00e4riin. K\u00e4yt\u00e4 henkil\u00f6kohtaisia suojavarusteita k\u00e4yt\u00f6n aikana.<\/p>\n<p>Translated with DeepL.com (free version)<\/p>","protected":false},"excerpt":{"rendered":"<p>AUTOSHAMPOO \u2013 KONCENTROITU AINE K\u00c4SIPESUUN KESKITETTY AINE K\u00c4SINPESUA VARTEN Aine ajoneuvon pinnan k\u00e4sin- ja koneelliseen puhdistukseen tien p\u00f6lyst\u00e4, polttoaine- tai \u00f6ljytahroista ja hy\u00f6nteisten j\u00e4ljist\u00e4. Antaa pinnalle kiiltoa, ei j\u00e4t\u00e4 raitoja. KOOSTUMUS: demineralisoitu vesi, kompleksinmuodostajia alle 5 %, ionittomia pinta-aktiivisia aineita 5\u201315 %, amfoteerisia pinta-aktiivisia aineita 5\u201315 %, anionisia pinta-aktiivisia aineita 5\u201310 %, v\u00e4riaine, aromi. K\u00c4YTT\u00d6OHJEET: [&hellip;]<\/p>","protected":false},"featured_media":1611,"comment_status":"open","ping_status":"closed","template":"","meta":{"site-sidebar-layout":"default","site-content-layout":"","ast-site-content-layout":"default","site-content-style":"default","site-sidebar-style":"default","ast-global-header-display":"","ast-banner-title-visibility":"","ast-main-header-display":"","ast-hfb-above-header-display":"","ast-hfb-below-header-display":"","ast-hfb-mobile-header-display":"","site-post-title":"","ast-breadcrumbs-content":"","ast-featured-img":"","footer-sml-layout":"","theme-transparent-header-meta":"default","adv-header-id-meta":"","stick-header-meta":"","header-above-stick-meta":"","header-main-stick-meta":"","header-below-stick-meta":"","astra-migrate-meta-layouts":"set","ast-page-background-enabled":"default","ast-page-background-meta":{"desktop":{"background-color":"var(--ast-global-color-4)","background-image":"","background-repeat":"repeat","background-position":"center center","background-size":"auto","background-attachment":"scroll","background-type":"","background-media":"","overlay-type":"","overlay-color":"","overlay-opacity":"","overlay-gradient":""},"tablet":{"background-color":"","background-image":"","background-repeat":"repeat","background-position":"center center","background-size":"auto","background-attachment":"scroll","background-type":"","background-media":"","overlay-type":"","overlay-color":"","overlay-opacity":"","overlay-gradient":""},"mobile":{"background-color":"","background-image":"","background-repeat":"repeat","background-position":"center center","background-size":"auto","background-attachment":"scroll","background-type":"","background-media":"","overlay-type":"","overlay-color":"","overlay-opacity":"","overlay-gradient":""}},"ast-content-background-meta":{"desktop":{"background-color":"var(--ast-global-color-5)","background-image":"","background-repeat":"repeat","background-position":"center center","background-size":"auto","background-attachment":"scroll","background-type":"","background-media":"","overlay-type":"","overlay-color":"","overlay-opacity":"","overlay-gradient":""},"tablet":{"background-color":"var(--ast-global-color-5)","background-image":"","background-repeat":"repeat","background-position":"center center","background-size":"auto","background-attachment":"scroll","background-type":"","background-media":"","overlay-type":"","overlay-color":"","overlay-opacity":"","overlay-gradient":""},"mobile":{"background-color":"var(--ast-global-color-5)","background-image":"","background-repeat":"repeat","background-position":"center center","background-size":"auto","background-attachment":"scroll","background-type":"","background-media":"","overlay-type":"","overlay-color":"","overlay-opacity":"","overlay-gradient":""}}},"product_brand":[],"product_cat":[48,42],"product_tag":[],"class_list":{"0":"post-1610","1":"product","2":"type-product","3":"status-publish","4":"has-post-thumbnail","6":"product_cat-autoshampoo","7":"product_cat-ulkopuoli","8":"desktop-align-left","9":"tablet-align-left","10":"mobile-align-center","12":"first","13":"instock","14":"shipping-taxable","15":"purchasable","16":"product-type-simple"},"_links":{"self":[{"href":"https:\/\/autoshine.fi\/ua\/wp-json\/wp\/v2\/product\/1610","targetHints":{"allow":["GET"]}}],"collection":[{"href":"https:\/\/autoshine.fi\/ua\/wp-json\/wp\/v2\/product"}],"about":[{"href":"https:\/\/autoshine.fi\/ua\/wp-json\/wp\/v2\/types\/product"}],"replies":[{"embeddable":true,"href":"https:\/\/autoshine.fi\/ua\/wp-json\/wp\/v2\/comments?post=1610"}],"wp:featuredmedia":[{"embeddable":true,"href":"https:\/\/autoshine.fi\/ua\/wp-json\/wp\/v2\/media\/1611"}],"wp:attachment":[{"href":"https:\/\/autoshine.fi\/ua\/wp-json\/wp\/v2\/media?parent=1610"}],"wp:term":[{"taxonomy":"product_brand","embeddable":true,"href":"https:\/\/autoshine.fi\/ua\/wp-json\/wp\/v2\/product_brand?post=1610"},{"taxonomy":"product_cat","embeddable":true,"href":"https:\/\/autoshine.fi\/ua\/wp-json\/wp\/v2\/product_cat?post=1610"},{"taxonomy":"product_tag","embeddable":true,"href":"https:\/\/autoshine.fi\/ua\/wp-json\/wp\/v2\/product_tag?post=1610"}],"curies":[{"name":"wp","href":"https:\/\/api.w.org\/{rel}","templated":true}]}}